{"id":55,"date":"2025-05-10T22:46:41","date_gmt":"2025-05-10T19:46:41","guid":{"rendered":"https:\/\/www.gresie.md\/?page_id=55"},"modified":"2025-10-28T13:28:45","modified_gmt":"2025-10-28T10:28:45","slug":"about","status":"publish","type":"page","link":"https:\/\/www.gresie.md\/ro\/about\/","title":{"rendered":"Despre noi"},"content":{"rendered":"<div class=\"wp-block-uagb-image aligncenter uagb-block-f9c9c006 wp-block-uagb-image--layout-default wp-block-uagb-image--effect-static wp-block-uagb-image--align-center\"><figure class=\"wp-block-uagb-image__figure\"><img decoding=\"async\" srcset=\"https:\/\/www.gresie.md\/wp-content\/uploads\/2025\/05\/75-1-e1747575468915.jpg ,https:\/\/www.gresie.md\/wp-content\/uploads\/2025\/05\/75-1-e1747575468915.jpg 780w, https:\/\/www.gresie.md\/wp-content\/uploads\/2025\/05\/75-1-e1747575468915.jpg 360w\" sizes=\"auto, (max-width: 480px) 150px\" src=\"https:\/\/www.gresie.md\/wp-content\/uploads\/2025\/05\/75-1-e1747575468915.jpg\" alt=\"\" class=\"uag-image-104\" width=\"982\" height=\"500\" title=\"75 (1)\" loading=\"lazy\" role=\"img\"\/><\/figure><\/div><h3 class=\"wp-block-heading\">Despre Gresie.md<\/h3><p><strong>Despre companie:<\/strong> Valicons Grup SRL este un partener de \u00eencredere cu 13 ani de experien\u021b\u0103 \u00een furnizarea \u0219i instalarea materialelor de construc\u021bii. Oferim solu\u021bii complete pentru pardoseli, fa\u021bade \u0219i tavane, livr\u00e2nd produse de \u00eenalt\u0103 calitate \u0219i instalare profesional\u0103 pentru unit\u0103\u021bi reziden\u021biale, comerciale, sportive \u0219i de asisten\u021b\u0103 medical\u0103.<\/p><p><strong>Produsele noastre:<\/strong><\/p><ul class=\"wp-block-list\"><li><strong>Ceramogranit<\/strong> \u2014 acoperiri elegante \u0219i durabile pentru orice tip de spa\u021biu.<\/li>\n\n<li><strong>Linoleum comercial, medical \u0219i sportiv<\/strong> \u2014 acoperiri rezistente la sarcin\u0103 \u0219i u\u0219or de cur\u0103\u021bat pentru diverse condi\u021bii de func\u021bionare.<\/li>\n\n<li><strong>Covor placat cu gresie \u0219i rulat<\/strong> \u2014 o solu\u021bie excelent\u0103 pentru birouri, hoteluri \u0219i spa\u021bii reziden\u021biale.<\/li>\n\n<li><strong>Plafoane metalice<\/strong> \u2014 o op\u021biune modern\u0103 \u0219i fiabil\u0103 pentru crearea de interioare elegante.<\/li>\n\n<li><strong>Fa\u021bade ventilate<\/strong> \u2014 pentru a \u00eembun\u0103t\u0103\u021bi eficien\u021ba energetic\u0103 \u0219i durabilitatea cl\u0103dirilor.<\/li>\n\n<li><strong>Panouri HPL<\/strong> \u2014 acoperiri extrem de durabile \u0219i rezistente la umiditate pentru orice interior.<\/li>\n\n<li><strong>Plac\u0103 de parchet<\/strong> - acoperiri naturale \u0219i ecologice, adaug\u0103 elegan\u021b\u0103 oric\u0103rei \u00eenc\u0103peri.<\/li>\n\n<li><strong>Lindur<\/strong><strong>a<\/strong> \u2014 pardoseli de format mare cu rezisten\u021b\u0103 ridicat\u0103 la uzur\u0103.<\/li>\n\n<li><strong>Terase \u2013 <\/strong>Gresie por\u021belanat\u0103 20mm \u0219i lemn natural.<\/li>\n\n<li><strong>Podele \u00eenalte - <\/strong>asigur\u0103 u\u0219urin\u021b\u0103 \u00een operare \u0219i \u00eentre\u021binere \u0219i, de asemenea, contribuie la \u00eembun\u0103t\u0103\u021birea circula\u021biei aerului \u00een incint\u0103.<\/li>\n\n<li><strong>Cabine de toalet\u0103 - <\/strong>Fabric\u0103m individual conform proiectului cu instalare la cheie.<\/li>\n\n<li><strong>Autonivelare semi-<\/strong>Preg\u0103tim pardoselile turn\u00e2nd o nivel\u0103 pentru a\u0219ezarea de tipuri elastice de pardoseli sau parchet.<\/li>\n\n<li><strong>Piatra naturala - <\/strong>durabilitate, frumuse\u021be unic\u0103 \u0219i rezisten\u021b\u0103 la influen\u021bele externe.<\/li>\n\n<li><strong>Plafoane acustice - <\/strong>sunt eficiente \u00een \u00eembun\u0103t\u0103\u021birea calit\u0103\u021bii sunetului, crearea unui mediu mai confortabil \u0219i protejarea \u00eempotriva zgomotului excesiv.<\/li><\/ul><p><strong>Avantajele noastre:<\/strong><\/p><ul class=\"wp-block-list\"><li><strong>Experien\u021b\u0103 bogat\u0103 -<\/strong>Peste 13 ani pe pia\u021b\u0103, ceea ce ne permite s\u0103 oferim consultan\u021b\u0103 \u0219i solu\u021bii calificate pentru orice proiect.<\/li>\n\n<li><strong>Abordare integrat\u0103 -<\/strong>Nu doar furniz\u0103m materiale, ci efectu\u0103m \u0219i instalarea, oferind suport complet pentru proiect.<\/li>\n\n<li><strong>Sortiment mare -<\/strong>Gam\u0103 larg\u0103 de produse pentru a se potrivi diferitelor nevoi \u0219i stiluri.<\/li>\n\n<li><strong>Livrare rapid\u0103 -<\/strong>Garant\u0103m livrarea prompt\u0103 a tuturor m\u0103rfurilor \u00een termenul specificat.<\/li>\n\n<li><strong>Preturi avantajoase -<\/strong>Oferim cele mai competitive pre\u021buri de pe pia\u021b\u0103, oferind calitate superioar\u0103 la un pre\u021b accesibil.<\/li><\/ul><p><strong>De ce sa ne alegeti pe noi?<\/strong> Valicons Grup SRL este partenerul dumneavoastr\u0103 de \u00eencredere \u00een domeniul finisajelor \u0219i materialelor de construc\u021bie, oferind produse de calitate superioar\u0103 \u0219i servicii de montaj profesionist, cu suport post-garan\u021bie, condi\u021bii flexibile de colaborare \u0219i aten\u021bie pentru fiecare client. V\u0103 garant\u0103m c\u0103, al\u0103turi de noi, proiectul dumneavoastr\u0103 va fi realizat calitativ, rapid, eficient \u0219i \u00een cele mai avantajoase condi\u021bii.Dac\u0103 ai nevoie de adaptare pentru un website, bro\u0219ur\u0103 sau alt format specific, pot ajusta tonul \u0219i structura textului.<\/p>","protected":false},"excerpt":{"rendered":"<p>\u041e \u043a\u043e\u043c\u043f\u0430\u043d\u0438\u0438 \u00abGresie.md\u00bb \u041e \u043a\u043e\u043c\u043f\u0430\u043d\u0438\u0438: Valicons Grup SRL \u2014 \u043d\u0430\u0434\u0435\u0436\u043d\u044b\u0439 \u043f\u0430\u0440\u0442\u043d\u0435\u0440 \u0441 13-\u043b\u0435\u0442\u043d\u0438\u043c \u043e\u043f\u044b\u0442\u043e\u043c \u0432 \u043f\u043e\u0441\u0442\u0430\u0432\u043a\u0435 \u0438 \u043c\u043e\u043d\u0442\u0430\u0436\u0435 \u0441\u0442\u0440\u043e\u0438\u0442\u0435\u043b\u044c\u043d\u044b\u0445 \u043c\u0430\u0442\u0435\u0440\u0438\u0430\u043b\u043e\u0432. [&hellip;]<\/p>","protected":false},"author":1,"featured_media":0,"parent":0,"menu_order":0,"comment_status":"closed","ping_status":"closed","template":"","meta":{"_uag_custom_page_level_css":"","footnotes":""},"class_list":["post-55","page","type-page","status-publish","hentry"],"yoast_head":"<!-- This site is optimized with the Yoast SEO plugin v25.8 - https:\/\/yoast.com\/wordpress\/plugins\/seo\/ -->\n<title>Despre compania Gresie.md \u2013 lider \u00een pl\u0103ci ceramice \u0219i pardoseli \u00een Moldova<\/title>\n<meta name=\"description\" content=\"Gresie.md \u2013 distribuitor oficial de gresie, faian\u021b\u0103, parchet \u0219i pardoseli vinilice \u00een Republica Moldova. Calitate \u0219i \u00eencredere din 2005.\" \/>\n<meta name=\"robots\" content=\"index, follow, max-snippet:-1, max-image-preview:large, max-video-preview:-1\" \/>\n<link rel=\"canonical\" href=\"https:\/\/www.gresie.md\/ro\/about\/\" \/>\n<meta property=\"og:locale\" content=\"ro_RO\" \/>\n<meta property=\"og:type\" content=\"article\" \/>\n<meta property=\"og:title\" content=\"Despre compania Gresie.md \u2013 lider \u00een pl\u0103ci ceramice \u0219i pardoseli \u00een Moldova\" \/>\n<meta property=\"og:description\" content=\"Gresie.md \u2013 distribuitor oficial de gresie, faian\u021b\u0103, parchet \u0219i pardoseli vinilice \u00een Republica Moldova. Calitate \u0219i \u00eencredere din 2005.\" \/>\n<meta property=\"og:url\" content=\"https:\/\/www.gresie.md\/ro\/about\/\" \/>\n<meta property=\"og:site_name\" content=\"Gresie.md\" \/>\n<meta property=\"article:publisher\" content=\"https:\/\/www.facebook.com\/share\/14Ngv7h72dv\/?mibextid=wwXIfr\" \/>\n<meta property=\"article:modified_time\" content=\"2025-10-28T10:28:45+00:00\" \/>\n<meta property=\"og:image\" content=\"https:\/\/www.gresie.md\/wp-content\/uploads\/2025\/05\/75-1-e1747575468915.jpg\" \/>\n<meta name=\"twitter:card\" content=\"summary_large_image\" \/>\n<meta name=\"twitter:label1\" content=\"Timp estimat pentru citire\" \/>\n\t<meta name=\"twitter:data1\" content=\"2 minute\" \/>\n<script type=\"application\/ld+json\" class=\"yoast-schema-graph\">{\"@context\":\"https:\/\/schema.org\",\"@graph\":[{\"@type\":\"WebPage\",\"@id\":\"https:\/\/www.gresie.md\/about\/\",\"url\":\"https:\/\/www.gresie.md\/about\/\",\"name\":\"Despre compania Gresie.md \u2013 lider \u00een pl\u0103ci ceramice \u0219i pardoseli \u00een Moldova\",\"isPartOf\":{\"@id\":\"https:\/\/www.gresie.md\/#website\"},\"primaryImageOfPage\":{\"@id\":\"https:\/\/www.gresie.md\/about\/#primaryimage\"},\"image\":{\"@id\":\"https:\/\/www.gresie.md\/about\/#primaryimage\"},\"thumbnailUrl\":\"https:\/\/www.gresie.md\/wp-content\/uploads\/2025\/05\/75-1-e1747575468915.jpg\",\"datePublished\":\"2025-05-10T19:46:41+00:00\",\"dateModified\":\"2025-10-28T10:28:45+00:00\",\"description\":\"Gresie.md \u2013 distribuitor oficial de gresie, faian\u021b\u0103, parchet \u0219i pardoseli vinilice \u00een Republica Moldova. Calitate \u0219i \u00eencredere din 2005.\",\"breadcrumb\":{\"@id\":\"https:\/\/www.gresie.md\/about\/#breadcrumb\"},\"inLanguage\":\"ro-RO\",\"potentialAction\":[{\"@type\":\"ReadAction\",\"target\":[\"https:\/\/www.gresie.md\/about\/\"]}]},{\"@type\":\"ImageObject\",\"inLanguage\":\"ro-RO\",\"@id\":\"https:\/\/www.gresie.md\/about\/#primaryimage\",\"url\":\"https:\/\/www.gresie.md\/wp-content\/uploads\/2025\/05\/75-1-e1747575468915.jpg\",\"contentUrl\":\"https:\/\/www.gresie.md\/wp-content\/uploads\/2025\/05\/75-1-e1747575468915.jpg\"},{\"@type\":\"BreadcrumbList\",\"@id\":\"https:\/\/www.gresie.md\/about\/#breadcrumb\",\"itemListElement\":[{\"@type\":\"ListItem\",\"position\":1,\"name\":\"\u0413\u043b\u0430\u0432\u043d\u0430\u044f \u0441\u0442\u0440\u0430\u043d\u0438\u0446\u0430\",\"item\":\"https:\/\/www.gresie.md\/\"},{\"@type\":\"ListItem\",\"position\":2,\"name\":\"\u041e \u043d\u0430\u0441\"}]},{\"@type\":\"WebSite\",\"@id\":\"https:\/\/www.gresie.md\/#website\",\"url\":\"https:\/\/www.gresie.md\/\",\"name\":\"Gresie.md\",\"description\":\"gresie, teracota,tavane metalice, spc, linileum, parchet, mochet\u0103, plitca, ardoseli medicale, fa\u021bade ventilate, terase, pardoseli flotante\",\"publisher\":{\"@id\":\"https:\/\/www.gresie.md\/#organization\"},\"alternateName\":\"Showroom de finisaje pentru pardoseli, tavane \u0219i fa\u021bade ventilate. Descoper\u0103 solu\u021bii moderne \u0219i durabile pentru proiectele tale.\",\"potentialAction\":[{\"@type\":\"SearchAction\",\"target\":{\"@type\":\"EntryPoint\",\"urlTemplate\":\"https:\/\/www.gresie.md\/?s={search_term_string}\"},\"query-input\":{\"@type\":\"PropertyValueSpecification\",\"valueRequired\":true,\"valueName\":\"search_term_string\"}}],\"inLanguage\":\"ro-RO\"},{\"@type\":\"Organization\",\"@id\":\"https:\/\/www.gresie.md\/#organization\",\"name\":\"Gresie md \u0418\u0442\u0430\u043b\u044c\u044f\u043d\u0441\u043a\u0430\u044f \u043f\u043b\u0438\u0442\u043a\u0430\",\"url\":\"https:\/\/www.gresie.md\/\",\"logo\":{\"@type\":\"ImageObject\",\"inLanguage\":\"ro-RO\",\"@id\":\"https:\/\/www.gresie.md\/#\/schema\/logo\/image\/\",\"url\":\"https:\/\/www.gresie.md\/wp-content\/uploads\/2025\/05\/logo_black-e1756978505443.png\",\"contentUrl\":\"https:\/\/www.gresie.md\/wp-content\/uploads\/2025\/05\/logo_black-e1756978505443.png\",\"width\":200,\"height\":85,\"caption\":\"Gresie md \u0418\u0442\u0430\u043b\u044c\u044f\u043d\u0441\u043a\u0430\u044f \u043f\u043b\u0438\u0442\u043a\u0430\"},\"image\":{\"@id\":\"https:\/\/www.gresie.md\/#\/schema\/logo\/image\/\"},\"sameAs\":[\"https:\/\/www.facebook.com\/share\/14Ngv7h72dv\/?mibextid=wwXIfr\"]}]}<\/script>\n<!-- \/ Yoast SEO plugin. -->","yoast_head_json":{"title":"Despre compania Gresie.md \u2013 lider \u00een pl\u0103ci ceramice \u0219i pardoseli \u00een Moldova","description":"Gresie.md \u2013 distribuitor oficial de gresie, faian\u021b\u0103, parchet \u0219i pardoseli vinilice \u00een Republica Moldova. Calitate \u0219i \u00eencredere din 2005.","robots":{"index":"index","follow":"follow","max-snippet":"max-snippet:-1","max-image-preview":"max-image-preview:large","max-video-preview":"max-video-preview:-1"},"canonical":"https:\/\/www.gresie.md\/ro\/about\/","og_locale":"ro_RO","og_type":"article","og_title":"Despre compania Gresie.md \u2013 lider \u00een pl\u0103ci ceramice \u0219i pardoseli \u00een Moldova","og_description":"Gresie.md \u2013 distribuitor oficial de gresie, faian\u021b\u0103, parchet \u0219i pardoseli vinilice \u00een Republica Moldova. Calitate \u0219i \u00eencredere din 2005.","og_url":"https:\/\/www.gresie.md\/ro\/about\/","og_site_name":"Gresie.md","article_publisher":"https:\/\/www.facebook.com\/share\/14Ngv7h72dv\/?mibextid=wwXIfr","article_modified_time":"2025-10-28T10:28:45+00:00","og_image":[{"url":"https:\/\/www.gresie.md\/wp-content\/uploads\/2025\/05\/75-1-e1747575468915.jpg","type":"","width":"","height":""}],"twitter_card":"summary_large_image","twitter_misc":{"Timp estimat pentru citire":"2 minute"},"schema":{"@context":"https:\/\/schema.org","@graph":[{"@type":"WebPage","@id":"https:\/\/www.gresie.md\/about\/","url":"https:\/\/www.gresie.md\/about\/","name":"Despre compania Gresie.md \u2013 lider \u00een pl\u0103ci ceramice \u0219i pardoseli \u00een Moldova","isPartOf":{"@id":"https:\/\/www.gresie.md\/#website"},"primaryImageOfPage":{"@id":"https:\/\/www.gresie.md\/about\/#primaryimage"},"image":{"@id":"https:\/\/www.gresie.md\/about\/#primaryimage"},"thumbnailUrl":"https:\/\/www.gresie.md\/wp-content\/uploads\/2025\/05\/75-1-e1747575468915.jpg","datePublished":"2025-05-10T19:46:41+00:00","dateModified":"2025-10-28T10:28:45+00:00","description":"Gresie.md \u2013 distribuitor oficial de gresie, faian\u021b\u0103, parchet \u0219i pardoseli vinilice \u00een Republica Moldova. Calitate \u0219i \u00eencredere din 2005.","breadcrumb":{"@id":"https:\/\/www.gresie.md\/about\/#breadcrumb"},"inLanguage":"ro-RO","potentialAction":[{"@type":"ReadAction","target":["https:\/\/www.gresie.md\/about\/"]}]},{"@type":"ImageObject","inLanguage":"ro-RO","@id":"https:\/\/www.gresie.md\/about\/#primaryimage","url":"https:\/\/www.gresie.md\/wp-content\/uploads\/2025\/05\/75-1-e1747575468915.jpg","contentUrl":"https:\/\/www.gresie.md\/wp-content\/uploads\/2025\/05\/75-1-e1747575468915.jpg"},{"@type":"BreadcrumbList","@id":"https:\/\/www.gresie.md\/about\/#breadcrumb","itemListElement":[{"@type":"ListItem","position":1,"name":"\u0413\u043b\u0430\u0432\u043d\u0430\u044f \u0441\u0442\u0440\u0430\u043d\u0438\u0446\u0430","item":"https:\/\/www.gresie.md\/"},{"@type":"ListItem","position":2,"name":"\u041e \u043d\u0430\u0441"}]},{"@type":"WebSite","@id":"https:\/\/www.gresie.md\/#website","url":"https:\/\/www.gresie.md\/","name":"Gresie.md","description":"gresie, teracota,tavane metalice, spc, linileum, parchet, mochet\u0103, plitca, ardoseli medicale, fa\u021bade ventilate, terase, pardoseli flotante","publisher":{"@id":"https:\/\/www.gresie.md\/#organization"},"alternateName":"Showroom de finisaje pentru pardoseli, tavane \u0219i fa\u021bade ventilate. Descoper\u0103 solu\u021bii moderne \u0219i durabile pentru proiectele tale.","potentialAction":[{"@type":"SearchAction","target":{"@type":"EntryPoint","urlTemplate":"https:\/\/www.gresie.md\/?s={search_term_string}"},"query-input":{"@type":"PropertyValueSpecification","valueRequired":true,"valueName":"search_term_string"}}],"inLanguage":"ro-RO"},{"@type":"Organization","@id":"https:\/\/www.gresie.md\/#organization","name":"Gresie md \u0418\u0442\u0430\u043b\u044c\u044f\u043d\u0441\u043a\u0430\u044f \u043f\u043b\u0438\u0442\u043a\u0430","url":"https:\/\/www.gresie.md\/","logo":{"@type":"ImageObject","inLanguage":"ro-RO","@id":"https:\/\/www.gresie.md\/#\/schema\/logo\/image\/","url":"https:\/\/www.gresie.md\/wp-content\/uploads\/2025\/05\/logo_black-e1756978505443.png","contentUrl":"https:\/\/www.gresie.md\/wp-content\/uploads\/2025\/05\/logo_black-e1756978505443.png","width":200,"height":85,"caption":"Gresie md \u0418\u0442\u0430\u043b\u044c\u044f\u043d\u0441\u043a\u0430\u044f \u043f\u043b\u0438\u0442\u043a\u0430"},"image":{"@id":"https:\/\/www.gresie.md\/#\/schema\/logo\/image\/"},"sameAs":["https:\/\/www.facebook.com\/share\/14Ngv7h72dv\/?mibextid=wwXIfr"]}]}},"uagb_featured_image_src":{"full":false,"thumbnail":false,"medium":false,"medium_large":false,"large":false,"1536x1536":false,"2048x2048":false,"trp-custom-language-flag":false,"emoza-extra-large":false,"emoza-large":false,"emoza-big":false,"emoza-medium":false,"woocommerce_thumbnail":false,"woocommerce_single":false,"woocommerce_gallery_thumbnail":false,"variation_swatches_image_size":false,"variation_swatches_tooltip_size":false},"uagb_author_info":{"display_name":"valik","author_link":"https:\/\/www.gresie.md\/ro\/author\/valik\/"},"uagb_comment_info":0,"uagb_excerpt":"\u041e \u043a\u043e\u043c\u043f\u0430\u043d\u0438\u0438 \u00abGresie.md\u00bb \u041e \u043a\u043e\u043c\u043f\u0430\u043d\u0438\u0438: Valicons Grup SRL \u2014 \u043d\u0430\u0434\u0435\u0436\u043d\u044b\u0439 \u043f\u0430\u0440\u0442\u043d\u0435\u0440 \u0441 13-\u043b\u0435\u0442\u043d\u0438\u043c \u043e\u043f\u044b\u0442\u043e\u043c \u0432 \u043f\u043e\u0441\u0442\u0430\u0432\u043a\u0435 \u0438 \u043c\u043e\u043d\u0442\u0430\u0436\u0435 \u0441\u0442\u0440\u043e\u0438\u0442\u0435\u043b\u044c\u043d\u044b\u0445 \u043c\u0430\u0442\u0435\u0440\u0438\u0430\u043b\u043e\u0432. [&hellip;]","_links":{"self":[{"href":"https:\/\/www.gresie.md\/ro\/wp-json\/wp\/v2\/pages\/55","targetHints":{"allow":["GET"]}}],"collection":[{"href":"https:\/\/www.gresie.md\/ro\/wp-json\/wp\/v2\/pages"}],"about":[{"href":"https:\/\/www.gresie.md\/ro\/wp-json\/wp\/v2\/types\/page"}],"author":[{"embeddable":true,"href":"https:\/\/www.gresie.md\/ro\/wp-json\/wp\/v2\/users\/1"}],"replies":[{"embeddable":true,"href":"https:\/\/www.gresie.md\/ro\/wp-json\/wp\/v2\/comments?post=55"}],"version-history":[{"count":10,"href":"https:\/\/www.gresie.md\/ro\/wp-json\/wp\/v2\/pages\/55\/revisions"}],"predecessor-version":[{"id":5150,"href":"https:\/\/www.gresie.md\/ro\/wp-json\/wp\/v2\/pages\/55\/revisions\/5150"}],"wp:attachment":[{"href":"https:\/\/www.gresie.md\/ro\/wp-json\/wp\/v2\/media?parent=55"}],"curies":[{"name":"wp","href":"https:\/\/api.w.org\/{rel}","templated":true}]}}