{"id":2601,"date":"2025-05-28T09:33:13","date_gmt":"2025-05-28T06:33:13","guid":{"rendered":"https:\/\/www.gresie.md\/?post_type=product&#038;p=2601"},"modified":"2026-03-31T12:47:32","modified_gmt":"2026-03-31T09:47:32","slug":"colectie-iq-granit","status":"publish","type":"product","link":"https:\/\/www.gresie.md\/ro\/produs\/colectie-iq-granit\/","title":{"rendered":"\u041a\u043e\u043b\u043b\u0435\u043a\u0446\u0438\u044f iQ Granit"},"content":{"rendered":"<p><strong>iQ GRANIT<\/strong> - conceput pentru institu\u021biile de \u00eenv\u0103\u021b\u0103m\u00e2nt \u0219i \u00eengrijire medical\u0103, iQ Granit ofer\u0103 performan\u021be remarcabile. Designuri \u0219i culori noi, toate create pentru a se combina \u00eentre ele, dar au aspect frumos \u0219i dac\u0103 se utilizeaz\u0103 individual. iQ Granit ofer\u0103 durabilitate extrem\u0103, precum \u0219i rezisten\u021b\u0103 superioar\u0103 la uzur\u0103, pete \u0219i abraziune pentru toate zonele cu trafic intens. Nu este nevoie de lustruire sau cear\u0103, o simpl\u0103 \u0219lefuire uscat\u0103 este suficient\u0103 pentru a reda aspectul original acestei podele. Datorit\u0103 unei game de formate \u0219i accesorii coordonate, inclusiv op\u021biuni de pardoseli acustice, antistatice \u0219i rezistente la alunecare, iQ Granit are o ofert\u0103 autentic\u0103 cu mai multe solu\u021bii.Aceast\u0103 colec\u021bie face parte din selec\u021bia noastr\u0103 circular\u0103.<\/p>\n<div class=\"su-row\"><div class=\"su-column su-column-size-1-2\"><div class=\"su-column-inner su-u-clearfix su-u-trim\">\n<p>&nbsp;<\/p>\n<div class=\"information__characteristics__key-features__title\" data-v-c8e641ae=\"\"><strong>Caracteristici principale<\/strong><\/div>\n<div class=\"information__characteristics__key-features__list\" data-v-c8e641ae=\"\">\n<ul>\n<li>Selec\u021bie circular\u0103<\/li>\n<li>Ideal\u0103 pentru zonele cu trafic intens<\/li>\n<li>Cel mai bun cost pe ciclu de via\u021b\u0103 de pe pia\u021b\u0103<\/li>\n<li>Restaurare unic\u0103 a suprafe\u021bei cu lustruire uscat\u0103<\/li>\n<li>Palet\u0103 mare de 50 de culori<\/li>\n<li>Face parte dintr-un concept integrat de solu\u021bii<\/li>\n<\/ul>\n<\/div>\n<\/div><\/div> <div class=\"su-column su-column-size-1-2\"><div class=\"su-column-inner su-u-clearfix su-u-trim\">\n<p>&nbsp;<\/p>\n<div class=\"information__characteristics__specification__title\" data-v-c8e641ae=\"\"><strong>Specifica\u021bii tehnice \u0219i de mediu<\/strong><\/div>\n<div class=\"information__characteristics__specification__list\" data-v-c8e641ae=\"\">\n<ul>\n<li class=\"information__characteristics__specification__list__item\"><span class=\"information__characteristics__specification__list__item__label\" data-v-c8e641ae=\"\">Tipul produsului ISO:\u00a0<\/span><span class=\"information__characteristics__specification__list__item__values\" data-v-c8e641ae=\"\">Pardoseal\u0103 din clorur\u0103 de (poli)vinil omogen (ISO 10581)<\/span><\/li>\n<li class=\"information__characteristics__specification__list__item\"><span class=\"information__characteristics__specification__list__item__label\" data-v-c8e641ae=\"\">Clasificare comercial\u0103:\u00a0<\/span><span class=\"information__characteristics__specification__list__item__values\" data-v-c8e641ae=\"\">34 Very Heavy<\/span><\/li>\n<li class=\"information__characteristics__specification__list__item\"><span class=\"information__characteristics__specification__list__item__label\" data-v-c8e641ae=\"\">Clasificare industrial\u0103:\u00a0<\/span><span class=\"information__characteristics__specification__list__item__values\" data-v-c8e641ae=\"\">43 Intens<\/span><\/li>\n<li class=\"information__characteristics__specification__list__item\"><span class=\"information__characteristics__specification__list__item__label\" data-v-c8e641ae=\"\">Tratament pentru suprafa\u021b\u0103:\u00a0<\/span><span class=\"information__characteristics__specification__list__item__values\" data-v-c8e641ae=\"\">New iQ PUR<\/span><\/li>\n<li class=\"information__characteristics__specification__list__item\"><span class=\"information__characteristics__specification__list__item__label\" data-v-c8e641ae=\"\">Grosime total\u0103:\u00a0<\/span><span class=\"information__characteristics__specification__list__item__values\" data-v-c8e641ae=\"\">2 mm<\/span><\/li>\n<\/ul>\n<\/div>\n<\/div><\/div><\/div>","protected":false},"excerpt":{"rendered":"<p>iQ GRANIT &#8212; \u0440\u0430\u0437\u0440\u0430\u0431\u043e\u0442\u0430\u043d\u043d\u044b\u0439 \u0434\u043b\u044f \u043e\u0431\u0440\u0430\u0437\u043e\u0432\u0430\u0442\u0435\u043b\u044c\u043d\u044b\u0445 \u0438 \u043c\u0435\u0434\u0438\u0446\u0438\u043d\u0441\u043a\u0438\u0445 \u0443\u0447\u0440\u0435\u0436\u0434\u0435\u043d\u0438\u0439, iQ Granit \u043e\u0442\u043b\u0438\u0447\u0430\u0435\u0442\u0441\u044f \u0432\u044b\u0434\u0430\u044e\u0449\u0438\u043c\u0438\u0441\u044f \u0445\u0430\u0440\u0430\u043a\u0442\u0435\u0440\u0438\u0441\u0442\u0438\u043a\u0430\u043c\u0438. \u041d\u043e\u0432\u044b\u0435 \u0434\u0438\u0437\u0430\u0439\u043d\u044b \u0438 \u0446\u0432\u0435\u0442\u0430 \u0441\u043e\u0437\u0434\u0430\u043d\u044b \u0442\u0430\u043a, [&hellip;]<\/p>","protected":false},"featured_media":2602,"template":"","meta":{"_uag_custom_page_level_css":""},"product_brand":[200],"product_cat":[75,81],"product_tag":[],"class_list":{"0":"post-2601","1":"product","2":"type-product","3":"status-publish","4":"has-post-thumbnail","6":"product_brand-tarkett","7":"product_cat-gomogennii-linoleum","8":"product_cat-gomogennii-linoleum-meditinscie-poli","10":"first","11":"outofstock","12":"shipping-taxable","13":"purchasable","14":"product-type-variable"},"yoast_head":"<!-- This site is optimized with the Yoast SEO plugin v25.8 - https:\/\/yoast.com\/wordpress\/plugins\/seo\/ -->\n<title>Linoleum Omogen Chi\u0219in\u0103u \u2014 Pre\u021b Avantajos | Gresie.md<\/title>\n<meta name=\"description\" content=\"Linoleum omogen pentru spitale, \u0219coli \u0219i spa\u021bii comerciale. Livrare rapid\u0103 \u00een Moldova, pre\u021buri avantajoase \u0219i consultan\u021b\u0103 profesional\u0103.\" \/>\n<meta name=\"robots\" content=\"index, follow, max-snippet:-1, max-image-preview:large, max-video-preview:-1\" \/>\n<link rel=\"canonical\" href=\"https:\/\/www.gresie.md\/ro\/produs\/colectie-iq-granit\/\" \/>\n<meta property=\"og:locale\" content=\"ro_RO\" \/>\n<meta property=\"og:type\" content=\"article\" \/>\n<meta property=\"og:title\" content=\"Linoleum Omogen Chi\u0219in\u0103u \u2014 Pre\u021b Avantajos | Gresie.md\" \/>\n<meta property=\"og:description\" content=\"Linoleum omogen pentru spitale, \u0219coli \u0219i spa\u021bii comerciale. Livrare rapid\u0103 \u00een Moldova, pre\u021buri avantajoase \u0219i consultan\u021b\u0103 profesional\u0103.\" \/>\n<meta property=\"og:url\" content=\"https:\/\/www.gresie.md\/ro\/produs\/colectie-iq-granit\/\" \/>\n<meta property=\"og:site_name\" content=\"Gresie.md\" \/>\n<meta property=\"article:publisher\" content=\"https:\/\/www.facebook.com\/share\/14Ngv7h72dv\/?mibextid=wwXIfr\" \/>\n<meta property=\"article:modified_time\" content=\"2026-03-31T09:47:32+00:00\" \/>\n<meta property=\"og:image\" content=\"https:\/\/www.gresie.md\/wp-content\/uploads\/2025\/05\/THP_HO_iQ_Granit_124-copy.jpg\" \/>\n\t<meta property=\"og:image:width\" content=\"1810\" \/>\n\t<meta property=\"og:image:height\" content=\"2560\" \/>\n\t<meta property=\"og:image:type\" content=\"image\/jpeg\" \/>\n<meta name=\"twitter:card\" content=\"summary_large_image\" \/>\n<meta name=\"twitter:label1\" content=\"Timp estimat pentru citire\" \/>\n\t<meta name=\"twitter:data1\" content=\"2 minute\" \/>\n<script type=\"application\/ld+json\" class=\"yoast-schema-graph\">{\"@context\":\"https:\/\/schema.org\",\"@graph\":[{\"@type\":\"WebPage\",\"@id\":\"https:\/\/www.gresie.md\/product\/colectie-iq-granit\/\",\"url\":\"https:\/\/www.gresie.md\/product\/colectie-iq-granit\/\",\"name\":\"Linoleum Omogen Chi\u0219in\u0103u \u2014 Pre\u021b Avantajos | Gresie.md\",\"isPartOf\":{\"@id\":\"https:\/\/www.gresie.md\/#website\"},\"primaryImageOfPage\":{\"@id\":\"https:\/\/www.gresie.md\/product\/colectie-iq-granit\/#primaryimage\"},\"image\":{\"@id\":\"https:\/\/www.gresie.md\/product\/colectie-iq-granit\/#primaryimage\"},\"thumbnailUrl\":\"https:\/\/www.gresie.md\/wp-content\/uploads\/2025\/05\/THP_HO_iQ_Granit_124-copy.jpg\",\"datePublished\":\"2025-05-28T06:33:13+00:00\",\"dateModified\":\"2026-03-31T09:47:32+00:00\",\"description\":\"Linoleum omogen pentru spitale, \u0219coli \u0219i spa\u021bii comerciale. Livrare rapid\u0103 \u00een Moldova, pre\u021buri avantajoase \u0219i consultan\u021b\u0103 profesional\u0103.\",\"breadcrumb\":{\"@id\":\"https:\/\/www.gresie.md\/product\/colectie-iq-granit\/#breadcrumb\"},\"inLanguage\":\"ro-RO\",\"potentialAction\":[{\"@type\":\"ReadAction\",\"target\":[\"https:\/\/www.gresie.md\/product\/colectie-iq-granit\/\"]}]},{\"@type\":\"ImageObject\",\"inLanguage\":\"ro-RO\",\"@id\":\"https:\/\/www.gresie.md\/product\/colectie-iq-granit\/#primaryimage\",\"url\":\"https:\/\/www.gresie.md\/wp-content\/uploads\/2025\/05\/THP_HO_iQ_Granit_124-copy.jpg\",\"contentUrl\":\"https:\/\/www.gresie.md\/wp-content\/uploads\/2025\/05\/THP_HO_iQ_Granit_124-copy.jpg\",\"width\":1810,\"height\":2560,\"caption\":\"iQ Granit 124\"},{\"@type\":\"BreadcrumbList\",\"@id\":\"https:\/\/www.gresie.md\/product\/colectie-iq-granit\/#breadcrumb\",\"itemListElement\":[{\"@type\":\"ListItem\",\"position\":1,\"name\":\"\u0413\u043b\u0430\u0432\u043d\u0430\u044f \u0441\u0442\u0440\u0430\u043d\u0438\u0446\u0430\",\"item\":\"https:\/\/www.gresie.md\/\"},{\"@type\":\"ListItem\",\"position\":2,\"name\":\"\u041a\u0430\u0442\u0430\u043b\u043e\u0433\",\"item\":\"https:\/\/www.gresie.md\/shop\/\"},{\"@type\":\"ListItem\",\"position\":3,\"name\":\"\u041a\u043e\u043b\u043b\u0435\u043a\u0446\u0438\u044f iQ Granit\"}]},{\"@type\":\"WebSite\",\"@id\":\"https:\/\/www.gresie.md\/#website\",\"url\":\"https:\/\/www.gresie.md\/\",\"name\":\"Gresie.md\",\"description\":\"gresie, teracota,tavane metalice, spc, linileum, parchet, mochet\u0103, plitca, ardoseli medicale, fa\u021bade ventilate, terase, pardoseli flotante\",\"publisher\":{\"@id\":\"https:\/\/www.gresie.md\/#organization\"},\"alternateName\":\"Showroom de finisaje pentru pardoseli, tavane \u0219i fa\u021bade ventilate. Descoper\u0103 solu\u021bii moderne \u0219i durabile pentru proiectele tale.\",\"potentialAction\":[{\"@type\":\"SearchAction\",\"target\":{\"@type\":\"EntryPoint\",\"urlTemplate\":\"https:\/\/www.gresie.md\/?s={search_term_string}\"},\"query-input\":{\"@type\":\"PropertyValueSpecification\",\"valueRequired\":true,\"valueName\":\"search_term_string\"}}],\"inLanguage\":\"ro-RO\"},{\"@type\":\"Organization\",\"@id\":\"https:\/\/www.gresie.md\/#organization\",\"name\":\"Gresie md \u0418\u0442\u0430\u043b\u044c\u044f\u043d\u0441\u043a\u0430\u044f \u043f\u043b\u0438\u0442\u043a\u0430\",\"url\":\"https:\/\/www.gresie.md\/\",\"logo\":{\"@type\":\"ImageObject\",\"inLanguage\":\"ro-RO\",\"@id\":\"https:\/\/www.gresie.md\/#\/schema\/logo\/image\/\",\"url\":\"https:\/\/www.gresie.md\/wp-content\/uploads\/2025\/05\/logo_black-e1756978505443.png\",\"contentUrl\":\"https:\/\/www.gresie.md\/wp-content\/uploads\/2025\/05\/logo_black-e1756978505443.png\",\"width\":200,\"height\":85,\"caption\":\"Gresie md \u0418\u0442\u0430\u043b\u044c\u044f\u043d\u0441\u043a\u0430\u044f \u043f\u043b\u0438\u0442\u043a\u0430\"},\"image\":{\"@id\":\"https:\/\/www.gresie.md\/#\/schema\/logo\/image\/\"},\"sameAs\":[\"https:\/\/www.facebook.com\/share\/14Ngv7h72dv\/?mibextid=wwXIfr\"]}]}<\/script>\n<!-- \/ Yoast SEO plugin. -->","yoast_head_json":{"title":"Linoleum Omogen Chi\u0219in\u0103u \u2014 Pre\u021b Avantajos | Gresie.md","description":"Linoleum omogen pentru spitale, \u0219coli \u0219i spa\u021bii comerciale. Livrare rapid\u0103 \u00een Moldova, pre\u021buri avantajoase \u0219i consultan\u021b\u0103 profesional\u0103.","robots":{"index":"index","follow":"follow","max-snippet":"max-snippet:-1","max-image-preview":"max-image-preview:large","max-video-preview":"max-video-preview:-1"},"canonical":"https:\/\/www.gresie.md\/ro\/produs\/colectie-iq-granit\/","og_locale":"ro_RO","og_type":"article","og_title":"Linoleum Omogen Chi\u0219in\u0103u \u2014 Pre\u021b Avantajos | Gresie.md","og_description":"Linoleum omogen pentru spitale, \u0219coli \u0219i spa\u021bii comerciale. Livrare rapid\u0103 \u00een Moldova, pre\u021buri avantajoase \u0219i consultan\u021b\u0103 profesional\u0103.","og_url":"https:\/\/www.gresie.md\/ro\/produs\/colectie-iq-granit\/","og_site_name":"Gresie.md","article_publisher":"https:\/\/www.facebook.com\/share\/14Ngv7h72dv\/?mibextid=wwXIfr","article_modified_time":"2026-03-31T09:47:32+00:00","og_image":[{"width":1810,"height":2560,"url":"https:\/\/www.gresie.md\/wp-content\/uploads\/2025\/05\/THP_HO_iQ_Granit_124-copy.jpg","type":"image\/jpeg"}],"twitter_card":"summary_large_image","twitter_misc":{"Timp estimat pentru citire":"2 minute"},"schema":{"@context":"https:\/\/schema.org","@graph":[{"@type":"WebPage","@id":"https:\/\/www.gresie.md\/product\/colectie-iq-granit\/","url":"https:\/\/www.gresie.md\/product\/colectie-iq-granit\/","name":"Linoleum Omogen Chi\u0219in\u0103u \u2014 Pre\u021b Avantajos | Gresie.md","isPartOf":{"@id":"https:\/\/www.gresie.md\/#website"},"primaryImageOfPage":{"@id":"https:\/\/www.gresie.md\/product\/colectie-iq-granit\/#primaryimage"},"image":{"@id":"https:\/\/www.gresie.md\/product\/colectie-iq-granit\/#primaryimage"},"thumbnailUrl":"https:\/\/www.gresie.md\/wp-content\/uploads\/2025\/05\/THP_HO_iQ_Granit_124-copy.jpg","datePublished":"2025-05-28T06:33:13+00:00","dateModified":"2026-03-31T09:47:32+00:00","description":"Linoleum omogen pentru spitale, \u0219coli \u0219i spa\u021bii comerciale. Livrare rapid\u0103 \u00een Moldova, pre\u021buri avantajoase \u0219i consultan\u021b\u0103 profesional\u0103.","breadcrumb":{"@id":"https:\/\/www.gresie.md\/product\/colectie-iq-granit\/#breadcrumb"},"inLanguage":"ro-RO","potentialAction":[{"@type":"ReadAction","target":["https:\/\/www.gresie.md\/product\/colectie-iq-granit\/"]}]},{"@type":"ImageObject","inLanguage":"ro-RO","@id":"https:\/\/www.gresie.md\/product\/colectie-iq-granit\/#primaryimage","url":"https:\/\/www.gresie.md\/wp-content\/uploads\/2025\/05\/THP_HO_iQ_Granit_124-copy.jpg","contentUrl":"https:\/\/www.gresie.md\/wp-content\/uploads\/2025\/05\/THP_HO_iQ_Granit_124-copy.jpg","width":1810,"height":2560,"caption":"iQ Granit 124"},{"@type":"BreadcrumbList","@id":"https:\/\/www.gresie.md\/product\/colectie-iq-granit\/#breadcrumb","itemListElement":[{"@type":"ListItem","position":1,"name":"\u0413\u043b\u0430\u0432\u043d\u0430\u044f \u0441\u0442\u0440\u0430\u043d\u0438\u0446\u0430","item":"https:\/\/www.gresie.md\/"},{"@type":"ListItem","position":2,"name":"\u041a\u0430\u0442\u0430\u043b\u043e\u0433","item":"https:\/\/www.gresie.md\/shop\/"},{"@type":"ListItem","position":3,"name":"\u041a\u043e\u043b\u043b\u0435\u043a\u0446\u0438\u044f iQ Granit"}]},{"@type":"WebSite","@id":"https:\/\/www.gresie.md\/#website","url":"https:\/\/www.gresie.md\/","name":"Gresie.md","description":"gresie, teracota,tavane metalice, spc, linileum, parchet, mochet\u0103, plitca, ardoseli medicale, fa\u021bade ventilate, terase, pardoseli flotante","publisher":{"@id":"https:\/\/www.gresie.md\/#organization"},"alternateName":"Showroom de finisaje pentru pardoseli, tavane \u0219i fa\u021bade ventilate. Descoper\u0103 solu\u021bii moderne \u0219i durabile pentru proiectele tale.","potentialAction":[{"@type":"SearchAction","target":{"@type":"EntryPoint","urlTemplate":"https:\/\/www.gresie.md\/?s={search_term_string}"},"query-input":{"@type":"PropertyValueSpecification","valueRequired":true,"valueName":"search_term_string"}}],"inLanguage":"ro-RO"},{"@type":"Organization","@id":"https:\/\/www.gresie.md\/#organization","name":"Gresie md \u0418\u0442\u0430\u043b\u044c\u044f\u043d\u0441\u043a\u0430\u044f \u043f\u043b\u0438\u0442\u043a\u0430","url":"https:\/\/www.gresie.md\/","logo":{"@type":"ImageObject","inLanguage":"ro-RO","@id":"https:\/\/www.gresie.md\/#\/schema\/logo\/image\/","url":"https:\/\/www.gresie.md\/wp-content\/uploads\/2025\/05\/logo_black-e1756978505443.png","contentUrl":"https:\/\/www.gresie.md\/wp-content\/uploads\/2025\/05\/logo_black-e1756978505443.png","width":200,"height":85,"caption":"Gresie md \u0418\u0442\u0430\u043b\u044c\u044f\u043d\u0441\u043a\u0430\u044f \u043f\u043b\u0438\u0442\u043a\u0430"},"image":{"@id":"https:\/\/www.gresie.md\/#\/schema\/logo\/image\/"},"sameAs":["https:\/\/www.facebook.com\/share\/14Ngv7h72dv\/?mibextid=wwXIfr"]}]}},"uagb_featured_image_src":{"full":["https:\/\/www.gresie.md\/wp-content\/uploads\/2025\/05\/THP_HO_iQ_Granit_124-copy.jpg",1810,2560,false],"thumbnail":["https:\/\/www.gresie.md\/wp-content\/uploads\/2025\/05\/THP_HO_iQ_Granit_124-copy-150x150.jpg",150,150,true],"medium":["https:\/\/www.gresie.md\/wp-content\/uploads\/2025\/05\/THP_HO_iQ_Granit_124-copy-212x300.jpg",212,300,true],"medium_large":["https:\/\/www.gresie.md\/wp-content\/uploads\/2025\/05\/THP_HO_iQ_Granit_124-copy-768x1086.jpg",768,1086,true],"large":["https:\/\/www.gresie.md\/wp-content\/uploads\/2025\/05\/THP_HO_iQ_Granit_124-copy-724x1024.jpg",724,1024,true],"1536x1536":["https:\/\/www.gresie.md\/wp-content\/uploads\/2025\/05\/THP_HO_iQ_Granit_124-copy-1086x1536.jpg",1086,1536,true],"2048x2048":["https:\/\/www.gresie.md\/wp-content\/uploads\/2025\/05\/THP_HO_iQ_Granit_124-copy-1448x2048.jpg",1448,2048,true],"trp-custom-language-flag":["https:\/\/www.gresie.md\/wp-content\/uploads\/2025\/05\/THP_HO_iQ_Granit_124-copy-8x12.jpg",8,12,true],"emoza-extra-large":["https:\/\/www.gresie.md\/wp-content\/uploads\/2025\/05\/THP_HO_iQ_Granit_124-copy-1140x1612.jpg",1140,1612,true],"emoza-large":["https:\/\/www.gresie.md\/wp-content\/uploads\/2025\/05\/THP_HO_iQ_Granit_124-copy-920x1301.jpg",920,1301,true],"emoza-big":["https:\/\/www.gresie.md\/wp-content\/uploads\/2025\/05\/THP_HO_iQ_Granit_124-copy-575x813.jpg",575,813,true],"emoza-medium":["https:\/\/www.gresie.md\/wp-content\/uploads\/2025\/05\/THP_HO_iQ_Granit_124-copy-380x537.jpg",380,537,true],"woocommerce_thumbnail":["https:\/\/www.gresie.md\/wp-content\/uploads\/2025\/05\/THP_HO_iQ_Granit_124-copy-420x420.jpg",420,420,true],"woocommerce_single":["https:\/\/www.gresie.md\/wp-content\/uploads\/2025\/05\/THP_HO_iQ_Granit_124-copy-800x1131.jpg",800,1131,true],"woocommerce_gallery_thumbnail":["https:\/\/www.gresie.md\/wp-content\/uploads\/2025\/05\/THP_HO_iQ_Granit_124-copy-100x100.jpg",100,100,true],"variation_swatches_image_size":["https:\/\/www.gresie.md\/wp-content\/uploads\/2025\/05\/THP_HO_iQ_Granit_124-copy-50x50.jpg",50,50,true],"variation_swatches_tooltip_size":["https:\/\/www.gresie.md\/wp-content\/uploads\/2025\/05\/THP_HO_iQ_Granit_124-copy-100x100.jpg",100,100,true]},"uagb_author_info":{"display_name":"valik","author_link":"https:\/\/www.gresie.md\/ro\/author\/"},"uagb_comment_info":0,"uagb_excerpt":"iQ GRANIT &#8212; \u0440\u0430\u0437\u0440\u0430\u0431\u043e\u0442\u0430\u043d\u043d\u044b\u0439 \u0434\u043b\u044f \u043e\u0431\u0440\u0430\u0437\u043e\u0432\u0430\u0442\u0435\u043b\u044c\u043d\u044b\u0445 \u0438 \u043c\u0435\u0434\u0438\u0446\u0438\u043d\u0441\u043a\u0438\u0445 \u0443\u0447\u0440\u0435\u0436\u0434\u0435\u043d\u0438\u0439, iQ Granit \u043e\u0442\u043b\u0438\u0447\u0430\u0435\u0442\u0441\u044f \u0432\u044b\u0434\u0430\u044e\u0449\u0438\u043c\u0438\u0441\u044f \u0445\u0430\u0440\u0430\u043a\u0442\u0435\u0440\u0438\u0441\u0442\u0438\u043a\u0430\u043c\u0438. \u041d\u043e\u0432\u044b\u0435 \u0434\u0438\u0437\u0430\u0439\u043d\u044b \u0438 \u0446\u0432\u0435\u0442\u0430 \u0441\u043e\u0437\u0434\u0430\u043d\u044b \u0442\u0430\u043a, [&hellip;]","_links":{"self":[{"href":"https:\/\/www.gresie.md\/ro\/wp-json\/wp\/v2\/product\/2601","targetHints":{"allow":["GET"]}}],"collection":[{"href":"https:\/\/www.gresie.md\/ro\/wp-json\/wp\/v2\/product"}],"about":[{"href":"https:\/\/www.gresie.md\/ro\/wp-json\/wp\/v2\/types\/product"}],"wp:featuredmedia":[{"embeddable":true,"href":"https:\/\/www.gresie.md\/ro\/wp-json\/wp\/v2\/media\/2602"}],"wp:attachment":[{"href":"https:\/\/www.gresie.md\/ro\/wp-json\/wp\/v2\/media?parent=2601"}],"wp:term":[{"taxonomy":"product_brand","embeddable":true,"href":"https:\/\/www.gresie.md\/ro\/wp-json\/wp\/v2\/product_brand?post=2601"},{"taxonomy":"product_cat","embeddable":true,"href":"https:\/\/www.gresie.md\/ro\/wp-json\/wp\/v2\/product_cat?post=2601"},{"taxonomy":"product_tag","embeddable":true,"href":"https:\/\/www.gresie.md\/ro\/wp-json\/wp\/v2\/product_tag?post=2601"}],"curies":[{"name":"wp","href":"https:\/\/api.w.org\/{rel}","templated":true}]}}