{"id":2734,"date":"2025-05-28T10:51:44","date_gmt":"2025-05-28T07:51:44","guid":{"rendered":"https:\/\/www.gresie.md\/?post_type=product&#038;p=2734"},"modified":"2026-03-31T15:46:31","modified_gmt":"2026-03-31T12:46:31","slug":"%d0%ba%d0%be%d0%bb%d0%bb%d0%b5%d0%ba%d1%86%d0%b8%d1%8f-iq-surface","status":"publish","type":"product","link":"https:\/\/www.gresie.md\/ro\/produs\/%d0%ba%d0%be%d0%bb%d0%bb%d0%b5%d0%ba%d1%86%d0%b8%d1%8f-iq-surface\/","title":{"rendered":"Colectia iQ Surface"},"content":{"rendered":"<p><strong>iQ Surface<\/strong> \u2014 este o colec\u021bie de acoperiri PVC omogene \u0219i tapet iQ Surface \u2014 o solu\u021bie inovatoare care extinde posibilit\u0103\u021bile creative ale oric\u0103rui designer sau arhitect. Diversitatea culorilor din colec\u021bie, subliniat\u0103 prin combina\u021bii variate de nuan\u021be tonale \u0219i accente vibrante, ofer\u0103 un suport inspira\u021bional solid, esen\u021bial pentru crearea unor experien\u021be unice necesare amenaj\u0103rii spa\u021biilor comerciale \u2014 magazine, hoteluri sau restaurante.\n\nColec\u021bia de covoare iQ Surface \u0219i colec\u021bia de tapet din PVC sunt realizate folosind cele mai noi inova\u021bii din procesul de produc\u021bie \u0219i sunt configurate \u00een func\u021bie de cele mai creative modalit\u0103\u021bi de utilizare.\n\nDatorit\u0103 materialelor destinate mont\u0103rii pe perete, colec\u021bia iQ Surface elimin\u0103 orice barier\u0103 care ar putea \u00eempiedica dezvoltarea conceptului creativ, oferind posibilitatea unei amenaj\u0103ri complete.<\/p>\n<p>Av\u00e2nd o grosime de doar 2 mm, gama de PVC omogen de la Tarkett ofer\u0103 performan\u021b\u0103 pe toat\u0103 durata de via\u021b\u0103 a produsului, rezist\u00e2nd la o utilizare \u00eendelungat\u0103 f\u0103r\u0103 a diminua calitatea aspectului original. Aceste colec\u021bii de covoare PVC omogen \u0219i de tapet din PVC omogen includ 27 de designuri unice care pot fi combinate pentru a crea cele mai originale decoruri. Av\u00e2nd o grosime de doar 2 mm, gama de PVC omogen de la Tarkett ofer\u0103 perfoman\u021b\u0103 pe toat\u0103 durata de via\u021b\u0103 a produsului, rezist\u00e2nd la o utilizare \u00eendelungat\u0103 f\u0103r\u0103 a diminua calitatea aspectului original.<\/p>\n<p>&nbsp;<\/p>\n<div class=\"su-row\"><div class=\"su-column su-column-size-1-2\"><div class=\"su-column-inner su-u-clearfix su-u-trim\">\n<p>&nbsp;<\/p>\n<div class=\"information__characteristics__key-features__title\" data-v-c8e641ae=\"\"><strong>Caracteristici principale<\/strong><\/div>\n<div class=\"information__characteristics__key-features__list\" data-v-c8e641ae=\"\">\n<ul>\n<li>O colec\u021bie dedicat\u0103 mai multor suprafe\u021be \u2013 pere\u021bi, pardoseal\u0103 sau mobil\u0103<\/li>\n<li>5 culori unice<\/li>\n<li>Combina\u021bii unice a cordoanelor de sudur\u0103<\/li>\n<li>Ideal spa\u021biilor comerciale precum, magazine, unit\u0103\u021bi hoteliere sau restaurante<\/li>\n<li>Performan\u021b\u0103 de lung\u0103 durat\u0103<\/li>\n<\/ul>\n<\/div>\n<\/div><\/div> <div class=\"su-column su-column-size-1-2\"><div class=\"su-column-inner su-u-clearfix su-u-trim\">\n<p>&nbsp;<\/p>\n<div class=\"information__characteristics__specification__title\" data-v-c8e641ae=\"\"><strong>Specifica\u021bii tehnice \u0219i de mediu<\/strong><\/div>\n<div data-v-c8e641ae=\"\"><\/div>\n<div class=\"information__characteristics__specification__list\" data-v-c8e641ae=\"\">\n<ul>\n<li class=\"information__characteristics__specification__list__item\"><span class=\"information__characteristics__specification__list__item__label\" data-v-c8e641ae=\"\">Tipul produsului ISO:\u00a0<\/span><span class=\"information__characteristics__specification__list__item__values\" data-v-c8e641ae=\"\">Pardoseal\u0103 din clorur\u0103 de (poli)vinil omogen (ISO 10581)<\/span><\/li>\n<li class=\"information__characteristics__specification__list__item\"><span class=\"information__characteristics__specification__list__item__label\" data-v-c8e641ae=\"\">Tratament pentru suprafa\u021b\u0103:\u00a0<\/span><span class=\"information__characteristics__specification__list__item__values\" data-v-c8e641ae=\"\">New iQ PUR<\/span><\/li>\n<li class=\"information__characteristics__specification__list__item\"><span class=\"information__characteristics__specification__list__item__label\" data-v-c8e641ae=\"\">Grosime total\u0103:\u00a0<\/span><span class=\"information__characteristics__specification__list__item__values\" data-v-c8e641ae=\"\">2 mm<\/span><\/li>\n<li class=\"information__characteristics__specification__list__item\"><span class=\"information__characteristics__specification__list__item__label\" data-v-c8e641ae=\"\">Grosimea stratului de uzur\u0103:\u00a0<\/span><span class=\"information__characteristics__specification__list__item__values\" data-v-c8e641ae=\"\">2 mm<\/span><\/li>\n<li class=\"information__characteristics__specification__list__item\"><span class=\"information__characteristics__specification__list__item__label\" data-v-c8e641ae=\"\">Greutate de baz\u0103:\u00a0<\/span><span class=\"information__characteristics__specification__list__item__values\" data-v-c8e641ae=\"\">2800 g\/m\u00b2<\/span><\/li>\n<\/ul>\n<\/div>\n<\/div><\/div><\/div>","protected":false},"excerpt":{"rendered":"<p>iQ Surface &#8212; \u044d\u0442\u043e \u043a\u043e\u043b\u043b\u0435\u043a\u0446\u0438\u044f \u0433\u043e\u043c\u043e\u0433\u0435\u043d\u043d\u044b\u0445 \u041f\u0412\u0425-\u043f\u043e\u043a\u0440\u044b\u0442\u0438\u0439 \u0438 \u043e\u0431\u043e\u0435\u0432 iQ Surface \u2014 \u044d\u0442\u043e \u0438\u043d\u043d\u043e\u0432\u0430\u0446\u0438\u043e\u043d\u043d\u043e\u0435 \u0440\u0435\u0448\u0435\u043d\u0438\u0435, \u043a\u043e\u0442\u043e\u0440\u043e\u0435 \u0440\u0430\u0441\u0448\u0438\u0440\u044f\u0435\u0442 \u0442\u0432\u043e\u0440\u0447\u0435\u0441\u043a\u0438\u0435 \u0432\u043e\u0437\u043c\u043e\u0436\u043d\u043e\u0441\u0442\u0438 \u043b\u044e\u0431\u043e\u0433\u043e [&hellip;]<\/p>","protected":false},"featured_media":2751,"template":"","meta":{"_uag_custom_page_level_css":""},"product_brand":[200],"product_cat":[75,81],"product_tag":[],"class_list":{"0":"post-2734","1":"product","2":"type-product","3":"status-publish","4":"has-post-thumbnail","6":"product_brand-tarkett","7":"product_cat-gomogennii-linoleum","8":"product_cat-gomogennii-linoleum-meditinscie-poli","10":"first","11":"outofstock","12":"shipping-taxable","13":"purchasable","14":"product-type-variable"},"yoast_head":"<!-- This site is optimized with the Yoast SEO plugin v25.8 - https:\/\/yoast.com\/wordpress\/plugins\/seo\/ -->\n<title>\u0413\u043e\u043c\u043e\u0433\u0435\u043d\u043d\u044b\u0439 \u043b\u0438\u043d\u043e\u043b\u0435\u0443\u043c \u0432 \u041a\u0438\u0448\u0438\u043d\u0451\u0432\u0435 \u2014 \u043a\u0443\u043f\u0438\u0442\u044c \u043f\u043e \u0446\u0435\u043d\u0435 \u043e\u0442 \u0438\u043c\u043f\u043e\u0440\u0442\u0451\u0440\u0430<\/title>\n<meta name=\"description\" content=\"\u0413\u043e\u043c\u043e\u0433\u0435\u043d\u043d\u044b\u0439 \u043b\u0438\u043d\u043e\u043b\u0435\u0443\u043c \u0434\u043b\u044f \u0431\u043e\u043b\u044c\u043d\u0438\u0446, \u0448\u043a\u043e\u043b, \u043a\u043b\u0438\u043d\u0438\u043a \u0438 \u043a\u043e\u043c\u043c\u0435\u0440\u0447\u0435\u0441\u043a\u0438\u0445 \u043f\u043e\u043c\u0435\u0449\u0435\u043d\u0438\u0439. \u041f\u0440\u044f\u043c\u044b\u0435 \u043f\u043e\u0441\u0442\u0430\u0432\u043a\u0438, \u0434\u043e\u0441\u0442\u0443\u043f\u043d\u044b\u0435 \u0446\u0435\u043d\u044b, \u0434\u043e\u0441\u0442\u0430\u0432\u043a\u0430 \u043f\u043e \u041c\u043e\u043b\u0434\u043e\u0432\u0435. \u041f\u0440\u043e\u0444\u0435\u0441\u0441\u0438\u043e\u043d\u0430\u043b\u044c\u043d\u0430\u044f \u043a\u043e\u043d\u0441\u0443\u043b\u044c\u0442\u0430\u0446\u0438\u044f.\" \/>\n<meta name=\"robots\" content=\"index, follow, max-snippet:-1, max-image-preview:large, max-video-preview:-1\" \/>\n<link rel=\"canonical\" href=\"https:\/\/www.gresie.md\/ro\/produs\/\u043a\u043e\u043b\u043b\u0435\u043a\u0446\u0438\u044f-iq-surface\/\" \/>\n<meta property=\"og:locale\" content=\"ro_RO\" \/>\n<meta property=\"og:type\" content=\"article\" \/>\n<meta property=\"og:title\" content=\"\u0413\u043e\u043c\u043e\u0433\u0435\u043d\u043d\u044b\u0439 \u043b\u0438\u043d\u043e\u043b\u0435\u0443\u043c \u0432 \u041a\u0438\u0448\u0438\u043d\u0451\u0432\u0435 \u2014 \u043a\u0443\u043f\u0438\u0442\u044c \u043f\u043e \u0446\u0435\u043d\u0435 \u043e\u0442 \u0438\u043c\u043f\u043e\u0440\u0442\u0451\u0440\u0430\" \/>\n<meta property=\"og:description\" content=\"\u0413\u043e\u043c\u043e\u0433\u0435\u043d\u043d\u044b\u0439 \u043b\u0438\u043d\u043e\u043b\u0435\u0443\u043c \u0434\u043b\u044f \u0431\u043e\u043b\u044c\u043d\u0438\u0446, \u0448\u043a\u043e\u043b, \u043a\u043b\u0438\u043d\u0438\u043a \u0438 \u043a\u043e\u043c\u043c\u0435\u0440\u0447\u0435\u0441\u043a\u0438\u0445 \u043f\u043e\u043c\u0435\u0449\u0435\u043d\u0438\u0439. \u041f\u0440\u044f\u043c\u044b\u0435 \u043f\u043e\u0441\u0442\u0430\u0432\u043a\u0438, \u0434\u043e\u0441\u0442\u0443\u043f\u043d\u044b\u0435 \u0446\u0435\u043d\u044b, \u0434\u043e\u0441\u0442\u0430\u0432\u043a\u0430 \u043f\u043e \u041c\u043e\u043b\u0434\u043e\u0432\u0435. \u041f\u0440\u043e\u0444\u0435\u0441\u0441\u0438\u043e\u043d\u0430\u043b\u044c\u043d\u0430\u044f \u043a\u043e\u043d\u0441\u0443\u043b\u044c\u0442\u0430\u0446\u0438\u044f.\" \/>\n<meta property=\"og:url\" content=\"https:\/\/www.gresie.md\/ro\/produs\/\u043a\u043e\u043b\u043b\u0435\u043a\u0446\u0438\u044f-iq-surface\/\" \/>\n<meta property=\"og:site_name\" content=\"Gresie.md\" \/>\n<meta property=\"article:publisher\" content=\"https:\/\/www.facebook.com\/share\/14Ngv7h72dv\/?mibextid=wwXIfr\" \/>\n<meta property=\"article:modified_time\" content=\"2026-03-31T12:46:31+00:00\" \/>\n<meta property=\"og:image\" content=\"https:\/\/www.gresie.md\/wp-content\/uploads\/2025\/05\/THP_21089163_001.jpg\" \/>\n\t<meta property=\"og:image:width\" content=\"1810\" \/>\n\t<meta property=\"og:image:height\" content=\"2560\" \/>\n\t<meta property=\"og:image:type\" content=\"image\/jpeg\" \/>\n<meta name=\"twitter:card\" content=\"summary_large_image\" \/>\n<meta name=\"twitter:label1\" content=\"Timp estimat pentru citire\" \/>\n\t<meta name=\"twitter:data1\" content=\"2 minute\" \/>\n<script type=\"application\/ld+json\" class=\"yoast-schema-graph\">{\"@context\":\"https:\/\/schema.org\",\"@graph\":[{\"@type\":\"WebPage\",\"@id\":\"https:\/\/www.gresie.md\/product\/%d0%ba%d0%be%d0%bb%d0%bb%d0%b5%d0%ba%d1%86%d0%b8%d1%8f-iq-surface\/\",\"url\":\"https:\/\/www.gresie.md\/product\/%d0%ba%d0%be%d0%bb%d0%bb%d0%b5%d0%ba%d1%86%d0%b8%d1%8f-iq-surface\/\",\"name\":\"\u0413\u043e\u043c\u043e\u0433\u0435\u043d\u043d\u044b\u0439 \u043b\u0438\u043d\u043e\u043b\u0435\u0443\u043c \u0432 \u041a\u0438\u0448\u0438\u043d\u0451\u0432\u0435 \u2014 \u043a\u0443\u043f\u0438\u0442\u044c \u043f\u043e \u0446\u0435\u043d\u0435 \u043e\u0442 \u0438\u043c\u043f\u043e\u0440\u0442\u0451\u0440\u0430\",\"isPartOf\":{\"@id\":\"https:\/\/www.gresie.md\/#website\"},\"primaryImageOfPage\":{\"@id\":\"https:\/\/www.gresie.md\/product\/%d0%ba%d0%be%d0%bb%d0%bb%d0%b5%d0%ba%d1%86%d0%b8%d1%8f-iq-surface\/#primaryimage\"},\"image\":{\"@id\":\"https:\/\/www.gresie.md\/product\/%d0%ba%d0%be%d0%bb%d0%bb%d0%b5%d0%ba%d1%86%d0%b8%d1%8f-iq-surface\/#primaryimage\"},\"thumbnailUrl\":\"https:\/\/www.gresie.md\/wp-content\/uploads\/2025\/05\/THP_21089163_001.jpg\",\"datePublished\":\"2025-05-28T07:51:44+00:00\",\"dateModified\":\"2026-03-31T12:46:31+00:00\",\"description\":\"\u0413\u043e\u043c\u043e\u0433\u0435\u043d\u043d\u044b\u0439 \u043b\u0438\u043d\u043e\u043b\u0435\u0443\u043c \u0434\u043b\u044f \u0431\u043e\u043b\u044c\u043d\u0438\u0446, \u0448\u043a\u043e\u043b, \u043a\u043b\u0438\u043d\u0438\u043a \u0438 \u043a\u043e\u043c\u043c\u0435\u0440\u0447\u0435\u0441\u043a\u0438\u0445 \u043f\u043e\u043c\u0435\u0449\u0435\u043d\u0438\u0439. \u041f\u0440\u044f\u043c\u044b\u0435 \u043f\u043e\u0441\u0442\u0430\u0432\u043a\u0438, \u0434\u043e\u0441\u0442\u0443\u043f\u043d\u044b\u0435 \u0446\u0435\u043d\u044b, \u0434\u043e\u0441\u0442\u0430\u0432\u043a\u0430 \u043f\u043e \u041c\u043e\u043b\u0434\u043e\u0432\u0435. \u041f\u0440\u043e\u0444\u0435\u0441\u0441\u0438\u043e\u043d\u0430\u043b\u044c\u043d\u0430\u044f \u043a\u043e\u043d\u0441\u0443\u043b\u044c\u0442\u0430\u0446\u0438\u044f.\",\"breadcrumb\":{\"@id\":\"https:\/\/www.gresie.md\/product\/%d0%ba%d0%be%d0%bb%d0%bb%d0%b5%d0%ba%d1%86%d0%b8%d1%8f-iq-surface\/#breadcrumb\"},\"inLanguage\":\"ro-RO\",\"potentialAction\":[{\"@type\":\"ReadAction\",\"target\":[\"https:\/\/www.gresie.md\/product\/%d0%ba%d0%be%d0%bb%d0%bb%d0%b5%d0%ba%d1%86%d0%b8%d1%8f-iq-surface\/\"]}]},{\"@type\":\"ImageObject\",\"inLanguage\":\"ro-RO\",\"@id\":\"https:\/\/www.gresie.md\/product\/%d0%ba%d0%be%d0%bb%d0%bb%d0%b5%d0%ba%d1%86%d0%b8%d1%8f-iq-surface\/#primaryimage\",\"url\":\"https:\/\/www.gresie.md\/wp-content\/uploads\/2025\/05\/THP_21089163_001.jpg\",\"contentUrl\":\"https:\/\/www.gresie.md\/wp-content\/uploads\/2025\/05\/THP_21089163_001.jpg\",\"width\":1810,\"height\":2560,\"caption\":\"21089163\"},{\"@type\":\"BreadcrumbList\",\"@id\":\"https:\/\/www.gresie.md\/product\/%d0%ba%d0%be%d0%bb%d0%bb%d0%b5%d0%ba%d1%86%d0%b8%d1%8f-iq-surface\/#breadcrumb\",\"itemListElement\":[{\"@type\":\"ListItem\",\"position\":1,\"name\":\"\u0413\u043b\u0430\u0432\u043d\u0430\u044f \u0441\u0442\u0440\u0430\u043d\u0438\u0446\u0430\",\"item\":\"https:\/\/www.gresie.md\/\"},{\"@type\":\"ListItem\",\"position\":2,\"name\":\"\u041a\u0430\u0442\u0430\u043b\u043e\u0433\",\"item\":\"https:\/\/www.gresie.md\/shop\/\"},{\"@type\":\"ListItem\",\"position\":3,\"name\":\"\u041a\u043e\u043b\u043b\u0435\u043a\u0446\u0438\u044f iQ Surface\"}]},{\"@type\":\"WebSite\",\"@id\":\"https:\/\/www.gresie.md\/#website\",\"url\":\"https:\/\/www.gresie.md\/\",\"name\":\"Gresie.md\",\"description\":\"gresie, teracota,tavane metalice, spc, linileum, parchet, mochet\u0103, plitca, ardoseli medicale, fa\u021bade ventilate, terase, pardoseli flotante\",\"publisher\":{\"@id\":\"https:\/\/www.gresie.md\/#organization\"},\"alternateName\":\"Showroom de finisaje pentru pardoseli, tavane \u0219i fa\u021bade ventilate. Descoper\u0103 solu\u021bii moderne \u0219i durabile pentru proiectele tale.\",\"potentialAction\":[{\"@type\":\"SearchAction\",\"target\":{\"@type\":\"EntryPoint\",\"urlTemplate\":\"https:\/\/www.gresie.md\/?s={search_term_string}\"},\"query-input\":{\"@type\":\"PropertyValueSpecification\",\"valueRequired\":true,\"valueName\":\"search_term_string\"}}],\"inLanguage\":\"ro-RO\"},{\"@type\":\"Organization\",\"@id\":\"https:\/\/www.gresie.md\/#organization\",\"name\":\"Gresie md \u0418\u0442\u0430\u043b\u044c\u044f\u043d\u0441\u043a\u0430\u044f \u043f\u043b\u0438\u0442\u043a\u0430\",\"url\":\"https:\/\/www.gresie.md\/\",\"logo\":{\"@type\":\"ImageObject\",\"inLanguage\":\"ro-RO\",\"@id\":\"https:\/\/www.gresie.md\/#\/schema\/logo\/image\/\",\"url\":\"https:\/\/www.gresie.md\/wp-content\/uploads\/2025\/05\/logo_black-e1756978505443.png\",\"contentUrl\":\"https:\/\/www.gresie.md\/wp-content\/uploads\/2025\/05\/logo_black-e1756978505443.png\",\"width\":200,\"height\":85,\"caption\":\"Gresie md \u0418\u0442\u0430\u043b\u044c\u044f\u043d\u0441\u043a\u0430\u044f \u043f\u043b\u0438\u0442\u043a\u0430\"},\"image\":{\"@id\":\"https:\/\/www.gresie.md\/#\/schema\/logo\/image\/\"},\"sameAs\":[\"https:\/\/www.facebook.com\/share\/14Ngv7h72dv\/?mibextid=wwXIfr\"]}]}<\/script>\n<!-- \/ Yoast SEO plugin. -->","yoast_head_json":{"title":"\u0413\u043e\u043c\u043e\u0433\u0435\u043d\u043d\u044b\u0439 \u043b\u0438\u043d\u043e\u043b\u0435\u0443\u043c \u0432 \u041a\u0438\u0448\u0438\u043d\u0451\u0432\u0435 \u2014 \u043a\u0443\u043f\u0438\u0442\u044c \u043f\u043e \u0446\u0435\u043d\u0435 \u043e\u0442 \u0438\u043c\u043f\u043e\u0440\u0442\u0451\u0440\u0430","description":"\u0413\u043e\u043c\u043e\u0433\u0435\u043d\u043d\u044b\u0439 \u043b\u0438\u043d\u043e\u043b\u0435\u0443\u043c \u0434\u043b\u044f \u0431\u043e\u043b\u044c\u043d\u0438\u0446, \u0448\u043a\u043e\u043b, \u043a\u043b\u0438\u043d\u0438\u043a \u0438 \u043a\u043e\u043c\u043c\u0435\u0440\u0447\u0435\u0441\u043a\u0438\u0445 \u043f\u043e\u043c\u0435\u0449\u0435\u043d\u0438\u0439. \u041f\u0440\u044f\u043c\u044b\u0435 \u043f\u043e\u0441\u0442\u0430\u0432\u043a\u0438, \u0434\u043e\u0441\u0442\u0443\u043f\u043d\u044b\u0435 \u0446\u0435\u043d\u044b, \u0434\u043e\u0441\u0442\u0430\u0432\u043a\u0430 \u043f\u043e \u041c\u043e\u043b\u0434\u043e\u0432\u0435. \u041f\u0440\u043e\u0444\u0435\u0441\u0441\u0438\u043e\u043d\u0430\u043b\u044c\u043d\u0430\u044f \u043a\u043e\u043d\u0441\u0443\u043b\u044c\u0442\u0430\u0446\u0438\u044f.","robots":{"index":"index","follow":"follow","max-snippet":"max-snippet:-1","max-image-preview":"max-image-preview:large","max-video-preview":"max-video-preview:-1"},"canonical":"https:\/\/www.gresie.md\/ro\/produs\/\u043a\u043e\u043b\u043b\u0435\u043a\u0446\u0438\u044f-iq-surface\/","og_locale":"ro_RO","og_type":"article","og_title":"\u0413\u043e\u043c\u043e\u0433\u0435\u043d\u043d\u044b\u0439 \u043b\u0438\u043d\u043e\u043b\u0435\u0443\u043c \u0432 \u041a\u0438\u0448\u0438\u043d\u0451\u0432\u0435 \u2014 \u043a\u0443\u043f\u0438\u0442\u044c \u043f\u043e \u0446\u0435\u043d\u0435 \u043e\u0442 \u0438\u043c\u043f\u043e\u0440\u0442\u0451\u0440\u0430","og_description":"\u0413\u043e\u043c\u043e\u0433\u0435\u043d\u043d\u044b\u0439 \u043b\u0438\u043d\u043e\u043b\u0435\u0443\u043c \u0434\u043b\u044f \u0431\u043e\u043b\u044c\u043d\u0438\u0446, \u0448\u043a\u043e\u043b, \u043a\u043b\u0438\u043d\u0438\u043a \u0438 \u043a\u043e\u043c\u043c\u0435\u0440\u0447\u0435\u0441\u043a\u0438\u0445 \u043f\u043e\u043c\u0435\u0449\u0435\u043d\u0438\u0439. \u041f\u0440\u044f\u043c\u044b\u0435 \u043f\u043e\u0441\u0442\u0430\u0432\u043a\u0438, \u0434\u043e\u0441\u0442\u0443\u043f\u043d\u044b\u0435 \u0446\u0435\u043d\u044b, \u0434\u043e\u0441\u0442\u0430\u0432\u043a\u0430 \u043f\u043e \u041c\u043e\u043b\u0434\u043e\u0432\u0435. \u041f\u0440\u043e\u0444\u0435\u0441\u0441\u0438\u043e\u043d\u0430\u043b\u044c\u043d\u0430\u044f \u043a\u043e\u043d\u0441\u0443\u043b\u044c\u0442\u0430\u0446\u0438\u044f.","og_url":"https:\/\/www.gresie.md\/ro\/produs\/\u043a\u043e\u043b\u043b\u0435\u043a\u0446\u0438\u044f-iq-surface\/","og_site_name":"Gresie.md","article_publisher":"https:\/\/www.facebook.com\/share\/14Ngv7h72dv\/?mibextid=wwXIfr","article_modified_time":"2026-03-31T12:46:31+00:00","og_image":[{"width":1810,"height":2560,"url":"https:\/\/www.gresie.md\/wp-content\/uploads\/2025\/05\/THP_21089163_001.jpg","type":"image\/jpeg"}],"twitter_card":"summary_large_image","twitter_misc":{"Timp estimat pentru citire":"2 minute"},"schema":{"@context":"https:\/\/schema.org","@graph":[{"@type":"WebPage","@id":"https:\/\/www.gresie.md\/product\/%d0%ba%d0%be%d0%bb%d0%bb%d0%b5%d0%ba%d1%86%d0%b8%d1%8f-iq-surface\/","url":"https:\/\/www.gresie.md\/product\/%d0%ba%d0%be%d0%bb%d0%bb%d0%b5%d0%ba%d1%86%d0%b8%d1%8f-iq-surface\/","name":"\u0413\u043e\u043c\u043e\u0433\u0435\u043d\u043d\u044b\u0439 \u043b\u0438\u043d\u043e\u043b\u0435\u0443\u043c \u0432 \u041a\u0438\u0448\u0438\u043d\u0451\u0432\u0435 \u2014 \u043a\u0443\u043f\u0438\u0442\u044c \u043f\u043e \u0446\u0435\u043d\u0435 \u043e\u0442 \u0438\u043c\u043f\u043e\u0440\u0442\u0451\u0440\u0430","isPartOf":{"@id":"https:\/\/www.gresie.md\/#website"},"primaryImageOfPage":{"@id":"https:\/\/www.gresie.md\/product\/%d0%ba%d0%be%d0%bb%d0%bb%d0%b5%d0%ba%d1%86%d0%b8%d1%8f-iq-surface\/#primaryimage"},"image":{"@id":"https:\/\/www.gresie.md\/product\/%d0%ba%d0%be%d0%bb%d0%bb%d0%b5%d0%ba%d1%86%d0%b8%d1%8f-iq-surface\/#primaryimage"},"thumbnailUrl":"https:\/\/www.gresie.md\/wp-content\/uploads\/2025\/05\/THP_21089163_001.jpg","datePublished":"2025-05-28T07:51:44+00:00","dateModified":"2026-03-31T12:46:31+00:00","description":"\u0413\u043e\u043c\u043e\u0433\u0435\u043d\u043d\u044b\u0439 \u043b\u0438\u043d\u043e\u043b\u0435\u0443\u043c \u0434\u043b\u044f \u0431\u043e\u043b\u044c\u043d\u0438\u0446, \u0448\u043a\u043e\u043b, \u043a\u043b\u0438\u043d\u0438\u043a \u0438 \u043a\u043e\u043c\u043c\u0435\u0440\u0447\u0435\u0441\u043a\u0438\u0445 \u043f\u043e\u043c\u0435\u0449\u0435\u043d\u0438\u0439. \u041f\u0440\u044f\u043c\u044b\u0435 \u043f\u043e\u0441\u0442\u0430\u0432\u043a\u0438, \u0434\u043e\u0441\u0442\u0443\u043f\u043d\u044b\u0435 \u0446\u0435\u043d\u044b, \u0434\u043e\u0441\u0442\u0430\u0432\u043a\u0430 \u043f\u043e \u041c\u043e\u043b\u0434\u043e\u0432\u0435. \u041f\u0440\u043e\u0444\u0435\u0441\u0441\u0438\u043e\u043d\u0430\u043b\u044c\u043d\u0430\u044f \u043a\u043e\u043d\u0441\u0443\u043b\u044c\u0442\u0430\u0446\u0438\u044f.","breadcrumb":{"@id":"https:\/\/www.gresie.md\/product\/%d0%ba%d0%be%d0%bb%d0%bb%d0%b5%d0%ba%d1%86%d0%b8%d1%8f-iq-surface\/#breadcrumb"},"inLanguage":"ro-RO","potentialAction":[{"@type":"ReadAction","target":["https:\/\/www.gresie.md\/product\/%d0%ba%d0%be%d0%bb%d0%bb%d0%b5%d0%ba%d1%86%d0%b8%d1%8f-iq-surface\/"]}]},{"@type":"ImageObject","inLanguage":"ro-RO","@id":"https:\/\/www.gresie.md\/product\/%d0%ba%d0%be%d0%bb%d0%bb%d0%b5%d0%ba%d1%86%d0%b8%d1%8f-iq-surface\/#primaryimage","url":"https:\/\/www.gresie.md\/wp-content\/uploads\/2025\/05\/THP_21089163_001.jpg","contentUrl":"https:\/\/www.gresie.md\/wp-content\/uploads\/2025\/05\/THP_21089163_001.jpg","width":1810,"height":2560,"caption":"21089163"},{"@type":"BreadcrumbList","@id":"https:\/\/www.gresie.md\/product\/%d0%ba%d0%be%d0%bb%d0%bb%d0%b5%d0%ba%d1%86%d0%b8%d1%8f-iq-surface\/#breadcrumb","itemListElement":[{"@type":"ListItem","position":1,"name":"\u0413\u043b\u0430\u0432\u043d\u0430\u044f \u0441\u0442\u0440\u0430\u043d\u0438\u0446\u0430","item":"https:\/\/www.gresie.md\/"},{"@type":"ListItem","position":2,"name":"\u041a\u0430\u0442\u0430\u043b\u043e\u0433","item":"https:\/\/www.gresie.md\/shop\/"},{"@type":"ListItem","position":3,"name":"\u041a\u043e\u043b\u043b\u0435\u043a\u0446\u0438\u044f iQ Surface"}]},{"@type":"WebSite","@id":"https:\/\/www.gresie.md\/#website","url":"https:\/\/www.gresie.md\/","name":"Gresie.md","description":"gresie, teracota,tavane metalice, spc, linileum, parchet, mochet\u0103, plitca, ardoseli medicale, fa\u021bade ventilate, terase, pardoseli flotante","publisher":{"@id":"https:\/\/www.gresie.md\/#organization"},"alternateName":"Showroom de finisaje pentru pardoseli, tavane \u0219i fa\u021bade ventilate. Descoper\u0103 solu\u021bii moderne \u0219i durabile pentru proiectele tale.","potentialAction":[{"@type":"SearchAction","target":{"@type":"EntryPoint","urlTemplate":"https:\/\/www.gresie.md\/?s={search_term_string}"},"query-input":{"@type":"PropertyValueSpecification","valueRequired":true,"valueName":"search_term_string"}}],"inLanguage":"ro-RO"},{"@type":"Organization","@id":"https:\/\/www.gresie.md\/#organization","name":"Gresie md \u0418\u0442\u0430\u043b\u044c\u044f\u043d\u0441\u043a\u0430\u044f \u043f\u043b\u0438\u0442\u043a\u0430","url":"https:\/\/www.gresie.md\/","logo":{"@type":"ImageObject","inLanguage":"ro-RO","@id":"https:\/\/www.gresie.md\/#\/schema\/logo\/image\/","url":"https:\/\/www.gresie.md\/wp-content\/uploads\/2025\/05\/logo_black-e1756978505443.png","contentUrl":"https:\/\/www.gresie.md\/wp-content\/uploads\/2025\/05\/logo_black-e1756978505443.png","width":200,"height":85,"caption":"Gresie md \u0418\u0442\u0430\u043b\u044c\u044f\u043d\u0441\u043a\u0430\u044f \u043f\u043b\u0438\u0442\u043a\u0430"},"image":{"@id":"https:\/\/www.gresie.md\/#\/schema\/logo\/image\/"},"sameAs":["https:\/\/www.facebook.com\/share\/14Ngv7h72dv\/?mibextid=wwXIfr"]}]}},"uagb_featured_image_src":{"full":["https:\/\/www.gresie.md\/wp-content\/uploads\/2025\/05\/THP_21089163_001.jpg",1810,2560,false],"thumbnail":["https:\/\/www.gresie.md\/wp-content\/uploads\/2025\/05\/THP_21089163_001-150x150.jpg",150,150,true],"medium":["https:\/\/www.gresie.md\/wp-content\/uploads\/2025\/05\/THP_21089163_001-212x300.jpg",212,300,true],"medium_large":["https:\/\/www.gresie.md\/wp-content\/uploads\/2025\/05\/THP_21089163_001-768x1086.jpg",768,1086,true],"large":["https:\/\/www.gresie.md\/wp-content\/uploads\/2025\/05\/THP_21089163_001-724x1024.jpg",724,1024,true],"1536x1536":["https:\/\/www.gresie.md\/wp-content\/uploads\/2025\/05\/THP_21089163_001-1086x1536.jpg",1086,1536,true],"2048x2048":["https:\/\/www.gresie.md\/wp-content\/uploads\/2025\/05\/THP_21089163_001-1448x2048.jpg",1448,2048,true],"trp-custom-language-flag":["https:\/\/www.gresie.md\/wp-content\/uploads\/2025\/05\/THP_21089163_001-8x12.jpg",8,12,true],"emoza-extra-large":["https:\/\/www.gresie.md\/wp-content\/uploads\/2025\/05\/THP_21089163_001-1140x1612.jpg",1140,1612,true],"emoza-large":["https:\/\/www.gresie.md\/wp-content\/uploads\/2025\/05\/THP_21089163_001-920x1301.jpg",920,1301,true],"emoza-big":["https:\/\/www.gresie.md\/wp-content\/uploads\/2025\/05\/THP_21089163_001-575x813.jpg",575,813,true],"emoza-medium":["https:\/\/www.gresie.md\/wp-content\/uploads\/2025\/05\/THP_21089163_001-380x537.jpg",380,537,true],"woocommerce_thumbnail":["https:\/\/www.gresie.md\/wp-content\/uploads\/2025\/05\/THP_21089163_001-420x420.jpg",420,420,true],"woocommerce_single":["https:\/\/www.gresie.md\/wp-content\/uploads\/2025\/05\/THP_21089163_001-800x1131.jpg",800,1131,true],"woocommerce_gallery_thumbnail":["https:\/\/www.gresie.md\/wp-content\/uploads\/2025\/05\/THP_21089163_001-100x100.jpg",100,100,true],"variation_swatches_image_size":["https:\/\/www.gresie.md\/wp-content\/uploads\/2025\/05\/THP_21089163_001-50x50.jpg",50,50,true],"variation_swatches_tooltip_size":["https:\/\/www.gresie.md\/wp-content\/uploads\/2025\/05\/THP_21089163_001-100x100.jpg",100,100,true]},"uagb_author_info":{"display_name":"valik","author_link":"https:\/\/www.gresie.md\/ro\/author\/"},"uagb_comment_info":0,"uagb_excerpt":"iQ Surface &#8212; \u044d\u0442\u043e \u043a\u043e\u043b\u043b\u0435\u043a\u0446\u0438\u044f \u0433\u043e\u043c\u043e\u0433\u0435\u043d\u043d\u044b\u0445 \u041f\u0412\u0425-\u043f\u043e\u043a\u0440\u044b\u0442\u0438\u0439 \u0438 \u043e\u0431\u043e\u0435\u0432 iQ Surface \u2014 \u044d\u0442\u043e \u0438\u043d\u043d\u043e\u0432\u0430\u0446\u0438\u043e\u043d\u043d\u043e\u0435 \u0440\u0435\u0448\u0435\u043d\u0438\u0435, \u043a\u043e\u0442\u043e\u0440\u043e\u0435 \u0440\u0430\u0441\u0448\u0438\u0440\u044f\u0435\u0442 \u0442\u0432\u043e\u0440\u0447\u0435\u0441\u043a\u0438\u0435 \u0432\u043e\u0437\u043c\u043e\u0436\u043d\u043e\u0441\u0442\u0438 \u043b\u044e\u0431\u043e\u0433\u043e [&hellip;]","_links":{"self":[{"href":"https:\/\/www.gresie.md\/ro\/wp-json\/wp\/v2\/product\/2734","targetHints":{"allow":["GET"]}}],"collection":[{"href":"https:\/\/www.gresie.md\/ro\/wp-json\/wp\/v2\/product"}],"about":[{"href":"https:\/\/www.gresie.md\/ro\/wp-json\/wp\/v2\/types\/product"}],"wp:featuredmedia":[{"embeddable":true,"href":"https:\/\/www.gresie.md\/ro\/wp-json\/wp\/v2\/media\/2751"}],"wp:attachment":[{"href":"https:\/\/www.gresie.md\/ro\/wp-json\/wp\/v2\/media?parent=2734"}],"wp:term":[{"taxonomy":"product_brand","embeddable":true,"href":"https:\/\/www.gresie.md\/ro\/wp-json\/wp\/v2\/product_brand?post=2734"},{"taxonomy":"product_cat","embeddable":true,"href":"https:\/\/www.gresie.md\/ro\/wp-json\/wp\/v2\/product_cat?post=2734"},{"taxonomy":"product_tag","embeddable":true,"href":"https:\/\/www.gresie.md\/ro\/wp-json\/wp\/v2\/product_tag?post=2734"}],"curies":[{"name":"wp","href":"https:\/\/api.w.org\/{rel}","templated":true}]}}