{"id":2757,"date":"2025-05-28T11:33:14","date_gmt":"2025-05-28T08:33:14","guid":{"rendered":"https:\/\/www.gresie.md\/?post_type=product&#038;p=2757"},"modified":"2026-03-31T16:02:44","modified_gmt":"2026-03-31T13:02:44","slug":"%d0%ba%d0%be%d0%bb%d0%bb%d0%b5%d0%ba%d1%86%d0%b8%d1%8f-primo-premium","status":"publish","type":"product","link":"https:\/\/www.gresie.md\/ro\/produs\/%d0%ba%d0%be%d0%bb%d0%bb%d0%b5%d0%ba%d1%86%d0%b8%d1%8f-primo-premium\/","title":{"rendered":"Colectia Primo Premium"},"content":{"rendered":"<p><strong>Primo Premium<\/strong> \u2014 sunt pardoseli PVC din colec\u021bia Primo Premium, ideale pentru spa\u021biile comerciale cu trafic intens, datorit\u0103 rezisten\u021bei ridicate \u0219i raportului excelent pre\u021b\u2013calitate. Primo Premium este o pardoseal\u0103 omogen\u0103 din PVC, destinat\u0103 utiliz\u0103rii \u00een \u00eenc\u0103peri cu trafic intens, precum institu\u021biile educa\u021bionale \u0219i medicale, unde igiena \u0219i durabilitatea sunt prioritare.\n\nTratamentul nostru de suprafa\u021b\u0103 XR garanteaz\u0103 protec\u021bie sporit\u0103 \u0219i \u00eentre\u021binere u\u0219oar\u0103. Primo Premium este disponibil cu un model atractiv, nelinear, cu particule colorate de dimensiuni mari, coordonate cromatic cu alte produse \u0219i accesorii din seria multifunc\u021bional\u0103 Premium.\n\nMochetele din PVC din colec\u021bia Primo Premium sunt disponibile \u00een 31 de designuri, u\u0219or de integrat \u00een orice spa\u021biu comercial.<\/p>\n<div class=\"su-row\"><div class=\"su-column su-column-size-1-2\"><div class=\"su-column-inner su-u-clearfix su-u-trim\">\n<p>&nbsp;<\/p>\n<div class=\"information__characteristics__key-features__title\" data-v-c8e641ae=\"\"><strong>Caracteristici principale<\/strong><\/div>\n<div class=\"information__characteristics__key-features__list\" data-v-c8e641ae=\"\">\n<ul>\n<li>Chipsuri mari colorate<\/li>\n<li>U\u0219or de cur\u0103\u021bat \u0219i de \u00eentre\u021binut<\/li>\n<li>Solu\u021bie de design rentabil\u0103<\/li>\n<li>Ofert\u0103 versatil\u0103<\/li>\n<\/ul>\n<\/div>\n<\/div><\/div> <div class=\"su-column su-column-size-1-2\"><div class=\"su-column-inner su-u-clearfix su-u-trim\">\n<p>&nbsp;<\/p>\n<div class=\"information__characteristics__specification__title\" data-v-c8e641ae=\"\"><strong>Specifica\u021bii tehnice \u0219i de mediu<\/strong><\/div>\n<div data-v-c8e641ae=\"\"><\/div>\n<div class=\"information__characteristics__specification__list\" data-v-c8e641ae=\"\">\n<ul>\n<li class=\"information__characteristics__specification__list__item\"><span class=\"information__characteristics__specification__list__item__label\" data-v-c8e641ae=\"\">Tipul produsului ISO:\u00a0<\/span><span class=\"information__characteristics__specification__list__item__values\" data-v-c8e641ae=\"\">Pardoseal\u0103 din clorur\u0103 de (poli)vinil omogen (ISO 10581)<\/span><\/li>\n<li class=\"information__characteristics__specification__list__item\"><span class=\"information__characteristics__specification__list__item__label\" data-v-c8e641ae=\"\">Clasificare comercial\u0103:\u00a0<\/span><span class=\"information__characteristics__specification__list__item__values\" data-v-c8e641ae=\"\">34 Very Heavy<\/span><\/li>\n<li class=\"information__characteristics__specification__list__item\"><span class=\"information__characteristics__specification__list__item__label\" data-v-c8e641ae=\"\">Clasificare industrial\u0103:\u00a0<\/span><span class=\"information__characteristics__specification__list__item__values\" data-v-c8e641ae=\"\">43 Intens<\/span><\/li>\n<li class=\"information__characteristics__specification__list__item\"><span class=\"information__characteristics__specification__list__item__label\" data-v-c8e641ae=\"\">Tratament pentru suprafa\u021b\u0103:\u00a0<\/span><span class=\"information__characteristics__specification__list__item__values\" data-v-c8e641ae=\"\">PUR Reinforced<\/span><\/li>\n<li class=\"information__characteristics__specification__list__item\"><span class=\"information__characteristics__specification__list__item__label\" data-v-c8e641ae=\"\">Grosime total\u0103:\u00a0<\/span><span class=\"information__characteristics__specification__list__item__values\" data-v-c8e641ae=\"\">2 mm<\/span><\/li>\n<\/ul>\n<\/div>\n<\/div><\/div><\/div>","protected":false},"excerpt":{"rendered":"<p>Primo Premium &#8212; \u044d\u0442\u043e \u043d\u0430\u043f\u043e\u043b\u044c\u043d\u044b\u0435 \u043f\u043e\u043a\u0440\u044b\u0442\u0438\u044f \u0438\u0437 \u041f\u0412\u0425 \u043a\u043e\u043b\u043b\u0435\u043a\u0446\u0438\u0438 Primo Premium \u0438\u0434\u0435\u0430\u043b\u044c\u043d\u043e \u043f\u043e\u0434\u0445\u043e\u0434\u044f\u0442 \u0434\u043b\u044f \u043a\u043e\u043c\u043c\u0435\u0440\u0447\u0435\u0441\u043a\u0438\u0445 \u043f\u043e\u043c\u0435\u0449\u0435\u043d\u0438\u0439 \u0441 \u0431\u043e\u043b\u044c\u0448\u043e\u0439 \u043f\u0440\u043e\u0445\u043e\u0434\u0438\u043c\u043e\u0441\u0442\u044c\u044e, \u043e\u0431\u043b\u0430\u0434\u0430\u044f [&hellip;]<\/p>","protected":false},"featured_media":2758,"template":"","meta":{"_uag_custom_page_level_css":""},"product_brand":[200],"product_cat":[75,81],"product_tag":[],"class_list":{"0":"post-2757","1":"product","2":"type-product","3":"status-publish","4":"has-post-thumbnail","6":"product_brand-tarkett","7":"product_cat-gomogennii-linoleum","8":"product_cat-gomogennii-linoleum-meditinscie-poli","10":"first","11":"outofstock","12":"shipping-taxable","13":"purchasable","14":"product-type-variable"},"yoast_head":"<!-- This site is optimized with the Yoast SEO plugin v25.8 - https:\/\/yoast.com\/wordpress\/plugins\/seo\/ -->\n<title>Linoleum Omogen Chi\u0219in\u0103u \u2014 Pre\u021b Avantajos | Gresie.md<\/title>\n<meta name=\"description\" content=\"Linoleum omogen pentru spitale, \u0219coli \u0219i spa\u021bii comerciale. Livrare rapid\u0103 \u00een Moldova, pre\u021buri avantajoase \u0219i consultan\u021b\u0103 profesional\u0103.\" \/>\n<meta name=\"robots\" content=\"index, follow, max-snippet:-1, max-image-preview:large, max-video-preview:-1\" \/>\n<link rel=\"canonical\" href=\"https:\/\/www.gresie.md\/ro\/produs\/\u043a\u043e\u043b\u043b\u0435\u043a\u0446\u0438\u044f-primo-premium\/\" \/>\n<meta property=\"og:locale\" content=\"ro_RO\" \/>\n<meta property=\"og:type\" content=\"article\" \/>\n<meta property=\"og:title\" content=\"Linoleum Omogen Chi\u0219in\u0103u \u2014 Pre\u021b Avantajos | Gresie.md\" \/>\n<meta property=\"og:description\" content=\"Linoleum omogen pentru spitale, \u0219coli \u0219i spa\u021bii comerciale. Livrare rapid\u0103 \u00een Moldova, pre\u021buri avantajoase \u0219i consultan\u021b\u0103 profesional\u0103.\" \/>\n<meta property=\"og:url\" content=\"https:\/\/www.gresie.md\/ro\/produs\/\u043a\u043e\u043b\u043b\u0435\u043a\u0446\u0438\u044f-primo-premium\/\" \/>\n<meta property=\"og:site_name\" content=\"Gresie.md\" \/>\n<meta property=\"article:publisher\" content=\"https:\/\/www.facebook.com\/share\/14Ngv7h72dv\/?mibextid=wwXIfr\" \/>\n<meta property=\"article:modified_time\" content=\"2026-03-31T13:02:44+00:00\" \/>\n<meta property=\"og:image\" content=\"https:\/\/www.gresie.md\/wp-content\/uploads\/2025\/05\/THP_21010600_001.jpg\" \/>\n\t<meta property=\"og:image:width\" content=\"1810\" \/>\n\t<meta property=\"og:image:height\" content=\"2560\" \/>\n\t<meta property=\"og:image:type\" content=\"image\/jpeg\" \/>\n<meta name=\"twitter:card\" content=\"summary_large_image\" \/>\n<meta name=\"twitter:label1\" content=\"Timp estimat pentru citire\" \/>\n\t<meta name=\"twitter:data1\" content=\"2 minute\" \/>\n<script type=\"application\/ld+json\" class=\"yoast-schema-graph\">{\"@context\":\"https:\/\/schema.org\",\"@graph\":[{\"@type\":\"WebPage\",\"@id\":\"https:\/\/www.gresie.md\/product\/%d0%ba%d0%be%d0%bb%d0%bb%d0%b5%d0%ba%d1%86%d0%b8%d1%8f-primo-premium\/\",\"url\":\"https:\/\/www.gresie.md\/product\/%d0%ba%d0%be%d0%bb%d0%bb%d0%b5%d0%ba%d1%86%d0%b8%d1%8f-primo-premium\/\",\"name\":\"Linoleum Omogen Chi\u0219in\u0103u \u2014 Pre\u021b Avantajos | Gresie.md\",\"isPartOf\":{\"@id\":\"https:\/\/www.gresie.md\/#website\"},\"primaryImageOfPage\":{\"@id\":\"https:\/\/www.gresie.md\/product\/%d0%ba%d0%be%d0%bb%d0%bb%d0%b5%d0%ba%d1%86%d0%b8%d1%8f-primo-premium\/#primaryimage\"},\"image\":{\"@id\":\"https:\/\/www.gresie.md\/product\/%d0%ba%d0%be%d0%bb%d0%bb%d0%b5%d0%ba%d1%86%d0%b8%d1%8f-primo-premium\/#primaryimage\"},\"thumbnailUrl\":\"https:\/\/www.gresie.md\/wp-content\/uploads\/2025\/05\/THP_21010600_001.jpg\",\"datePublished\":\"2025-05-28T08:33:14+00:00\",\"dateModified\":\"2026-03-31T13:02:44+00:00\",\"description\":\"Linoleum omogen pentru spitale, \u0219coli \u0219i spa\u021bii comerciale. Livrare rapid\u0103 \u00een Moldova, pre\u021buri avantajoase \u0219i consultan\u021b\u0103 profesional\u0103.\",\"breadcrumb\":{\"@id\":\"https:\/\/www.gresie.md\/product\/%d0%ba%d0%be%d0%bb%d0%bb%d0%b5%d0%ba%d1%86%d0%b8%d1%8f-primo-premium\/#breadcrumb\"},\"inLanguage\":\"ro-RO\",\"potentialAction\":[{\"@type\":\"ReadAction\",\"target\":[\"https:\/\/www.gresie.md\/product\/%d0%ba%d0%be%d0%bb%d0%bb%d0%b5%d0%ba%d1%86%d0%b8%d1%8f-primo-premium\/\"]}]},{\"@type\":\"ImageObject\",\"inLanguage\":\"ro-RO\",\"@id\":\"https:\/\/www.gresie.md\/product\/%d0%ba%d0%be%d0%bb%d0%bb%d0%b5%d0%ba%d1%86%d0%b8%d1%8f-primo-premium\/#primaryimage\",\"url\":\"https:\/\/www.gresie.md\/wp-content\/uploads\/2025\/05\/THP_21010600_001.jpg\",\"contentUrl\":\"https:\/\/www.gresie.md\/wp-content\/uploads\/2025\/05\/THP_21010600_001.jpg\",\"width\":1810,\"height\":2560,\"caption\":\"21010600\"},{\"@type\":\"BreadcrumbList\",\"@id\":\"https:\/\/www.gresie.md\/product\/%d0%ba%d0%be%d0%bb%d0%bb%d0%b5%d0%ba%d1%86%d0%b8%d1%8f-primo-premium\/#breadcrumb\",\"itemListElement\":[{\"@type\":\"ListItem\",\"position\":1,\"name\":\"\u0413\u043b\u0430\u0432\u043d\u0430\u044f \u0441\u0442\u0440\u0430\u043d\u0438\u0446\u0430\",\"item\":\"https:\/\/www.gresie.md\/\"},{\"@type\":\"ListItem\",\"position\":2,\"name\":\"\u041a\u0430\u0442\u0430\u043b\u043e\u0433\",\"item\":\"https:\/\/www.gresie.md\/shop\/\"},{\"@type\":\"ListItem\",\"position\":3,\"name\":\"\u041a\u043e\u043b\u043b\u0435\u043a\u0446\u0438\u044f Primo Premium\"}]},{\"@type\":\"WebSite\",\"@id\":\"https:\/\/www.gresie.md\/#website\",\"url\":\"https:\/\/www.gresie.md\/\",\"name\":\"Gresie.md\",\"description\":\"gresie, teracota,tavane metalice, spc, linileum, parchet, mochet\u0103, plitca, ardoseli medicale, fa\u021bade ventilate, terase, pardoseli flotante\",\"publisher\":{\"@id\":\"https:\/\/www.gresie.md\/#organization\"},\"alternateName\":\"Showroom de finisaje pentru pardoseli, tavane \u0219i fa\u021bade ventilate. Descoper\u0103 solu\u021bii moderne \u0219i durabile pentru proiectele tale.\",\"potentialAction\":[{\"@type\":\"SearchAction\",\"target\":{\"@type\":\"EntryPoint\",\"urlTemplate\":\"https:\/\/www.gresie.md\/?s={search_term_string}\"},\"query-input\":{\"@type\":\"PropertyValueSpecification\",\"valueRequired\":true,\"valueName\":\"search_term_string\"}}],\"inLanguage\":\"ro-RO\"},{\"@type\":\"Organization\",\"@id\":\"https:\/\/www.gresie.md\/#organization\",\"name\":\"Gresie md \u0418\u0442\u0430\u043b\u044c\u044f\u043d\u0441\u043a\u0430\u044f \u043f\u043b\u0438\u0442\u043a\u0430\",\"url\":\"https:\/\/www.gresie.md\/\",\"logo\":{\"@type\":\"ImageObject\",\"inLanguage\":\"ro-RO\",\"@id\":\"https:\/\/www.gresie.md\/#\/schema\/logo\/image\/\",\"url\":\"https:\/\/www.gresie.md\/wp-content\/uploads\/2025\/05\/logo_black-e1756978505443.png\",\"contentUrl\":\"https:\/\/www.gresie.md\/wp-content\/uploads\/2025\/05\/logo_black-e1756978505443.png\",\"width\":200,\"height\":85,\"caption\":\"Gresie md \u0418\u0442\u0430\u043b\u044c\u044f\u043d\u0441\u043a\u0430\u044f \u043f\u043b\u0438\u0442\u043a\u0430\"},\"image\":{\"@id\":\"https:\/\/www.gresie.md\/#\/schema\/logo\/image\/\"},\"sameAs\":[\"https:\/\/www.facebook.com\/share\/14Ngv7h72dv\/?mibextid=wwXIfr\"]}]}<\/script>\n<!-- \/ Yoast SEO plugin. -->","yoast_head_json":{"title":"Linoleum Omogen Chi\u0219in\u0103u \u2014 Pre\u021b Avantajos | Gresie.md","description":"Linoleum omogen pentru spitale, \u0219coli \u0219i spa\u021bii comerciale. Livrare rapid\u0103 \u00een Moldova, pre\u021buri avantajoase \u0219i consultan\u021b\u0103 profesional\u0103.","robots":{"index":"index","follow":"follow","max-snippet":"max-snippet:-1","max-image-preview":"max-image-preview:large","max-video-preview":"max-video-preview:-1"},"canonical":"https:\/\/www.gresie.md\/ro\/produs\/\u043a\u043e\u043b\u043b\u0435\u043a\u0446\u0438\u044f-primo-premium\/","og_locale":"ro_RO","og_type":"article","og_title":"Linoleum Omogen Chi\u0219in\u0103u \u2014 Pre\u021b Avantajos | Gresie.md","og_description":"Linoleum omogen pentru spitale, \u0219coli \u0219i spa\u021bii comerciale. Livrare rapid\u0103 \u00een Moldova, pre\u021buri avantajoase \u0219i consultan\u021b\u0103 profesional\u0103.","og_url":"https:\/\/www.gresie.md\/ro\/produs\/\u043a\u043e\u043b\u043b\u0435\u043a\u0446\u0438\u044f-primo-premium\/","og_site_name":"Gresie.md","article_publisher":"https:\/\/www.facebook.com\/share\/14Ngv7h72dv\/?mibextid=wwXIfr","article_modified_time":"2026-03-31T13:02:44+00:00","og_image":[{"width":1810,"height":2560,"url":"https:\/\/www.gresie.md\/wp-content\/uploads\/2025\/05\/THP_21010600_001.jpg","type":"image\/jpeg"}],"twitter_card":"summary_large_image","twitter_misc":{"Timp estimat pentru citire":"2 minute"},"schema":{"@context":"https:\/\/schema.org","@graph":[{"@type":"WebPage","@id":"https:\/\/www.gresie.md\/product\/%d0%ba%d0%be%d0%bb%d0%bb%d0%b5%d0%ba%d1%86%d0%b8%d1%8f-primo-premium\/","url":"https:\/\/www.gresie.md\/product\/%d0%ba%d0%be%d0%bb%d0%bb%d0%b5%d0%ba%d1%86%d0%b8%d1%8f-primo-premium\/","name":"Linoleum Omogen Chi\u0219in\u0103u \u2014 Pre\u021b Avantajos | Gresie.md","isPartOf":{"@id":"https:\/\/www.gresie.md\/#website"},"primaryImageOfPage":{"@id":"https:\/\/www.gresie.md\/product\/%d0%ba%d0%be%d0%bb%d0%bb%d0%b5%d0%ba%d1%86%d0%b8%d1%8f-primo-premium\/#primaryimage"},"image":{"@id":"https:\/\/www.gresie.md\/product\/%d0%ba%d0%be%d0%bb%d0%bb%d0%b5%d0%ba%d1%86%d0%b8%d1%8f-primo-premium\/#primaryimage"},"thumbnailUrl":"https:\/\/www.gresie.md\/wp-content\/uploads\/2025\/05\/THP_21010600_001.jpg","datePublished":"2025-05-28T08:33:14+00:00","dateModified":"2026-03-31T13:02:44+00:00","description":"Linoleum omogen pentru spitale, \u0219coli \u0219i spa\u021bii comerciale. Livrare rapid\u0103 \u00een Moldova, pre\u021buri avantajoase \u0219i consultan\u021b\u0103 profesional\u0103.","breadcrumb":{"@id":"https:\/\/www.gresie.md\/product\/%d0%ba%d0%be%d0%bb%d0%bb%d0%b5%d0%ba%d1%86%d0%b8%d1%8f-primo-premium\/#breadcrumb"},"inLanguage":"ro-RO","potentialAction":[{"@type":"ReadAction","target":["https:\/\/www.gresie.md\/product\/%d0%ba%d0%be%d0%bb%d0%bb%d0%b5%d0%ba%d1%86%d0%b8%d1%8f-primo-premium\/"]}]},{"@type":"ImageObject","inLanguage":"ro-RO","@id":"https:\/\/www.gresie.md\/product\/%d0%ba%d0%be%d0%bb%d0%bb%d0%b5%d0%ba%d1%86%d0%b8%d1%8f-primo-premium\/#primaryimage","url":"https:\/\/www.gresie.md\/wp-content\/uploads\/2025\/05\/THP_21010600_001.jpg","contentUrl":"https:\/\/www.gresie.md\/wp-content\/uploads\/2025\/05\/THP_21010600_001.jpg","width":1810,"height":2560,"caption":"21010600"},{"@type":"BreadcrumbList","@id":"https:\/\/www.gresie.md\/product\/%d0%ba%d0%be%d0%bb%d0%bb%d0%b5%d0%ba%d1%86%d0%b8%d1%8f-primo-premium\/#breadcrumb","itemListElement":[{"@type":"ListItem","position":1,"name":"\u0413\u043b\u0430\u0432\u043d\u0430\u044f \u0441\u0442\u0440\u0430\u043d\u0438\u0446\u0430","item":"https:\/\/www.gresie.md\/"},{"@type":"ListItem","position":2,"name":"\u041a\u0430\u0442\u0430\u043b\u043e\u0433","item":"https:\/\/www.gresie.md\/shop\/"},{"@type":"ListItem","position":3,"name":"\u041a\u043e\u043b\u043b\u0435\u043a\u0446\u0438\u044f Primo Premium"}]},{"@type":"WebSite","@id":"https:\/\/www.gresie.md\/#website","url":"https:\/\/www.gresie.md\/","name":"Gresie.md","description":"gresie, teracota,tavane metalice, spc, linileum, parchet, mochet\u0103, plitca, ardoseli medicale, fa\u021bade ventilate, terase, pardoseli flotante","publisher":{"@id":"https:\/\/www.gresie.md\/#organization"},"alternateName":"Showroom de finisaje pentru pardoseli, tavane \u0219i fa\u021bade ventilate. Descoper\u0103 solu\u021bii moderne \u0219i durabile pentru proiectele tale.","potentialAction":[{"@type":"SearchAction","target":{"@type":"EntryPoint","urlTemplate":"https:\/\/www.gresie.md\/?s={search_term_string}"},"query-input":{"@type":"PropertyValueSpecification","valueRequired":true,"valueName":"search_term_string"}}],"inLanguage":"ro-RO"},{"@type":"Organization","@id":"https:\/\/www.gresie.md\/#organization","name":"Gresie md \u0418\u0442\u0430\u043b\u044c\u044f\u043d\u0441\u043a\u0430\u044f \u043f\u043b\u0438\u0442\u043a\u0430","url":"https:\/\/www.gresie.md\/","logo":{"@type":"ImageObject","inLanguage":"ro-RO","@id":"https:\/\/www.gresie.md\/#\/schema\/logo\/image\/","url":"https:\/\/www.gresie.md\/wp-content\/uploads\/2025\/05\/logo_black-e1756978505443.png","contentUrl":"https:\/\/www.gresie.md\/wp-content\/uploads\/2025\/05\/logo_black-e1756978505443.png","width":200,"height":85,"caption":"Gresie md \u0418\u0442\u0430\u043b\u044c\u044f\u043d\u0441\u043a\u0430\u044f \u043f\u043b\u0438\u0442\u043a\u0430"},"image":{"@id":"https:\/\/www.gresie.md\/#\/schema\/logo\/image\/"},"sameAs":["https:\/\/www.facebook.com\/share\/14Ngv7h72dv\/?mibextid=wwXIfr"]}]}},"uagb_featured_image_src":{"full":["https:\/\/www.gresie.md\/wp-content\/uploads\/2025\/05\/THP_21010600_001.jpg",1810,2560,false],"thumbnail":["https:\/\/www.gresie.md\/wp-content\/uploads\/2025\/05\/THP_21010600_001-150x150.jpg",150,150,true],"medium":["https:\/\/www.gresie.md\/wp-content\/uploads\/2025\/05\/THP_21010600_001-212x300.jpg",212,300,true],"medium_large":["https:\/\/www.gresie.md\/wp-content\/uploads\/2025\/05\/THP_21010600_001-768x1086.jpg",768,1086,true],"large":["https:\/\/www.gresie.md\/wp-content\/uploads\/2025\/05\/THP_21010600_001-724x1024.jpg",724,1024,true],"1536x1536":["https:\/\/www.gresie.md\/wp-content\/uploads\/2025\/05\/THP_21010600_001-1086x1536.jpg",1086,1536,true],"2048x2048":["https:\/\/www.gresie.md\/wp-content\/uploads\/2025\/05\/THP_21010600_001-1448x2048.jpg",1448,2048,true],"trp-custom-language-flag":["https:\/\/www.gresie.md\/wp-content\/uploads\/2025\/05\/THP_21010600_001-8x12.jpg",8,12,true],"emoza-extra-large":["https:\/\/www.gresie.md\/wp-content\/uploads\/2025\/05\/THP_21010600_001-1140x1612.jpg",1140,1612,true],"emoza-large":["https:\/\/www.gresie.md\/wp-content\/uploads\/2025\/05\/THP_21010600_001-920x1301.jpg",920,1301,true],"emoza-big":["https:\/\/www.gresie.md\/wp-content\/uploads\/2025\/05\/THP_21010600_001-575x813.jpg",575,813,true],"emoza-medium":["https:\/\/www.gresie.md\/wp-content\/uploads\/2025\/05\/THP_21010600_001-380x537.jpg",380,537,true],"woocommerce_thumbnail":["https:\/\/www.gresie.md\/wp-content\/uploads\/2025\/05\/THP_21010600_001-420x420.jpg",420,420,true],"woocommerce_single":["https:\/\/www.gresie.md\/wp-content\/uploads\/2025\/05\/THP_21010600_001-800x1131.jpg",800,1131,true],"woocommerce_gallery_thumbnail":["https:\/\/www.gresie.md\/wp-content\/uploads\/2025\/05\/THP_21010600_001-100x100.jpg",100,100,true],"variation_swatches_image_size":["https:\/\/www.gresie.md\/wp-content\/uploads\/2025\/05\/THP_21010600_001-50x50.jpg",50,50,true],"variation_swatches_tooltip_size":["https:\/\/www.gresie.md\/wp-content\/uploads\/2025\/05\/THP_21010600_001-100x100.jpg",100,100,true]},"uagb_author_info":{"display_name":"valik","author_link":"https:\/\/www.gresie.md\/ro\/author\/"},"uagb_comment_info":0,"uagb_excerpt":"Primo Premium &#8212; \u044d\u0442\u043e \u043d\u0430\u043f\u043e\u043b\u044c\u043d\u044b\u0435 \u043f\u043e\u043a\u0440\u044b\u0442\u0438\u044f \u0438\u0437 \u041f\u0412\u0425 \u043a\u043e\u043b\u043b\u0435\u043a\u0446\u0438\u0438 Primo Premium \u0438\u0434\u0435\u0430\u043b\u044c\u043d\u043e \u043f\u043e\u0434\u0445\u043e\u0434\u044f\u0442 \u0434\u043b\u044f \u043a\u043e\u043c\u043c\u0435\u0440\u0447\u0435\u0441\u043a\u0438\u0445 \u043f\u043e\u043c\u0435\u0449\u0435\u043d\u0438\u0439 \u0441 \u0431\u043e\u043b\u044c\u0448\u043e\u0439 \u043f\u0440\u043e\u0445\u043e\u0434\u0438\u043c\u043e\u0441\u0442\u044c\u044e, \u043e\u0431\u043b\u0430\u0434\u0430\u044f [&hellip;]","_links":{"self":[{"href":"https:\/\/www.gresie.md\/ro\/wp-json\/wp\/v2\/product\/2757","targetHints":{"allow":["GET"]}}],"collection":[{"href":"https:\/\/www.gresie.md\/ro\/wp-json\/wp\/v2\/product"}],"about":[{"href":"https:\/\/www.gresie.md\/ro\/wp-json\/wp\/v2\/types\/product"}],"wp:featuredmedia":[{"embeddable":true,"href":"https:\/\/www.gresie.md\/ro\/wp-json\/wp\/v2\/media\/2758"}],"wp:attachment":[{"href":"https:\/\/www.gresie.md\/ro\/wp-json\/wp\/v2\/media?parent=2757"}],"wp:term":[{"taxonomy":"product_brand","embeddable":true,"href":"https:\/\/www.gresie.md\/ro\/wp-json\/wp\/v2\/product_brand?post=2757"},{"taxonomy":"product_cat","embeddable":true,"href":"https:\/\/www.gresie.md\/ro\/wp-json\/wp\/v2\/product_cat?post=2757"},{"taxonomy":"product_tag","embeddable":true,"href":"https:\/\/www.gresie.md\/ro\/wp-json\/wp\/v2\/product_tag?post=2757"}],"curies":[{"name":"wp","href":"https:\/\/api.w.org\/{rel}","templated":true}]}}