{"id":283,"date":"2025-05-15T17:48:24","date_gmt":"2025-05-15T14:48:24","guid":{"rendered":"https:\/\/www.gresie.md\/?post_type=product&#038;p=283"},"modified":"2026-04-15T16:05:40","modified_gmt":"2026-04-15T13:05:40","slug":"%d0%bd%d0%b0%d1%82%d1%83%d1%80%d0%b0%d0%bb%d1%8c%d0%bd%d1%8b%d0%b9-%d0%ba%d0%b0%d0%bc%d0%b5%d0%bd%d1%8c-onyx","status":"publish","type":"product","link":"https:\/\/www.gresie.md\/ro\/produs\/%d0%bd%d0%b0%d1%82%d1%83%d1%80%d0%b0%d0%bb%d1%8c%d0%bd%d1%8b%d0%b9-%d0%ba%d0%b0%d0%bc%d0%b5%d0%bd%d1%8c-onyx\/","title":{"rendered":"Onyx"},"content":{"rendered":"<h3>Piatra natural\u0103 \u2013 puterea naturii \u00een interior<\/h3>\n<p>Piatra natural\u0103 este un material natural unic, care combin\u0103 rezisten\u021ba, durabilitatea \u0219i frumuse\u021bea natural\u0103. Fiecare element este unic, cu propriul model \u0219i textur\u0103 individual\u0103, create de natura \u00eens\u0103\u0219i.<\/p>\n<p><strong>Avantaje:<\/strong><\/p>\n<ul>\n<li>Estetic\u0103 natural\u0103 \u2013 texturi expresive, nuan\u021be bogate, modele unice<\/li>\n<li>Rezisten\u021b\u0103 ridicat\u0103 la uzur\u0103 - dureaz\u0103 decenii \u00eentregi, este potrivit pentru zone cu \u00eenc\u0103rc\u0103ri mari<\/li>\n<li>Versatilitate \u2013 poate fi utilizat pentru pardoseli, pere\u021bi, fa\u021bade, sc\u0103ri, pervazuri, b\u0103i \u0219i buc\u0103t\u0103rii<\/li>\n<li>Rezisten\u021b\u0103 la umiditate, temperatur\u0103 \u0219i radia\u021bii ultraviolete<\/li>\n<li>Exclusivitate - fiecare element are propria structur\u0103, culoare \u0219i \u201ecaracteru\u201d<\/li>\n<\/ul>\n<p><strong>De ce s\u0103 alegi piatra natural\u0103?<\/strong><br \/>\nPentru c\u0103 adaug\u0103 statut, soliditate \u0219i energie natural\u0103 oric\u0103rui interior. Este un material atemporal - este \u00eentotdeauna relevant.<\/p>","protected":false},"excerpt":{"rendered":"<p>\u041d\u0430\u0442\u0443\u0440\u0430\u043b\u044c\u043d\u044b\u0439 \u043a\u0430\u043c\u0435\u043d\u044c \u2014 \u0441\u0438\u043b\u0430 \u043f\u0440\u0438\u0440\u043e\u0434\u044b \u0432 \u0438\u043d\u0442\u0435\u0440\u044c\u0435\u0440\u0435 \u041d\u0430\u0442\u0443\u0440\u0430\u043b\u044c\u043d\u044b\u0439 \u043a\u0430\u043c\u0435\u043d\u044c \u2014 \u044d\u0442\u043e \u0443\u043d\u0438\u043a\u0430\u043b\u044c\u043d\u044b\u0439 \u043f\u0440\u0438\u0440\u043e\u0434\u043d\u044b\u0439 \u043c\u0430\u0442\u0435\u0440\u0438\u0430\u043b, \u043a\u043e\u0442\u043e\u0440\u044b\u0439 \u0441\u043e\u0447\u0435\u0442\u0430\u0435\u0442 \u0432 \u0441\u0435\u0431\u0435 \u043f\u0440\u043e\u0447\u043d\u043e\u0441\u0442\u044c, \u0434\u043e\u043b\u0433\u043e\u0432\u0435\u0447\u043d\u043e\u0441\u0442\u044c [&hellip;]<\/p>","protected":false},"featured_media":284,"template":"","meta":{"_uag_custom_page_level_css":""},"product_brand":[],"product_cat":[95,63],"product_tag":[],"class_list":{"0":"post-283","1":"product","2":"type-product","3":"status-publish","4":"has-post-thumbnail","6":"product_cat-naturalinii-cameni-ventiliruemie-fasadi","7":"product_cat-piatra-naturala","9":"first","10":"outofstock","11":"shipping-taxable","12":"purchasable","13":"product-type-simple"},"yoast_head":"<!-- This site is optimized with the Yoast SEO plugin v25.8 - https:\/\/yoast.com\/wordpress\/plugins\/seo\/ -->\n<title>\u041e\u0431\u043b\u0438\u0446\u043e\u0432\u043a\u0430 \u0444\u0430\u0441\u0430\u0434\u0430 \u043d\u0430\u0442\u0443\u0440\u0430\u043b\u044c\u043d\u044b\u043c \u043a\u0430\u043c\u043d\u0435\u043c \u0446\u0435\u043d\u0430<\/title>\n<meta name=\"description\" content=\"Fa\u021bade ventilate din piatr\u0103 natural\u0103 \u00een Chi\u0219in\u0103u. Solu\u021bii premium pentru cl\u0103diri, montare profesional \u0219i garan\u021bie Gresie.md.\" \/>\n<meta name=\"robots\" content=\"index, follow, max-snippet:-1, max-image-preview:large, max-video-preview:-1\" \/>\n<link rel=\"canonical\" href=\"https:\/\/www.gresie.md\/ro\/produs\/\u043d\u0430\u0442\u0443\u0440\u0430\u043b\u044c\u043d\u044b\u0439-\u043a\u0430\u043c\u0435\u043d\u044c-onyx\/\" \/>\n<meta property=\"og:locale\" content=\"ro_RO\" \/>\n<meta property=\"og:type\" content=\"article\" \/>\n<meta property=\"og:title\" content=\"\u041e\u0431\u043b\u0438\u0446\u043e\u0432\u043a\u0430 \u0444\u0430\u0441\u0430\u0434\u0430 \u043d\u0430\u0442\u0443\u0440\u0430\u043b\u044c\u043d\u044b\u043c \u043a\u0430\u043c\u043d\u0435\u043c \u0446\u0435\u043d\u0430\" \/>\n<meta property=\"og:description\" content=\"Fa\u021bade ventilate din piatr\u0103 natural\u0103 \u00een Chi\u0219in\u0103u. Solu\u021bii premium pentru cl\u0103diri, montare profesional \u0219i garan\u021bie Gresie.md.\" \/>\n<meta property=\"og:url\" content=\"https:\/\/www.gresie.md\/ro\/produs\/\u043d\u0430\u0442\u0443\u0440\u0430\u043b\u044c\u043d\u044b\u0439-\u043a\u0430\u043c\u0435\u043d\u044c-onyx\/\" \/>\n<meta property=\"og:site_name\" content=\"Gresie.md\" \/>\n<meta property=\"article:publisher\" content=\"https:\/\/www.facebook.com\/share\/14Ngv7h72dv\/?mibextid=wwXIfr\" \/>\n<meta property=\"article:modified_time\" content=\"2026-04-15T13:05:40+00:00\" \/>\n<meta property=\"og:image\" content=\"https:\/\/www.gresie.md\/wp-content\/uploads\/2025\/05\/024-008-\u041d\u0430\u0442\u0443\u0440\u0430\u043b\u044c\u043d\u044b\u0439-\u043c\u0440\u0430\u043c\u043e\u0440-e1774739359549.jpg\" \/>\n\t<meta property=\"og:image:width\" content=\"850\" \/>\n\t<meta property=\"og:image:height\" content=\"1692\" \/>\n\t<meta property=\"og:image:type\" content=\"image\/jpeg\" \/>\n<meta name=\"twitter:card\" content=\"summary_large_image\" \/>\n<meta name=\"twitter:label1\" content=\"Timp estimat pentru citire\" \/>\n\t<meta name=\"twitter:data1\" content=\"1 minut\" \/>\n<script type=\"application\/ld+json\" class=\"yoast-schema-graph\">{\"@context\":\"https:\/\/schema.org\",\"@graph\":[{\"@type\":\"WebPage\",\"@id\":\"https:\/\/www.gresie.md\/product\/%d0%bd%d0%b0%d1%82%d1%83%d1%80%d0%b0%d0%bb%d1%8c%d0%bd%d1%8b%d0%b9-%d0%ba%d0%b0%d0%bc%d0%b5%d0%bd%d1%8c-onyx\/\",\"url\":\"https:\/\/www.gresie.md\/product\/%d0%bd%d0%b0%d1%82%d1%83%d1%80%d0%b0%d0%bb%d1%8c%d0%bd%d1%8b%d0%b9-%d0%ba%d0%b0%d0%bc%d0%b5%d0%bd%d1%8c-onyx\/\",\"name\":\"\u041e\u0431\u043b\u0438\u0446\u043e\u0432\u043a\u0430 \u0444\u0430\u0441\u0430\u0434\u0430 \u043d\u0430\u0442\u0443\u0440\u0430\u043b\u044c\u043d\u044b\u043c \u043a\u0430\u043c\u043d\u0435\u043c \u0446\u0435\u043d\u0430\",\"isPartOf\":{\"@id\":\"https:\/\/www.gresie.md\/#website\"},\"primaryImageOfPage\":{\"@id\":\"https:\/\/www.gresie.md\/product\/%d0%bd%d0%b0%d1%82%d1%83%d1%80%d0%b0%d0%bb%d1%8c%d0%bd%d1%8b%d0%b9-%d0%ba%d0%b0%d0%bc%d0%b5%d0%bd%d1%8c-onyx\/#primaryimage\"},\"image\":{\"@id\":\"https:\/\/www.gresie.md\/product\/%d0%bd%d0%b0%d1%82%d1%83%d1%80%d0%b0%d0%bb%d1%8c%d0%bd%d1%8b%d0%b9-%d0%ba%d0%b0%d0%bc%d0%b5%d0%bd%d1%8c-onyx\/#primaryimage\"},\"thumbnailUrl\":\"https:\/\/www.gresie.md\/wp-content\/uploads\/2025\/05\/024-008-\u041d\u0430\u0442\u0443\u0440\u0430\u043b\u044c\u043d\u044b\u0439-\u043c\u0440\u0430\u043c\u043e\u0440-e1774739359549.jpg\",\"datePublished\":\"2025-05-15T14:48:24+00:00\",\"dateModified\":\"2026-04-15T13:05:40+00:00\",\"description\":\"Fa\u021bade ventilate din piatr\u0103 natural\u0103 \u00een Chi\u0219in\u0103u. Solu\u021bii premium pentru cl\u0103diri, montare profesional \u0219i garan\u021bie Gresie.md.\",\"breadcrumb\":{\"@id\":\"https:\/\/www.gresie.md\/product\/%d0%bd%d0%b0%d1%82%d1%83%d1%80%d0%b0%d0%bb%d1%8c%d0%bd%d1%8b%d0%b9-%d0%ba%d0%b0%d0%bc%d0%b5%d0%bd%d1%8c-onyx\/#breadcrumb\"},\"inLanguage\":\"ro-RO\",\"potentialAction\":[{\"@type\":\"ReadAction\",\"target\":[\"https:\/\/www.gresie.md\/product\/%d0%bd%d0%b0%d1%82%d1%83%d1%80%d0%b0%d0%bb%d1%8c%d0%bd%d1%8b%d0%b9-%d0%ba%d0%b0%d0%bc%d0%b5%d0%bd%d1%8c-onyx\/\"]}]},{\"@type\":\"ImageObject\",\"inLanguage\":\"ro-RO\",\"@id\":\"https:\/\/www.gresie.md\/product\/%d0%bd%d0%b0%d1%82%d1%83%d1%80%d0%b0%d0%bb%d1%8c%d0%bd%d1%8b%d0%b9-%d0%ba%d0%b0%d0%bc%d0%b5%d0%bd%d1%8c-onyx\/#primaryimage\",\"url\":\"https:\/\/www.gresie.md\/wp-content\/uploads\/2025\/05\/024-008-\u041d\u0430\u0442\u0443\u0440\u0430\u043b\u044c\u043d\u044b\u0439-\u043c\u0440\u0430\u043c\u043e\u0440-e1774739359549.jpg\",\"contentUrl\":\"https:\/\/www.gresie.md\/wp-content\/uploads\/2025\/05\/024-008-\u041d\u0430\u0442\u0443\u0440\u0430\u043b\u044c\u043d\u044b\u0439-\u043c\u0440\u0430\u043c\u043e\u0440-e1774739359549.jpg\",\"width\":850,\"height\":1692,\"caption\":\"Onix\"},{\"@type\":\"BreadcrumbList\",\"@id\":\"https:\/\/www.gresie.md\/product\/%d0%bd%d0%b0%d1%82%d1%83%d1%80%d0%b0%d0%bb%d1%8c%d0%bd%d1%8b%d0%b9-%d0%ba%d0%b0%d0%bc%d0%b5%d0%bd%d1%8c-onyx\/#breadcrumb\",\"itemListElement\":[{\"@type\":\"ListItem\",\"position\":1,\"name\":\"\u0413\u043b\u0430\u0432\u043d\u0430\u044f \u0441\u0442\u0440\u0430\u043d\u0438\u0446\u0430\",\"item\":\"https:\/\/www.gresie.md\/\"},{\"@type\":\"ListItem\",\"position\":2,\"name\":\"\u041a\u0430\u0442\u0430\u043b\u043e\u0433\",\"item\":\"https:\/\/www.gresie.md\/shop\/\"},{\"@type\":\"ListItem\",\"position\":3,\"name\":\"Onyx\"}]},{\"@type\":\"WebSite\",\"@id\":\"https:\/\/www.gresie.md\/#website\",\"url\":\"https:\/\/www.gresie.md\/\",\"name\":\"Gresie.md\",\"description\":\"gresie, teracota,tavane metalice, spc, linileum, parchet, mochet\u0103, plitca, ardoseli medicale, fa\u021bade ventilate, terase, pardoseli flotante\",\"publisher\":{\"@id\":\"https:\/\/www.gresie.md\/#organization\"},\"alternateName\":\"Showroom de finisaje pentru pardoseli, tavane \u0219i fa\u021bade ventilate. Descoper\u0103 solu\u021bii moderne \u0219i durabile pentru proiectele tale.\",\"potentialAction\":[{\"@type\":\"SearchAction\",\"target\":{\"@type\":\"EntryPoint\",\"urlTemplate\":\"https:\/\/www.gresie.md\/?s={search_term_string}\"},\"query-input\":{\"@type\":\"PropertyValueSpecification\",\"valueRequired\":true,\"valueName\":\"search_term_string\"}}],\"inLanguage\":\"ro-RO\"},{\"@type\":\"Organization\",\"@id\":\"https:\/\/www.gresie.md\/#organization\",\"name\":\"Gresie md \u0418\u0442\u0430\u043b\u044c\u044f\u043d\u0441\u043a\u0430\u044f \u043f\u043b\u0438\u0442\u043a\u0430\",\"url\":\"https:\/\/www.gresie.md\/\",\"logo\":{\"@type\":\"ImageObject\",\"inLanguage\":\"ro-RO\",\"@id\":\"https:\/\/www.gresie.md\/#\/schema\/logo\/image\/\",\"url\":\"https:\/\/www.gresie.md\/wp-content\/uploads\/2025\/05\/logo_black-e1756978505443.png\",\"contentUrl\":\"https:\/\/www.gresie.md\/wp-content\/uploads\/2025\/05\/logo_black-e1756978505443.png\",\"width\":200,\"height\":85,\"caption\":\"Gresie md \u0418\u0442\u0430\u043b\u044c\u044f\u043d\u0441\u043a\u0430\u044f \u043f\u043b\u0438\u0442\u043a\u0430\"},\"image\":{\"@id\":\"https:\/\/www.gresie.md\/#\/schema\/logo\/image\/\"},\"sameAs\":[\"https:\/\/www.facebook.com\/share\/14Ngv7h72dv\/?mibextid=wwXIfr\"]}]}<\/script>\n<!-- \/ Yoast SEO plugin. -->","yoast_head_json":{"title":"\u041e\u0431\u043b\u0438\u0446\u043e\u0432\u043a\u0430 \u0444\u0430\u0441\u0430\u0434\u0430 \u043d\u0430\u0442\u0443\u0440\u0430\u043b\u044c\u043d\u044b\u043c \u043a\u0430\u043c\u043d\u0435\u043c \u0446\u0435\u043d\u0430","description":"Fa\u021bade ventilate din piatr\u0103 natural\u0103 \u00een Chi\u0219in\u0103u. Solu\u021bii premium pentru cl\u0103diri, montare profesional \u0219i garan\u021bie Gresie.md.","robots":{"index":"index","follow":"follow","max-snippet":"max-snippet:-1","max-image-preview":"max-image-preview:large","max-video-preview":"max-video-preview:-1"},"canonical":"https:\/\/www.gresie.md\/ro\/produs\/\u043d\u0430\u0442\u0443\u0440\u0430\u043b\u044c\u043d\u044b\u0439-\u043a\u0430\u043c\u0435\u043d\u044c-onyx\/","og_locale":"ro_RO","og_type":"article","og_title":"\u041e\u0431\u043b\u0438\u0446\u043e\u0432\u043a\u0430 \u0444\u0430\u0441\u0430\u0434\u0430 \u043d\u0430\u0442\u0443\u0440\u0430\u043b\u044c\u043d\u044b\u043c \u043a\u0430\u043c\u043d\u0435\u043c \u0446\u0435\u043d\u0430","og_description":"Fa\u021bade ventilate din piatr\u0103 natural\u0103 \u00een Chi\u0219in\u0103u. Solu\u021bii premium pentru cl\u0103diri, montare profesional \u0219i garan\u021bie Gresie.md.","og_url":"https:\/\/www.gresie.md\/ro\/produs\/\u043d\u0430\u0442\u0443\u0440\u0430\u043b\u044c\u043d\u044b\u0439-\u043a\u0430\u043c\u0435\u043d\u044c-onyx\/","og_site_name":"Gresie.md","article_publisher":"https:\/\/www.facebook.com\/share\/14Ngv7h72dv\/?mibextid=wwXIfr","article_modified_time":"2026-04-15T13:05:40+00:00","og_image":[{"width":850,"height":1692,"url":"https:\/\/www.gresie.md\/wp-content\/uploads\/2025\/05\/024-008-\u041d\u0430\u0442\u0443\u0440\u0430\u043b\u044c\u043d\u044b\u0439-\u043c\u0440\u0430\u043c\u043e\u0440-e1774739359549.jpg","type":"image\/jpeg"}],"twitter_card":"summary_large_image","twitter_misc":{"Timp estimat pentru citire":"1 minut"},"schema":{"@context":"https:\/\/schema.org","@graph":[{"@type":"WebPage","@id":"https:\/\/www.gresie.md\/product\/%d0%bd%d0%b0%d1%82%d1%83%d1%80%d0%b0%d0%bb%d1%8c%d0%bd%d1%8b%d0%b9-%d0%ba%d0%b0%d0%bc%d0%b5%d0%bd%d1%8c-onyx\/","url":"https:\/\/www.gresie.md\/product\/%d0%bd%d0%b0%d1%82%d1%83%d1%80%d0%b0%d0%bb%d1%8c%d0%bd%d1%8b%d0%b9-%d0%ba%d0%b0%d0%bc%d0%b5%d0%bd%d1%8c-onyx\/","name":"\u041e\u0431\u043b\u0438\u0446\u043e\u0432\u043a\u0430 \u0444\u0430\u0441\u0430\u0434\u0430 \u043d\u0430\u0442\u0443\u0440\u0430\u043b\u044c\u043d\u044b\u043c \u043a\u0430\u043c\u043d\u0435\u043c \u0446\u0435\u043d\u0430","isPartOf":{"@id":"https:\/\/www.gresie.md\/#website"},"primaryImageOfPage":{"@id":"https:\/\/www.gresie.md\/product\/%d0%bd%d0%b0%d1%82%d1%83%d1%80%d0%b0%d0%bb%d1%8c%d0%bd%d1%8b%d0%b9-%d0%ba%d0%b0%d0%bc%d0%b5%d0%bd%d1%8c-onyx\/#primaryimage"},"image":{"@id":"https:\/\/www.gresie.md\/product\/%d0%bd%d0%b0%d1%82%d1%83%d1%80%d0%b0%d0%bb%d1%8c%d0%bd%d1%8b%d0%b9-%d0%ba%d0%b0%d0%bc%d0%b5%d0%bd%d1%8c-onyx\/#primaryimage"},"thumbnailUrl":"https:\/\/www.gresie.md\/wp-content\/uploads\/2025\/05\/024-008-\u041d\u0430\u0442\u0443\u0440\u0430\u043b\u044c\u043d\u044b\u0439-\u043c\u0440\u0430\u043c\u043e\u0440-e1774739359549.jpg","datePublished":"2025-05-15T14:48:24+00:00","dateModified":"2026-04-15T13:05:40+00:00","description":"Fa\u021bade ventilate din piatr\u0103 natural\u0103 \u00een Chi\u0219in\u0103u. Solu\u021bii premium pentru cl\u0103diri, montare profesional \u0219i garan\u021bie Gresie.md.","breadcrumb":{"@id":"https:\/\/www.gresie.md\/product\/%d0%bd%d0%b0%d1%82%d1%83%d1%80%d0%b0%d0%bb%d1%8c%d0%bd%d1%8b%d0%b9-%d0%ba%d0%b0%d0%bc%d0%b5%d0%bd%d1%8c-onyx\/#breadcrumb"},"inLanguage":"ro-RO","potentialAction":[{"@type":"ReadAction","target":["https:\/\/www.gresie.md\/product\/%d0%bd%d0%b0%d1%82%d1%83%d1%80%d0%b0%d0%bb%d1%8c%d0%bd%d1%8b%d0%b9-%d0%ba%d0%b0%d0%bc%d0%b5%d0%bd%d1%8c-onyx\/"]}]},{"@type":"ImageObject","inLanguage":"ro-RO","@id":"https:\/\/www.gresie.md\/product\/%d0%bd%d0%b0%d1%82%d1%83%d1%80%d0%b0%d0%bb%d1%8c%d0%bd%d1%8b%d0%b9-%d0%ba%d0%b0%d0%bc%d0%b5%d0%bd%d1%8c-onyx\/#primaryimage","url":"https:\/\/www.gresie.md\/wp-content\/uploads\/2025\/05\/024-008-\u041d\u0430\u0442\u0443\u0440\u0430\u043b\u044c\u043d\u044b\u0439-\u043c\u0440\u0430\u043c\u043e\u0440-e1774739359549.jpg","contentUrl":"https:\/\/www.gresie.md\/wp-content\/uploads\/2025\/05\/024-008-\u041d\u0430\u0442\u0443\u0440\u0430\u043b\u044c\u043d\u044b\u0439-\u043c\u0440\u0430\u043c\u043e\u0440-e1774739359549.jpg","width":850,"height":1692,"caption":"Onix"},{"@type":"BreadcrumbList","@id":"https:\/\/www.gresie.md\/product\/%d0%bd%d0%b0%d1%82%d1%83%d1%80%d0%b0%d0%bb%d1%8c%d0%bd%d1%8b%d0%b9-%d0%ba%d0%b0%d0%bc%d0%b5%d0%bd%d1%8c-onyx\/#breadcrumb","itemListElement":[{"@type":"ListItem","position":1,"name":"\u0413\u043b\u0430\u0432\u043d\u0430\u044f \u0441\u0442\u0440\u0430\u043d\u0438\u0446\u0430","item":"https:\/\/www.gresie.md\/"},{"@type":"ListItem","position":2,"name":"\u041a\u0430\u0442\u0430\u043b\u043e\u0433","item":"https:\/\/www.gresie.md\/shop\/"},{"@type":"ListItem","position":3,"name":"Onyx"}]},{"@type":"WebSite","@id":"https:\/\/www.gresie.md\/#website","url":"https:\/\/www.gresie.md\/","name":"Gresie.md","description":"gresie, teracota,tavane metalice, spc, linileum, parchet, mochet\u0103, plitca, ardoseli medicale, fa\u021bade ventilate, terase, pardoseli flotante","publisher":{"@id":"https:\/\/www.gresie.md\/#organization"},"alternateName":"Showroom de finisaje pentru pardoseli, tavane \u0219i fa\u021bade ventilate. Descoper\u0103 solu\u021bii moderne \u0219i durabile pentru proiectele tale.","potentialAction":[{"@type":"SearchAction","target":{"@type":"EntryPoint","urlTemplate":"https:\/\/www.gresie.md\/?s={search_term_string}"},"query-input":{"@type":"PropertyValueSpecification","valueRequired":true,"valueName":"search_term_string"}}],"inLanguage":"ro-RO"},{"@type":"Organization","@id":"https:\/\/www.gresie.md\/#organization","name":"Gresie md \u0418\u0442\u0430\u043b\u044c\u044f\u043d\u0441\u043a\u0430\u044f \u043f\u043b\u0438\u0442\u043a\u0430","url":"https:\/\/www.gresie.md\/","logo":{"@type":"ImageObject","inLanguage":"ro-RO","@id":"https:\/\/www.gresie.md\/#\/schema\/logo\/image\/","url":"https:\/\/www.gresie.md\/wp-content\/uploads\/2025\/05\/logo_black-e1756978505443.png","contentUrl":"https:\/\/www.gresie.md\/wp-content\/uploads\/2025\/05\/logo_black-e1756978505443.png","width":200,"height":85,"caption":"Gresie md \u0418\u0442\u0430\u043b\u044c\u044f\u043d\u0441\u043a\u0430\u044f \u043f\u043b\u0438\u0442\u043a\u0430"},"image":{"@id":"https:\/\/www.gresie.md\/#\/schema\/logo\/image\/"},"sameAs":["https:\/\/www.facebook.com\/share\/14Ngv7h72dv\/?mibextid=wwXIfr"]}]}},"uagb_featured_image_src":{"full":["https:\/\/www.gresie.md\/wp-content\/uploads\/2025\/05\/024-008-\u041d\u0430\u0442\u0443\u0440\u0430\u043b\u044c\u043d\u044b\u0439-\u043c\u0440\u0430\u043c\u043e\u0440-e1774739359549.jpg",850,1692,false],"thumbnail":["https:\/\/www.gresie.md\/wp-content\/uploads\/2025\/05\/024-008-\u041d\u0430\u0442\u0443\u0440\u0430\u043b\u044c\u043d\u044b\u0439-\u043c\u0440\u0430\u043c\u043e\u0440-e1774739359549-150x150.jpg",150,150,true],"medium":["https:\/\/www.gresie.md\/wp-content\/uploads\/2025\/05\/024-008-\u041d\u0430\u0442\u0443\u0440\u0430\u043b\u044c\u043d\u044b\u0439-\u043c\u0440\u0430\u043c\u043e\u0440-e1774739359549-151x300.jpg",151,300,true],"medium_large":["https:\/\/www.gresie.md\/wp-content\/uploads\/2025\/05\/024-008-\u041d\u0430\u0442\u0443\u0440\u0430\u043b\u044c\u043d\u044b\u0439-\u043c\u0440\u0430\u043c\u043e\u0440-e1774739359549-768x1529.jpg",768,1529,true],"large":["https:\/\/www.gresie.md\/wp-content\/uploads\/2025\/05\/024-008-\u041d\u0430\u0442\u0443\u0440\u0430\u043b\u044c\u043d\u044b\u0439-\u043c\u0440\u0430\u043c\u043e\u0440-e1774739359549-514x1024.jpg",514,1024,true],"1536x1536":["https:\/\/www.gresie.md\/wp-content\/uploads\/2025\/05\/024-008-\u041d\u0430\u0442\u0443\u0440\u0430\u043b\u044c\u043d\u044b\u0439-\u043c\u0440\u0430\u043c\u043e\u0440-e1774739359549-772x1536.jpg",772,1536,true],"2048x2048":["https:\/\/www.gresie.md\/wp-content\/uploads\/2025\/05\/024-008-\u041d\u0430\u0442\u0443\u0440\u0430\u043b\u044c\u043d\u044b\u0439-\u043c\u0440\u0430\u043c\u043e\u0440-e1774739359549.jpg",850,1692,false],"trp-custom-language-flag":["https:\/\/www.gresie.md\/wp-content\/uploads\/2025\/05\/024-008-\u041d\u0430\u0442\u0443\u0440\u0430\u043b\u044c\u043d\u044b\u0439-\u043c\u0440\u0430\u043c\u043e\u0440-e1774739359549-6x12.jpg",6,12,true],"emoza-extra-large":["https:\/\/www.gresie.md\/wp-content\/uploads\/2025\/05\/024-008-\u041d\u0430\u0442\u0443\u0440\u0430\u043b\u044c\u043d\u044b\u0439-\u043c\u0440\u0430\u043c\u043e\u0440-1140x573.jpg",1140,573,true],"emoza-large":["https:\/\/www.gresie.md\/wp-content\/uploads\/2025\/05\/024-008-\u041d\u0430\u0442\u0443\u0440\u0430\u043b\u044c\u043d\u044b\u0439-\u043c\u0440\u0430\u043c\u043e\u0440-920x462.jpg",920,462,true],"emoza-big":["https:\/\/www.gresie.md\/wp-content\/uploads\/2025\/05\/024-008-\u041d\u0430\u0442\u0443\u0440\u0430\u043b\u044c\u043d\u044b\u0439-\u043c\u0440\u0430\u043c\u043e\u0440-e1774739359549-575x1145.jpg",575,1145,true],"emoza-medium":["https:\/\/www.gresie.md\/wp-content\/uploads\/2025\/05\/024-008-\u041d\u0430\u0442\u0443\u0440\u0430\u043b\u044c\u043d\u044b\u0439-\u043c\u0440\u0430\u043c\u043e\u0440-e1774739359549-380x756.jpg",380,756,true],"woocommerce_thumbnail":["https:\/\/www.gresie.md\/wp-content\/uploads\/2025\/05\/024-008-\u041d\u0430\u0442\u0443\u0440\u0430\u043b\u044c\u043d\u044b\u0439-\u043c\u0440\u0430\u043c\u043e\u0440-e1774739359549-420x420.jpg",420,420,true],"woocommerce_single":["https:\/\/www.gresie.md\/wp-content\/uploads\/2025\/05\/024-008-\u041d\u0430\u0442\u0443\u0440\u0430\u043b\u044c\u043d\u044b\u0439-\u043c\u0440\u0430\u043c\u043e\u0440-e1774739359549-800x1592.jpg",800,1592,true],"woocommerce_gallery_thumbnail":["https:\/\/www.gresie.md\/wp-content\/uploads\/2025\/05\/024-008-\u041d\u0430\u0442\u0443\u0440\u0430\u043b\u044c\u043d\u044b\u0439-\u043c\u0440\u0430\u043c\u043e\u0440-e1774739359549-100x100.jpg",100,100,true],"variation_swatches_image_size":["https:\/\/www.gresie.md\/wp-content\/uploads\/2025\/05\/024-008-\u041d\u0430\u0442\u0443\u0440\u0430\u043b\u044c\u043d\u044b\u0439-\u043c\u0440\u0430\u043c\u043e\u0440-e1774739359549-50x50.jpg",50,50,true],"variation_swatches_tooltip_size":["https:\/\/www.gresie.md\/wp-content\/uploads\/2025\/05\/024-008-\u041d\u0430\u0442\u0443\u0440\u0430\u043b\u044c\u043d\u044b\u0439-\u043c\u0440\u0430\u043c\u043e\u0440-e1774739359549-100x100.jpg",100,100,true]},"uagb_author_info":{"display_name":"Alex Cuiumju","author_link":"https:\/\/www.gresie.md\/ro\/author\/"},"uagb_comment_info":0,"uagb_excerpt":"\u041d\u0430\u0442\u0443\u0440\u0430\u043b\u044c\u043d\u044b\u0439 \u043a\u0430\u043c\u0435\u043d\u044c \u2014 \u0441\u0438\u043b\u0430 \u043f\u0440\u0438\u0440\u043e\u0434\u044b \u0432 \u0438\u043d\u0442\u0435\u0440\u044c\u0435\u0440\u0435 \u041d\u0430\u0442\u0443\u0440\u0430\u043b\u044c\u043d\u044b\u0439 \u043a\u0430\u043c\u0435\u043d\u044c \u2014 \u044d\u0442\u043e \u0443\u043d\u0438\u043a\u0430\u043b\u044c\u043d\u044b\u0439 \u043f\u0440\u0438\u0440\u043e\u0434\u043d\u044b\u0439 \u043c\u0430\u0442\u0435\u0440\u0438\u0430\u043b, \u043a\u043e\u0442\u043e\u0440\u044b\u0439 \u0441\u043e\u0447\u0435\u0442\u0430\u0435\u0442 \u0432 \u0441\u0435\u0431\u0435 \u043f\u0440\u043e\u0447\u043d\u043e\u0441\u0442\u044c, \u0434\u043e\u043b\u0433\u043e\u0432\u0435\u0447\u043d\u043e\u0441\u0442\u044c [&hellip;]","_links":{"self":[{"href":"https:\/\/www.gresie.md\/ro\/wp-json\/wp\/v2\/product\/283","targetHints":{"allow":["GET"]}}],"collection":[{"href":"https:\/\/www.gresie.md\/ro\/wp-json\/wp\/v2\/product"}],"about":[{"href":"https:\/\/www.gresie.md\/ro\/wp-json\/wp\/v2\/types\/product"}],"wp:featuredmedia":[{"embeddable":true,"href":"https:\/\/www.gresie.md\/ro\/wp-json\/wp\/v2\/media\/284"}],"wp:attachment":[{"href":"https:\/\/www.gresie.md\/ro\/wp-json\/wp\/v2\/media?parent=283"}],"wp:term":[{"taxonomy":"product_brand","embeddable":true,"href":"https:\/\/www.gresie.md\/ro\/wp-json\/wp\/v2\/product_brand?post=283"},{"taxonomy":"product_cat","embeddable":true,"href":"https:\/\/www.gresie.md\/ro\/wp-json\/wp\/v2\/product_cat?post=283"},{"taxonomy":"product_tag","embeddable":true,"href":"https:\/\/www.gresie.md\/ro\/wp-json\/wp\/v2\/product_tag?post=283"}],"curies":[{"name":"wp","href":"https:\/\/api.w.org\/{rel}","templated":true}]}}