{"id":2956,"date":"2025-05-28T13:04:32","date_gmt":"2025-05-28T10:04:32","guid":{"rendered":"https:\/\/www.gresie.md\/?post_type=product&#038;p=2956"},"modified":"2026-03-31T16:03:19","modified_gmt":"2026-03-31T13:03:19","slug":"%d0%ba%d0%be%d0%bb%d0%bb%d0%b5%d0%ba%d1%86%d0%b8%d1%8f-zenith-see","status":"publish","type":"product","link":"https:\/\/www.gresie.md\/ro\/produs\/%d0%ba%d0%be%d0%bb%d0%bb%d0%b5%d0%ba%d1%86%d0%b8%d1%8f-zenith-see\/","title":{"rendered":"Colectia Zenith SEE"},"content":{"rendered":"<p><strong>Zenith<\/strong> - este o pardoseal\u0103 din covor PVC omogen de \u00eenalt\u0103 calitate, care combin\u0103 \u00een mod ideal cele mai noi inova\u021bii \u00een design \u0219i calitate. \"Cipsurile\" transparente, perlate confer\u0103 pardoselii din covor PVC omogen o profunzime special\u0103, \u00een timp ce gama de culori accentueaz\u0103 \u00een mod pl\u0103cut structura nobil\u0103 a pardoselii.<\/p>\n<div class=\"su-row\"><div class=\"su-column su-column-size-1-2\"><div class=\"su-column-inner su-u-clearfix su-u-trim\">\n<p>&nbsp;<\/p>\n<div class=\"information__characteristics__key-features__title\" data-v-c8e641ae=\"\"><strong>Caracteristici principale<\/strong><\/div>\n<div class=\"information__characteristics__key-features__list\" data-v-c8e641ae=\"\">\n<p>Rezisten\u021b\u0103 ridicat\u0103 la uzur\u0103: categoria de aplica\u021bie (EN ISO 10874) - 34\/43<\/p>\n<p>Standard \u00eempotriva incendiilor (FZ-123) - KM2<\/p>\n<p>Posibilitatea revenirii la starea ini\u021bial\u0103<\/p>\n<\/div>\n<\/div><\/div> <div class=\"su-column su-column-size-1-2\"><div class=\"su-column-inner su-u-clearfix su-u-trim\">\n<p>&nbsp;<\/p>\n<div class=\"information__characteristics__specification__title\" data-v-c8e641ae=\"\"><strong>Specifica\u021bii tehnice \u0219i de mediu<\/strong><\/div>\n<div class=\"information__characteristics__specification__list\" data-v-c8e641ae=\"\">\n<ul>\n<li class=\"information__characteristics__specification__list__item\"><span class=\"information__characteristics__specification__list__item__label\" data-v-c8e641ae=\"\">Tipul produsului ISO:\u00a0<\/span><span class=\"information__characteristics__specification__list__item__values\" data-v-c8e641ae=\"\">Pardoseal\u0103 din clorur\u0103 de (poli)vinil omogen (ISO 10581)<\/span><\/li>\n<li class=\"information__characteristics__specification__list__item\"><span class=\"information__characteristics__specification__list__item__label\" data-v-c8e641ae=\"\">Clasificare comercial\u0103:\u00a0<\/span><span class=\"information__characteristics__specification__list__item__values\" data-v-c8e641ae=\"\">34 Very Heavy<\/span><\/li>\n<li class=\"information__characteristics__specification__list__item\"><span class=\"information__characteristics__specification__list__item__label\" data-v-c8e641ae=\"\">Clasificare industrial\u0103:\u00a0<\/span><span class=\"information__characteristics__specification__list__item__values\" data-v-c8e641ae=\"\">43 Intens<\/span><\/li>\n<li class=\"information__characteristics__specification__list__item\"><span class=\"information__characteristics__specification__list__item__label\" data-v-c8e641ae=\"\">Tratament pentru suprafa\u021b\u0103:\u00a0<\/span><span class=\"information__characteristics__specification__list__item__values\" data-v-c8e641ae=\"\">iQ PUR<\/span><\/li>\n<li class=\"information__characteristics__specification__list__item\"><span class=\"information__characteristics__specification__list__item__label\" data-v-c8e641ae=\"\">Grosime total\u0103:\u00a0<\/span><span class=\"information__characteristics__specification__list__item__values\" data-v-c8e641ae=\"\">2 mm<\/span><\/li>\n<\/ul>\n<\/div>\n<\/div><\/div><\/div>","protected":false},"excerpt":{"rendered":"<p>Zenith \u2014 \u044d\u0442\u043e \u0432\u044b\u0441\u043e\u043a\u043e\u043a\u0430\u0447\u0435\u0441\u0442\u0432\u0435\u043d\u043d\u043e\u0435 \u043e\u0434\u043d\u043e\u0440\u043e\u0434\u043d\u043e\u0435 \u043d\u0430\u043f\u043e\u043b\u044c\u043d\u043e\u0435 \u043f\u043e\u043a\u0440\u044b\u0442\u0438\u0435 \u0438\u0437 \u041f\u0412\u0425, \u043a\u043e\u0442\u043e\u0440\u043e\u0435 \u0438\u0434\u0435\u0430\u043b\u044c\u043d\u043e \u0441\u043e\u0447\u0435\u0442\u0430\u0435\u0442 \u0432 \u0441\u0435\u0431\u0435 \u043f\u043e\u0441\u043b\u0435\u0434\u043d\u0438\u0435 \u0438\u043d\u043d\u043e\u0432\u0430\u0446\u0438\u0438 \u0432 \u0434\u0438\u0437\u0430\u0439\u043d\u0435 \u0438 \u043a\u0430\u0447\u0435\u0441\u0442\u0432\u0435. [&hellip;]<\/p>","protected":false},"featured_media":2964,"template":"","meta":{"_uag_custom_page_level_css":""},"product_brand":[200],"product_cat":[75,81],"product_tag":[],"class_list":{"0":"post-2956","1":"product","2":"type-product","3":"status-publish","4":"has-post-thumbnail","6":"product_brand-tarkett","7":"product_cat-gomogennii-linoleum","8":"product_cat-gomogennii-linoleum-meditinscie-poli","10":"first","11":"outofstock","12":"shipping-taxable","13":"purchasable","14":"product-type-variable"},"yoast_head":"<!-- This site is optimized with the Yoast SEO plugin v25.8 - https:\/\/yoast.com\/wordpress\/plugins\/seo\/ -->\n<title>Linoleum Omogen Chi\u0219in\u0103u \u2014 Pre\u021b Avantajos | Gresie.md<\/title>\n<meta name=\"description\" content=\"Linoleum omogen pentru spitale, \u0219coli \u0219i spa\u021bii comerciale. Livrare rapid\u0103 \u00een Moldova, pre\u021buri avantajoase \u0219i consultan\u021b\u0103 profesional\u0103.\" \/>\n<meta name=\"robots\" content=\"index, follow, max-snippet:-1, max-image-preview:large, max-video-preview:-1\" \/>\n<link rel=\"canonical\" href=\"https:\/\/www.gresie.md\/ro\/produs\/\u043a\u043e\u043b\u043b\u0435\u043a\u0446\u0438\u044f-zenith-see\/\" \/>\n<meta property=\"og:locale\" content=\"ro_RO\" \/>\n<meta property=\"og:type\" content=\"article\" \/>\n<meta property=\"og:title\" content=\"Linoleum Omogen Chi\u0219in\u0103u \u2014 Pre\u021b Avantajos | Gresie.md\" \/>\n<meta property=\"og:description\" content=\"Linoleum omogen pentru spitale, \u0219coli \u0219i spa\u021bii comerciale. Livrare rapid\u0103 \u00een Moldova, pre\u021buri avantajoase \u0219i consultan\u021b\u0103 profesional\u0103.\" \/>\n<meta property=\"og:url\" content=\"https:\/\/www.gresie.md\/ro\/produs\/\u043a\u043e\u043b\u043b\u0435\u043a\u0446\u0438\u044f-zenith-see\/\" \/>\n<meta property=\"og:site_name\" content=\"Gresie.md\" \/>\n<meta property=\"article:publisher\" content=\"https:\/\/www.facebook.com\/share\/14Ngv7h72dv\/?mibextid=wwXIfr\" \/>\n<meta property=\"article:modified_time\" content=\"2026-03-31T13:03:19+00:00\" \/>\n<meta property=\"og:image\" content=\"https:\/\/www.gresie.md\/wp-content\/uploads\/2025\/05\/TH_iQ_Zenith_710_01.jpg\" \/>\n\t<meta property=\"og:image:width\" content=\"1920\" \/>\n\t<meta property=\"og:image:height\" content=\"1920\" \/>\n\t<meta property=\"og:image:type\" content=\"image\/jpeg\" \/>\n<meta name=\"twitter:card\" content=\"summary_large_image\" \/>\n<meta name=\"twitter:label1\" content=\"Timp estimat pentru citire\" \/>\n\t<meta name=\"twitter:data1\" content=\"1 minut\" \/>\n<script type=\"application\/ld+json\" class=\"yoast-schema-graph\">{\"@context\":\"https:\/\/schema.org\",\"@graph\":[{\"@type\":\"WebPage\",\"@id\":\"https:\/\/www.gresie.md\/product\/%d0%ba%d0%be%d0%bb%d0%bb%d0%b5%d0%ba%d1%86%d0%b8%d1%8f-zenith-see\/\",\"url\":\"https:\/\/www.gresie.md\/product\/%d0%ba%d0%be%d0%bb%d0%bb%d0%b5%d0%ba%d1%86%d0%b8%d1%8f-zenith-see\/\",\"name\":\"Linoleum Omogen Chi\u0219in\u0103u \u2014 Pre\u021b Avantajos | Gresie.md\",\"isPartOf\":{\"@id\":\"https:\/\/www.gresie.md\/#website\"},\"primaryImageOfPage\":{\"@id\":\"https:\/\/www.gresie.md\/product\/%d0%ba%d0%be%d0%bb%d0%bb%d0%b5%d0%ba%d1%86%d0%b8%d1%8f-zenith-see\/#primaryimage\"},\"image\":{\"@id\":\"https:\/\/www.gresie.md\/product\/%d0%ba%d0%be%d0%bb%d0%bb%d0%b5%d0%ba%d1%86%d0%b8%d1%8f-zenith-see\/#primaryimage\"},\"thumbnailUrl\":\"https:\/\/www.gresie.md\/wp-content\/uploads\/2025\/05\/TH_iQ_Zenith_710_01.jpg\",\"datePublished\":\"2025-05-28T10:04:32+00:00\",\"dateModified\":\"2026-03-31T13:03:19+00:00\",\"description\":\"Linoleum omogen pentru spitale, \u0219coli \u0219i spa\u021bii comerciale. Livrare rapid\u0103 \u00een Moldova, pre\u021buri avantajoase \u0219i consultan\u021b\u0103 profesional\u0103.\",\"breadcrumb\":{\"@id\":\"https:\/\/www.gresie.md\/product\/%d0%ba%d0%be%d0%bb%d0%bb%d0%b5%d0%ba%d1%86%d0%b8%d1%8f-zenith-see\/#breadcrumb\"},\"inLanguage\":\"ro-RO\",\"potentialAction\":[{\"@type\":\"ReadAction\",\"target\":[\"https:\/\/www.gresie.md\/product\/%d0%ba%d0%be%d0%bb%d0%bb%d0%b5%d0%ba%d1%86%d0%b8%d1%8f-zenith-see\/\"]}]},{\"@type\":\"ImageObject\",\"inLanguage\":\"ro-RO\",\"@id\":\"https:\/\/www.gresie.md\/product\/%d0%ba%d0%be%d0%bb%d0%bb%d0%b5%d0%ba%d1%86%d0%b8%d1%8f-zenith-see\/#primaryimage\",\"url\":\"https:\/\/www.gresie.md\/wp-content\/uploads\/2025\/05\/TH_iQ_Zenith_710_01.jpg\",\"contentUrl\":\"https:\/\/www.gresie.md\/wp-content\/uploads\/2025\/05\/TH_iQ_Zenith_710_01.jpg\",\"width\":1920,\"height\":1920,\"caption\":\"710\"},{\"@type\":\"BreadcrumbList\",\"@id\":\"https:\/\/www.gresie.md\/product\/%d0%ba%d0%be%d0%bb%d0%bb%d0%b5%d0%ba%d1%86%d0%b8%d1%8f-zenith-see\/#breadcrumb\",\"itemListElement\":[{\"@type\":\"ListItem\",\"position\":1,\"name\":\"\u0413\u043b\u0430\u0432\u043d\u0430\u044f \u0441\u0442\u0440\u0430\u043d\u0438\u0446\u0430\",\"item\":\"https:\/\/www.gresie.md\/\"},{\"@type\":\"ListItem\",\"position\":2,\"name\":\"\u041a\u0430\u0442\u0430\u043b\u043e\u0433\",\"item\":\"https:\/\/www.gresie.md\/shop\/\"},{\"@type\":\"ListItem\",\"position\":3,\"name\":\"\u041a\u043e\u043b\u043b\u0435\u043a\u0446\u0438\u044f Zenith SEE\"}]},{\"@type\":\"WebSite\",\"@id\":\"https:\/\/www.gresie.md\/#website\",\"url\":\"https:\/\/www.gresie.md\/\",\"name\":\"Gresie.md\",\"description\":\"gresie, teracota,tavane metalice, spc, linileum, parchet, mochet\u0103, plitca, ardoseli medicale, fa\u021bade ventilate, terase, pardoseli flotante\",\"publisher\":{\"@id\":\"https:\/\/www.gresie.md\/#organization\"},\"alternateName\":\"Showroom de finisaje pentru pardoseli, tavane \u0219i fa\u021bade ventilate. Descoper\u0103 solu\u021bii moderne \u0219i durabile pentru proiectele tale.\",\"potentialAction\":[{\"@type\":\"SearchAction\",\"target\":{\"@type\":\"EntryPoint\",\"urlTemplate\":\"https:\/\/www.gresie.md\/?s={search_term_string}\"},\"query-input\":{\"@type\":\"PropertyValueSpecification\",\"valueRequired\":true,\"valueName\":\"search_term_string\"}}],\"inLanguage\":\"ro-RO\"},{\"@type\":\"Organization\",\"@id\":\"https:\/\/www.gresie.md\/#organization\",\"name\":\"Gresie md \u0418\u0442\u0430\u043b\u044c\u044f\u043d\u0441\u043a\u0430\u044f \u043f\u043b\u0438\u0442\u043a\u0430\",\"url\":\"https:\/\/www.gresie.md\/\",\"logo\":{\"@type\":\"ImageObject\",\"inLanguage\":\"ro-RO\",\"@id\":\"https:\/\/www.gresie.md\/#\/schema\/logo\/image\/\",\"url\":\"https:\/\/www.gresie.md\/wp-content\/uploads\/2025\/05\/logo_black-e1756978505443.png\",\"contentUrl\":\"https:\/\/www.gresie.md\/wp-content\/uploads\/2025\/05\/logo_black-e1756978505443.png\",\"width\":200,\"height\":85,\"caption\":\"Gresie md \u0418\u0442\u0430\u043b\u044c\u044f\u043d\u0441\u043a\u0430\u044f \u043f\u043b\u0438\u0442\u043a\u0430\"},\"image\":{\"@id\":\"https:\/\/www.gresie.md\/#\/schema\/logo\/image\/\"},\"sameAs\":[\"https:\/\/www.facebook.com\/share\/14Ngv7h72dv\/?mibextid=wwXIfr\"]}]}<\/script>\n<!-- \/ Yoast SEO plugin. -->","yoast_head_json":{"title":"Linoleum Omogen Chi\u0219in\u0103u \u2014 Pre\u021b Avantajos | Gresie.md","description":"Linoleum omogen pentru spitale, \u0219coli \u0219i spa\u021bii comerciale. Livrare rapid\u0103 \u00een Moldova, pre\u021buri avantajoase \u0219i consultan\u021b\u0103 profesional\u0103.","robots":{"index":"index","follow":"follow","max-snippet":"max-snippet:-1","max-image-preview":"max-image-preview:large","max-video-preview":"max-video-preview:-1"},"canonical":"https:\/\/www.gresie.md\/ro\/produs\/\u043a\u043e\u043b\u043b\u0435\u043a\u0446\u0438\u044f-zenith-see\/","og_locale":"ro_RO","og_type":"article","og_title":"Linoleum Omogen Chi\u0219in\u0103u \u2014 Pre\u021b Avantajos | Gresie.md","og_description":"Linoleum omogen pentru spitale, \u0219coli \u0219i spa\u021bii comerciale. Livrare rapid\u0103 \u00een Moldova, pre\u021buri avantajoase \u0219i consultan\u021b\u0103 profesional\u0103.","og_url":"https:\/\/www.gresie.md\/ro\/produs\/\u043a\u043e\u043b\u043b\u0435\u043a\u0446\u0438\u044f-zenith-see\/","og_site_name":"Gresie.md","article_publisher":"https:\/\/www.facebook.com\/share\/14Ngv7h72dv\/?mibextid=wwXIfr","article_modified_time":"2026-03-31T13:03:19+00:00","og_image":[{"width":1920,"height":1920,"url":"https:\/\/www.gresie.md\/wp-content\/uploads\/2025\/05\/TH_iQ_Zenith_710_01.jpg","type":"image\/jpeg"}],"twitter_card":"summary_large_image","twitter_misc":{"Timp estimat pentru citire":"1 minut"},"schema":{"@context":"https:\/\/schema.org","@graph":[{"@type":"WebPage","@id":"https:\/\/www.gresie.md\/product\/%d0%ba%d0%be%d0%bb%d0%bb%d0%b5%d0%ba%d1%86%d0%b8%d1%8f-zenith-see\/","url":"https:\/\/www.gresie.md\/product\/%d0%ba%d0%be%d0%bb%d0%bb%d0%b5%d0%ba%d1%86%d0%b8%d1%8f-zenith-see\/","name":"Linoleum Omogen Chi\u0219in\u0103u \u2014 Pre\u021b Avantajos | Gresie.md","isPartOf":{"@id":"https:\/\/www.gresie.md\/#website"},"primaryImageOfPage":{"@id":"https:\/\/www.gresie.md\/product\/%d0%ba%d0%be%d0%bb%d0%bb%d0%b5%d0%ba%d1%86%d0%b8%d1%8f-zenith-see\/#primaryimage"},"image":{"@id":"https:\/\/www.gresie.md\/product\/%d0%ba%d0%be%d0%bb%d0%bb%d0%b5%d0%ba%d1%86%d0%b8%d1%8f-zenith-see\/#primaryimage"},"thumbnailUrl":"https:\/\/www.gresie.md\/wp-content\/uploads\/2025\/05\/TH_iQ_Zenith_710_01.jpg","datePublished":"2025-05-28T10:04:32+00:00","dateModified":"2026-03-31T13:03:19+00:00","description":"Linoleum omogen pentru spitale, \u0219coli \u0219i spa\u021bii comerciale. Livrare rapid\u0103 \u00een Moldova, pre\u021buri avantajoase \u0219i consultan\u021b\u0103 profesional\u0103.","breadcrumb":{"@id":"https:\/\/www.gresie.md\/product\/%d0%ba%d0%be%d0%bb%d0%bb%d0%b5%d0%ba%d1%86%d0%b8%d1%8f-zenith-see\/#breadcrumb"},"inLanguage":"ro-RO","potentialAction":[{"@type":"ReadAction","target":["https:\/\/www.gresie.md\/product\/%d0%ba%d0%be%d0%bb%d0%bb%d0%b5%d0%ba%d1%86%d0%b8%d1%8f-zenith-see\/"]}]},{"@type":"ImageObject","inLanguage":"ro-RO","@id":"https:\/\/www.gresie.md\/product\/%d0%ba%d0%be%d0%bb%d0%bb%d0%b5%d0%ba%d1%86%d0%b8%d1%8f-zenith-see\/#primaryimage","url":"https:\/\/www.gresie.md\/wp-content\/uploads\/2025\/05\/TH_iQ_Zenith_710_01.jpg","contentUrl":"https:\/\/www.gresie.md\/wp-content\/uploads\/2025\/05\/TH_iQ_Zenith_710_01.jpg","width":1920,"height":1920,"caption":"710"},{"@type":"BreadcrumbList","@id":"https:\/\/www.gresie.md\/product\/%d0%ba%d0%be%d0%bb%d0%bb%d0%b5%d0%ba%d1%86%d0%b8%d1%8f-zenith-see\/#breadcrumb","itemListElement":[{"@type":"ListItem","position":1,"name":"\u0413\u043b\u0430\u0432\u043d\u0430\u044f \u0441\u0442\u0440\u0430\u043d\u0438\u0446\u0430","item":"https:\/\/www.gresie.md\/"},{"@type":"ListItem","position":2,"name":"\u041a\u0430\u0442\u0430\u043b\u043e\u0433","item":"https:\/\/www.gresie.md\/shop\/"},{"@type":"ListItem","position":3,"name":"\u041a\u043e\u043b\u043b\u0435\u043a\u0446\u0438\u044f Zenith SEE"}]},{"@type":"WebSite","@id":"https:\/\/www.gresie.md\/#website","url":"https:\/\/www.gresie.md\/","name":"Gresie.md","description":"gresie, teracota,tavane metalice, spc, linileum, parchet, mochet\u0103, plitca, ardoseli medicale, fa\u021bade ventilate, terase, pardoseli flotante","publisher":{"@id":"https:\/\/www.gresie.md\/#organization"},"alternateName":"Showroom de finisaje pentru pardoseli, tavane \u0219i fa\u021bade ventilate. Descoper\u0103 solu\u021bii moderne \u0219i durabile pentru proiectele tale.","potentialAction":[{"@type":"SearchAction","target":{"@type":"EntryPoint","urlTemplate":"https:\/\/www.gresie.md\/?s={search_term_string}"},"query-input":{"@type":"PropertyValueSpecification","valueRequired":true,"valueName":"search_term_string"}}],"inLanguage":"ro-RO"},{"@type":"Organization","@id":"https:\/\/www.gresie.md\/#organization","name":"Gresie md \u0418\u0442\u0430\u043b\u044c\u044f\u043d\u0441\u043a\u0430\u044f \u043f\u043b\u0438\u0442\u043a\u0430","url":"https:\/\/www.gresie.md\/","logo":{"@type":"ImageObject","inLanguage":"ro-RO","@id":"https:\/\/www.gresie.md\/#\/schema\/logo\/image\/","url":"https:\/\/www.gresie.md\/wp-content\/uploads\/2025\/05\/logo_black-e1756978505443.png","contentUrl":"https:\/\/www.gresie.md\/wp-content\/uploads\/2025\/05\/logo_black-e1756978505443.png","width":200,"height":85,"caption":"Gresie md \u0418\u0442\u0430\u043b\u044c\u044f\u043d\u0441\u043a\u0430\u044f \u043f\u043b\u0438\u0442\u043a\u0430"},"image":{"@id":"https:\/\/www.gresie.md\/#\/schema\/logo\/image\/"},"sameAs":["https:\/\/www.facebook.com\/share\/14Ngv7h72dv\/?mibextid=wwXIfr"]}]}},"uagb_featured_image_src":{"full":["https:\/\/www.gresie.md\/wp-content\/uploads\/2025\/05\/TH_iQ_Zenith_710_01.jpg",1920,1920,false],"thumbnail":["https:\/\/www.gresie.md\/wp-content\/uploads\/2025\/05\/TH_iQ_Zenith_710_01-150x150.jpg",150,150,true],"medium":["https:\/\/www.gresie.md\/wp-content\/uploads\/2025\/05\/TH_iQ_Zenith_710_01-300x300.jpg",300,300,true],"medium_large":["https:\/\/www.gresie.md\/wp-content\/uploads\/2025\/05\/TH_iQ_Zenith_710_01-768x768.jpg",768,768,true],"large":["https:\/\/www.gresie.md\/wp-content\/uploads\/2025\/05\/TH_iQ_Zenith_710_01-1024x1024.jpg",1024,1024,true],"1536x1536":["https:\/\/www.gresie.md\/wp-content\/uploads\/2025\/05\/TH_iQ_Zenith_710_01-1536x1536.jpg",1536,1536,true],"2048x2048":["https:\/\/www.gresie.md\/wp-content\/uploads\/2025\/05\/TH_iQ_Zenith_710_01.jpg",1920,1920,false],"trp-custom-language-flag":["https:\/\/www.gresie.md\/wp-content\/uploads\/2025\/05\/TH_iQ_Zenith_710_01-12x12.jpg",12,12,true],"emoza-extra-large":["https:\/\/www.gresie.md\/wp-content\/uploads\/2025\/05\/TH_iQ_Zenith_710_01-1140x1140.jpg",1140,1140,true],"emoza-large":["https:\/\/www.gresie.md\/wp-content\/uploads\/2025\/05\/TH_iQ_Zenith_710_01-920x920.jpg",920,920,true],"emoza-big":["https:\/\/www.gresie.md\/wp-content\/uploads\/2025\/05\/TH_iQ_Zenith_710_01-575x575.jpg",575,575,true],"emoza-medium":["https:\/\/www.gresie.md\/wp-content\/uploads\/2025\/05\/TH_iQ_Zenith_710_01-380x380.jpg",380,380,true],"woocommerce_thumbnail":["https:\/\/www.gresie.md\/wp-content\/uploads\/2025\/05\/TH_iQ_Zenith_710_01-420x420.jpg",420,420,true],"woocommerce_single":["https:\/\/www.gresie.md\/wp-content\/uploads\/2025\/05\/TH_iQ_Zenith_710_01-800x800.jpg",800,800,true],"woocommerce_gallery_thumbnail":["https:\/\/www.gresie.md\/wp-content\/uploads\/2025\/05\/TH_iQ_Zenith_710_01-100x100.jpg",100,100,true],"variation_swatches_image_size":["https:\/\/www.gresie.md\/wp-content\/uploads\/2025\/05\/TH_iQ_Zenith_710_01-50x50.jpg",50,50,true],"variation_swatches_tooltip_size":["https:\/\/www.gresie.md\/wp-content\/uploads\/2025\/05\/TH_iQ_Zenith_710_01-100x100.jpg",100,100,true]},"uagb_author_info":{"display_name":"valik","author_link":"https:\/\/www.gresie.md\/ro\/author\/"},"uagb_comment_info":0,"uagb_excerpt":"Zenith \u2014 \u044d\u0442\u043e \u0432\u044b\u0441\u043e\u043a\u043e\u043a\u0430\u0447\u0435\u0441\u0442\u0432\u0435\u043d\u043d\u043e\u0435 \u043e\u0434\u043d\u043e\u0440\u043e\u0434\u043d\u043e\u0435 \u043d\u0430\u043f\u043e\u043b\u044c\u043d\u043e\u0435 \u043f\u043e\u043a\u0440\u044b\u0442\u0438\u0435 \u0438\u0437 \u041f\u0412\u0425, \u043a\u043e\u0442\u043e\u0440\u043e\u0435 \u0438\u0434\u0435\u0430\u043b\u044c\u043d\u043e \u0441\u043e\u0447\u0435\u0442\u0430\u0435\u0442 \u0432 \u0441\u0435\u0431\u0435 \u043f\u043e\u0441\u043b\u0435\u0434\u043d\u0438\u0435 \u0438\u043d\u043d\u043e\u0432\u0430\u0446\u0438\u0438 \u0432 \u0434\u0438\u0437\u0430\u0439\u043d\u0435 \u0438 \u043a\u0430\u0447\u0435\u0441\u0442\u0432\u0435. [&hellip;]","_links":{"self":[{"href":"https:\/\/www.gresie.md\/ro\/wp-json\/wp\/v2\/product\/2956","targetHints":{"allow":["GET"]}}],"collection":[{"href":"https:\/\/www.gresie.md\/ro\/wp-json\/wp\/v2\/product"}],"about":[{"href":"https:\/\/www.gresie.md\/ro\/wp-json\/wp\/v2\/types\/product"}],"wp:featuredmedia":[{"embeddable":true,"href":"https:\/\/www.gresie.md\/ro\/wp-json\/wp\/v2\/media\/2964"}],"wp:attachment":[{"href":"https:\/\/www.gresie.md\/ro\/wp-json\/wp\/v2\/media?parent=2956"}],"wp:term":[{"taxonomy":"product_brand","embeddable":true,"href":"https:\/\/www.gresie.md\/ro\/wp-json\/wp\/v2\/product_brand?post=2956"},{"taxonomy":"product_cat","embeddable":true,"href":"https:\/\/www.gresie.md\/ro\/wp-json\/wp\/v2\/product_cat?post=2956"},{"taxonomy":"product_tag","embeddable":true,"href":"https:\/\/www.gresie.md\/ro\/wp-json\/wp\/v2\/product_tag?post=2956"}],"curies":[{"name":"wp","href":"https:\/\/api.w.org\/{rel}","templated":true}]}}