{"id":2994,"date":"2025-05-28T13:36:58","date_gmt":"2025-05-28T10:36:58","guid":{"rendered":"https:\/\/www.gresie.md\/?post_type=product&#038;p=2994"},"modified":"2026-04-15T15:20:26","modified_gmt":"2026-04-15T12:20:26","slug":"%d0%ba%d0%be%d0%bb%d0%bb%d0%b5%d0%ba%d1%86%d0%b8%d1%8f-stella","status":"publish","type":"product","link":"https:\/\/www.gresie.md\/ro\/produs\/%d0%ba%d0%be%d0%bb%d0%bb%d0%b5%d0%ba%d1%86%d0%b8%d1%8f-stella\/","title":{"rendered":"Colectia Stella"},"content":{"rendered":"<p>Ne bucur\u0103m s\u0103 anun\u021b\u0103m c\u0103 ne-am \u00eembog\u0103\u021bit portofoliul de pardoseli din vinil cu o colec\u021bie nou\u0103: Stella, o solu\u021bie economic\u0103 \u0219i accesibil\u0103, pentru spa\u021bii comerciale. Este o selec\u021bie de 10 modele uni, \u00een culori moderne, cu o grosime total\u0103 de 2 mm \u0219i un strat transparent de 0,7 mm. Produsul are suprafa\u021b\u0103 \u00een relief, iar rolele sunt livrate la dimensiuni de 2 m x 25 m (15 - 25 m).<\/p>\n<p>Pardoseala din vinil Stella este realizat\u0103 folosind noua tehnologie, cu plastifian\u021bi f\u0103r\u0103 ftala\u021bi. Plastifian\u021bii de acest tip sunt certificati pentru a intra in contact cu produse alimentare \u0219i pot fi folosi\u021bi la fabricarea juc\u0103riilor pentru sugari.<\/p>\n<p>La fel ca toate colec\u021biile Tarkett, produsele din gama Stella au un strat de protec\u021bie suplimentar, lacul \u201dExtreme protection\u201d, care previne infiltrarea murd\u0103riei \u00een profunzimea pardoselii, iar \u00eentre\u021binerea \u0219i cur\u0103\u021barea sunt astfel mult mai simple. De aceea, pardoseala va ar\u0103ta ca nou\u0103 mai mult timp<\/p>\n<div class=\"su-row\"><div class=\"su-column su-column-size-1-2\"><div class=\"su-column-inner su-u-clearfix su-u-trim\">\n<p>&nbsp;<\/p>\n<div class=\"information__characteristics__key-features__title\" data-v-c8e641ae=\"\"><strong>Caracteristici principale<\/strong><\/div>\n<div class=\"information__characteristics__key-features__list\" data-v-c8e641ae=\"\">\n<ul>\n<li>Pardoseal\u0103 pentru uz comercial<\/li>\n<li>Potrivit\u0103 zonelor cu trafic intens<\/li>\n<li>Tratamentul \u201dExtreme protection\u201d previne infiltrarea murd\u0103riei \u00een profunzimea materialului<\/li>\n<li>U\u0219or de instalat, de \u00eentre\u021binut \u0219i de cur\u0103\u021bat<\/li>\n<li>F\u0103r\u0103 ftala\u021bi<\/li>\n<\/ul>\n<\/div>\n<\/div><\/div> <div class=\"su-column su-column-size-1-2\"><div class=\"su-column-inner su-u-clearfix su-u-trim\">\n<p>&nbsp;<\/p>\n<div class=\"information__characteristics__specification__title\" data-v-c8e641ae=\"\"><strong>Specifica\u021bii tehnice \u0219i de mediu<\/strong><\/div>\n<div class=\"information__characteristics__specification__list\" data-v-c8e641ae=\"\">\n<ul>\n<li class=\"information__characteristics__specification__list__item\"><span class=\"information__characteristics__specification__list__item__label\" data-v-c8e641ae=\"\">Clasificare comercial\u0103:\u00a0<\/span><span class=\"information__characteristics__specification__list__item__values\" data-v-c8e641ae=\"\">34 Very Heavy<\/span><\/li>\n<li class=\"information__characteristics__specification__list__item\"><span class=\"information__characteristics__specification__list__item__label\" data-v-c8e641ae=\"\">Clasificare industrial\u0103:\u00a0<\/span><span class=\"information__characteristics__specification__list__item__values\" data-v-c8e641ae=\"\">43 Intens<\/span><\/li>\n<li class=\"information__characteristics__specification__list__item\"><span class=\"information__characteristics__specification__list__item__label\" data-v-c8e641ae=\"\">Tratament pentru suprafa\u021b\u0103:\u00a0<\/span><span class=\"information__characteristics__specification__list__item__values\" data-v-c8e641ae=\"\">X-treme<\/span><\/li>\n<li class=\"information__characteristics__specification__list__item\"><span class=\"information__characteristics__specification__list__item__label\" data-v-c8e641ae=\"\">Grosime total\u0103:\u00a0<\/span><span class=\"information__characteristics__specification__list__item__values\" data-v-c8e641ae=\"\">2 mm<\/span><\/li>\n<li class=\"information__characteristics__specification__list__item\"><span class=\"information__characteristics__specification__list__item__label\" data-v-c8e641ae=\"\">Grosimea stratului de uzur\u0103:\u00a0<\/span><span class=\"information__characteristics__specification__list__item__values\" data-v-c8e641ae=\"\">0,70 mm<\/span><\/li>\n<\/ul>\n<\/div>\n<\/div><\/div><\/div>","protected":false},"excerpt":{"rendered":"<p>\u041c\u044b \u0440\u0430\u0434\u044b \u0441\u043e\u043e\u0431\u0449\u0438\u0442\u044c, \u0447\u0442\u043e \u043f\u043e\u043f\u043e\u043b\u043d\u0438\u043b\u0438 \u043d\u0430\u0448 \u0430\u0441\u0441\u043e\u0440\u0442\u0438\u043c\u0435\u043d\u0442 \u0432\u0438\u043d\u0438\u043b\u043e\u0432\u044b\u0445 \u043d\u0430\u043f\u043e\u043b\u044c\u043d\u044b\u0445 \u043f\u043e\u043a\u0440\u044b\u0442\u0438\u0439 \u043d\u043e\u0432\u043e\u0439 \u043a\u043e\u043b\u043b\u0435\u043a\u0446\u0438\u0435\u0439: Stella \u2014 \u044d\u043a\u043e\u043d\u043e\u043c\u0438\u0447\u043d\u043e\u0435 \u0438 \u0434\u043e\u0441\u0442\u0443\u043f\u043d\u043e\u0435 \u0440\u0435\u0448\u0435\u043d\u0438\u0435 \u0434\u043b\u044f \u043a\u043e\u043c\u043c\u0435\u0440\u0447\u0435\u0441\u043a\u0438\u0445 [&hellip;]<\/p>","protected":false},"featured_media":3002,"template":"","meta":{"_uag_custom_page_level_css":""},"product_brand":[200],"product_cat":[76,82],"product_tag":[],"class_list":{"0":"post-2994","1":"product","2":"type-product","3":"status-publish","4":"has-post-thumbnail","6":"product_brand-tarkett","7":"product_cat-geterogennii-linoleum","8":"product_cat-geterogennii-linoleum-meditinscie-poli","10":"first","11":"outofstock","12":"shipping-taxable","13":"purchasable","14":"product-type-variable"},"yoast_head":"<!-- This site is optimized with the Yoast SEO plugin v25.8 - https:\/\/yoast.com\/wordpress\/plugins\/seo\/ -->\n<title>\u0413\u0435\u0442\u0435\u0440\u043e\u0433\u0435\u043d\u043d\u044b\u0439 \u043b\u0438\u043d\u043e\u043b\u0435\u0443\u043c \u0432 \u041a\u0438\u0448\u0438\u043d\u0451\u0432\u0435 - \u041f\u0440\u043e\u0434\u0430\u0436\u0430, \u041c\u043e\u043d\u0442\u0430\u0436 \u0438 \u0413\u0430\u0440\u0430\u043d\u0442\u0438\u044f<\/title>\n<meta name=\"description\" content=\"\u0413\u0435\u0442\u0435\u0440\u043e\u0433\u0435\u043d\u043d\u044b\u0439 \u043b\u0438\u043d\u043e\u043b\u0435\u0443\u043c \u0432 \u041a\u0438\u0448\u0438\u043d\u0451\u0432\u0435. \u041f\u0440\u0435\u043c\u0438\u0430\u043b\u044c\u043d\u044b\u0435 \u043f\u043e\u043a\u0440\u044b\u0442\u0438\u044f, \u043b\u0443\u0447\u0448\u0438\u0435 \u0446\u0435\u043d\u044b, \u043f\u043e\u043b\u043d\u044b\u0439 \u043a\u043e\u043c\u043f\u043b\u0435\u043a\u0441 \u0443\u0441\u043b\u0443\u0433: \u043f\u043e\u0434\u0431\u043e\u0440, \u0434\u043e\u0441\u0442\u0430\u0432\u043a\u0430, \u043c\u043e\u043d\u0442\u0430\u0436 \u0438 \u0433\u0430\u0440\u0430\u043d\u0442\u0438\u044f \u043f\u043e\u0434 \u043a\u043b\u044e\u0447 \u0432 Gresie.md\" \/>\n<meta name=\"robots\" content=\"index, follow, max-snippet:-1, max-image-preview:large, max-video-preview:-1\" \/>\n<link rel=\"canonical\" href=\"https:\/\/www.gresie.md\/ro\/produs\/\u043a\u043e\u043b\u043b\u0435\u043a\u0446\u0438\u044f-stella\/\" \/>\n<meta property=\"og:locale\" content=\"ro_RO\" \/>\n<meta property=\"og:type\" content=\"article\" \/>\n<meta property=\"og:title\" content=\"\u0413\u0435\u0442\u0435\u0440\u043e\u0433\u0435\u043d\u043d\u044b\u0439 \u043b\u0438\u043d\u043e\u043b\u0435\u0443\u043c \u0432 \u041a\u0438\u0448\u0438\u043d\u0451\u0432\u0435 - \u041f\u0440\u043e\u0434\u0430\u0436\u0430, \u041c\u043e\u043d\u0442\u0430\u0436 \u0438 \u0413\u0430\u0440\u0430\u043d\u0442\u0438\u044f\" \/>\n<meta property=\"og:description\" content=\"\u0413\u0435\u0442\u0435\u0440\u043e\u0433\u0435\u043d\u043d\u044b\u0439 \u043b\u0438\u043d\u043e\u043b\u0435\u0443\u043c \u0432 \u041a\u0438\u0448\u0438\u043d\u0451\u0432\u0435. \u041f\u0440\u0435\u043c\u0438\u0430\u043b\u044c\u043d\u044b\u0435 \u043f\u043e\u043a\u0440\u044b\u0442\u0438\u044f, \u043b\u0443\u0447\u0448\u0438\u0435 \u0446\u0435\u043d\u044b, \u043f\u043e\u043b\u043d\u044b\u0439 \u043a\u043e\u043c\u043f\u043b\u0435\u043a\u0441 \u0443\u0441\u043b\u0443\u0433: \u043f\u043e\u0434\u0431\u043e\u0440, \u0434\u043e\u0441\u0442\u0430\u0432\u043a\u0430, \u043c\u043e\u043d\u0442\u0430\u0436 \u0438 \u0433\u0430\u0440\u0430\u043d\u0442\u0438\u044f \u043f\u043e\u0434 \u043a\u043b\u044e\u0447 \u0432 Gresie.md\" \/>\n<meta property=\"og:url\" content=\"https:\/\/www.gresie.md\/ro\/produs\/\u043a\u043e\u043b\u043b\u0435\u043a\u0446\u0438\u044f-stella\/\" \/>\n<meta property=\"og:site_name\" content=\"Gresie.md\" \/>\n<meta property=\"article:publisher\" content=\"https:\/\/www.facebook.com\/share\/14Ngv7h72dv\/?mibextid=wwXIfr\" \/>\n<meta property=\"article:modified_time\" content=\"2026-04-15T12:20:26+00:00\" \/>\n<meta property=\"og:image\" content=\"https:\/\/www.gresie.md\/wp-content\/uploads\/2025\/05\/TH_ST_8.jpg\" \/>\n\t<meta property=\"og:image:width\" content=\"1920\" \/>\n\t<meta property=\"og:image:height\" content=\"1920\" \/>\n\t<meta property=\"og:image:type\" content=\"image\/jpeg\" \/>\n<meta name=\"twitter:card\" content=\"summary_large_image\" \/>\n<meta name=\"twitter:label1\" content=\"Timp estimat pentru citire\" \/>\n\t<meta name=\"twitter:data1\" content=\"2 minute\" \/>\n<script type=\"application\/ld+json\" class=\"yoast-schema-graph\">{\"@context\":\"https:\/\/schema.org\",\"@graph\":[{\"@type\":\"WebPage\",\"@id\":\"https:\/\/www.gresie.md\/product\/%d0%ba%d0%be%d0%bb%d0%bb%d0%b5%d0%ba%d1%86%d0%b8%d1%8f-stella\/\",\"url\":\"https:\/\/www.gresie.md\/product\/%d0%ba%d0%be%d0%bb%d0%bb%d0%b5%d0%ba%d1%86%d0%b8%d1%8f-stella\/\",\"name\":\"\u0413\u0435\u0442\u0435\u0440\u043e\u0433\u0435\u043d\u043d\u044b\u0439 \u043b\u0438\u043d\u043e\u043b\u0435\u0443\u043c \u0432 \u041a\u0438\u0448\u0438\u043d\u0451\u0432\u0435 - \u041f\u0440\u043e\u0434\u0430\u0436\u0430, \u041c\u043e\u043d\u0442\u0430\u0436 \u0438 \u0413\u0430\u0440\u0430\u043d\u0442\u0438\u044f\",\"isPartOf\":{\"@id\":\"https:\/\/www.gresie.md\/#website\"},\"primaryImageOfPage\":{\"@id\":\"https:\/\/www.gresie.md\/product\/%d0%ba%d0%be%d0%bb%d0%bb%d0%b5%d0%ba%d1%86%d0%b8%d1%8f-stella\/#primaryimage\"},\"image\":{\"@id\":\"https:\/\/www.gresie.md\/product\/%d0%ba%d0%be%d0%bb%d0%bb%d0%b5%d0%ba%d1%86%d0%b8%d1%8f-stella\/#primaryimage\"},\"thumbnailUrl\":\"https:\/\/www.gresie.md\/wp-content\/uploads\/2025\/05\/TH_ST_8.jpg\",\"datePublished\":\"2025-05-28T10:36:58+00:00\",\"dateModified\":\"2026-04-15T12:20:26+00:00\",\"description\":\"\u0413\u0435\u0442\u0435\u0440\u043e\u0433\u0435\u043d\u043d\u044b\u0439 \u043b\u0438\u043d\u043e\u043b\u0435\u0443\u043c \u0432 \u041a\u0438\u0448\u0438\u043d\u0451\u0432\u0435. \u041f\u0440\u0435\u043c\u0438\u0430\u043b\u044c\u043d\u044b\u0435 \u043f\u043e\u043a\u0440\u044b\u0442\u0438\u044f, \u043b\u0443\u0447\u0448\u0438\u0435 \u0446\u0435\u043d\u044b, \u043f\u043e\u043b\u043d\u044b\u0439 \u043a\u043e\u043c\u043f\u043b\u0435\u043a\u0441 \u0443\u0441\u043b\u0443\u0433: \u043f\u043e\u0434\u0431\u043e\u0440, \u0434\u043e\u0441\u0442\u0430\u0432\u043a\u0430, \u043c\u043e\u043d\u0442\u0430\u0436 \u0438 \u0433\u0430\u0440\u0430\u043d\u0442\u0438\u044f \u043f\u043e\u0434 \u043a\u043b\u044e\u0447 \u0432 Gresie.md\",\"breadcrumb\":{\"@id\":\"https:\/\/www.gresie.md\/product\/%d0%ba%d0%be%d0%bb%d0%bb%d0%b5%d0%ba%d1%86%d0%b8%d1%8f-stella\/#breadcrumb\"},\"inLanguage\":\"ro-RO\",\"potentialAction\":[{\"@type\":\"ReadAction\",\"target\":[\"https:\/\/www.gresie.md\/product\/%d0%ba%d0%be%d0%bb%d0%bb%d0%b5%d0%ba%d1%86%d0%b8%d1%8f-stella\/\"]}]},{\"@type\":\"ImageObject\",\"inLanguage\":\"ro-RO\",\"@id\":\"https:\/\/www.gresie.md\/product\/%d0%ba%d0%be%d0%bb%d0%bb%d0%b5%d0%ba%d1%86%d0%b8%d1%8f-stella\/#primaryimage\",\"url\":\"https:\/\/www.gresie.md\/wp-content\/uploads\/2025\/05\/TH_ST_8.jpg\",\"contentUrl\":\"https:\/\/www.gresie.md\/wp-content\/uploads\/2025\/05\/TH_ST_8.jpg\",\"width\":1920,\"height\":1920,\"caption\":\"8\"},{\"@type\":\"BreadcrumbList\",\"@id\":\"https:\/\/www.gresie.md\/product\/%d0%ba%d0%be%d0%bb%d0%bb%d0%b5%d0%ba%d1%86%d0%b8%d1%8f-stella\/#breadcrumb\",\"itemListElement\":[{\"@type\":\"ListItem\",\"position\":1,\"name\":\"\u0413\u043b\u0430\u0432\u043d\u0430\u044f \u0441\u0442\u0440\u0430\u043d\u0438\u0446\u0430\",\"item\":\"https:\/\/www.gresie.md\/\"},{\"@type\":\"ListItem\",\"position\":2,\"name\":\"\u041a\u0430\u0442\u0430\u043b\u043e\u0433\",\"item\":\"https:\/\/www.gresie.md\/shop\/\"},{\"@type\":\"ListItem\",\"position\":3,\"name\":\"\u041a\u043e\u043b\u043b\u0435\u043a\u0446\u0438\u044f Stella\"}]},{\"@type\":\"WebSite\",\"@id\":\"https:\/\/www.gresie.md\/#website\",\"url\":\"https:\/\/www.gresie.md\/\",\"name\":\"Gresie.md\",\"description\":\"gresie, teracota,tavane metalice, spc, linileum, parchet, mochet\u0103, plitca, ardoseli medicale, fa\u021bade ventilate, terase, pardoseli flotante\",\"publisher\":{\"@id\":\"https:\/\/www.gresie.md\/#organization\"},\"alternateName\":\"Showroom de finisaje pentru pardoseli, tavane \u0219i fa\u021bade ventilate. Descoper\u0103 solu\u021bii moderne \u0219i durabile pentru proiectele tale.\",\"potentialAction\":[{\"@type\":\"SearchAction\",\"target\":{\"@type\":\"EntryPoint\",\"urlTemplate\":\"https:\/\/www.gresie.md\/?s={search_term_string}\"},\"query-input\":{\"@type\":\"PropertyValueSpecification\",\"valueRequired\":true,\"valueName\":\"search_term_string\"}}],\"inLanguage\":\"ro-RO\"},{\"@type\":\"Organization\",\"@id\":\"https:\/\/www.gresie.md\/#organization\",\"name\":\"Gresie md \u0418\u0442\u0430\u043b\u044c\u044f\u043d\u0441\u043a\u0430\u044f \u043f\u043b\u0438\u0442\u043a\u0430\",\"url\":\"https:\/\/www.gresie.md\/\",\"logo\":{\"@type\":\"ImageObject\",\"inLanguage\":\"ro-RO\",\"@id\":\"https:\/\/www.gresie.md\/#\/schema\/logo\/image\/\",\"url\":\"https:\/\/www.gresie.md\/wp-content\/uploads\/2025\/05\/logo_black-e1756978505443.png\",\"contentUrl\":\"https:\/\/www.gresie.md\/wp-content\/uploads\/2025\/05\/logo_black-e1756978505443.png\",\"width\":200,\"height\":85,\"caption\":\"Gresie md \u0418\u0442\u0430\u043b\u044c\u044f\u043d\u0441\u043a\u0430\u044f \u043f\u043b\u0438\u0442\u043a\u0430\"},\"image\":{\"@id\":\"https:\/\/www.gresie.md\/#\/schema\/logo\/image\/\"},\"sameAs\":[\"https:\/\/www.facebook.com\/share\/14Ngv7h72dv\/?mibextid=wwXIfr\"]}]}<\/script>\n<!-- \/ Yoast SEO plugin. -->","yoast_head_json":{"title":"\u0413\u0435\u0442\u0435\u0440\u043e\u0433\u0435\u043d\u043d\u044b\u0439 \u043b\u0438\u043d\u043e\u043b\u0435\u0443\u043c \u0432 \u041a\u0438\u0448\u0438\u043d\u0451\u0432\u0435 - \u041f\u0440\u043e\u0434\u0430\u0436\u0430, \u041c\u043e\u043d\u0442\u0430\u0436 \u0438 \u0413\u0430\u0440\u0430\u043d\u0442\u0438\u044f","description":"\u0413\u0435\u0442\u0435\u0440\u043e\u0433\u0435\u043d\u043d\u044b\u0439 \u043b\u0438\u043d\u043e\u043b\u0435\u0443\u043c \u0432 \u041a\u0438\u0448\u0438\u043d\u0451\u0432\u0435. \u041f\u0440\u0435\u043c\u0438\u0430\u043b\u044c\u043d\u044b\u0435 \u043f\u043e\u043a\u0440\u044b\u0442\u0438\u044f, \u043b\u0443\u0447\u0448\u0438\u0435 \u0446\u0435\u043d\u044b, \u043f\u043e\u043b\u043d\u044b\u0439 \u043a\u043e\u043c\u043f\u043b\u0435\u043a\u0441 \u0443\u0441\u043b\u0443\u0433: \u043f\u043e\u0434\u0431\u043e\u0440, \u0434\u043e\u0441\u0442\u0430\u0432\u043a\u0430, \u043c\u043e\u043d\u0442\u0430\u0436 \u0438 \u0433\u0430\u0440\u0430\u043d\u0442\u0438\u044f \u043f\u043e\u0434 \u043a\u043b\u044e\u0447 \u0432 Gresie.md","robots":{"index":"index","follow":"follow","max-snippet":"max-snippet:-1","max-image-preview":"max-image-preview:large","max-video-preview":"max-video-preview:-1"},"canonical":"https:\/\/www.gresie.md\/ro\/produs\/\u043a\u043e\u043b\u043b\u0435\u043a\u0446\u0438\u044f-stella\/","og_locale":"ro_RO","og_type":"article","og_title":"\u0413\u0435\u0442\u0435\u0440\u043e\u0433\u0435\u043d\u043d\u044b\u0439 \u043b\u0438\u043d\u043e\u043b\u0435\u0443\u043c \u0432 \u041a\u0438\u0448\u0438\u043d\u0451\u0432\u0435 - \u041f\u0440\u043e\u0434\u0430\u0436\u0430, \u041c\u043e\u043d\u0442\u0430\u0436 \u0438 \u0413\u0430\u0440\u0430\u043d\u0442\u0438\u044f","og_description":"\u0413\u0435\u0442\u0435\u0440\u043e\u0433\u0435\u043d\u043d\u044b\u0439 \u043b\u0438\u043d\u043e\u043b\u0435\u0443\u043c \u0432 \u041a\u0438\u0448\u0438\u043d\u0451\u0432\u0435. \u041f\u0440\u0435\u043c\u0438\u0430\u043b\u044c\u043d\u044b\u0435 \u043f\u043e\u043a\u0440\u044b\u0442\u0438\u044f, \u043b\u0443\u0447\u0448\u0438\u0435 \u0446\u0435\u043d\u044b, \u043f\u043e\u043b\u043d\u044b\u0439 \u043a\u043e\u043c\u043f\u043b\u0435\u043a\u0441 \u0443\u0441\u043b\u0443\u0433: \u043f\u043e\u0434\u0431\u043e\u0440, \u0434\u043e\u0441\u0442\u0430\u0432\u043a\u0430, \u043c\u043e\u043d\u0442\u0430\u0436 \u0438 \u0433\u0430\u0440\u0430\u043d\u0442\u0438\u044f \u043f\u043e\u0434 \u043a\u043b\u044e\u0447 \u0432 Gresie.md","og_url":"https:\/\/www.gresie.md\/ro\/produs\/\u043a\u043e\u043b\u043b\u0435\u043a\u0446\u0438\u044f-stella\/","og_site_name":"Gresie.md","article_publisher":"https:\/\/www.facebook.com\/share\/14Ngv7h72dv\/?mibextid=wwXIfr","article_modified_time":"2026-04-15T12:20:26+00:00","og_image":[{"width":1920,"height":1920,"url":"https:\/\/www.gresie.md\/wp-content\/uploads\/2025\/05\/TH_ST_8.jpg","type":"image\/jpeg"}],"twitter_card":"summary_large_image","twitter_misc":{"Timp estimat pentru citire":"2 minute"},"schema":{"@context":"https:\/\/schema.org","@graph":[{"@type":"WebPage","@id":"https:\/\/www.gresie.md\/product\/%d0%ba%d0%be%d0%bb%d0%bb%d0%b5%d0%ba%d1%86%d0%b8%d1%8f-stella\/","url":"https:\/\/www.gresie.md\/product\/%d0%ba%d0%be%d0%bb%d0%bb%d0%b5%d0%ba%d1%86%d0%b8%d1%8f-stella\/","name":"\u0413\u0435\u0442\u0435\u0440\u043e\u0433\u0435\u043d\u043d\u044b\u0439 \u043b\u0438\u043d\u043e\u043b\u0435\u0443\u043c \u0432 \u041a\u0438\u0448\u0438\u043d\u0451\u0432\u0435 - \u041f\u0440\u043e\u0434\u0430\u0436\u0430, \u041c\u043e\u043d\u0442\u0430\u0436 \u0438 \u0413\u0430\u0440\u0430\u043d\u0442\u0438\u044f","isPartOf":{"@id":"https:\/\/www.gresie.md\/#website"},"primaryImageOfPage":{"@id":"https:\/\/www.gresie.md\/product\/%d0%ba%d0%be%d0%bb%d0%bb%d0%b5%d0%ba%d1%86%d0%b8%d1%8f-stella\/#primaryimage"},"image":{"@id":"https:\/\/www.gresie.md\/product\/%d0%ba%d0%be%d0%bb%d0%bb%d0%b5%d0%ba%d1%86%d0%b8%d1%8f-stella\/#primaryimage"},"thumbnailUrl":"https:\/\/www.gresie.md\/wp-content\/uploads\/2025\/05\/TH_ST_8.jpg","datePublished":"2025-05-28T10:36:58+00:00","dateModified":"2026-04-15T12:20:26+00:00","description":"\u0413\u0435\u0442\u0435\u0440\u043e\u0433\u0435\u043d\u043d\u044b\u0439 \u043b\u0438\u043d\u043e\u043b\u0435\u0443\u043c \u0432 \u041a\u0438\u0448\u0438\u043d\u0451\u0432\u0435. \u041f\u0440\u0435\u043c\u0438\u0430\u043b\u044c\u043d\u044b\u0435 \u043f\u043e\u043a\u0440\u044b\u0442\u0438\u044f, \u043b\u0443\u0447\u0448\u0438\u0435 \u0446\u0435\u043d\u044b, \u043f\u043e\u043b\u043d\u044b\u0439 \u043a\u043e\u043c\u043f\u043b\u0435\u043a\u0441 \u0443\u0441\u043b\u0443\u0433: \u043f\u043e\u0434\u0431\u043e\u0440, \u0434\u043e\u0441\u0442\u0430\u0432\u043a\u0430, \u043c\u043e\u043d\u0442\u0430\u0436 \u0438 \u0433\u0430\u0440\u0430\u043d\u0442\u0438\u044f \u043f\u043e\u0434 \u043a\u043b\u044e\u0447 \u0432 Gresie.md","breadcrumb":{"@id":"https:\/\/www.gresie.md\/product\/%d0%ba%d0%be%d0%bb%d0%bb%d0%b5%d0%ba%d1%86%d0%b8%d1%8f-stella\/#breadcrumb"},"inLanguage":"ro-RO","potentialAction":[{"@type":"ReadAction","target":["https:\/\/www.gresie.md\/product\/%d0%ba%d0%be%d0%bb%d0%bb%d0%b5%d0%ba%d1%86%d0%b8%d1%8f-stella\/"]}]},{"@type":"ImageObject","inLanguage":"ro-RO","@id":"https:\/\/www.gresie.md\/product\/%d0%ba%d0%be%d0%bb%d0%bb%d0%b5%d0%ba%d1%86%d0%b8%d1%8f-stella\/#primaryimage","url":"https:\/\/www.gresie.md\/wp-content\/uploads\/2025\/05\/TH_ST_8.jpg","contentUrl":"https:\/\/www.gresie.md\/wp-content\/uploads\/2025\/05\/TH_ST_8.jpg","width":1920,"height":1920,"caption":"8"},{"@type":"BreadcrumbList","@id":"https:\/\/www.gresie.md\/product\/%d0%ba%d0%be%d0%bb%d0%bb%d0%b5%d0%ba%d1%86%d0%b8%d1%8f-stella\/#breadcrumb","itemListElement":[{"@type":"ListItem","position":1,"name":"\u0413\u043b\u0430\u0432\u043d\u0430\u044f \u0441\u0442\u0440\u0430\u043d\u0438\u0446\u0430","item":"https:\/\/www.gresie.md\/"},{"@type":"ListItem","position":2,"name":"\u041a\u0430\u0442\u0430\u043b\u043e\u0433","item":"https:\/\/www.gresie.md\/shop\/"},{"@type":"ListItem","position":3,"name":"\u041a\u043e\u043b\u043b\u0435\u043a\u0446\u0438\u044f Stella"}]},{"@type":"WebSite","@id":"https:\/\/www.gresie.md\/#website","url":"https:\/\/www.gresie.md\/","name":"Gresie.md","description":"gresie, teracota,tavane metalice, spc, linileum, parchet, mochet\u0103, plitca, ardoseli medicale, fa\u021bade ventilate, terase, pardoseli flotante","publisher":{"@id":"https:\/\/www.gresie.md\/#organization"},"alternateName":"Showroom de finisaje pentru pardoseli, tavane \u0219i fa\u021bade ventilate. Descoper\u0103 solu\u021bii moderne \u0219i durabile pentru proiectele tale.","potentialAction":[{"@type":"SearchAction","target":{"@type":"EntryPoint","urlTemplate":"https:\/\/www.gresie.md\/?s={search_term_string}"},"query-input":{"@type":"PropertyValueSpecification","valueRequired":true,"valueName":"search_term_string"}}],"inLanguage":"ro-RO"},{"@type":"Organization","@id":"https:\/\/www.gresie.md\/#organization","name":"Gresie md \u0418\u0442\u0430\u043b\u044c\u044f\u043d\u0441\u043a\u0430\u044f \u043f\u043b\u0438\u0442\u043a\u0430","url":"https:\/\/www.gresie.md\/","logo":{"@type":"ImageObject","inLanguage":"ro-RO","@id":"https:\/\/www.gresie.md\/#\/schema\/logo\/image\/","url":"https:\/\/www.gresie.md\/wp-content\/uploads\/2025\/05\/logo_black-e1756978505443.png","contentUrl":"https:\/\/www.gresie.md\/wp-content\/uploads\/2025\/05\/logo_black-e1756978505443.png","width":200,"height":85,"caption":"Gresie md \u0418\u0442\u0430\u043b\u044c\u044f\u043d\u0441\u043a\u0430\u044f \u043f\u043b\u0438\u0442\u043a\u0430"},"image":{"@id":"https:\/\/www.gresie.md\/#\/schema\/logo\/image\/"},"sameAs":["https:\/\/www.facebook.com\/share\/14Ngv7h72dv\/?mibextid=wwXIfr"]}]}},"uagb_featured_image_src":{"full":["https:\/\/www.gresie.md\/wp-content\/uploads\/2025\/05\/TH_ST_8.jpg",1920,1920,false],"thumbnail":["https:\/\/www.gresie.md\/wp-content\/uploads\/2025\/05\/TH_ST_8-150x150.jpg",150,150,true],"medium":["https:\/\/www.gresie.md\/wp-content\/uploads\/2025\/05\/TH_ST_8-300x300.jpg",300,300,true],"medium_large":["https:\/\/www.gresie.md\/wp-content\/uploads\/2025\/05\/TH_ST_8-768x768.jpg",768,768,true],"large":["https:\/\/www.gresie.md\/wp-content\/uploads\/2025\/05\/TH_ST_8-1024x1024.jpg",1024,1024,true],"1536x1536":["https:\/\/www.gresie.md\/wp-content\/uploads\/2025\/05\/TH_ST_8-1536x1536.jpg",1536,1536,true],"2048x2048":["https:\/\/www.gresie.md\/wp-content\/uploads\/2025\/05\/TH_ST_8.jpg",1920,1920,false],"trp-custom-language-flag":["https:\/\/www.gresie.md\/wp-content\/uploads\/2025\/05\/TH_ST_8-12x12.jpg",12,12,true],"emoza-extra-large":["https:\/\/www.gresie.md\/wp-content\/uploads\/2025\/05\/TH_ST_8-1140x1140.jpg",1140,1140,true],"emoza-large":["https:\/\/www.gresie.md\/wp-content\/uploads\/2025\/05\/TH_ST_8-920x920.jpg",920,920,true],"emoza-big":["https:\/\/www.gresie.md\/wp-content\/uploads\/2025\/05\/TH_ST_8-575x575.jpg",575,575,true],"emoza-medium":["https:\/\/www.gresie.md\/wp-content\/uploads\/2025\/05\/TH_ST_8-380x380.jpg",380,380,true],"woocommerce_thumbnail":["https:\/\/www.gresie.md\/wp-content\/uploads\/2025\/05\/TH_ST_8-420x420.jpg",420,420,true],"woocommerce_single":["https:\/\/www.gresie.md\/wp-content\/uploads\/2025\/05\/TH_ST_8-800x800.jpg",800,800,true],"woocommerce_gallery_thumbnail":["https:\/\/www.gresie.md\/wp-content\/uploads\/2025\/05\/TH_ST_8-100x100.jpg",100,100,true],"variation_swatches_image_size":["https:\/\/www.gresie.md\/wp-content\/uploads\/2025\/05\/TH_ST_8-50x50.jpg",50,50,true],"variation_swatches_tooltip_size":["https:\/\/www.gresie.md\/wp-content\/uploads\/2025\/05\/TH_ST_8-100x100.jpg",100,100,true]},"uagb_author_info":{"display_name":"valik","author_link":"https:\/\/www.gresie.md\/ro\/author\/"},"uagb_comment_info":0,"uagb_excerpt":"\u041c\u044b \u0440\u0430\u0434\u044b \u0441\u043e\u043e\u0431\u0449\u0438\u0442\u044c, \u0447\u0442\u043e \u043f\u043e\u043f\u043e\u043b\u043d\u0438\u043b\u0438 \u043d\u0430\u0448 \u0430\u0441\u0441\u043e\u0440\u0442\u0438\u043c\u0435\u043d\u0442 \u0432\u0438\u043d\u0438\u043b\u043e\u0432\u044b\u0445 \u043d\u0430\u043f\u043e\u043b\u044c\u043d\u044b\u0445 \u043f\u043e\u043a\u0440\u044b\u0442\u0438\u0439 \u043d\u043e\u0432\u043e\u0439 \u043a\u043e\u043b\u043b\u0435\u043a\u0446\u0438\u0435\u0439: Stella \u2014 \u044d\u043a\u043e\u043d\u043e\u043c\u0438\u0447\u043d\u043e\u0435 \u0438 \u0434\u043e\u0441\u0442\u0443\u043f\u043d\u043e\u0435 \u0440\u0435\u0448\u0435\u043d\u0438\u0435 \u0434\u043b\u044f \u043a\u043e\u043c\u043c\u0435\u0440\u0447\u0435\u0441\u043a\u0438\u0445 [&hellip;]","_links":{"self":[{"href":"https:\/\/www.gresie.md\/ro\/wp-json\/wp\/v2\/product\/2994","targetHints":{"allow":["GET"]}}],"collection":[{"href":"https:\/\/www.gresie.md\/ro\/wp-json\/wp\/v2\/product"}],"about":[{"href":"https:\/\/www.gresie.md\/ro\/wp-json\/wp\/v2\/types\/product"}],"wp:featuredmedia":[{"embeddable":true,"href":"https:\/\/www.gresie.md\/ro\/wp-json\/wp\/v2\/media\/3002"}],"wp:attachment":[{"href":"https:\/\/www.gresie.md\/ro\/wp-json\/wp\/v2\/media?parent=2994"}],"wp:term":[{"taxonomy":"product_brand","embeddable":true,"href":"https:\/\/www.gresie.md\/ro\/wp-json\/wp\/v2\/product_brand?post=2994"},{"taxonomy":"product_cat","embeddable":true,"href":"https:\/\/www.gresie.md\/ro\/wp-json\/wp\/v2\/product_cat?post=2994"},{"taxonomy":"product_tag","embeddable":true,"href":"https:\/\/www.gresie.md\/ro\/wp-json\/wp\/v2\/product_tag?post=2994"}],"curies":[{"name":"wp","href":"https:\/\/api.w.org\/{rel}","templated":true}]}}