{"id":3394,"date":"2025-06-02T11:36:21","date_gmt":"2025-06-02T08:36:21","guid":{"rendered":"https:\/\/www.gresie.md\/?post_type=product&#038;p=3394"},"modified":"2026-04-03T12:21:58","modified_gmt":"2026-04-03T09:21:58","slug":"placa-vinilica-adeziva-tarkett-4","status":"publish","type":"product","link":"https:\/\/www.gresie.md\/ro\/produs\/placa-vinilica-adeziva-tarkett-4\/","title":{"rendered":"Colec\u021bie ModularT 7"},"content":{"rendered":"<p>ModularT 7 ofer\u0103 cele mai la mod\u0103 decoruri din lemn \u0219i piatr\u0103 \u00een diverse formate. Colec\u021bia este potrivit\u0103 pentru interioare moderne \u2014 este adresat\u0103 celor care iubesc simplitatea, unicitatea, dar acord\u0103 aten\u021bie detaliilor. Datorit\u0103 modularit\u0103\u021bii sale, aceast\u0103 colec\u021bie permite combinarea diferitelor formate, designuri, texturi \u0219i culori.<\/p>\n<p>&nbsp;<\/p>\n<div class=\"su-row\"><div class=\"su-column su-column-size-1-2\"><div class=\"su-column-inner su-u-clearfix su-u-trim\">\n<div class=\"information__characteristics__key-features__title\" data-v-c8e641ae=\"\"><strong>Caracteristici principale<\/strong><\/div>\n<div class=\"information__characteristics__key-features__list\" data-v-c8e641ae=\"\">\n<ul>\n<li>Design natural<\/li>\n<li>Durabilitate sporit\u0103, pentru uz comercial<\/li>\n<li>Rezistenta la apa<\/li>\n<li>Absorb\u021bia fonic\u0103 este de 2 ori mai bun\u0103 dec\u00e2t pardoseala LVT obi\u0219nuit\u0103<\/li>\n<li>Usor de instalat<\/li>\n<li>U\u0219or de cur\u0103\u021bat \u0219i de \u00eentre\u021binut<\/li>\n<li>100% reciclabil<\/li>\n<\/ul>\n<\/div>\n<\/div><\/div> <div class=\"su-column su-column-size-1-2\"><div class=\"su-column-inner su-u-clearfix su-u-trim\">\n<div class=\"information__characteristics__specification__title\" data-v-c8e641ae=\"\"><strong>Specifica\u021bii tehnice \u0219i de mediu<\/strong><\/div>\n<div class=\"information__characteristics__specification__list\" data-v-c8e641ae=\"\">\n<ul>\n<li class=\"information__characteristics__specification__list__item\"><span class=\"information__characteristics__specification__list__item__label\" data-v-c8e641ae=\"\">Tipul produsului ISO:\u00a0<\/span><span class=\"information__characteristics__specification__list__item__values\" data-v-c8e641ae=\"\">Pardoseal\u0103 din clorur\u0103 de (poli)vinil eterogen (ISO 10582)<\/span><\/li>\n<li class=\"information__characteristics__specification__list__item\"><span class=\"information__characteristics__specification__list__item__label\" data-v-c8e641ae=\"\">Clasificare intern\u0103: 23 Intens\u00a0<\/span><span class=\"information__characteristics__specification__list__item__values\" data-v-c8e641ae=\"\">23 Intensiv<\/span><\/li>\n<li class=\"information__characteristics__specification__list__item\"><span class=\"information__characteristics__specification__list__item__label\" data-v-c8e641ae=\"\">Clasificare comercial\u0103:\u00a0<\/span><span class=\"information__characteristics__specification__list__item__values\" data-v-c8e641ae=\"\">34 Very Heavy<\/span><\/li>\n<li class=\"information__characteristics__specification__list__item\"><span class=\"information__characteristics__specification__list__item__label\" data-v-c8e641ae=\"\">Clasificare industrial\u0103:\u00a0<\/span><span class=\"information__characteristics__specification__list__item__values\" data-v-c8e641ae=\"\">43 Intens<\/span><\/li>\n<li class=\"information__characteristics__specification__list__item\"><span class=\"information__characteristics__specification__list__item__label\" data-v-c8e641ae=\"\">Tratament pentru suprafa\u021b\u0103:\u00a0<\/span><span class=\"information__characteristics__specification__list__item__values\" data-v-c8e641ae=\"\">X-treme<\/span><\/li>\n<\/ul>\n<\/div>\n<\/div><\/div><\/div>","protected":false},"excerpt":{"rendered":"<p>ModularT 7 \u043f\u0440\u0435\u0434\u043b\u0430\u0433\u0430\u0435\u0442 \u0441\u0430\u043c\u044b\u0435 \u043c\u043e\u0434\u043d\u044b\u0435 \u0434\u0435\u043a\u043e\u0440\u044b \u0438\u0437 \u0434\u0435\u0440\u0435\u0432\u0430 \u0438 \u043a\u0430\u043c\u043d\u044f \u0432 \u0440\u0430\u0437\u043b\u0438\u0447\u043d\u044b\u0445 \u0444\u043e\u0440\u043c\u0430\u0442\u0430\u0445. \u041a\u043e\u043b\u043b\u0435\u043a\u0446\u0438\u044f \u043f\u043e\u0434\u043e\u0439\u0434\u0435\u0442 \u0434\u043b\u044f \u0441\u043e\u0432\u0440\u0435\u043c\u0435\u043d\u043d\u044b\u0445 \u0438\u043d\u0442\u0435\u0440\u044c\u0435\u0440\u043e\u0432 \u2014 \u043e\u043d\u0430 [&hellip;]<\/p>","protected":false},"featured_media":3401,"template":"","meta":{"_uag_custom_page_level_css":""},"product_brand":[200],"product_cat":[79,71],"product_tag":[],"class_list":{"0":"post-3394","1":"product","2":"type-product","3":"status-publish","4":"has-post-thumbnail","6":"product_brand-tarkett","7":"product_cat-vinolivaea-planca","8":"product_cat-placa-vinilica-adeziva-tarkett","10":"first","11":"outofstock","12":"shipping-taxable","13":"purchasable","14":"product-type-variable"},"yoast_head":"<!-- This site is optimized with the Yoast SEO plugin v25.8 - https:\/\/yoast.com\/wordpress\/plugins\/seo\/ -->\n<title>Pardoseli Vinilic SPC\/LVT Chi\u0219in\u0103u - Gresie.md<\/title>\n<meta name=\"description\" content=\"Pardoseli vinilic SPC \u0219i LVT \u00een Chi\u0219in\u0103u. Materiale premium, abordare complet\u0103, montaj profesionist \u0219i garan\u021bie la cheie. Cele mai bune pre\u021buri la Gresie.md\" \/>\n<meta name=\"robots\" content=\"index, follow, max-snippet:-1, max-image-preview:large, max-video-preview:-1\" \/>\n<link rel=\"canonical\" href=\"https:\/\/www.gresie.md\/ro\/produs\/placa-vinilica-adeziva-tarkett-4\/\" \/>\n<meta property=\"og:locale\" content=\"ro_RO\" \/>\n<meta property=\"og:type\" content=\"article\" \/>\n<meta property=\"og:title\" content=\"Pardoseli Vinilic SPC\/LVT Chi\u0219in\u0103u - Gresie.md\" \/>\n<meta property=\"og:description\" content=\"Pardoseli vinilic SPC \u0219i LVT \u00een Chi\u0219in\u0103u. Materiale premium, abordare complet\u0103, montaj profesionist \u0219i garan\u021bie la cheie. Cele mai bune pre\u021buri la Gresie.md\" \/>\n<meta property=\"og:url\" content=\"https:\/\/www.gresie.md\/ro\/produs\/placa-vinilica-adeziva-tarkett-4\/\" \/>\n<meta property=\"og:site_name\" content=\"Gresie.md\" \/>\n<meta property=\"article:publisher\" content=\"https:\/\/www.facebook.com\/share\/14Ngv7h72dv\/?mibextid=wwXIfr\" \/>\n<meta property=\"article:modified_time\" content=\"2026-04-03T09:21:58+00:00\" \/>\n<meta property=\"og:image\" content=\"https:\/\/www.gresie.md\/wp-content\/uploads\/2025\/06\/TH_ModularT_Beton_Original.jpg\" \/>\n\t<meta property=\"og:image:width\" content=\"1920\" \/>\n\t<meta property=\"og:image:height\" content=\"1920\" \/>\n\t<meta property=\"og:image:type\" content=\"image\/jpeg\" \/>\n<meta name=\"twitter:card\" content=\"summary_large_image\" \/>\n<meta name=\"twitter:label1\" content=\"Timp estimat pentru citire\" \/>\n\t<meta name=\"twitter:data1\" content=\"1 minut\" \/>\n<script type=\"application\/ld+json\" class=\"yoast-schema-graph\">{\"@context\":\"https:\/\/schema.org\",\"@graph\":[{\"@type\":\"WebPage\",\"@id\":\"https:\/\/www.gresie.md\/product\/placa-vinilica-adeziva-tarkett-4\/\",\"url\":\"https:\/\/www.gresie.md\/product\/placa-vinilica-adeziva-tarkett-4\/\",\"name\":\"Pardoseli Vinilic SPC\/LVT Chi\u0219in\u0103u - Gresie.md\",\"isPartOf\":{\"@id\":\"https:\/\/www.gresie.md\/#website\"},\"primaryImageOfPage\":{\"@id\":\"https:\/\/www.gresie.md\/product\/placa-vinilica-adeziva-tarkett-4\/#primaryimage\"},\"image\":{\"@id\":\"https:\/\/www.gresie.md\/product\/placa-vinilica-adeziva-tarkett-4\/#primaryimage\"},\"thumbnailUrl\":\"https:\/\/www.gresie.md\/wp-content\/uploads\/2025\/06\/TH_ModularT_Beton_Original.jpg\",\"datePublished\":\"2025-06-02T08:36:21+00:00\",\"dateModified\":\"2026-04-03T09:21:58+00:00\",\"description\":\"Pardoseli vinilic SPC \u0219i LVT \u00een Chi\u0219in\u0103u. Materiale premium, abordare complet\u0103, montaj profesionist \u0219i garan\u021bie la cheie. Cele mai bune pre\u021buri la Gresie.md\",\"breadcrumb\":{\"@id\":\"https:\/\/www.gresie.md\/product\/placa-vinilica-adeziva-tarkett-4\/#breadcrumb\"},\"inLanguage\":\"ro-RO\",\"potentialAction\":[{\"@type\":\"ReadAction\",\"target\":[\"https:\/\/www.gresie.md\/product\/placa-vinilica-adeziva-tarkett-4\/\"]}]},{\"@type\":\"ImageObject\",\"inLanguage\":\"ro-RO\",\"@id\":\"https:\/\/www.gresie.md\/product\/placa-vinilica-adeziva-tarkett-4\/#primaryimage\",\"url\":\"https:\/\/www.gresie.md\/wp-content\/uploads\/2025\/06\/TH_ModularT_Beton_Original.jpg\",\"contentUrl\":\"https:\/\/www.gresie.md\/wp-content\/uploads\/2025\/06\/TH_ModularT_Beton_Original.jpg\",\"width\":1920,\"height\":1920,\"caption\":\"257022078|257022053\"},{\"@type\":\"BreadcrumbList\",\"@id\":\"https:\/\/www.gresie.md\/product\/placa-vinilica-adeziva-tarkett-4\/#breadcrumb\",\"itemListElement\":[{\"@type\":\"ListItem\",\"position\":1,\"name\":\"\u0413\u043b\u0430\u0432\u043d\u0430\u044f \u0441\u0442\u0440\u0430\u043d\u0438\u0446\u0430\",\"item\":\"https:\/\/www.gresie.md\/\"},{\"@type\":\"ListItem\",\"position\":2,\"name\":\"\u041a\u0430\u0442\u0430\u043b\u043e\u0433\",\"item\":\"https:\/\/www.gresie.md\/shop\/\"},{\"@type\":\"ListItem\",\"position\":3,\"name\":\"\u041a\u043e\u043b\u043b\u0435\u043a\u0446\u0438\u044f ModularT 7\"}]},{\"@type\":\"WebSite\",\"@id\":\"https:\/\/www.gresie.md\/#website\",\"url\":\"https:\/\/www.gresie.md\/\",\"name\":\"Gresie.md\",\"description\":\"gresie, teracota,tavane metalice, spc, linileum, parchet, mochet\u0103, plitca, ardoseli medicale, fa\u021bade ventilate, terase, pardoseli flotante\",\"publisher\":{\"@id\":\"https:\/\/www.gresie.md\/#organization\"},\"alternateName\":\"Showroom de finisaje pentru pardoseli, tavane \u0219i fa\u021bade ventilate. Descoper\u0103 solu\u021bii moderne \u0219i durabile pentru proiectele tale.\",\"potentialAction\":[{\"@type\":\"SearchAction\",\"target\":{\"@type\":\"EntryPoint\",\"urlTemplate\":\"https:\/\/www.gresie.md\/?s={search_term_string}\"},\"query-input\":{\"@type\":\"PropertyValueSpecification\",\"valueRequired\":true,\"valueName\":\"search_term_string\"}}],\"inLanguage\":\"ro-RO\"},{\"@type\":\"Organization\",\"@id\":\"https:\/\/www.gresie.md\/#organization\",\"name\":\"Gresie md \u0418\u0442\u0430\u043b\u044c\u044f\u043d\u0441\u043a\u0430\u044f \u043f\u043b\u0438\u0442\u043a\u0430\",\"url\":\"https:\/\/www.gresie.md\/\",\"logo\":{\"@type\":\"ImageObject\",\"inLanguage\":\"ro-RO\",\"@id\":\"https:\/\/www.gresie.md\/#\/schema\/logo\/image\/\",\"url\":\"https:\/\/www.gresie.md\/wp-content\/uploads\/2025\/05\/logo_black-e1756978505443.png\",\"contentUrl\":\"https:\/\/www.gresie.md\/wp-content\/uploads\/2025\/05\/logo_black-e1756978505443.png\",\"width\":200,\"height\":85,\"caption\":\"Gresie md \u0418\u0442\u0430\u043b\u044c\u044f\u043d\u0441\u043a\u0430\u044f \u043f\u043b\u0438\u0442\u043a\u0430\"},\"image\":{\"@id\":\"https:\/\/www.gresie.md\/#\/schema\/logo\/image\/\"},\"sameAs\":[\"https:\/\/www.facebook.com\/share\/14Ngv7h72dv\/?mibextid=wwXIfr\"]}]}<\/script>\n<!-- \/ Yoast SEO plugin. -->","yoast_head_json":{"title":"Pardoseli Vinilic SPC\/LVT Chi\u0219in\u0103u - Gresie.md","description":"Pardoseli vinilic SPC \u0219i LVT \u00een Chi\u0219in\u0103u. Materiale premium, abordare complet\u0103, montaj profesionist \u0219i garan\u021bie la cheie. Cele mai bune pre\u021buri la Gresie.md","robots":{"index":"index","follow":"follow","max-snippet":"max-snippet:-1","max-image-preview":"max-image-preview:large","max-video-preview":"max-video-preview:-1"},"canonical":"https:\/\/www.gresie.md\/ro\/produs\/placa-vinilica-adeziva-tarkett-4\/","og_locale":"ro_RO","og_type":"article","og_title":"Pardoseli Vinilic SPC\/LVT Chi\u0219in\u0103u - Gresie.md","og_description":"Pardoseli vinilic SPC \u0219i LVT \u00een Chi\u0219in\u0103u. Materiale premium, abordare complet\u0103, montaj profesionist \u0219i garan\u021bie la cheie. Cele mai bune pre\u021buri la Gresie.md","og_url":"https:\/\/www.gresie.md\/ro\/produs\/placa-vinilica-adeziva-tarkett-4\/","og_site_name":"Gresie.md","article_publisher":"https:\/\/www.facebook.com\/share\/14Ngv7h72dv\/?mibextid=wwXIfr","article_modified_time":"2026-04-03T09:21:58+00:00","og_image":[{"width":1920,"height":1920,"url":"https:\/\/www.gresie.md\/wp-content\/uploads\/2025\/06\/TH_ModularT_Beton_Original.jpg","type":"image\/jpeg"}],"twitter_card":"summary_large_image","twitter_misc":{"Timp estimat pentru citire":"1 minut"},"schema":{"@context":"https:\/\/schema.org","@graph":[{"@type":"WebPage","@id":"https:\/\/www.gresie.md\/product\/placa-vinilica-adeziva-tarkett-4\/","url":"https:\/\/www.gresie.md\/product\/placa-vinilica-adeziva-tarkett-4\/","name":"Pardoseli Vinilic SPC\/LVT Chi\u0219in\u0103u - Gresie.md","isPartOf":{"@id":"https:\/\/www.gresie.md\/#website"},"primaryImageOfPage":{"@id":"https:\/\/www.gresie.md\/product\/placa-vinilica-adeziva-tarkett-4\/#primaryimage"},"image":{"@id":"https:\/\/www.gresie.md\/product\/placa-vinilica-adeziva-tarkett-4\/#primaryimage"},"thumbnailUrl":"https:\/\/www.gresie.md\/wp-content\/uploads\/2025\/06\/TH_ModularT_Beton_Original.jpg","datePublished":"2025-06-02T08:36:21+00:00","dateModified":"2026-04-03T09:21:58+00:00","description":"Pardoseli vinilic SPC \u0219i LVT \u00een Chi\u0219in\u0103u. Materiale premium, abordare complet\u0103, montaj profesionist \u0219i garan\u021bie la cheie. Cele mai bune pre\u021buri la Gresie.md","breadcrumb":{"@id":"https:\/\/www.gresie.md\/product\/placa-vinilica-adeziva-tarkett-4\/#breadcrumb"},"inLanguage":"ro-RO","potentialAction":[{"@type":"ReadAction","target":["https:\/\/www.gresie.md\/product\/placa-vinilica-adeziva-tarkett-4\/"]}]},{"@type":"ImageObject","inLanguage":"ro-RO","@id":"https:\/\/www.gresie.md\/product\/placa-vinilica-adeziva-tarkett-4\/#primaryimage","url":"https:\/\/www.gresie.md\/wp-content\/uploads\/2025\/06\/TH_ModularT_Beton_Original.jpg","contentUrl":"https:\/\/www.gresie.md\/wp-content\/uploads\/2025\/06\/TH_ModularT_Beton_Original.jpg","width":1920,"height":1920,"caption":"257022078|257022053"},{"@type":"BreadcrumbList","@id":"https:\/\/www.gresie.md\/product\/placa-vinilica-adeziva-tarkett-4\/#breadcrumb","itemListElement":[{"@type":"ListItem","position":1,"name":"\u0413\u043b\u0430\u0432\u043d\u0430\u044f \u0441\u0442\u0440\u0430\u043d\u0438\u0446\u0430","item":"https:\/\/www.gresie.md\/"},{"@type":"ListItem","position":2,"name":"\u041a\u0430\u0442\u0430\u043b\u043e\u0433","item":"https:\/\/www.gresie.md\/shop\/"},{"@type":"ListItem","position":3,"name":"\u041a\u043e\u043b\u043b\u0435\u043a\u0446\u0438\u044f ModularT 7"}]},{"@type":"WebSite","@id":"https:\/\/www.gresie.md\/#website","url":"https:\/\/www.gresie.md\/","name":"Gresie.md","description":"gresie, teracota,tavane metalice, spc, linileum, parchet, mochet\u0103, plitca, ardoseli medicale, fa\u021bade ventilate, terase, pardoseli flotante","publisher":{"@id":"https:\/\/www.gresie.md\/#organization"},"alternateName":"Showroom de finisaje pentru pardoseli, tavane \u0219i fa\u021bade ventilate. Descoper\u0103 solu\u021bii moderne \u0219i durabile pentru proiectele tale.","potentialAction":[{"@type":"SearchAction","target":{"@type":"EntryPoint","urlTemplate":"https:\/\/www.gresie.md\/?s={search_term_string}"},"query-input":{"@type":"PropertyValueSpecification","valueRequired":true,"valueName":"search_term_string"}}],"inLanguage":"ro-RO"},{"@type":"Organization","@id":"https:\/\/www.gresie.md\/#organization","name":"Gresie md \u0418\u0442\u0430\u043b\u044c\u044f\u043d\u0441\u043a\u0430\u044f \u043f\u043b\u0438\u0442\u043a\u0430","url":"https:\/\/www.gresie.md\/","logo":{"@type":"ImageObject","inLanguage":"ro-RO","@id":"https:\/\/www.gresie.md\/#\/schema\/logo\/image\/","url":"https:\/\/www.gresie.md\/wp-content\/uploads\/2025\/05\/logo_black-e1756978505443.png","contentUrl":"https:\/\/www.gresie.md\/wp-content\/uploads\/2025\/05\/logo_black-e1756978505443.png","width":200,"height":85,"caption":"Gresie md \u0418\u0442\u0430\u043b\u044c\u044f\u043d\u0441\u043a\u0430\u044f \u043f\u043b\u0438\u0442\u043a\u0430"},"image":{"@id":"https:\/\/www.gresie.md\/#\/schema\/logo\/image\/"},"sameAs":["https:\/\/www.facebook.com\/share\/14Ngv7h72dv\/?mibextid=wwXIfr"]}]}},"uagb_featured_image_src":{"full":["https:\/\/www.gresie.md\/wp-content\/uploads\/2025\/06\/TH_ModularT_Beton_Original.jpg",1920,1920,false],"thumbnail":["https:\/\/www.gresie.md\/wp-content\/uploads\/2025\/06\/TH_ModularT_Beton_Original-150x150.jpg",150,150,true],"medium":["https:\/\/www.gresie.md\/wp-content\/uploads\/2025\/06\/TH_ModularT_Beton_Original-300x300.jpg",300,300,true],"medium_large":["https:\/\/www.gresie.md\/wp-content\/uploads\/2025\/06\/TH_ModularT_Beton_Original-768x768.jpg",768,768,true],"large":["https:\/\/www.gresie.md\/wp-content\/uploads\/2025\/06\/TH_ModularT_Beton_Original-1024x1024.jpg",1024,1024,true],"1536x1536":["https:\/\/www.gresie.md\/wp-content\/uploads\/2025\/06\/TH_ModularT_Beton_Original-1536x1536.jpg",1536,1536,true],"2048x2048":["https:\/\/www.gresie.md\/wp-content\/uploads\/2025\/06\/TH_ModularT_Beton_Original.jpg",1920,1920,false],"trp-custom-language-flag":["https:\/\/www.gresie.md\/wp-content\/uploads\/2025\/06\/TH_ModularT_Beton_Original-12x12.jpg",12,12,true],"emoza-extra-large":["https:\/\/www.gresie.md\/wp-content\/uploads\/2025\/06\/TH_ModularT_Beton_Original-1140x1140.jpg",1140,1140,true],"emoza-large":["https:\/\/www.gresie.md\/wp-content\/uploads\/2025\/06\/TH_ModularT_Beton_Original-920x920.jpg",920,920,true],"emoza-big":["https:\/\/www.gresie.md\/wp-content\/uploads\/2025\/06\/TH_ModularT_Beton_Original-575x575.jpg",575,575,true],"emoza-medium":["https:\/\/www.gresie.md\/wp-content\/uploads\/2025\/06\/TH_ModularT_Beton_Original-380x380.jpg",380,380,true],"woocommerce_thumbnail":["https:\/\/www.gresie.md\/wp-content\/uploads\/2025\/06\/TH_ModularT_Beton_Original-420x420.jpg",420,420,true],"woocommerce_single":["https:\/\/www.gresie.md\/wp-content\/uploads\/2025\/06\/TH_ModularT_Beton_Original-800x800.jpg",800,800,true],"woocommerce_gallery_thumbnail":["https:\/\/www.gresie.md\/wp-content\/uploads\/2025\/06\/TH_ModularT_Beton_Original-100x100.jpg",100,100,true],"variation_swatches_image_size":["https:\/\/www.gresie.md\/wp-content\/uploads\/2025\/06\/TH_ModularT_Beton_Original-50x50.jpg",50,50,true],"variation_swatches_tooltip_size":["https:\/\/www.gresie.md\/wp-content\/uploads\/2025\/06\/TH_ModularT_Beton_Original-100x100.jpg",100,100,true]},"uagb_author_info":{"display_name":"valik","author_link":"https:\/\/www.gresie.md\/ro\/author\/"},"uagb_comment_info":0,"uagb_excerpt":"ModularT 7 \u043f\u0440\u0435\u0434\u043b\u0430\u0433\u0430\u0435\u0442 \u0441\u0430\u043c\u044b\u0435 \u043c\u043e\u0434\u043d\u044b\u0435 \u0434\u0435\u043a\u043e\u0440\u044b \u0438\u0437 \u0434\u0435\u0440\u0435\u0432\u0430 \u0438 \u043a\u0430\u043c\u043d\u044f \u0432 \u0440\u0430\u0437\u043b\u0438\u0447\u043d\u044b\u0445 \u0444\u043e\u0440\u043c\u0430\u0442\u0430\u0445. \u041a\u043e\u043b\u043b\u0435\u043a\u0446\u0438\u044f \u043f\u043e\u0434\u043e\u0439\u0434\u0435\u0442 \u0434\u043b\u044f \u0441\u043e\u0432\u0440\u0435\u043c\u0435\u043d\u043d\u044b\u0445 \u0438\u043d\u0442\u0435\u0440\u044c\u0435\u0440\u043e\u0432 \u2014 \u043e\u043d\u0430 [&hellip;]","_links":{"self":[{"href":"https:\/\/www.gresie.md\/ro\/wp-json\/wp\/v2\/product\/3394","targetHints":{"allow":["GET"]}}],"collection":[{"href":"https:\/\/www.gresie.md\/ro\/wp-json\/wp\/v2\/product"}],"about":[{"href":"https:\/\/www.gresie.md\/ro\/wp-json\/wp\/v2\/types\/product"}],"wp:featuredmedia":[{"embeddable":true,"href":"https:\/\/www.gresie.md\/ro\/wp-json\/wp\/v2\/media\/3401"}],"wp:attachment":[{"href":"https:\/\/www.gresie.md\/ro\/wp-json\/wp\/v2\/media?parent=3394"}],"wp:term":[{"taxonomy":"product_brand","embeddable":true,"href":"https:\/\/www.gresie.md\/ro\/wp-json\/wp\/v2\/product_brand?post=3394"},{"taxonomy":"product_cat","embeddable":true,"href":"https:\/\/www.gresie.md\/ro\/wp-json\/wp\/v2\/product_cat?post=3394"},{"taxonomy":"product_tag","embeddable":true,"href":"https:\/\/www.gresie.md\/ro\/wp-json\/wp\/v2\/product_tag?post=3394"}],"curies":[{"name":"wp","href":"https:\/\/api.w.org\/{rel}","templated":true}]}}