{"id":3556,"date":"2025-06-04T13:19:28","date_gmt":"2025-06-04T10:19:28","guid":{"rendered":"https:\/\/www.gresie.md\/?post_type=product&#038;p=3556"},"modified":"2026-04-03T12:43:45","modified_gmt":"2026-04-03T09:43:45","slug":"vinil-spc-tarkett","status":"publish","type":"product","link":"https:\/\/www.gresie.md\/ro\/produs\/vinil-spc-tarkett\/","title":{"rendered":"Colec\u021bie Progressive House"},"content":{"rendered":"<p>Colec\u021bia Progressive House reprezint\u0103 stilul unui spa\u021biu dinamic \u0219i contemporan. Cu decoruri care reproduc cu fidelitate textura lemnului natural, aceast\u0103 colec\u021bie v\u0103 permite s\u0103 crea\u021bi interioare originale \u0219i elegante. O solu\u021bie simpl\u0103 \u0219i accesibil\u0103, dar practic\u0103 \u0219i func\u021bional\u0103, se potrive\u0219te perfect \u00een orice interior. Progressive House este un produs de pardoseal\u0103 sigur, care a fost distins cu eticheta ecologic\u0103 \u201eLife Leaf\u201d.<\/p>\n<p>&nbsp;<\/p>\n<div class=\"su-row\"><div class=\"su-column su-column-size-1-2\"><div class=\"su-column-inner su-u-clearfix su-u-trim\">\n<p>&nbsp;<\/p>\n<div class=\"information__characteristics__key-features__title\" data-v-c8e641ae=\"\"><strong>Caracteristici principale<\/strong><\/div>\n<div class=\"information__characteristics__key-features__list\" data-v-c8e641ae=\"\">\n<ul>\n<li>100% rezistent la ap\u0103<\/li>\n<li>Instalare u\u0219oar\u0103<\/li>\n<li>Rezisten\u021b\u0103 \u0219i rezisten\u021b\u0103 la uzur\u0103<\/li>\n<li>Confort de utilizare<\/li>\n<\/ul>\n<\/div>\n<\/div><\/div> <div class=\"su-column su-column-size-1-2\"><div class=\"su-column-inner su-u-clearfix su-u-trim\">\n<p>&nbsp;<\/p>\n<div class=\"information__characteristics__specification__title\" data-v-c8e641ae=\"\"><strong>Specifica\u021bii tehnice \u0219i de mediu<\/strong><\/div>\n<div class=\"information__characteristics__specification__list\" data-v-c8e641ae=\"\">\n<ul>\n<li class=\"information__characteristics__specification__list__item\"><span class=\"information__characteristics__specification__list__item__label\" data-v-c8e641ae=\"\">Clasificare intern\u0103: 23 Intens\u00a0<\/span><span class=\"information__characteristics__specification__list__item__values\" data-v-c8e641ae=\"\">23 Intensiv<\/span><\/li>\n<li class=\"information__characteristics__specification__list__item\"><span class=\"information__characteristics__specification__list__item__label\" data-v-c8e641ae=\"\">Clasificare comercial\u0103:\u00a0<\/span><span class=\"information__characteristics__specification__list__item__values\" data-v-c8e641ae=\"\">31 Moderat<\/span><\/li>\n<li class=\"information__characteristics__specification__list__item\"><span class=\"information__characteristics__specification__list__item__label\" data-v-c8e641ae=\"\">Tratament pentru suprafa\u021b\u0103:\u00a0<\/span><span class=\"information__characteristics__specification__list__item__values\" data-v-c8e641ae=\"\">X-treme<\/span><\/li>\n<li class=\"information__characteristics__specification__list__item\"><span class=\"information__characteristics__specification__list__item__label\" data-v-c8e641ae=\"\">Grosime total\u0103:\u00a0<\/span><span class=\"information__characteristics__specification__list__item__values\" data-v-c8e641ae=\"\">4,40 mm<\/span><\/li>\n<li class=\"information__characteristics__specification__list__item\"><span class=\"information__characteristics__specification__list__item__label\" data-v-c8e641ae=\"\">Grosimea stratului de uzur\u0103:\u00a0<\/span><span class=\"information__characteristics__specification__list__item__values\" data-v-c8e641ae=\"\">0,30 mm<\/span><\/li>\n<\/ul>\n<\/div>\n<\/div><\/div><\/div>","protected":false},"excerpt":{"rendered":"<p>\u041a\u043e\u043b\u043b\u0435\u043a\u0446\u0438\u044f Progressive House \u043f\u0440\u0435\u0434\u0441\u0442\u0430\u0432\u043b\u044f\u0435\u0442 \u0441\u0442\u0438\u043b\u044c \u0434\u0438\u043d\u0430\u043c\u0438\u0447\u043d\u043e\u0433\u043e \u0438 \u0441\u043e\u0432\u0440\u0435\u043c\u0435\u043d\u043d\u043e\u0433\u043e \u043f\u0440\u043e\u0441\u0442\u0440\u0430\u043d\u0441\u0442\u0432\u0430. \u0411\u043b\u0430\u0433\u043e\u0434\u0430\u0440\u044f \u0434\u0435\u043a\u043e\u0440\u0430\u043c, \u0442\u043e\u0447\u043d\u043e \u0432\u043e\u0441\u043f\u0440\u043e\u0438\u0437\u0432\u043e\u0434\u044f\u0449\u0438\u043c \u0444\u0430\u043a\u0442\u0443\u0440\u0443 \u043d\u0430\u0442\u0443\u0440\u0430\u043b\u044c\u043d\u043e\u0433\u043e \u0434\u0435\u0440\u0435\u0432\u0430, \u044d\u0442\u0430 \u043a\u043e\u043b\u043b\u0435\u043a\u0446\u0438\u044f \u043f\u043e\u0437\u0432\u043e\u043b\u044f\u0435\u0442 \u0441\u043e\u0437\u0434\u0430\u0432\u0430\u0442\u044c [&hellip;]<\/p>","protected":false},"featured_media":3563,"template":"","meta":{"_uag_custom_page_level_css":""},"product_brand":[200],"product_cat":[206],"product_tag":[],"class_list":{"0":"post-3556","1":"product","2":"type-product","3":"status-publish","4":"has-post-thumbnail","6":"product_brand-tarkett","7":"product_cat-spc-tarkett","9":"first","10":"outofstock","11":"shipping-taxable","12":"purchasable","13":"product-type-variable"},"yoast_head":"<!-- This site is optimized with the Yoast SEO plugin v25.8 - https:\/\/yoast.com\/wordpress\/plugins\/seo\/ -->\n<title>SPC \u043f\u043e\u043b\u044b \u0432 \u041a\u0438\u0448\u0438\u043d\u0451\u0432\u0435 \u2014 \u043f\u0440\u043e\u0434\u0430\u0436\u0430, \u043c\u043e\u043d\u0442\u0430\u0436 \u0438 \u0433\u0430\u0440\u0430\u043d\u0442\u0438\u044f<\/title>\n<meta name=\"description\" content=\"SPC \u043f\u043e\u043b\u044b \u0432 \u041a\u0438\u0448\u0438\u043d\u0451\u0432\u0435. \u041f\u0440\u0435\u043c\u0438\u0430\u043b\u044c\u043d\u044b\u0435 \u043f\u043e\u043a\u0440\u044b\u0442\u0438\u044f, \u043b\u0443\u0447\u0448\u0438\u0435 \u0446\u0435\u043d\u044b, \u0434\u043e\u0441\u0442\u0430\u0432\u043a\u0430 \u0438 \u043c\u043e\u043d\u0442\u0430\u0436 \u043f\u043e\u0434 \u043a\u043b\u044e\u0447. \u0412 Gresie.md \u2014 \u043c\u0430\u0442\u0435\u0440\u0438\u0430\u043b\u044b \u0432\u044b\u0441\u043e\u043a\u043e\u0433\u043e \u043a\u043b\u0430\u0441\u0441\u0430 \u0438 \u0433\u0430\u0440\u0430\u043d\u0442\u0438\u044f.\" \/>\n<meta name=\"robots\" content=\"index, follow, max-snippet:-1, max-image-preview:large, max-video-preview:-1\" \/>\n<link rel=\"canonical\" href=\"https:\/\/www.gresie.md\/ro\/produs\/vinil-spc-tarkett\/\" \/>\n<meta property=\"og:locale\" content=\"ro_RO\" \/>\n<meta property=\"og:type\" content=\"article\" \/>\n<meta property=\"og:title\" content=\"SPC \u043f\u043e\u043b\u044b \u0432 \u041a\u0438\u0448\u0438\u043d\u0451\u0432\u0435 \u2014 \u043f\u0440\u043e\u0434\u0430\u0436\u0430, \u043c\u043e\u043d\u0442\u0430\u0436 \u0438 \u0433\u0430\u0440\u0430\u043d\u0442\u0438\u044f\" \/>\n<meta property=\"og:description\" content=\"SPC \u043f\u043e\u043b\u044b \u0432 \u041a\u0438\u0448\u0438\u043d\u0451\u0432\u0435. \u041f\u0440\u0435\u043c\u0438\u0430\u043b\u044c\u043d\u044b\u0435 \u043f\u043e\u043a\u0440\u044b\u0442\u0438\u044f, \u043b\u0443\u0447\u0448\u0438\u0435 \u0446\u0435\u043d\u044b, \u0434\u043e\u0441\u0442\u0430\u0432\u043a\u0430 \u0438 \u043c\u043e\u043d\u0442\u0430\u0436 \u043f\u043e\u0434 \u043a\u043b\u044e\u0447. \u0412 Gresie.md \u2014 \u043c\u0430\u0442\u0435\u0440\u0438\u0430\u043b\u044b \u0432\u044b\u0441\u043e\u043a\u043e\u0433\u043e \u043a\u043b\u0430\u0441\u0441\u0430 \u0438 \u0433\u0430\u0440\u0430\u043d\u0442\u0438\u044f.\" \/>\n<meta property=\"og:url\" content=\"https:\/\/www.gresie.md\/ro\/produs\/vinil-spc-tarkett\/\" \/>\n<meta property=\"og:site_name\" content=\"Gresie.md\" \/>\n<meta property=\"article:publisher\" content=\"https:\/\/www.facebook.com\/share\/14Ngv7h72dv\/?mibextid=wwXIfr\" \/>\n<meta property=\"article:modified_time\" content=\"2026-04-03T09:43:45+00:00\" \/>\n<meta property=\"og:image\" content=\"https:\/\/www.gresie.md\/wp-content\/uploads\/2025\/06\/THH_PROGRESSIVEHOUSE_Michael.jpg\" \/>\n\t<meta property=\"og:image:width\" content=\"2560\" \/>\n\t<meta property=\"og:image:height\" content=\"772\" \/>\n\t<meta property=\"og:image:type\" content=\"image\/jpeg\" \/>\n<meta name=\"twitter:card\" content=\"summary_large_image\" \/>\n<meta name=\"twitter:label1\" content=\"Timp estimat pentru citire\" \/>\n\t<meta name=\"twitter:data1\" content=\"1 minut\" \/>\n<script type=\"application\/ld+json\" class=\"yoast-schema-graph\">{\"@context\":\"https:\/\/schema.org\",\"@graph\":[{\"@type\":\"WebPage\",\"@id\":\"https:\/\/www.gresie.md\/product\/vinil-spc-tarkett\/\",\"url\":\"https:\/\/www.gresie.md\/product\/vinil-spc-tarkett\/\",\"name\":\"SPC \u043f\u043e\u043b\u044b \u0432 \u041a\u0438\u0448\u0438\u043d\u0451\u0432\u0435 \u2014 \u043f\u0440\u043e\u0434\u0430\u0436\u0430, \u043c\u043e\u043d\u0442\u0430\u0436 \u0438 \u0433\u0430\u0440\u0430\u043d\u0442\u0438\u044f\",\"isPartOf\":{\"@id\":\"https:\/\/www.gresie.md\/#website\"},\"primaryImageOfPage\":{\"@id\":\"https:\/\/www.gresie.md\/product\/vinil-spc-tarkett\/#primaryimage\"},\"image\":{\"@id\":\"https:\/\/www.gresie.md\/product\/vinil-spc-tarkett\/#primaryimage\"},\"thumbnailUrl\":\"https:\/\/www.gresie.md\/wp-content\/uploads\/2025\/06\/THH_PROGRESSIVEHOUSE_Michael.jpg\",\"datePublished\":\"2025-06-04T10:19:28+00:00\",\"dateModified\":\"2026-04-03T09:43:45+00:00\",\"description\":\"SPC \u043f\u043e\u043b\u044b \u0432 \u041a\u0438\u0448\u0438\u043d\u0451\u0432\u0435. \u041f\u0440\u0435\u043c\u0438\u0430\u043b\u044c\u043d\u044b\u0435 \u043f\u043e\u043a\u0440\u044b\u0442\u0438\u044f, \u043b\u0443\u0447\u0448\u0438\u0435 \u0446\u0435\u043d\u044b, \u0434\u043e\u0441\u0442\u0430\u0432\u043a\u0430 \u0438 \u043c\u043e\u043d\u0442\u0430\u0436 \u043f\u043e\u0434 \u043a\u043b\u044e\u0447. \u0412 Gresie.md \u2014 \u043c\u0430\u0442\u0435\u0440\u0438\u0430\u043b\u044b \u0432\u044b\u0441\u043e\u043a\u043e\u0433\u043e \u043a\u043b\u0430\u0441\u0441\u0430 \u0438 \u0433\u0430\u0440\u0430\u043d\u0442\u0438\u044f.\",\"breadcrumb\":{\"@id\":\"https:\/\/www.gresie.md\/product\/vinil-spc-tarkett\/#breadcrumb\"},\"inLanguage\":\"ro-RO\",\"potentialAction\":[{\"@type\":\"ReadAction\",\"target\":[\"https:\/\/www.gresie.md\/product\/vinil-spc-tarkett\/\"]}]},{\"@type\":\"ImageObject\",\"inLanguage\":\"ro-RO\",\"@id\":\"https:\/\/www.gresie.md\/product\/vinil-spc-tarkett\/#primaryimage\",\"url\":\"https:\/\/www.gresie.md\/wp-content\/uploads\/2025\/06\/THH_PROGRESSIVEHOUSE_Michael.jpg\",\"contentUrl\":\"https:\/\/www.gresie.md\/wp-content\/uploads\/2025\/06\/THH_PROGRESSIVEHOUSE_Michael.jpg\",\"width\":2560,\"height\":772,\"caption\":\"Michael\"},{\"@type\":\"BreadcrumbList\",\"@id\":\"https:\/\/www.gresie.md\/product\/vinil-spc-tarkett\/#breadcrumb\",\"itemListElement\":[{\"@type\":\"ListItem\",\"position\":1,\"name\":\"\u0413\u043b\u0430\u0432\u043d\u0430\u044f \u0441\u0442\u0440\u0430\u043d\u0438\u0446\u0430\",\"item\":\"https:\/\/www.gresie.md\/\"},{\"@type\":\"ListItem\",\"position\":2,\"name\":\"\u041a\u0430\u0442\u0430\u043b\u043e\u0433\",\"item\":\"https:\/\/www.gresie.md\/shop\/\"},{\"@type\":\"ListItem\",\"position\":3,\"name\":\"\u041a\u043e\u043b\u043b\u0435\u043a\u0446\u0438\u044f Progressive House\"}]},{\"@type\":\"WebSite\",\"@id\":\"https:\/\/www.gresie.md\/#website\",\"url\":\"https:\/\/www.gresie.md\/\",\"name\":\"Gresie.md\",\"description\":\"gresie, teracota,tavane metalice, spc, linileum, parchet, mochet\u0103, plitca, ardoseli medicale, fa\u021bade ventilate, terase, pardoseli flotante\",\"publisher\":{\"@id\":\"https:\/\/www.gresie.md\/#organization\"},\"alternateName\":\"Showroom de finisaje pentru pardoseli, tavane \u0219i fa\u021bade ventilate. Descoper\u0103 solu\u021bii moderne \u0219i durabile pentru proiectele tale.\",\"potentialAction\":[{\"@type\":\"SearchAction\",\"target\":{\"@type\":\"EntryPoint\",\"urlTemplate\":\"https:\/\/www.gresie.md\/?s={search_term_string}\"},\"query-input\":{\"@type\":\"PropertyValueSpecification\",\"valueRequired\":true,\"valueName\":\"search_term_string\"}}],\"inLanguage\":\"ro-RO\"},{\"@type\":\"Organization\",\"@id\":\"https:\/\/www.gresie.md\/#organization\",\"name\":\"Gresie md \u0418\u0442\u0430\u043b\u044c\u044f\u043d\u0441\u043a\u0430\u044f \u043f\u043b\u0438\u0442\u043a\u0430\",\"url\":\"https:\/\/www.gresie.md\/\",\"logo\":{\"@type\":\"ImageObject\",\"inLanguage\":\"ro-RO\",\"@id\":\"https:\/\/www.gresie.md\/#\/schema\/logo\/image\/\",\"url\":\"https:\/\/www.gresie.md\/wp-content\/uploads\/2025\/05\/logo_black-e1756978505443.png\",\"contentUrl\":\"https:\/\/www.gresie.md\/wp-content\/uploads\/2025\/05\/logo_black-e1756978505443.png\",\"width\":200,\"height\":85,\"caption\":\"Gresie md \u0418\u0442\u0430\u043b\u044c\u044f\u043d\u0441\u043a\u0430\u044f \u043f\u043b\u0438\u0442\u043a\u0430\"},\"image\":{\"@id\":\"https:\/\/www.gresie.md\/#\/schema\/logo\/image\/\"},\"sameAs\":[\"https:\/\/www.facebook.com\/share\/14Ngv7h72dv\/?mibextid=wwXIfr\"]}]}<\/script>\n<!-- \/ Yoast SEO plugin. -->","yoast_head_json":{"title":"SPC \u043f\u043e\u043b\u044b \u0432 \u041a\u0438\u0448\u0438\u043d\u0451\u0432\u0435 \u2014 \u043f\u0440\u043e\u0434\u0430\u0436\u0430, \u043c\u043e\u043d\u0442\u0430\u0436 \u0438 \u0433\u0430\u0440\u0430\u043d\u0442\u0438\u044f","description":"SPC \u043f\u043e\u043b\u044b \u0432 \u041a\u0438\u0448\u0438\u043d\u0451\u0432\u0435. \u041f\u0440\u0435\u043c\u0438\u0430\u043b\u044c\u043d\u044b\u0435 \u043f\u043e\u043a\u0440\u044b\u0442\u0438\u044f, \u043b\u0443\u0447\u0448\u0438\u0435 \u0446\u0435\u043d\u044b, \u0434\u043e\u0441\u0442\u0430\u0432\u043a\u0430 \u0438 \u043c\u043e\u043d\u0442\u0430\u0436 \u043f\u043e\u0434 \u043a\u043b\u044e\u0447. \u0412 Gresie.md \u2014 \u043c\u0430\u0442\u0435\u0440\u0438\u0430\u043b\u044b \u0432\u044b\u0441\u043e\u043a\u043e\u0433\u043e \u043a\u043b\u0430\u0441\u0441\u0430 \u0438 \u0433\u0430\u0440\u0430\u043d\u0442\u0438\u044f.","robots":{"index":"index","follow":"follow","max-snippet":"max-snippet:-1","max-image-preview":"max-image-preview:large","max-video-preview":"max-video-preview:-1"},"canonical":"https:\/\/www.gresie.md\/ro\/produs\/vinil-spc-tarkett\/","og_locale":"ro_RO","og_type":"article","og_title":"SPC \u043f\u043e\u043b\u044b \u0432 \u041a\u0438\u0448\u0438\u043d\u0451\u0432\u0435 \u2014 \u043f\u0440\u043e\u0434\u0430\u0436\u0430, \u043c\u043e\u043d\u0442\u0430\u0436 \u0438 \u0433\u0430\u0440\u0430\u043d\u0442\u0438\u044f","og_description":"SPC \u043f\u043e\u043b\u044b \u0432 \u041a\u0438\u0448\u0438\u043d\u0451\u0432\u0435. \u041f\u0440\u0435\u043c\u0438\u0430\u043b\u044c\u043d\u044b\u0435 \u043f\u043e\u043a\u0440\u044b\u0442\u0438\u044f, \u043b\u0443\u0447\u0448\u0438\u0435 \u0446\u0435\u043d\u044b, \u0434\u043e\u0441\u0442\u0430\u0432\u043a\u0430 \u0438 \u043c\u043e\u043d\u0442\u0430\u0436 \u043f\u043e\u0434 \u043a\u043b\u044e\u0447. \u0412 Gresie.md \u2014 \u043c\u0430\u0442\u0435\u0440\u0438\u0430\u043b\u044b \u0432\u044b\u0441\u043e\u043a\u043e\u0433\u043e \u043a\u043b\u0430\u0441\u0441\u0430 \u0438 \u0433\u0430\u0440\u0430\u043d\u0442\u0438\u044f.","og_url":"https:\/\/www.gresie.md\/ro\/produs\/vinil-spc-tarkett\/","og_site_name":"Gresie.md","article_publisher":"https:\/\/www.facebook.com\/share\/14Ngv7h72dv\/?mibextid=wwXIfr","article_modified_time":"2026-04-03T09:43:45+00:00","og_image":[{"width":2560,"height":772,"url":"https:\/\/www.gresie.md\/wp-content\/uploads\/2025\/06\/THH_PROGRESSIVEHOUSE_Michael.jpg","type":"image\/jpeg"}],"twitter_card":"summary_large_image","twitter_misc":{"Timp estimat pentru citire":"1 minut"},"schema":{"@context":"https:\/\/schema.org","@graph":[{"@type":"WebPage","@id":"https:\/\/www.gresie.md\/product\/vinil-spc-tarkett\/","url":"https:\/\/www.gresie.md\/product\/vinil-spc-tarkett\/","name":"SPC \u043f\u043e\u043b\u044b \u0432 \u041a\u0438\u0448\u0438\u043d\u0451\u0432\u0435 \u2014 \u043f\u0440\u043e\u0434\u0430\u0436\u0430, \u043c\u043e\u043d\u0442\u0430\u0436 \u0438 \u0433\u0430\u0440\u0430\u043d\u0442\u0438\u044f","isPartOf":{"@id":"https:\/\/www.gresie.md\/#website"},"primaryImageOfPage":{"@id":"https:\/\/www.gresie.md\/product\/vinil-spc-tarkett\/#primaryimage"},"image":{"@id":"https:\/\/www.gresie.md\/product\/vinil-spc-tarkett\/#primaryimage"},"thumbnailUrl":"https:\/\/www.gresie.md\/wp-content\/uploads\/2025\/06\/THH_PROGRESSIVEHOUSE_Michael.jpg","datePublished":"2025-06-04T10:19:28+00:00","dateModified":"2026-04-03T09:43:45+00:00","description":"SPC \u043f\u043e\u043b\u044b \u0432 \u041a\u0438\u0448\u0438\u043d\u0451\u0432\u0435. \u041f\u0440\u0435\u043c\u0438\u0430\u043b\u044c\u043d\u044b\u0435 \u043f\u043e\u043a\u0440\u044b\u0442\u0438\u044f, \u043b\u0443\u0447\u0448\u0438\u0435 \u0446\u0435\u043d\u044b, \u0434\u043e\u0441\u0442\u0430\u0432\u043a\u0430 \u0438 \u043c\u043e\u043d\u0442\u0430\u0436 \u043f\u043e\u0434 \u043a\u043b\u044e\u0447. \u0412 Gresie.md \u2014 \u043c\u0430\u0442\u0435\u0440\u0438\u0430\u043b\u044b \u0432\u044b\u0441\u043e\u043a\u043e\u0433\u043e \u043a\u043b\u0430\u0441\u0441\u0430 \u0438 \u0433\u0430\u0440\u0430\u043d\u0442\u0438\u044f.","breadcrumb":{"@id":"https:\/\/www.gresie.md\/product\/vinil-spc-tarkett\/#breadcrumb"},"inLanguage":"ro-RO","potentialAction":[{"@type":"ReadAction","target":["https:\/\/www.gresie.md\/product\/vinil-spc-tarkett\/"]}]},{"@type":"ImageObject","inLanguage":"ro-RO","@id":"https:\/\/www.gresie.md\/product\/vinil-spc-tarkett\/#primaryimage","url":"https:\/\/www.gresie.md\/wp-content\/uploads\/2025\/06\/THH_PROGRESSIVEHOUSE_Michael.jpg","contentUrl":"https:\/\/www.gresie.md\/wp-content\/uploads\/2025\/06\/THH_PROGRESSIVEHOUSE_Michael.jpg","width":2560,"height":772,"caption":"Michael"},{"@type":"BreadcrumbList","@id":"https:\/\/www.gresie.md\/product\/vinil-spc-tarkett\/#breadcrumb","itemListElement":[{"@type":"ListItem","position":1,"name":"\u0413\u043b\u0430\u0432\u043d\u0430\u044f \u0441\u0442\u0440\u0430\u043d\u0438\u0446\u0430","item":"https:\/\/www.gresie.md\/"},{"@type":"ListItem","position":2,"name":"\u041a\u0430\u0442\u0430\u043b\u043e\u0433","item":"https:\/\/www.gresie.md\/shop\/"},{"@type":"ListItem","position":3,"name":"\u041a\u043e\u043b\u043b\u0435\u043a\u0446\u0438\u044f Progressive House"}]},{"@type":"WebSite","@id":"https:\/\/www.gresie.md\/#website","url":"https:\/\/www.gresie.md\/","name":"Gresie.md","description":"gresie, teracota,tavane metalice, spc, linileum, parchet, mochet\u0103, plitca, ardoseli medicale, fa\u021bade ventilate, terase, pardoseli flotante","publisher":{"@id":"https:\/\/www.gresie.md\/#organization"},"alternateName":"Showroom de finisaje pentru pardoseli, tavane \u0219i fa\u021bade ventilate. Descoper\u0103 solu\u021bii moderne \u0219i durabile pentru proiectele tale.","potentialAction":[{"@type":"SearchAction","target":{"@type":"EntryPoint","urlTemplate":"https:\/\/www.gresie.md\/?s={search_term_string}"},"query-input":{"@type":"PropertyValueSpecification","valueRequired":true,"valueName":"search_term_string"}}],"inLanguage":"ro-RO"},{"@type":"Organization","@id":"https:\/\/www.gresie.md\/#organization","name":"Gresie md \u0418\u0442\u0430\u043b\u044c\u044f\u043d\u0441\u043a\u0430\u044f \u043f\u043b\u0438\u0442\u043a\u0430","url":"https:\/\/www.gresie.md\/","logo":{"@type":"ImageObject","inLanguage":"ro-RO","@id":"https:\/\/www.gresie.md\/#\/schema\/logo\/image\/","url":"https:\/\/www.gresie.md\/wp-content\/uploads\/2025\/05\/logo_black-e1756978505443.png","contentUrl":"https:\/\/www.gresie.md\/wp-content\/uploads\/2025\/05\/logo_black-e1756978505443.png","width":200,"height":85,"caption":"Gresie md \u0418\u0442\u0430\u043b\u044c\u044f\u043d\u0441\u043a\u0430\u044f \u043f\u043b\u0438\u0442\u043a\u0430"},"image":{"@id":"https:\/\/www.gresie.md\/#\/schema\/logo\/image\/"},"sameAs":["https:\/\/www.facebook.com\/share\/14Ngv7h72dv\/?mibextid=wwXIfr"]}]}},"uagb_featured_image_src":{"full":["https:\/\/www.gresie.md\/wp-content\/uploads\/2025\/06\/THH_PROGRESSIVEHOUSE_Michael.jpg",2560,772,false],"thumbnail":["https:\/\/www.gresie.md\/wp-content\/uploads\/2025\/06\/THH_PROGRESSIVEHOUSE_Michael-150x150.jpg",150,150,true],"medium":["https:\/\/www.gresie.md\/wp-content\/uploads\/2025\/06\/THH_PROGRESSIVEHOUSE_Michael-300x90.jpg",300,90,true],"medium_large":["https:\/\/www.gresie.md\/wp-content\/uploads\/2025\/06\/THH_PROGRESSIVEHOUSE_Michael-768x232.jpg",768,232,true],"large":["https:\/\/www.gresie.md\/wp-content\/uploads\/2025\/06\/THH_PROGRESSIVEHOUSE_Michael-1024x309.jpg",1024,309,true],"1536x1536":["https:\/\/www.gresie.md\/wp-content\/uploads\/2025\/06\/THH_PROGRESSIVEHOUSE_Michael-1536x463.jpg",1536,463,true],"2048x2048":["https:\/\/www.gresie.md\/wp-content\/uploads\/2025\/06\/THH_PROGRESSIVEHOUSE_Michael-2048x618.jpg",2048,618,true],"trp-custom-language-flag":["https:\/\/www.gresie.md\/wp-content\/uploads\/2025\/06\/THH_PROGRESSIVEHOUSE_Michael-18x5.jpg",18,5,true],"emoza-extra-large":["https:\/\/www.gresie.md\/wp-content\/uploads\/2025\/06\/THH_PROGRESSIVEHOUSE_Michael-1140x344.jpg",1140,344,true],"emoza-large":["https:\/\/www.gresie.md\/wp-content\/uploads\/2025\/06\/THH_PROGRESSIVEHOUSE_Michael-920x277.jpg",920,277,true],"emoza-big":["https:\/\/www.gresie.md\/wp-content\/uploads\/2025\/06\/THH_PROGRESSIVEHOUSE_Michael-575x173.jpg",575,173,true],"emoza-medium":["https:\/\/www.gresie.md\/wp-content\/uploads\/2025\/06\/THH_PROGRESSIVEHOUSE_Michael-380x115.jpg",380,115,true],"woocommerce_thumbnail":["https:\/\/www.gresie.md\/wp-content\/uploads\/2025\/06\/THH_PROGRESSIVEHOUSE_Michael-420x420.jpg",420,420,true],"woocommerce_single":["https:\/\/www.gresie.md\/wp-content\/uploads\/2025\/06\/THH_PROGRESSIVEHOUSE_Michael-800x241.jpg",800,241,true],"woocommerce_gallery_thumbnail":["https:\/\/www.gresie.md\/wp-content\/uploads\/2025\/06\/THH_PROGRESSIVEHOUSE_Michael-100x100.jpg",100,100,true],"variation_swatches_image_size":["https:\/\/www.gresie.md\/wp-content\/uploads\/2025\/06\/THH_PROGRESSIVEHOUSE_Michael-50x50.jpg",50,50,true],"variation_swatches_tooltip_size":["https:\/\/www.gresie.md\/wp-content\/uploads\/2025\/06\/THH_PROGRESSIVEHOUSE_Michael-100x100.jpg",100,100,true]},"uagb_author_info":{"display_name":"valik","author_link":"https:\/\/www.gresie.md\/ro\/author\/"},"uagb_comment_info":0,"uagb_excerpt":"\u041a\u043e\u043b\u043b\u0435\u043a\u0446\u0438\u044f Progressive House \u043f\u0440\u0435\u0434\u0441\u0442\u0430\u0432\u043b\u044f\u0435\u0442 \u0441\u0442\u0438\u043b\u044c \u0434\u0438\u043d\u0430\u043c\u0438\u0447\u043d\u043e\u0433\u043e \u0438 \u0441\u043e\u0432\u0440\u0435\u043c\u0435\u043d\u043d\u043e\u0433\u043e \u043f\u0440\u043e\u0441\u0442\u0440\u0430\u043d\u0441\u0442\u0432\u0430. \u0411\u043b\u0430\u0433\u043e\u0434\u0430\u0440\u044f \u0434\u0435\u043a\u043e\u0440\u0430\u043c, \u0442\u043e\u0447\u043d\u043e \u0432\u043e\u0441\u043f\u0440\u043e\u0438\u0437\u0432\u043e\u0434\u044f\u0449\u0438\u043c \u0444\u0430\u043a\u0442\u0443\u0440\u0443 \u043d\u0430\u0442\u0443\u0440\u0430\u043b\u044c\u043d\u043e\u0433\u043e \u0434\u0435\u0440\u0435\u0432\u0430, \u044d\u0442\u0430 \u043a\u043e\u043b\u043b\u0435\u043a\u0446\u0438\u044f \u043f\u043e\u0437\u0432\u043e\u043b\u044f\u0435\u0442 \u0441\u043e\u0437\u0434\u0430\u0432\u0430\u0442\u044c [&hellip;]","_links":{"self":[{"href":"https:\/\/www.gresie.md\/ro\/wp-json\/wp\/v2\/product\/3556","targetHints":{"allow":["GET"]}}],"collection":[{"href":"https:\/\/www.gresie.md\/ro\/wp-json\/wp\/v2\/product"}],"about":[{"href":"https:\/\/www.gresie.md\/ro\/wp-json\/wp\/v2\/types\/product"}],"wp:featuredmedia":[{"embeddable":true,"href":"https:\/\/www.gresie.md\/ro\/wp-json\/wp\/v2\/media\/3563"}],"wp:attachment":[{"href":"https:\/\/www.gresie.md\/ro\/wp-json\/wp\/v2\/media?parent=3556"}],"wp:term":[{"taxonomy":"product_brand","embeddable":true,"href":"https:\/\/www.gresie.md\/ro\/wp-json\/wp\/v2\/product_brand?post=3556"},{"taxonomy":"product_cat","embeddable":true,"href":"https:\/\/www.gresie.md\/ro\/wp-json\/wp\/v2\/product_cat?post=3556"},{"taxonomy":"product_tag","embeddable":true,"href":"https:\/\/www.gresie.md\/ro\/wp-json\/wp\/v2\/product_tag?post=3556"}],"curies":[{"name":"wp","href":"https:\/\/api.w.org\/{rel}","templated":true}]}}