{"id":3803,"date":"2025-06-11T12:04:07","date_gmt":"2025-06-11T09:04:07","guid":{"rendered":"https:\/\/www.gresie.md\/?post_type=product&#038;p=3803"},"modified":"2026-04-15T15:17:27","modified_gmt":"2026-04-15T12:17:27","slug":"%d0%ba%d0%be%d0%bb%d0%bb%d0%b5%d0%ba%d1%86%d0%b8%d1%8f-iq-toro-sc","status":"publish","type":"product","link":"https:\/\/www.gresie.md\/ro\/produs\/%d0%ba%d0%be%d0%bb%d0%bb%d0%b5%d0%ba%d1%86%d0%b8%d1%8f-iq-toro-sc\/","title":{"rendered":"Colec\u021bia iQ Toro SC"},"content":{"rendered":"<p>iQ Toro SC este o pardoseal\u0103 conductiv\u0103 permanent antistatic\u0103, proiectat\u0103 pentru utilizare \u00een s\u0103lile de opera\u021bie, cabinetele de radiologie, camerele curate \u0219i laboratoare. Propriet\u0103\u021bile conductoare \u00eembun\u0103t\u0103\u021bite sunt ob\u021binute prin incorporarea particulelor de carbon \u00een PVC, \u00eempreun\u0103 cu o baz\u0103 din carbon pur. Fiind parte a seriei iQ, aceast\u0103 colec\u021bie se remarc\u0103 \u0219i prin durabilitatea excep\u021bional\u0103, precum \u0219i prin rezisten\u021ba superioar\u0103 la uzur\u0103, pete \u0219i abraziune, fiind ideal\u0103 pentru zone cu trafic intens. Culorile se potrivesc armonios cu alte produse \u0219i accesorii din seriile noastre iQ.<\/p>\n<p>&nbsp;<\/p>\n<div class=\"su-row\"><div class=\"su-column su-column-size-1-2\"><div class=\"su-column-inner su-u-clearfix su-u-trim\">\n<p>&nbsp;<\/p>\n<div class=\"information__characteristics__key-features__title\" data-v-c8e641ae=\"\"><strong>Caracteristici principale<\/strong><\/div>\n<div class=\"information__characteristics__key-features__list\" data-v-c8e641ae=\"\">\n<ul>\n<li>Permanent conductiv antistatic<\/li>\n<li>Cel mai bun raport calitate-pre\u021b de pe pia\u021b\u0103<\/li>\n<li>Restaurare unic\u0103 a suprafe\u021bei prin metoda de lustruire uscat\u0103<\/li>\n<li>Face parte dintr-un concept integrat de solu\u021bii<\/li>\n<\/ul>\n<\/div>\n<\/div><\/div> <div class=\"su-column su-column-size-1-2\"><div class=\"su-column-inner su-u-clearfix su-u-trim\">\n<p>&nbsp;<\/p>\n<div class=\"information__characteristics__specification__title\" data-v-c8e641ae=\"\"><strong>Specifica\u021bii tehnice \u0219i de mediu<\/strong><\/div>\n<div class=\"information__characteristics__specification__list\" data-v-c8e641ae=\"\">\n<ul>\n<li class=\"information__characteristics__specification__list__item\"><span class=\"information__characteristics__specification__list__item__label\" data-v-c8e641ae=\"\">Tipul produsului ISO:\u00a0<\/span><span class=\"information__characteristics__specification__list__item__values\" data-v-c8e641ae=\"\">ISO 10581 conductiv<\/span><\/li>\n<li class=\"information__characteristics__specification__list__item\"><span class=\"information__characteristics__specification__list__item__label\" data-v-c8e641ae=\"\">Clasificare comercial\u0103:\u00a0<\/span><span class=\"information__characteristics__specification__list__item__values\" data-v-c8e641ae=\"\">34 Very Heavy<\/span><\/li>\n<li class=\"information__characteristics__specification__list__item\"><span class=\"information__characteristics__specification__list__item__label\" data-v-c8e641ae=\"\">Clasificare industrial\u0103:\u00a0<\/span><span class=\"information__characteristics__specification__list__item__values\" data-v-c8e641ae=\"\">43 Intens<\/span><\/li>\n<li class=\"information__characteristics__specification__list__item\"><span class=\"information__characteristics__specification__list__item__label\" data-v-c8e641ae=\"\">Tratament pentru suprafa\u021b\u0103:\u00a0<\/span><span class=\"information__characteristics__specification__list__item__values\" data-v-c8e641ae=\"\">New iQ PUR<\/span><\/li>\n<li class=\"information__characteristics__specification__list__item\"><span class=\"information__characteristics__specification__list__item__label\" data-v-c8e641ae=\"\">Grosime total\u0103:\u00a0<\/span><span class=\"information__characteristics__specification__list__item__values\" data-v-c8e641ae=\"\">2 mm<\/span><\/li>\n<\/ul>\n<\/div>\n<\/div><\/div><\/div>","protected":false},"excerpt":{"rendered":"<p>iQ Toro SC \u2014 \u044d\u0442\u043e \u043f\u043e\u0441\u0442\u043e\u044f\u043d\u043d\u043e \u0441\u0442\u0430\u0442\u0438\u0447\u0435\u0441\u043a\u043e\u0435 \u043f\u0440\u043e\u0432\u043e\u0434\u044f\u0449\u0435\u0435 \u043d\u0430\u043f\u043e\u043b\u044c\u043d\u043e\u0435 \u043f\u043e\u043a\u0440\u044b\u0442\u0438\u0435, \u0440\u0430\u0437\u0440\u0430\u0431\u043e\u0442\u0430\u043d\u043d\u043e\u0435 \u0434\u043b\u044f \u0438\u0441\u043f\u043e\u043b\u044c\u0437\u043e\u0432\u0430\u043d\u0438\u044f \u0432 \u043e\u043f\u0435\u0440\u0430\u0446\u0438\u043e\u043d\u043d\u044b\u0445, \u0440\u0435\u043d\u0442\u0433\u0435\u043d\u043e\u0432\u0441\u043a\u0438\u0445 \u043a\u0430\u0431\u0438\u043d\u0435\u0442\u0430\u0445, \u0447\u0438\u0441\u0442\u044b\u0445 \u043f\u043e\u043c\u0435\u0449\u0435\u043d\u0438\u044f\u0445 \u0438 [&hellip;]<\/p>","protected":false},"featured_media":3813,"template":"","meta":{"_uag_custom_page_level_css":""},"product_brand":[200],"product_cat":[230],"product_tag":[],"class_list":{"0":"post-3803","1":"product","2":"type-product","3":"status-publish","4":"has-post-thumbnail","6":"product_brand-tarkett","7":"product_cat-antistaticescii-linileium","9":"first","10":"outofstock","11":"shipping-taxable","12":"purchasable","13":"product-type-variable"},"yoast_head":"<!-- This site is optimized with the Yoast SEO plugin v25.8 - https:\/\/yoast.com\/wordpress\/plugins\/seo\/ -->\n<title>Linoleum Medical \u2014 Antibacterian \u0219i Conductiv | Chi\u0219in\u0103u<\/title>\n<meta name=\"description\" content=\"Linoleum medical pentru spitale \u0219i clinici. Material antibacterian, conductiv \u0219i rezistent. Livrare rapid\u0103 \u00een Moldova. Produse certificate.\" \/>\n<meta name=\"robots\" content=\"index, follow, max-snippet:-1, max-image-preview:large, max-video-preview:-1\" \/>\n<link rel=\"canonical\" href=\"https:\/\/www.gresie.md\/ro\/produs\/\u043a\u043e\u043b\u043b\u0435\u043a\u0446\u0438\u044f-iq-toro-sc\/\" \/>\n<meta property=\"og:locale\" content=\"ro_RO\" \/>\n<meta property=\"og:type\" content=\"article\" \/>\n<meta property=\"og:title\" content=\"Linoleum Medical \u2014 Antibacterian \u0219i Conductiv | Chi\u0219in\u0103u\" \/>\n<meta property=\"og:description\" content=\"Linoleum medical pentru spitale \u0219i clinici. Material antibacterian, conductiv \u0219i rezistent. Livrare rapid\u0103 \u00een Moldova. Produse certificate.\" \/>\n<meta property=\"og:url\" content=\"https:\/\/www.gresie.md\/ro\/produs\/\u043a\u043e\u043b\u043b\u0435\u043a\u0446\u0438\u044f-iq-toro-sc\/\" \/>\n<meta property=\"og:site_name\" content=\"Gresie.md\" \/>\n<meta property=\"article:publisher\" content=\"https:\/\/www.facebook.com\/share\/14Ngv7h72dv\/?mibextid=wwXIfr\" \/>\n<meta property=\"article:modified_time\" content=\"2026-04-15T12:17:27+00:00\" \/>\n<meta property=\"og:image\" content=\"https:\/\/www.gresie.md\/wp-content\/uploads\/2025\/06\/THH_HO_iQ-Toro-SC_Light-Aqua_961-e1775120698715.jpg\" \/>\n\t<meta property=\"og:image:width\" content=\"309\" \/>\n\t<meta property=\"og:image:height\" content=\"548\" \/>\n\t<meta property=\"og:image:type\" content=\"image\/jpeg\" \/>\n<meta name=\"twitter:card\" content=\"summary_large_image\" \/>\n<meta name=\"twitter:label1\" content=\"Timp estimat pentru citire\" \/>\n\t<meta name=\"twitter:data1\" content=\"1 minut\" \/>\n<script type=\"application\/ld+json\" class=\"yoast-schema-graph\">{\"@context\":\"https:\/\/schema.org\",\"@graph\":[{\"@type\":\"WebPage\",\"@id\":\"https:\/\/www.gresie.md\/product\/%d0%ba%d0%be%d0%bb%d0%bb%d0%b5%d0%ba%d1%86%d0%b8%d1%8f-iq-toro-sc\/\",\"url\":\"https:\/\/www.gresie.md\/product\/%d0%ba%d0%be%d0%bb%d0%bb%d0%b5%d0%ba%d1%86%d0%b8%d1%8f-iq-toro-sc\/\",\"name\":\"Linoleum Medical \u2014 Antibacterian \u0219i Conductiv | Chi\u0219in\u0103u\",\"isPartOf\":{\"@id\":\"https:\/\/www.gresie.md\/#website\"},\"primaryImageOfPage\":{\"@id\":\"https:\/\/www.gresie.md\/product\/%d0%ba%d0%be%d0%bb%d0%bb%d0%b5%d0%ba%d1%86%d0%b8%d1%8f-iq-toro-sc\/#primaryimage\"},\"image\":{\"@id\":\"https:\/\/www.gresie.md\/product\/%d0%ba%d0%be%d0%bb%d0%bb%d0%b5%d0%ba%d1%86%d0%b8%d1%8f-iq-toro-sc\/#primaryimage\"},\"thumbnailUrl\":\"https:\/\/www.gresie.md\/wp-content\/uploads\/2025\/06\/THH_HO_iQ-Toro-SC_Light-Aqua_961-e1775120698715.jpg\",\"datePublished\":\"2025-06-11T09:04:07+00:00\",\"dateModified\":\"2026-04-15T12:17:27+00:00\",\"description\":\"Linoleum medical pentru spitale \u0219i clinici. Material antibacterian, conductiv \u0219i rezistent. Livrare rapid\u0103 \u00een Moldova. Produse certificate.\",\"breadcrumb\":{\"@id\":\"https:\/\/www.gresie.md\/product\/%d0%ba%d0%be%d0%bb%d0%bb%d0%b5%d0%ba%d1%86%d0%b8%d1%8f-iq-toro-sc\/#breadcrumb\"},\"inLanguage\":\"ro-RO\",\"potentialAction\":[{\"@type\":\"ReadAction\",\"target\":[\"https:\/\/www.gresie.md\/product\/%d0%ba%d0%be%d0%bb%d0%bb%d0%b5%d0%ba%d1%86%d0%b8%d1%8f-iq-toro-sc\/\"]}]},{\"@type\":\"ImageObject\",\"inLanguage\":\"ro-RO\",\"@id\":\"https:\/\/www.gresie.md\/product\/%d0%ba%d0%be%d0%bb%d0%bb%d0%b5%d0%ba%d1%86%d0%b8%d1%8f-iq-toro-sc\/#primaryimage\",\"url\":\"https:\/\/www.gresie.md\/wp-content\/uploads\/2025\/06\/THH_HO_iQ-Toro-SC_Light-Aqua_961-e1775120698715.jpg\",\"contentUrl\":\"https:\/\/www.gresie.md\/wp-content\/uploads\/2025\/06\/THH_HO_iQ-Toro-SC_Light-Aqua_961-e1775120698715.jpg\",\"width\":309,\"height\":548,\"caption\":\"SC_Light-Aqua_961\"},{\"@type\":\"BreadcrumbList\",\"@id\":\"https:\/\/www.gresie.md\/product\/%d0%ba%d0%be%d0%bb%d0%bb%d0%b5%d0%ba%d1%86%d0%b8%d1%8f-iq-toro-sc\/#breadcrumb\",\"itemListElement\":[{\"@type\":\"ListItem\",\"position\":1,\"name\":\"\u0413\u043b\u0430\u0432\u043d\u0430\u044f \u0441\u0442\u0440\u0430\u043d\u0438\u0446\u0430\",\"item\":\"https:\/\/www.gresie.md\/\"},{\"@type\":\"ListItem\",\"position\":2,\"name\":\"\u041a\u0430\u0442\u0430\u043b\u043e\u0433\",\"item\":\"https:\/\/www.gresie.md\/shop\/\"},{\"@type\":\"ListItem\",\"position\":3,\"name\":\"\u041a\u043e\u043b\u043b\u0435\u043a\u0446\u0438\u044f iQ Toro SC\"}]},{\"@type\":\"WebSite\",\"@id\":\"https:\/\/www.gresie.md\/#website\",\"url\":\"https:\/\/www.gresie.md\/\",\"name\":\"Gresie.md\",\"description\":\"gresie, teracota,tavane metalice, spc, linileum, parchet, mochet\u0103, plitca, ardoseli medicale, fa\u021bade ventilate, terase, pardoseli flotante\",\"publisher\":{\"@id\":\"https:\/\/www.gresie.md\/#organization\"},\"alternateName\":\"Showroom de finisaje pentru pardoseli, tavane \u0219i fa\u021bade ventilate. Descoper\u0103 solu\u021bii moderne \u0219i durabile pentru proiectele tale.\",\"potentialAction\":[{\"@type\":\"SearchAction\",\"target\":{\"@type\":\"EntryPoint\",\"urlTemplate\":\"https:\/\/www.gresie.md\/?s={search_term_string}\"},\"query-input\":{\"@type\":\"PropertyValueSpecification\",\"valueRequired\":true,\"valueName\":\"search_term_string\"}}],\"inLanguage\":\"ro-RO\"},{\"@type\":\"Organization\",\"@id\":\"https:\/\/www.gresie.md\/#organization\",\"name\":\"Gresie md \u0418\u0442\u0430\u043b\u044c\u044f\u043d\u0441\u043a\u0430\u044f \u043f\u043b\u0438\u0442\u043a\u0430\",\"url\":\"https:\/\/www.gresie.md\/\",\"logo\":{\"@type\":\"ImageObject\",\"inLanguage\":\"ro-RO\",\"@id\":\"https:\/\/www.gresie.md\/#\/schema\/logo\/image\/\",\"url\":\"https:\/\/www.gresie.md\/wp-content\/uploads\/2025\/05\/logo_black-e1756978505443.png\",\"contentUrl\":\"https:\/\/www.gresie.md\/wp-content\/uploads\/2025\/05\/logo_black-e1756978505443.png\",\"width\":200,\"height\":85,\"caption\":\"Gresie md \u0418\u0442\u0430\u043b\u044c\u044f\u043d\u0441\u043a\u0430\u044f \u043f\u043b\u0438\u0442\u043a\u0430\"},\"image\":{\"@id\":\"https:\/\/www.gresie.md\/#\/schema\/logo\/image\/\"},\"sameAs\":[\"https:\/\/www.facebook.com\/share\/14Ngv7h72dv\/?mibextid=wwXIfr\"]}]}<\/script>\n<!-- \/ Yoast SEO plugin. -->","yoast_head_json":{"title":"Linoleum Medical \u2014 Antibacterian \u0219i Conductiv | Chi\u0219in\u0103u","description":"Linoleum medical pentru spitale \u0219i clinici. Material antibacterian, conductiv \u0219i rezistent. Livrare rapid\u0103 \u00een Moldova. Produse certificate.","robots":{"index":"index","follow":"follow","max-snippet":"max-snippet:-1","max-image-preview":"max-image-preview:large","max-video-preview":"max-video-preview:-1"},"canonical":"https:\/\/www.gresie.md\/ro\/produs\/\u043a\u043e\u043b\u043b\u0435\u043a\u0446\u0438\u044f-iq-toro-sc\/","og_locale":"ro_RO","og_type":"article","og_title":"Linoleum Medical \u2014 Antibacterian \u0219i Conductiv | Chi\u0219in\u0103u","og_description":"Linoleum medical pentru spitale \u0219i clinici. Material antibacterian, conductiv \u0219i rezistent. Livrare rapid\u0103 \u00een Moldova. Produse certificate.","og_url":"https:\/\/www.gresie.md\/ro\/produs\/\u043a\u043e\u043b\u043b\u0435\u043a\u0446\u0438\u044f-iq-toro-sc\/","og_site_name":"Gresie.md","article_publisher":"https:\/\/www.facebook.com\/share\/14Ngv7h72dv\/?mibextid=wwXIfr","article_modified_time":"2026-04-15T12:17:27+00:00","og_image":[{"width":309,"height":548,"url":"https:\/\/www.gresie.md\/wp-content\/uploads\/2025\/06\/THH_HO_iQ-Toro-SC_Light-Aqua_961-e1775120698715.jpg","type":"image\/jpeg"}],"twitter_card":"summary_large_image","twitter_misc":{"Timp estimat pentru citire":"1 minut"},"schema":{"@context":"https:\/\/schema.org","@graph":[{"@type":"WebPage","@id":"https:\/\/www.gresie.md\/product\/%d0%ba%d0%be%d0%bb%d0%bb%d0%b5%d0%ba%d1%86%d0%b8%d1%8f-iq-toro-sc\/","url":"https:\/\/www.gresie.md\/product\/%d0%ba%d0%be%d0%bb%d0%bb%d0%b5%d0%ba%d1%86%d0%b8%d1%8f-iq-toro-sc\/","name":"Linoleum Medical \u2014 Antibacterian \u0219i Conductiv | Chi\u0219in\u0103u","isPartOf":{"@id":"https:\/\/www.gresie.md\/#website"},"primaryImageOfPage":{"@id":"https:\/\/www.gresie.md\/product\/%d0%ba%d0%be%d0%bb%d0%bb%d0%b5%d0%ba%d1%86%d0%b8%d1%8f-iq-toro-sc\/#primaryimage"},"image":{"@id":"https:\/\/www.gresie.md\/product\/%d0%ba%d0%be%d0%bb%d0%bb%d0%b5%d0%ba%d1%86%d0%b8%d1%8f-iq-toro-sc\/#primaryimage"},"thumbnailUrl":"https:\/\/www.gresie.md\/wp-content\/uploads\/2025\/06\/THH_HO_iQ-Toro-SC_Light-Aqua_961-e1775120698715.jpg","datePublished":"2025-06-11T09:04:07+00:00","dateModified":"2026-04-15T12:17:27+00:00","description":"Linoleum medical pentru spitale \u0219i clinici. Material antibacterian, conductiv \u0219i rezistent. Livrare rapid\u0103 \u00een Moldova. Produse certificate.","breadcrumb":{"@id":"https:\/\/www.gresie.md\/product\/%d0%ba%d0%be%d0%bb%d0%bb%d0%b5%d0%ba%d1%86%d0%b8%d1%8f-iq-toro-sc\/#breadcrumb"},"inLanguage":"ro-RO","potentialAction":[{"@type":"ReadAction","target":["https:\/\/www.gresie.md\/product\/%d0%ba%d0%be%d0%bb%d0%bb%d0%b5%d0%ba%d1%86%d0%b8%d1%8f-iq-toro-sc\/"]}]},{"@type":"ImageObject","inLanguage":"ro-RO","@id":"https:\/\/www.gresie.md\/product\/%d0%ba%d0%be%d0%bb%d0%bb%d0%b5%d0%ba%d1%86%d0%b8%d1%8f-iq-toro-sc\/#primaryimage","url":"https:\/\/www.gresie.md\/wp-content\/uploads\/2025\/06\/THH_HO_iQ-Toro-SC_Light-Aqua_961-e1775120698715.jpg","contentUrl":"https:\/\/www.gresie.md\/wp-content\/uploads\/2025\/06\/THH_HO_iQ-Toro-SC_Light-Aqua_961-e1775120698715.jpg","width":309,"height":548,"caption":"SC_Light-Aqua_961"},{"@type":"BreadcrumbList","@id":"https:\/\/www.gresie.md\/product\/%d0%ba%d0%be%d0%bb%d0%bb%d0%b5%d0%ba%d1%86%d0%b8%d1%8f-iq-toro-sc\/#breadcrumb","itemListElement":[{"@type":"ListItem","position":1,"name":"\u0413\u043b\u0430\u0432\u043d\u0430\u044f \u0441\u0442\u0440\u0430\u043d\u0438\u0446\u0430","item":"https:\/\/www.gresie.md\/"},{"@type":"ListItem","position":2,"name":"\u041a\u0430\u0442\u0430\u043b\u043e\u0433","item":"https:\/\/www.gresie.md\/shop\/"},{"@type":"ListItem","position":3,"name":"\u041a\u043e\u043b\u043b\u0435\u043a\u0446\u0438\u044f iQ Toro SC"}]},{"@type":"WebSite","@id":"https:\/\/www.gresie.md\/#website","url":"https:\/\/www.gresie.md\/","name":"Gresie.md","description":"gresie, teracota,tavane metalice, spc, linileum, parchet, mochet\u0103, plitca, ardoseli medicale, fa\u021bade ventilate, terase, pardoseli flotante","publisher":{"@id":"https:\/\/www.gresie.md\/#organization"},"alternateName":"Showroom de finisaje pentru pardoseli, tavane \u0219i fa\u021bade ventilate. Descoper\u0103 solu\u021bii moderne \u0219i durabile pentru proiectele tale.","potentialAction":[{"@type":"SearchAction","target":{"@type":"EntryPoint","urlTemplate":"https:\/\/www.gresie.md\/?s={search_term_string}"},"query-input":{"@type":"PropertyValueSpecification","valueRequired":true,"valueName":"search_term_string"}}],"inLanguage":"ro-RO"},{"@type":"Organization","@id":"https:\/\/www.gresie.md\/#organization","name":"Gresie md \u0418\u0442\u0430\u043b\u044c\u044f\u043d\u0441\u043a\u0430\u044f \u043f\u043b\u0438\u0442\u043a\u0430","url":"https:\/\/www.gresie.md\/","logo":{"@type":"ImageObject","inLanguage":"ro-RO","@id":"https:\/\/www.gresie.md\/#\/schema\/logo\/image\/","url":"https:\/\/www.gresie.md\/wp-content\/uploads\/2025\/05\/logo_black-e1756978505443.png","contentUrl":"https:\/\/www.gresie.md\/wp-content\/uploads\/2025\/05\/logo_black-e1756978505443.png","width":200,"height":85,"caption":"Gresie md \u0418\u0442\u0430\u043b\u044c\u044f\u043d\u0441\u043a\u0430\u044f \u043f\u043b\u0438\u0442\u043a\u0430"},"image":{"@id":"https:\/\/www.gresie.md\/#\/schema\/logo\/image\/"},"sameAs":["https:\/\/www.facebook.com\/share\/14Ngv7h72dv\/?mibextid=wwXIfr"]}]}},"uagb_featured_image_src":{"full":["https:\/\/www.gresie.md\/wp-content\/uploads\/2025\/06\/THH_HO_iQ-Toro-SC_Light-Aqua_961-e1775120698715.jpg",309,548,false],"thumbnail":["https:\/\/www.gresie.md\/wp-content\/uploads\/2025\/06\/THH_HO_iQ-Toro-SC_Light-Aqua_961-e1775120698715-150x150.jpg",150,150,true],"medium":["https:\/\/www.gresie.md\/wp-content\/uploads\/2025\/06\/THH_HO_iQ-Toro-SC_Light-Aqua_961-e1775120698715-169x300.jpg",169,300,true],"medium_large":["https:\/\/www.gresie.md\/wp-content\/uploads\/2025\/06\/THH_HO_iQ-Toro-SC_Light-Aqua_961-e1775120698715.jpg",309,548,false],"large":["https:\/\/www.gresie.md\/wp-content\/uploads\/2025\/06\/THH_HO_iQ-Toro-SC_Light-Aqua_961-e1775120698715.jpg",309,548,false],"1536x1536":["https:\/\/www.gresie.md\/wp-content\/uploads\/2025\/06\/THH_HO_iQ-Toro-SC_Light-Aqua_961-e1775120698715.jpg",309,548,false],"2048x2048":["https:\/\/www.gresie.md\/wp-content\/uploads\/2025\/06\/THH_HO_iQ-Toro-SC_Light-Aqua_961-e1775120698715.jpg",309,548,false],"trp-custom-language-flag":["https:\/\/www.gresie.md\/wp-content\/uploads\/2025\/06\/THH_HO_iQ-Toro-SC_Light-Aqua_961-e1775120698715-7x12.jpg",7,12,true],"emoza-extra-large":["https:\/\/www.gresie.md\/wp-content\/uploads\/2025\/06\/THH_HO_iQ-Toro-SC_Light-Aqua_961-e1775120698715.jpg",309,548,false],"emoza-large":["https:\/\/www.gresie.md\/wp-content\/uploads\/2025\/06\/THH_HO_iQ-Toro-SC_Light-Aqua_961-e1775120698715.jpg",309,548,false],"emoza-big":["https:\/\/www.gresie.md\/wp-content\/uploads\/2025\/06\/THH_HO_iQ-Toro-SC_Light-Aqua_961-e1775120698715.jpg",309,548,false],"emoza-medium":["https:\/\/www.gresie.md\/wp-content\/uploads\/2025\/06\/THH_HO_iQ-Toro-SC_Light-Aqua_961-380x214.jpg",380,214,true],"woocommerce_thumbnail":["https:\/\/www.gresie.md\/wp-content\/uploads\/2025\/06\/THH_HO_iQ-Toro-SC_Light-Aqua_961-e1775120698715-309x420.jpg",309,420,true],"woocommerce_single":["https:\/\/www.gresie.md\/wp-content\/uploads\/2025\/06\/THH_HO_iQ-Toro-SC_Light-Aqua_961-e1775120698715.jpg",309,548,false],"woocommerce_gallery_thumbnail":["https:\/\/www.gresie.md\/wp-content\/uploads\/2025\/06\/THH_HO_iQ-Toro-SC_Light-Aqua_961-e1775120698715-100x100.jpg",100,100,true],"variation_swatches_image_size":["https:\/\/www.gresie.md\/wp-content\/uploads\/2025\/06\/THH_HO_iQ-Toro-SC_Light-Aqua_961-e1775120698715-50x50.jpg",50,50,true],"variation_swatches_tooltip_size":["https:\/\/www.gresie.md\/wp-content\/uploads\/2025\/06\/THH_HO_iQ-Toro-SC_Light-Aqua_961-e1775120698715-100x100.jpg",100,100,true]},"uagb_author_info":{"display_name":"valik","author_link":"https:\/\/www.gresie.md\/ro\/author\/"},"uagb_comment_info":0,"uagb_excerpt":"iQ Toro SC \u2014 \u044d\u0442\u043e \u043f\u043e\u0441\u0442\u043e\u044f\u043d\u043d\u043e \u0441\u0442\u0430\u0442\u0438\u0447\u0435\u0441\u043a\u043e\u0435 \u043f\u0440\u043e\u0432\u043e\u0434\u044f\u0449\u0435\u0435 \u043d\u0430\u043f\u043e\u043b\u044c\u043d\u043e\u0435 \u043f\u043e\u043a\u0440\u044b\u0442\u0438\u0435, \u0440\u0430\u0437\u0440\u0430\u0431\u043e\u0442\u0430\u043d\u043d\u043e\u0435 \u0434\u043b\u044f \u0438\u0441\u043f\u043e\u043b\u044c\u0437\u043e\u0432\u0430\u043d\u0438\u044f \u0432 \u043e\u043f\u0435\u0440\u0430\u0446\u0438\u043e\u043d\u043d\u044b\u0445, \u0440\u0435\u043d\u0442\u0433\u0435\u043d\u043e\u0432\u0441\u043a\u0438\u0445 \u043a\u0430\u0431\u0438\u043d\u0435\u0442\u0430\u0445, \u0447\u0438\u0441\u0442\u044b\u0445 \u043f\u043e\u043c\u0435\u0449\u0435\u043d\u0438\u044f\u0445 \u0438 [&hellip;]","_links":{"self":[{"href":"https:\/\/www.gresie.md\/ro\/wp-json\/wp\/v2\/product\/3803","targetHints":{"allow":["GET"]}}],"collection":[{"href":"https:\/\/www.gresie.md\/ro\/wp-json\/wp\/v2\/product"}],"about":[{"href":"https:\/\/www.gresie.md\/ro\/wp-json\/wp\/v2\/types\/product"}],"wp:featuredmedia":[{"embeddable":true,"href":"https:\/\/www.gresie.md\/ro\/wp-json\/wp\/v2\/media\/3813"}],"wp:attachment":[{"href":"https:\/\/www.gresie.md\/ro\/wp-json\/wp\/v2\/media?parent=3803"}],"wp:term":[{"taxonomy":"product_brand","embeddable":true,"href":"https:\/\/www.gresie.md\/ro\/wp-json\/wp\/v2\/product_brand?post=3803"},{"taxonomy":"product_cat","embeddable":true,"href":"https:\/\/www.gresie.md\/ro\/wp-json\/wp\/v2\/product_cat?post=3803"},{"taxonomy":"product_tag","embeddable":true,"href":"https:\/\/www.gresie.md\/ro\/wp-json\/wp\/v2\/product_tag?post=3803"}],"curies":[{"name":"wp","href":"https:\/\/api.w.org\/{rel}","templated":true}]}}