{"id":3832,"date":"2025-06-11T13:04:59","date_gmt":"2025-06-11T10:04:59","guid":{"rendered":"https:\/\/www.gresie.md\/?post_type=product&#038;p=3832"},"modified":"2026-04-15T15:31:40","modified_gmt":"2026-04-15T12:31:40","slug":"%d0%ba%d0%be%d0%bb%d0%bb%d0%b5%d0%ba%d1%86%d0%b8%d1%8f-th-glade","status":"publish","type":"product","link":"https:\/\/www.gresie.md\/ro\/produs\/%d0%ba%d0%be%d0%bb%d0%bb%d0%b5%d0%ba%d1%86%d0%b8%d1%8f-th-glade\/","title":{"rendered":"Colec\u021bie TH Glade"},"content":{"rendered":"<p>Ad\u0103ugarea de verdea\u021b\u0103 \u00een spa\u021biul exterior aduce natura mai aproape.<\/p>\n<p>Gazonul Glade inspir\u0103 un sentiment de natur\u0103, oferindu-v\u0103 momente de relaxare \u0219i bucurie \u00een fiecare clip\u0103!<\/p>\n<div class=\"su-row\"><div class=\"su-column su-column-size-1-2\"><div class=\"su-column-inner su-u-clearfix su-u-trim\">\n<p>&nbsp;<\/p>\n<div class=\"information__characteristics__key-features__title\" data-v-c8e641ae=\"\"><strong>Caracteristici principale<\/strong><\/div>\n<div class=\"information__characteristics__key-features__list\" data-v-c8e641ae=\"\">\n<ul>\n<li>\u00cen\u0103l\u021bimea firului: 35 mm<\/li>\n<li>Stabilitate UV<\/li>\n<li>Ofer\u0103 durabilitate \u0219i func\u021bionalitate optime pe tot parcursul anului.<\/li>\n<\/ul>\n<\/div>\n<\/div><\/div> <div class=\"su-column su-column-size-1-2\"><div class=\"su-column-inner su-u-clearfix su-u-trim\">\n<p>&nbsp;<\/p>\n<div class=\"information__characteristics__specification__title\" data-v-c8e641ae=\"\"><strong>Specifica\u021bii tehnice \u0219i de mediu<\/strong><\/div>\n<div class=\"information__characteristics__specification__list\" data-v-c8e641ae=\"\">\n<ul>\n<li class=\"information__characteristics__specification__list__item\"><span class=\"information__characteristics__specification__list__item__label\" data-v-c8e641ae=\"\">Grosime total\u0103:\u00a0<\/span><span class=\"information__characteristics__specification__list__item__values\" data-v-c8e641ae=\"\">35 \u043c\u043c<\/span><\/li>\n<li class=\"information__characteristics__specification__list__item\"><span class=\"information__characteristics__specification__list__item__label\" data-v-c8e641ae=\"\">Fibr\u0103 de fire:\u00a0<\/span><span class=\"information__characteristics__specification__list__item__values\" data-v-c8e641ae=\"\">50%P\u0102 50%PP<\/span><\/li>\n<li class=\"information__characteristics__specification__list__item\"><span class=\"information__characteristics__specification__list__item__label\" data-v-c8e641ae=\"\">Tip format:\u00a0<\/span><span class=\"information__characteristics__specification__list__item__values\" data-v-c8e641ae=\"\">Roll<\/span><\/li>\n<\/ul>\n<\/div>\n<\/div><\/div><\/div>","protected":false},"excerpt":{"rendered":"<p>\u0414\u043e\u0431\u0430\u0432\u043b\u0435\u043d\u0438\u0435 \u0437\u0435\u043b\u0435\u043d\u0438 \u0432 \u0432\u0430\u0448\u0435 \u043e\u0442\u043a\u0440\u044b\u0442\u043e\u0435 \u043f\u0440\u043e\u0441\u0442\u0440\u0430\u043d\u0441\u0442\u0432\u043e \u043f\u0440\u0438\u0431\u043b\u0438\u0436\u0430\u0435\u0442 \u043f\u0440\u0438\u0440\u043e\u0434\u0443. \u0413\u0430\u0437\u043e\u043d Glade \u0432\u0434\u043e\u0445\u043d\u043e\u0432\u043b\u044f\u0435\u0442 \u043d\u0430 \u0447\u0443\u0432\u0441\u0442\u0432\u043e \u043f\u0440\u0438\u0440\u043e\u0434\u044b, \u0434\u0430\u0440\u044f \u0432\u0430\u043c \u043c\u043e\u043c\u0435\u043d\u0442\u044b \u0440\u0430\u0441\u0441\u043b\u0430\u0431\u043b\u0435\u043d\u0438\u044f \u0438 \u0440\u0430\u0434\u043e\u0441\u0442\u0438 [&hellip;]<\/p>","protected":false},"featured_media":3834,"template":"","meta":{"_uag_custom_page_level_css":""},"product_brand":[200],"product_cat":[78],"product_tag":[],"class_list":{"0":"post-3832","1":"product","2":"type-product","3":"status-publish","4":"has-post-thumbnail","6":"product_brand-tarkett","7":"product_cat-iscustvennaea-trava","9":"first","10":"outofstock","11":"shipping-taxable","12":"purchasable","13":"product-type-variable"},"yoast_head":"<!-- This site is optimized with the Yoast SEO plugin v25.8 - https:\/\/yoast.com\/wordpress\/plugins\/seo\/ -->\n<title>Gazon artificial Chi\u0219in\u0103u \u2014 curte \u0219i fotbal | Gresie.md<\/title>\n<meta name=\"description\" content=\"Gazon artificial pentru curte \u0219i terenuri de fotbal \u00een Chi\u0219in\u0103u. Montare profesionist \u0219i garan\u021bie de la Gresie.md.\" \/>\n<meta name=\"robots\" content=\"index, follow, max-snippet:-1, max-image-preview:large, max-video-preview:-1\" \/>\n<link rel=\"canonical\" href=\"https:\/\/www.gresie.md\/ro\/produs\/\u043a\u043e\u043b\u043b\u0435\u043a\u0446\u0438\u044f-th-glade\/\" \/>\n<meta property=\"og:locale\" content=\"ro_RO\" \/>\n<meta property=\"og:type\" content=\"article\" \/>\n<meta property=\"og:title\" content=\"Gazon artificial Chi\u0219in\u0103u \u2014 curte \u0219i fotbal | Gresie.md\" \/>\n<meta property=\"og:description\" content=\"Gazon artificial pentru curte \u0219i terenuri de fotbal \u00een Chi\u0219in\u0103u. Montare profesionist \u0219i garan\u021bie de la Gresie.md.\" \/>\n<meta property=\"og:url\" content=\"https:\/\/www.gresie.md\/ro\/produs\/\u043a\u043e\u043b\u043b\u0435\u043a\u0446\u0438\u044f-th-glade\/\" \/>\n<meta property=\"og:site_name\" content=\"Gresie.md\" \/>\n<meta property=\"article:publisher\" content=\"https:\/\/www.facebook.com\/share\/14Ngv7h72dv\/?mibextid=wwXIfr\" \/>\n<meta property=\"article:modified_time\" content=\"2026-04-15T12:31:40+00:00\" \/>\n<meta property=\"og:image\" content=\"https:\/\/www.gresie.md\/wp-content\/uploads\/2025\/06\/TH_Glade.jpg\" \/>\n\t<meta property=\"og:image:width\" content=\"310\" \/>\n\t<meta property=\"og:image:height\" content=\"310\" \/>\n\t<meta property=\"og:image:type\" content=\"image\/jpeg\" \/>\n<meta name=\"twitter:card\" content=\"summary_large_image\" \/>\n<meta name=\"twitter:label1\" content=\"Timp estimat pentru citire\" \/>\n\t<meta name=\"twitter:data1\" content=\"1 minut\" \/>\n<script type=\"application\/ld+json\" class=\"yoast-schema-graph\">{\"@context\":\"https:\/\/schema.org\",\"@graph\":[{\"@type\":\"WebPage\",\"@id\":\"https:\/\/www.gresie.md\/product\/%d0%ba%d0%be%d0%bb%d0%bb%d0%b5%d0%ba%d1%86%d0%b8%d1%8f-th-glade\/\",\"url\":\"https:\/\/www.gresie.md\/product\/%d0%ba%d0%be%d0%bb%d0%bb%d0%b5%d0%ba%d1%86%d0%b8%d1%8f-th-glade\/\",\"name\":\"Gazon artificial Chi\u0219in\u0103u \u2014 curte \u0219i fotbal | Gresie.md\",\"isPartOf\":{\"@id\":\"https:\/\/www.gresie.md\/#website\"},\"primaryImageOfPage\":{\"@id\":\"https:\/\/www.gresie.md\/product\/%d0%ba%d0%be%d0%bb%d0%bb%d0%b5%d0%ba%d1%86%d0%b8%d1%8f-th-glade\/#primaryimage\"},\"image\":{\"@id\":\"https:\/\/www.gresie.md\/product\/%d0%ba%d0%be%d0%bb%d0%bb%d0%b5%d0%ba%d1%86%d0%b8%d1%8f-th-glade\/#primaryimage\"},\"thumbnailUrl\":\"https:\/\/www.gresie.md\/wp-content\/uploads\/2025\/06\/TH_Glade.jpg\",\"datePublished\":\"2025-06-11T10:04:59+00:00\",\"dateModified\":\"2026-04-15T12:31:40+00:00\",\"description\":\"Gazon artificial pentru curte \u0219i terenuri de fotbal \u00een Chi\u0219in\u0103u. Montare profesionist \u0219i garan\u021bie de la Gresie.md.\",\"breadcrumb\":{\"@id\":\"https:\/\/www.gresie.md\/product\/%d0%ba%d0%be%d0%bb%d0%bb%d0%b5%d0%ba%d1%86%d0%b8%d1%8f-th-glade\/#breadcrumb\"},\"inLanguage\":\"ro-RO\",\"potentialAction\":[{\"@type\":\"ReadAction\",\"target\":[\"https:\/\/www.gresie.md\/product\/%d0%ba%d0%be%d0%bb%d0%bb%d0%b5%d0%ba%d1%86%d0%b8%d1%8f-th-glade\/\"]}]},{\"@type\":\"ImageObject\",\"inLanguage\":\"ro-RO\",\"@id\":\"https:\/\/www.gresie.md\/product\/%d0%ba%d0%be%d0%bb%d0%bb%d0%b5%d0%ba%d1%86%d0%b8%d1%8f-th-glade\/#primaryimage\",\"url\":\"https:\/\/www.gresie.md\/wp-content\/uploads\/2025\/06\/TH_Glade.jpg\",\"contentUrl\":\"https:\/\/www.gresie.md\/wp-content\/uploads\/2025\/06\/TH_Glade.jpg\",\"width\":310,\"height\":310,\"caption\":\"651113001\"},{\"@type\":\"BreadcrumbList\",\"@id\":\"https:\/\/www.gresie.md\/product\/%d0%ba%d0%be%d0%bb%d0%bb%d0%b5%d0%ba%d1%86%d0%b8%d1%8f-th-glade\/#breadcrumb\",\"itemListElement\":[{\"@type\":\"ListItem\",\"position\":1,\"name\":\"\u0413\u043b\u0430\u0432\u043d\u0430\u044f \u0441\u0442\u0440\u0430\u043d\u0438\u0446\u0430\",\"item\":\"https:\/\/www.gresie.md\/\"},{\"@type\":\"ListItem\",\"position\":2,\"name\":\"\u041a\u0430\u0442\u0430\u043b\u043e\u0433\",\"item\":\"https:\/\/www.gresie.md\/shop\/\"},{\"@type\":\"ListItem\",\"position\":3,\"name\":\"\u041a\u043e\u043b\u043b\u0435\u043a\u0446\u0438\u044f TH Glade\"}]},{\"@type\":\"WebSite\",\"@id\":\"https:\/\/www.gresie.md\/#website\",\"url\":\"https:\/\/www.gresie.md\/\",\"name\":\"Gresie.md\",\"description\":\"gresie, teracota,tavane metalice, spc, linileum, parchet, mochet\u0103, plitca, ardoseli medicale, fa\u021bade ventilate, terase, pardoseli flotante\",\"publisher\":{\"@id\":\"https:\/\/www.gresie.md\/#organization\"},\"alternateName\":\"Showroom de finisaje pentru pardoseli, tavane \u0219i fa\u021bade ventilate. Descoper\u0103 solu\u021bii moderne \u0219i durabile pentru proiectele tale.\",\"potentialAction\":[{\"@type\":\"SearchAction\",\"target\":{\"@type\":\"EntryPoint\",\"urlTemplate\":\"https:\/\/www.gresie.md\/?s={search_term_string}\"},\"query-input\":{\"@type\":\"PropertyValueSpecification\",\"valueRequired\":true,\"valueName\":\"search_term_string\"}}],\"inLanguage\":\"ro-RO\"},{\"@type\":\"Organization\",\"@id\":\"https:\/\/www.gresie.md\/#organization\",\"name\":\"Gresie md \u0418\u0442\u0430\u043b\u044c\u044f\u043d\u0441\u043a\u0430\u044f \u043f\u043b\u0438\u0442\u043a\u0430\",\"url\":\"https:\/\/www.gresie.md\/\",\"logo\":{\"@type\":\"ImageObject\",\"inLanguage\":\"ro-RO\",\"@id\":\"https:\/\/www.gresie.md\/#\/schema\/logo\/image\/\",\"url\":\"https:\/\/www.gresie.md\/wp-content\/uploads\/2025\/05\/logo_black-e1756978505443.png\",\"contentUrl\":\"https:\/\/www.gresie.md\/wp-content\/uploads\/2025\/05\/logo_black-e1756978505443.png\",\"width\":200,\"height\":85,\"caption\":\"Gresie md \u0418\u0442\u0430\u043b\u044c\u044f\u043d\u0441\u043a\u0430\u044f \u043f\u043b\u0438\u0442\u043a\u0430\"},\"image\":{\"@id\":\"https:\/\/www.gresie.md\/#\/schema\/logo\/image\/\"},\"sameAs\":[\"https:\/\/www.facebook.com\/share\/14Ngv7h72dv\/?mibextid=wwXIfr\"]}]}<\/script>\n<!-- \/ Yoast SEO plugin. -->","yoast_head_json":{"title":"Gazon artificial Chi\u0219in\u0103u \u2014 curte \u0219i fotbal | Gresie.md","description":"Gazon artificial pentru curte \u0219i terenuri de fotbal \u00een Chi\u0219in\u0103u. Montare profesionist \u0219i garan\u021bie de la Gresie.md.","robots":{"index":"index","follow":"follow","max-snippet":"max-snippet:-1","max-image-preview":"max-image-preview:large","max-video-preview":"max-video-preview:-1"},"canonical":"https:\/\/www.gresie.md\/ro\/produs\/\u043a\u043e\u043b\u043b\u0435\u043a\u0446\u0438\u044f-th-glade\/","og_locale":"ro_RO","og_type":"article","og_title":"Gazon artificial Chi\u0219in\u0103u \u2014 curte \u0219i fotbal | Gresie.md","og_description":"Gazon artificial pentru curte \u0219i terenuri de fotbal \u00een Chi\u0219in\u0103u. Montare profesionist \u0219i garan\u021bie de la Gresie.md.","og_url":"https:\/\/www.gresie.md\/ro\/produs\/\u043a\u043e\u043b\u043b\u0435\u043a\u0446\u0438\u044f-th-glade\/","og_site_name":"Gresie.md","article_publisher":"https:\/\/www.facebook.com\/share\/14Ngv7h72dv\/?mibextid=wwXIfr","article_modified_time":"2026-04-15T12:31:40+00:00","og_image":[{"width":310,"height":310,"url":"https:\/\/www.gresie.md\/wp-content\/uploads\/2025\/06\/TH_Glade.jpg","type":"image\/jpeg"}],"twitter_card":"summary_large_image","twitter_misc":{"Timp estimat pentru citire":"1 minut"},"schema":{"@context":"https:\/\/schema.org","@graph":[{"@type":"WebPage","@id":"https:\/\/www.gresie.md\/product\/%d0%ba%d0%be%d0%bb%d0%bb%d0%b5%d0%ba%d1%86%d0%b8%d1%8f-th-glade\/","url":"https:\/\/www.gresie.md\/product\/%d0%ba%d0%be%d0%bb%d0%bb%d0%b5%d0%ba%d1%86%d0%b8%d1%8f-th-glade\/","name":"Gazon artificial Chi\u0219in\u0103u \u2014 curte \u0219i fotbal | Gresie.md","isPartOf":{"@id":"https:\/\/www.gresie.md\/#website"},"primaryImageOfPage":{"@id":"https:\/\/www.gresie.md\/product\/%d0%ba%d0%be%d0%bb%d0%bb%d0%b5%d0%ba%d1%86%d0%b8%d1%8f-th-glade\/#primaryimage"},"image":{"@id":"https:\/\/www.gresie.md\/product\/%d0%ba%d0%be%d0%bb%d0%bb%d0%b5%d0%ba%d1%86%d0%b8%d1%8f-th-glade\/#primaryimage"},"thumbnailUrl":"https:\/\/www.gresie.md\/wp-content\/uploads\/2025\/06\/TH_Glade.jpg","datePublished":"2025-06-11T10:04:59+00:00","dateModified":"2026-04-15T12:31:40+00:00","description":"Gazon artificial pentru curte \u0219i terenuri de fotbal \u00een Chi\u0219in\u0103u. Montare profesionist \u0219i garan\u021bie de la Gresie.md.","breadcrumb":{"@id":"https:\/\/www.gresie.md\/product\/%d0%ba%d0%be%d0%bb%d0%bb%d0%b5%d0%ba%d1%86%d0%b8%d1%8f-th-glade\/#breadcrumb"},"inLanguage":"ro-RO","potentialAction":[{"@type":"ReadAction","target":["https:\/\/www.gresie.md\/product\/%d0%ba%d0%be%d0%bb%d0%bb%d0%b5%d0%ba%d1%86%d0%b8%d1%8f-th-glade\/"]}]},{"@type":"ImageObject","inLanguage":"ro-RO","@id":"https:\/\/www.gresie.md\/product\/%d0%ba%d0%be%d0%bb%d0%bb%d0%b5%d0%ba%d1%86%d0%b8%d1%8f-th-glade\/#primaryimage","url":"https:\/\/www.gresie.md\/wp-content\/uploads\/2025\/06\/TH_Glade.jpg","contentUrl":"https:\/\/www.gresie.md\/wp-content\/uploads\/2025\/06\/TH_Glade.jpg","width":310,"height":310,"caption":"651113001"},{"@type":"BreadcrumbList","@id":"https:\/\/www.gresie.md\/product\/%d0%ba%d0%be%d0%bb%d0%bb%d0%b5%d0%ba%d1%86%d0%b8%d1%8f-th-glade\/#breadcrumb","itemListElement":[{"@type":"ListItem","position":1,"name":"\u0413\u043b\u0430\u0432\u043d\u0430\u044f \u0441\u0442\u0440\u0430\u043d\u0438\u0446\u0430","item":"https:\/\/www.gresie.md\/"},{"@type":"ListItem","position":2,"name":"\u041a\u0430\u0442\u0430\u043b\u043e\u0433","item":"https:\/\/www.gresie.md\/shop\/"},{"@type":"ListItem","position":3,"name":"\u041a\u043e\u043b\u043b\u0435\u043a\u0446\u0438\u044f TH Glade"}]},{"@type":"WebSite","@id":"https:\/\/www.gresie.md\/#website","url":"https:\/\/www.gresie.md\/","name":"Gresie.md","description":"gresie, teracota,tavane metalice, spc, linileum, parchet, mochet\u0103, plitca, ardoseli medicale, fa\u021bade ventilate, terase, pardoseli flotante","publisher":{"@id":"https:\/\/www.gresie.md\/#organization"},"alternateName":"Showroom de finisaje pentru pardoseli, tavane \u0219i fa\u021bade ventilate. Descoper\u0103 solu\u021bii moderne \u0219i durabile pentru proiectele tale.","potentialAction":[{"@type":"SearchAction","target":{"@type":"EntryPoint","urlTemplate":"https:\/\/www.gresie.md\/?s={search_term_string}"},"query-input":{"@type":"PropertyValueSpecification","valueRequired":true,"valueName":"search_term_string"}}],"inLanguage":"ro-RO"},{"@type":"Organization","@id":"https:\/\/www.gresie.md\/#organization","name":"Gresie md \u0418\u0442\u0430\u043b\u044c\u044f\u043d\u0441\u043a\u0430\u044f \u043f\u043b\u0438\u0442\u043a\u0430","url":"https:\/\/www.gresie.md\/","logo":{"@type":"ImageObject","inLanguage":"ro-RO","@id":"https:\/\/www.gresie.md\/#\/schema\/logo\/image\/","url":"https:\/\/www.gresie.md\/wp-content\/uploads\/2025\/05\/logo_black-e1756978505443.png","contentUrl":"https:\/\/www.gresie.md\/wp-content\/uploads\/2025\/05\/logo_black-e1756978505443.png","width":200,"height":85,"caption":"Gresie md \u0418\u0442\u0430\u043b\u044c\u044f\u043d\u0441\u043a\u0430\u044f \u043f\u043b\u0438\u0442\u043a\u0430"},"image":{"@id":"https:\/\/www.gresie.md\/#\/schema\/logo\/image\/"},"sameAs":["https:\/\/www.facebook.com\/share\/14Ngv7h72dv\/?mibextid=wwXIfr"]}]}},"uagb_featured_image_src":{"full":["https:\/\/www.gresie.md\/wp-content\/uploads\/2025\/06\/TH_Glade.jpg",310,310,false],"thumbnail":["https:\/\/www.gresie.md\/wp-content\/uploads\/2025\/06\/TH_Glade-150x150.jpg",150,150,true],"medium":["https:\/\/www.gresie.md\/wp-content\/uploads\/2025\/06\/TH_Glade-300x300.jpg",300,300,true],"medium_large":["https:\/\/www.gresie.md\/wp-content\/uploads\/2025\/06\/TH_Glade.jpg",310,310,false],"large":["https:\/\/www.gresie.md\/wp-content\/uploads\/2025\/06\/TH_Glade.jpg",310,310,false],"1536x1536":["https:\/\/www.gresie.md\/wp-content\/uploads\/2025\/06\/TH_Glade.jpg",310,310,false],"2048x2048":["https:\/\/www.gresie.md\/wp-content\/uploads\/2025\/06\/TH_Glade.jpg",310,310,false],"trp-custom-language-flag":["https:\/\/www.gresie.md\/wp-content\/uploads\/2025\/06\/TH_Glade-12x12.jpg",12,12,true],"emoza-extra-large":["https:\/\/www.gresie.md\/wp-content\/uploads\/2025\/06\/TH_Glade.jpg",310,310,false],"emoza-large":["https:\/\/www.gresie.md\/wp-content\/uploads\/2025\/06\/TH_Glade.jpg",310,310,false],"emoza-big":["https:\/\/www.gresie.md\/wp-content\/uploads\/2025\/06\/TH_Glade.jpg",310,310,false],"emoza-medium":["https:\/\/www.gresie.md\/wp-content\/uploads\/2025\/06\/TH_Glade.jpg",310,310,false],"woocommerce_thumbnail":["https:\/\/www.gresie.md\/wp-content\/uploads\/2025\/06\/TH_Glade.jpg",310,310,false],"woocommerce_single":["https:\/\/www.gresie.md\/wp-content\/uploads\/2025\/06\/TH_Glade.jpg",310,310,false],"woocommerce_gallery_thumbnail":["https:\/\/www.gresie.md\/wp-content\/uploads\/2025\/06\/TH_Glade-100x100.jpg",100,100,true],"variation_swatches_image_size":["https:\/\/www.gresie.md\/wp-content\/uploads\/2025\/06\/TH_Glade-50x50.jpg",50,50,true],"variation_swatches_tooltip_size":["https:\/\/www.gresie.md\/wp-content\/uploads\/2025\/06\/TH_Glade-100x100.jpg",100,100,true]},"uagb_author_info":{"display_name":"valik","author_link":"https:\/\/www.gresie.md\/ro\/author\/"},"uagb_comment_info":0,"uagb_excerpt":"\u0414\u043e\u0431\u0430\u0432\u043b\u0435\u043d\u0438\u0435 \u0437\u0435\u043b\u0435\u043d\u0438 \u0432 \u0432\u0430\u0448\u0435 \u043e\u0442\u043a\u0440\u044b\u0442\u043e\u0435 \u043f\u0440\u043e\u0441\u0442\u0440\u0430\u043d\u0441\u0442\u0432\u043e \u043f\u0440\u0438\u0431\u043b\u0438\u0436\u0430\u0435\u0442 \u043f\u0440\u0438\u0440\u043e\u0434\u0443. \u0413\u0430\u0437\u043e\u043d Glade \u0432\u0434\u043e\u0445\u043d\u043e\u0432\u043b\u044f\u0435\u0442 \u043d\u0430 \u0447\u0443\u0432\u0441\u0442\u0432\u043e \u043f\u0440\u0438\u0440\u043e\u0434\u044b, \u0434\u0430\u0440\u044f \u0432\u0430\u043c \u043c\u043e\u043c\u0435\u043d\u0442\u044b \u0440\u0430\u0441\u0441\u043b\u0430\u0431\u043b\u0435\u043d\u0438\u044f \u0438 \u0440\u0430\u0434\u043e\u0441\u0442\u0438 [&hellip;]","_links":{"self":[{"href":"https:\/\/www.gresie.md\/ro\/wp-json\/wp\/v2\/product\/3832","targetHints":{"allow":["GET"]}}],"collection":[{"href":"https:\/\/www.gresie.md\/ro\/wp-json\/wp\/v2\/product"}],"about":[{"href":"https:\/\/www.gresie.md\/ro\/wp-json\/wp\/v2\/types\/product"}],"wp:featuredmedia":[{"embeddable":true,"href":"https:\/\/www.gresie.md\/ro\/wp-json\/wp\/v2\/media\/3834"}],"wp:attachment":[{"href":"https:\/\/www.gresie.md\/ro\/wp-json\/wp\/v2\/media?parent=3832"}],"wp:term":[{"taxonomy":"product_brand","embeddable":true,"href":"https:\/\/www.gresie.md\/ro\/wp-json\/wp\/v2\/product_brand?post=3832"},{"taxonomy":"product_cat","embeddable":true,"href":"https:\/\/www.gresie.md\/ro\/wp-json\/wp\/v2\/product_cat?post=3832"},{"taxonomy":"product_tag","embeddable":true,"href":"https:\/\/www.gresie.md\/ro\/wp-json\/wp\/v2\/product_tag?post=3832"}],"curies":[{"name":"wp","href":"https:\/\/api.w.org\/{rel}","templated":true}]}}