{"id":3835,"date":"2025-06-11T13:06:33","date_gmt":"2025-06-11T10:06:33","guid":{"rendered":"https:\/\/www.gresie.md\/?post_type=product&#038;p=3835"},"modified":"2026-04-15T15:30:32","modified_gmt":"2026-04-15T12:30:32","slug":"%d0%ba%d0%be%d0%bb%d0%bb%d0%b5%d0%ba%d1%86%d0%b8%d1%8f-th-premier","status":"publish","type":"product","link":"https:\/\/www.gresie.md\/ro\/produs\/%d0%ba%d0%be%d0%bb%d0%bb%d0%b5%d0%ba%d1%86%d0%b8%d1%8f-th-premier\/","title":{"rendered":"Colec\u021bie TH Premier"},"content":{"rendered":"<p>O suprafa\u021b\u0103 excep\u021bional de dens\u0103, cu un nivel ridicat de confort tactil \u0219i o \u00een\u0103l\u021bime impresionant\u0103 de 50 mm, confer\u0103 colec\u021biei un aspect luxuriant \u0219i o culoare natural\u0103. Un produs de top pentru amenajarea peisagistic\u0103 - durabil, rentabil \u0219i care nu necesit\u0103 \u00eentre\u021binere - alternativa ideal\u0103 la gazonul natural.<\/p>\n<div class=\"su-row\"><div class=\"su-column su-column-size-1-2\"><div class=\"su-column-inner su-u-clearfix su-u-trim\">\n<p>&nbsp;<\/p>\n<div class=\"information__characteristics__key-features__title\" data-v-c8e641ae=\"\">\n<div class=\"information__characteristics__key-features__title\" data-v-c8e641ae=\"\"><strong>Caracteristici principale<\/strong><\/div>\n<div class=\"information__characteristics__key-features__list\" data-v-c8e641ae=\"\">\n<ul>\n<li>Suport rezistent la intemperii<\/li>\n<li>Culoare de lung\u0103 durat\u0103 datorit\u0103 aditivilor UV<\/li>\n<li>Raport excelent calitate-pre\u021b<\/li>\n<\/ul>\n<\/div>\n<\/div>\n<\/div><\/div> <div class=\"su-column su-column-size-1-2\"><div class=\"su-column-inner su-u-clearfix su-u-trim\">\n<p>&nbsp;<\/p>\n<div class=\"information__characteristics__specification__title\" data-v-c8e641ae=\"\">\n<div class=\"information__characteristics__specification__title\" data-v-c8e641ae=\"\"><strong>Specifica\u021bii tehnice \u0219i de mediu<\/strong><\/div>\n<div class=\"information__characteristics__specification__list\" data-v-c8e641ae=\"\">\n<ul>\n<li class=\"information__characteristics__specification__list__item\"><span class=\"information__characteristics__specification__list__item__label\" data-v-c8e641ae=\"\">Grosime total\u0103:\u00a0<\/span><span class=\"information__characteristics__specification__list__item__values\" data-v-c8e641ae=\"\">50 \u043c\u043c<\/span><\/li>\n<li class=\"information__characteristics__specification__list__item\"><span class=\"information__characteristics__specification__list__item__label\" data-v-c8e641ae=\"\">Fibr\u0103 de fire:\u00a0<\/span><span class=\"information__characteristics__specification__list__item__values\" data-v-c8e641ae=\"\">50%P\u0102 50%PP<\/span><\/li>\n<li class=\"information__characteristics__specification__list__item\"><span class=\"information__characteristics__specification__list__item__label\" data-v-c8e641ae=\"\">Tip format:\u00a0<\/span><span class=\"information__characteristics__specification__list__item__values\" data-v-c8e641ae=\"\">Roll<\/span><\/li>\n<\/ul>\n<\/div>\n<\/div>\n<\/div><\/div><\/div>","protected":false},"excerpt":{"rendered":"<p>\u0418\u0441\u043a\u043b\u044e\u0447\u0438\u0442\u0435\u043b\u044c\u043d\u043e \u043f\u043b\u043e\u0442\u043d\u0430\u044f \u043f\u043e\u0432\u0435\u0440\u0445\u043d\u043e\u0441\u0442\u044c \u0441 \u0432\u044b\u0441\u043e\u043a\u0438\u043c \u0443\u0440\u043e\u0432\u043d\u0435\u043c \u0442\u0430\u043a\u0442\u0438\u043b\u044c\u043d\u043e\u0433\u043e \u043a\u043e\u043c\u0444\u043e\u0440\u0442\u0430 \u0438 \u0432\u043f\u0435\u0447\u0430\u0442\u043b\u044f\u044e\u0449\u0435\u0439 \u0432\u044b\u0441\u043e\u0442\u043e\u0439 50 \u043c\u043c, \u0447\u0442\u043e \u043f\u0440\u0438\u0434\u0430\u0435\u0442 \u043a\u043e\u043b\u043b\u0435\u043a\u0446\u0438\u0438 \u043f\u044b\u0448\u043d\u044b\u0439 \u0432\u0438\u0434 \u0438 \u0435\u0441\u0442\u0435\u0441\u0442\u0432\u0435\u043d\u043d\u044b\u0439 [&hellip;]<\/p>","protected":false},"featured_media":3837,"template":"","meta":{"_uag_custom_page_level_css":""},"product_brand":[200],"product_cat":[78],"product_tag":[],"class_list":{"0":"post-3835","1":"product","2":"type-product","3":"status-publish","4":"has-post-thumbnail","6":"product_brand-tarkett","7":"product_cat-iscustvennaea-trava","9":"first","10":"outofstock","11":"shipping-taxable","12":"purchasable","13":"product-type-variable"},"yoast_head":"<!-- This site is optimized with the Yoast SEO plugin v25.8 - https:\/\/yoast.com\/wordpress\/plugins\/seo\/ -->\n<title>\u0418\u0441\u043a\u0443\u0441\u0441\u0442\u0432\u0435\u043d\u043d\u0430\u044f \u0442\u0440\u0430\u0432\u0430 \u0432 \u041a\u0438\u0448\u0438\u043d\u0451\u0432\u0435 \u2014 \u0433\u0430\u0437\u043e\u043d \u0438 \u0441\u043f\u043e\u0440\u0442 | Gresie.md<\/title>\n<meta name=\"description\" content=\"\u0418\u0441\u043a\u0443\u0441\u0441\u0442\u0432\u0435\u043d\u043d\u0430\u044f \u0442\u0440\u0430\u0432\u0430 \u0434\u043b\u044f \u0434\u0432\u043e\u0440\u0430 \u0438 \u0444\u0443\u0442\u0431\u043e\u043b\u044c\u043d\u044b\u0445 \u043f\u043e\u043b\u0435\u0439 \u0432 \u041a\u0438\u0448\u0438\u043d\u0451\u0432\u0435. \u041f\u0440\u0435\u043c\u0438\u0430\u043b\u044c\u043d\u044b\u0435 \u043f\u043e\u043a\u0440\u044b\u0442\u0438\u044f, \u043c\u043e\u043d\u0442\u0430\u0436 \u043f\u043e\u0434 \u043a\u043b\u044e\u0447 \u0438 \u0433\u0430\u0440\u0430\u043d\u0442\u0438\u044f \u043e\u0442 Gresie.md.\" \/>\n<meta name=\"robots\" content=\"index, follow, max-snippet:-1, max-image-preview:large, max-video-preview:-1\" \/>\n<link rel=\"canonical\" href=\"https:\/\/www.gresie.md\/ro\/produs\/\u043a\u043e\u043b\u043b\u0435\u043a\u0446\u0438\u044f-th-premier\/\" \/>\n<meta property=\"og:locale\" content=\"ro_RO\" \/>\n<meta property=\"og:type\" content=\"article\" \/>\n<meta property=\"og:title\" content=\"\u0418\u0441\u043a\u0443\u0441\u0441\u0442\u0432\u0435\u043d\u043d\u0430\u044f \u0442\u0440\u0430\u0432\u0430 \u0432 \u041a\u0438\u0448\u0438\u043d\u0451\u0432\u0435 \u2014 \u0433\u0430\u0437\u043e\u043d \u0438 \u0441\u043f\u043e\u0440\u0442 | Gresie.md\" \/>\n<meta property=\"og:description\" content=\"\u0418\u0441\u043a\u0443\u0441\u0441\u0442\u0432\u0435\u043d\u043d\u0430\u044f \u0442\u0440\u0430\u0432\u0430 \u0434\u043b\u044f \u0434\u0432\u043e\u0440\u0430 \u0438 \u0444\u0443\u0442\u0431\u043e\u043b\u044c\u043d\u044b\u0445 \u043f\u043e\u043b\u0435\u0439 \u0432 \u041a\u0438\u0448\u0438\u043d\u0451\u0432\u0435. \u041f\u0440\u0435\u043c\u0438\u0430\u043b\u044c\u043d\u044b\u0435 \u043f\u043e\u043a\u0440\u044b\u0442\u0438\u044f, \u043c\u043e\u043d\u0442\u0430\u0436 \u043f\u043e\u0434 \u043a\u043b\u044e\u0447 \u0438 \u0433\u0430\u0440\u0430\u043d\u0442\u0438\u044f \u043e\u0442 Gresie.md.\" \/>\n<meta property=\"og:url\" content=\"https:\/\/www.gresie.md\/ro\/produs\/\u043a\u043e\u043b\u043b\u0435\u043a\u0446\u0438\u044f-th-premier\/\" \/>\n<meta property=\"og:site_name\" content=\"Gresie.md\" \/>\n<meta property=\"article:publisher\" content=\"https:\/\/www.facebook.com\/share\/14Ngv7h72dv\/?mibextid=wwXIfr\" \/>\n<meta property=\"article:modified_time\" content=\"2026-04-15T12:30:32+00:00\" \/>\n<meta property=\"og:image\" content=\"https:\/\/www.gresie.md\/wp-content\/uploads\/2025\/06\/TH_Premier.jpg\" \/>\n\t<meta property=\"og:image:width\" content=\"310\" \/>\n\t<meta property=\"og:image:height\" content=\"310\" \/>\n\t<meta property=\"og:image:type\" content=\"image\/jpeg\" \/>\n<meta name=\"twitter:card\" content=\"summary_large_image\" \/>\n<meta name=\"twitter:label1\" content=\"Timp estimat pentru citire\" \/>\n\t<meta name=\"twitter:data1\" content=\"1 minut\" \/>\n<script type=\"application\/ld+json\" class=\"yoast-schema-graph\">{\"@context\":\"https:\/\/schema.org\",\"@graph\":[{\"@type\":\"WebPage\",\"@id\":\"https:\/\/www.gresie.md\/product\/%d0%ba%d0%be%d0%bb%d0%bb%d0%b5%d0%ba%d1%86%d0%b8%d1%8f-th-premier\/\",\"url\":\"https:\/\/www.gresie.md\/product\/%d0%ba%d0%be%d0%bb%d0%bb%d0%b5%d0%ba%d1%86%d0%b8%d1%8f-th-premier\/\",\"name\":\"\u0418\u0441\u043a\u0443\u0441\u0441\u0442\u0432\u0435\u043d\u043d\u0430\u044f \u0442\u0440\u0430\u0432\u0430 \u0432 \u041a\u0438\u0448\u0438\u043d\u0451\u0432\u0435 \u2014 \u0433\u0430\u0437\u043e\u043d \u0438 \u0441\u043f\u043e\u0440\u0442 | Gresie.md\",\"isPartOf\":{\"@id\":\"https:\/\/www.gresie.md\/#website\"},\"primaryImageOfPage\":{\"@id\":\"https:\/\/www.gresie.md\/product\/%d0%ba%d0%be%d0%bb%d0%bb%d0%b5%d0%ba%d1%86%d0%b8%d1%8f-th-premier\/#primaryimage\"},\"image\":{\"@id\":\"https:\/\/www.gresie.md\/product\/%d0%ba%d0%be%d0%bb%d0%bb%d0%b5%d0%ba%d1%86%d0%b8%d1%8f-th-premier\/#primaryimage\"},\"thumbnailUrl\":\"https:\/\/www.gresie.md\/wp-content\/uploads\/2025\/06\/TH_Premier.jpg\",\"datePublished\":\"2025-06-11T10:06:33+00:00\",\"dateModified\":\"2026-04-15T12:30:32+00:00\",\"description\":\"\u0418\u0441\u043a\u0443\u0441\u0441\u0442\u0432\u0435\u043d\u043d\u0430\u044f \u0442\u0440\u0430\u0432\u0430 \u0434\u043b\u044f \u0434\u0432\u043e\u0440\u0430 \u0438 \u0444\u0443\u0442\u0431\u043e\u043b\u044c\u043d\u044b\u0445 \u043f\u043e\u043b\u0435\u0439 \u0432 \u041a\u0438\u0448\u0438\u043d\u0451\u0432\u0435. \u041f\u0440\u0435\u043c\u0438\u0430\u043b\u044c\u043d\u044b\u0435 \u043f\u043e\u043a\u0440\u044b\u0442\u0438\u044f, \u043c\u043e\u043d\u0442\u0430\u0436 \u043f\u043e\u0434 \u043a\u043b\u044e\u0447 \u0438 \u0433\u0430\u0440\u0430\u043d\u0442\u0438\u044f \u043e\u0442 Gresie.md.\",\"breadcrumb\":{\"@id\":\"https:\/\/www.gresie.md\/product\/%d0%ba%d0%be%d0%bb%d0%bb%d0%b5%d0%ba%d1%86%d0%b8%d1%8f-th-premier\/#breadcrumb\"},\"inLanguage\":\"ro-RO\",\"potentialAction\":[{\"@type\":\"ReadAction\",\"target\":[\"https:\/\/www.gresie.md\/product\/%d0%ba%d0%be%d0%bb%d0%bb%d0%b5%d0%ba%d1%86%d0%b8%d1%8f-th-premier\/\"]}]},{\"@type\":\"ImageObject\",\"inLanguage\":\"ro-RO\",\"@id\":\"https:\/\/www.gresie.md\/product\/%d0%ba%d0%be%d0%bb%d0%bb%d0%b5%d0%ba%d1%86%d0%b8%d1%8f-th-premier\/#primaryimage\",\"url\":\"https:\/\/www.gresie.md\/wp-content\/uploads\/2025\/06\/TH_Premier.jpg\",\"contentUrl\":\"https:\/\/www.gresie.md\/wp-content\/uploads\/2025\/06\/TH_Premier.jpg\",\"width\":310,\"height\":310,\"caption\":\"651221001|651222001\"},{\"@type\":\"BreadcrumbList\",\"@id\":\"https:\/\/www.gresie.md\/product\/%d0%ba%d0%be%d0%bb%d0%bb%d0%b5%d0%ba%d1%86%d0%b8%d1%8f-th-premier\/#breadcrumb\",\"itemListElement\":[{\"@type\":\"ListItem\",\"position\":1,\"name\":\"\u0413\u043b\u0430\u0432\u043d\u0430\u044f \u0441\u0442\u0440\u0430\u043d\u0438\u0446\u0430\",\"item\":\"https:\/\/www.gresie.md\/\"},{\"@type\":\"ListItem\",\"position\":2,\"name\":\"\u041a\u0430\u0442\u0430\u043b\u043e\u0433\",\"item\":\"https:\/\/www.gresie.md\/shop\/\"},{\"@type\":\"ListItem\",\"position\":3,\"name\":\"\u041a\u043e\u043b\u043b\u0435\u043a\u0446\u0438\u044f TH Premier\"}]},{\"@type\":\"WebSite\",\"@id\":\"https:\/\/www.gresie.md\/#website\",\"url\":\"https:\/\/www.gresie.md\/\",\"name\":\"Gresie.md\",\"description\":\"gresie, teracota,tavane metalice, spc, linileum, parchet, mochet\u0103, plitca, ardoseli medicale, fa\u021bade ventilate, terase, pardoseli flotante\",\"publisher\":{\"@id\":\"https:\/\/www.gresie.md\/#organization\"},\"alternateName\":\"Showroom de finisaje pentru pardoseli, tavane \u0219i fa\u021bade ventilate. Descoper\u0103 solu\u021bii moderne \u0219i durabile pentru proiectele tale.\",\"potentialAction\":[{\"@type\":\"SearchAction\",\"target\":{\"@type\":\"EntryPoint\",\"urlTemplate\":\"https:\/\/www.gresie.md\/?s={search_term_string}\"},\"query-input\":{\"@type\":\"PropertyValueSpecification\",\"valueRequired\":true,\"valueName\":\"search_term_string\"}}],\"inLanguage\":\"ro-RO\"},{\"@type\":\"Organization\",\"@id\":\"https:\/\/www.gresie.md\/#organization\",\"name\":\"Gresie md \u0418\u0442\u0430\u043b\u044c\u044f\u043d\u0441\u043a\u0430\u044f \u043f\u043b\u0438\u0442\u043a\u0430\",\"url\":\"https:\/\/www.gresie.md\/\",\"logo\":{\"@type\":\"ImageObject\",\"inLanguage\":\"ro-RO\",\"@id\":\"https:\/\/www.gresie.md\/#\/schema\/logo\/image\/\",\"url\":\"https:\/\/www.gresie.md\/wp-content\/uploads\/2025\/05\/logo_black-e1756978505443.png\",\"contentUrl\":\"https:\/\/www.gresie.md\/wp-content\/uploads\/2025\/05\/logo_black-e1756978505443.png\",\"width\":200,\"height\":85,\"caption\":\"Gresie md \u0418\u0442\u0430\u043b\u044c\u044f\u043d\u0441\u043a\u0430\u044f \u043f\u043b\u0438\u0442\u043a\u0430\"},\"image\":{\"@id\":\"https:\/\/www.gresie.md\/#\/schema\/logo\/image\/\"},\"sameAs\":[\"https:\/\/www.facebook.com\/share\/14Ngv7h72dv\/?mibextid=wwXIfr\"]}]}<\/script>\n<!-- \/ Yoast SEO plugin. -->","yoast_head_json":{"title":"\u0418\u0441\u043a\u0443\u0441\u0441\u0442\u0432\u0435\u043d\u043d\u0430\u044f \u0442\u0440\u0430\u0432\u0430 \u0432 \u041a\u0438\u0448\u0438\u043d\u0451\u0432\u0435 \u2014 \u0433\u0430\u0437\u043e\u043d \u0438 \u0441\u043f\u043e\u0440\u0442 | Gresie.md","description":"\u0418\u0441\u043a\u0443\u0441\u0441\u0442\u0432\u0435\u043d\u043d\u0430\u044f \u0442\u0440\u0430\u0432\u0430 \u0434\u043b\u044f \u0434\u0432\u043e\u0440\u0430 \u0438 \u0444\u0443\u0442\u0431\u043e\u043b\u044c\u043d\u044b\u0445 \u043f\u043e\u043b\u0435\u0439 \u0432 \u041a\u0438\u0448\u0438\u043d\u0451\u0432\u0435. \u041f\u0440\u0435\u043c\u0438\u0430\u043b\u044c\u043d\u044b\u0435 \u043f\u043e\u043a\u0440\u044b\u0442\u0438\u044f, \u043c\u043e\u043d\u0442\u0430\u0436 \u043f\u043e\u0434 \u043a\u043b\u044e\u0447 \u0438 \u0433\u0430\u0440\u0430\u043d\u0442\u0438\u044f \u043e\u0442 Gresie.md.","robots":{"index":"index","follow":"follow","max-snippet":"max-snippet:-1","max-image-preview":"max-image-preview:large","max-video-preview":"max-video-preview:-1"},"canonical":"https:\/\/www.gresie.md\/ro\/produs\/\u043a\u043e\u043b\u043b\u0435\u043a\u0446\u0438\u044f-th-premier\/","og_locale":"ro_RO","og_type":"article","og_title":"\u0418\u0441\u043a\u0443\u0441\u0441\u0442\u0432\u0435\u043d\u043d\u0430\u044f \u0442\u0440\u0430\u0432\u0430 \u0432 \u041a\u0438\u0448\u0438\u043d\u0451\u0432\u0435 \u2014 \u0433\u0430\u0437\u043e\u043d \u0438 \u0441\u043f\u043e\u0440\u0442 | Gresie.md","og_description":"\u0418\u0441\u043a\u0443\u0441\u0441\u0442\u0432\u0435\u043d\u043d\u0430\u044f \u0442\u0440\u0430\u0432\u0430 \u0434\u043b\u044f \u0434\u0432\u043e\u0440\u0430 \u0438 \u0444\u0443\u0442\u0431\u043e\u043b\u044c\u043d\u044b\u0445 \u043f\u043e\u043b\u0435\u0439 \u0432 \u041a\u0438\u0448\u0438\u043d\u0451\u0432\u0435. \u041f\u0440\u0435\u043c\u0438\u0430\u043b\u044c\u043d\u044b\u0435 \u043f\u043e\u043a\u0440\u044b\u0442\u0438\u044f, \u043c\u043e\u043d\u0442\u0430\u0436 \u043f\u043e\u0434 \u043a\u043b\u044e\u0447 \u0438 \u0433\u0430\u0440\u0430\u043d\u0442\u0438\u044f \u043e\u0442 Gresie.md.","og_url":"https:\/\/www.gresie.md\/ro\/produs\/\u043a\u043e\u043b\u043b\u0435\u043a\u0446\u0438\u044f-th-premier\/","og_site_name":"Gresie.md","article_publisher":"https:\/\/www.facebook.com\/share\/14Ngv7h72dv\/?mibextid=wwXIfr","article_modified_time":"2026-04-15T12:30:32+00:00","og_image":[{"width":310,"height":310,"url":"https:\/\/www.gresie.md\/wp-content\/uploads\/2025\/06\/TH_Premier.jpg","type":"image\/jpeg"}],"twitter_card":"summary_large_image","twitter_misc":{"Timp estimat pentru citire":"1 minut"},"schema":{"@context":"https:\/\/schema.org","@graph":[{"@type":"WebPage","@id":"https:\/\/www.gresie.md\/product\/%d0%ba%d0%be%d0%bb%d0%bb%d0%b5%d0%ba%d1%86%d0%b8%d1%8f-th-premier\/","url":"https:\/\/www.gresie.md\/product\/%d0%ba%d0%be%d0%bb%d0%bb%d0%b5%d0%ba%d1%86%d0%b8%d1%8f-th-premier\/","name":"\u0418\u0441\u043a\u0443\u0441\u0441\u0442\u0432\u0435\u043d\u043d\u0430\u044f \u0442\u0440\u0430\u0432\u0430 \u0432 \u041a\u0438\u0448\u0438\u043d\u0451\u0432\u0435 \u2014 \u0433\u0430\u0437\u043e\u043d \u0438 \u0441\u043f\u043e\u0440\u0442 | Gresie.md","isPartOf":{"@id":"https:\/\/www.gresie.md\/#website"},"primaryImageOfPage":{"@id":"https:\/\/www.gresie.md\/product\/%d0%ba%d0%be%d0%bb%d0%bb%d0%b5%d0%ba%d1%86%d0%b8%d1%8f-th-premier\/#primaryimage"},"image":{"@id":"https:\/\/www.gresie.md\/product\/%d0%ba%d0%be%d0%bb%d0%bb%d0%b5%d0%ba%d1%86%d0%b8%d1%8f-th-premier\/#primaryimage"},"thumbnailUrl":"https:\/\/www.gresie.md\/wp-content\/uploads\/2025\/06\/TH_Premier.jpg","datePublished":"2025-06-11T10:06:33+00:00","dateModified":"2026-04-15T12:30:32+00:00","description":"\u0418\u0441\u043a\u0443\u0441\u0441\u0442\u0432\u0435\u043d\u043d\u0430\u044f \u0442\u0440\u0430\u0432\u0430 \u0434\u043b\u044f \u0434\u0432\u043e\u0440\u0430 \u0438 \u0444\u0443\u0442\u0431\u043e\u043b\u044c\u043d\u044b\u0445 \u043f\u043e\u043b\u0435\u0439 \u0432 \u041a\u0438\u0448\u0438\u043d\u0451\u0432\u0435. \u041f\u0440\u0435\u043c\u0438\u0430\u043b\u044c\u043d\u044b\u0435 \u043f\u043e\u043a\u0440\u044b\u0442\u0438\u044f, \u043c\u043e\u043d\u0442\u0430\u0436 \u043f\u043e\u0434 \u043a\u043b\u044e\u0447 \u0438 \u0433\u0430\u0440\u0430\u043d\u0442\u0438\u044f \u043e\u0442 Gresie.md.","breadcrumb":{"@id":"https:\/\/www.gresie.md\/product\/%d0%ba%d0%be%d0%bb%d0%bb%d0%b5%d0%ba%d1%86%d0%b8%d1%8f-th-premier\/#breadcrumb"},"inLanguage":"ro-RO","potentialAction":[{"@type":"ReadAction","target":["https:\/\/www.gresie.md\/product\/%d0%ba%d0%be%d0%bb%d0%bb%d0%b5%d0%ba%d1%86%d0%b8%d1%8f-th-premier\/"]}]},{"@type":"ImageObject","inLanguage":"ro-RO","@id":"https:\/\/www.gresie.md\/product\/%d0%ba%d0%be%d0%bb%d0%bb%d0%b5%d0%ba%d1%86%d0%b8%d1%8f-th-premier\/#primaryimage","url":"https:\/\/www.gresie.md\/wp-content\/uploads\/2025\/06\/TH_Premier.jpg","contentUrl":"https:\/\/www.gresie.md\/wp-content\/uploads\/2025\/06\/TH_Premier.jpg","width":310,"height":310,"caption":"651221001|651222001"},{"@type":"BreadcrumbList","@id":"https:\/\/www.gresie.md\/product\/%d0%ba%d0%be%d0%bb%d0%bb%d0%b5%d0%ba%d1%86%d0%b8%d1%8f-th-premier\/#breadcrumb","itemListElement":[{"@type":"ListItem","position":1,"name":"\u0413\u043b\u0430\u0432\u043d\u0430\u044f \u0441\u0442\u0440\u0430\u043d\u0438\u0446\u0430","item":"https:\/\/www.gresie.md\/"},{"@type":"ListItem","position":2,"name":"\u041a\u0430\u0442\u0430\u043b\u043e\u0433","item":"https:\/\/www.gresie.md\/shop\/"},{"@type":"ListItem","position":3,"name":"\u041a\u043e\u043b\u043b\u0435\u043a\u0446\u0438\u044f TH Premier"}]},{"@type":"WebSite","@id":"https:\/\/www.gresie.md\/#website","url":"https:\/\/www.gresie.md\/","name":"Gresie.md","description":"gresie, teracota,tavane metalice, spc, linileum, parchet, mochet\u0103, plitca, ardoseli medicale, fa\u021bade ventilate, terase, pardoseli flotante","publisher":{"@id":"https:\/\/www.gresie.md\/#organization"},"alternateName":"Showroom de finisaje pentru pardoseli, tavane \u0219i fa\u021bade ventilate. Descoper\u0103 solu\u021bii moderne \u0219i durabile pentru proiectele tale.","potentialAction":[{"@type":"SearchAction","target":{"@type":"EntryPoint","urlTemplate":"https:\/\/www.gresie.md\/?s={search_term_string}"},"query-input":{"@type":"PropertyValueSpecification","valueRequired":true,"valueName":"search_term_string"}}],"inLanguage":"ro-RO"},{"@type":"Organization","@id":"https:\/\/www.gresie.md\/#organization","name":"Gresie md \u0418\u0442\u0430\u043b\u044c\u044f\u043d\u0441\u043a\u0430\u044f \u043f\u043b\u0438\u0442\u043a\u0430","url":"https:\/\/www.gresie.md\/","logo":{"@type":"ImageObject","inLanguage":"ro-RO","@id":"https:\/\/www.gresie.md\/#\/schema\/logo\/image\/","url":"https:\/\/www.gresie.md\/wp-content\/uploads\/2025\/05\/logo_black-e1756978505443.png","contentUrl":"https:\/\/www.gresie.md\/wp-content\/uploads\/2025\/05\/logo_black-e1756978505443.png","width":200,"height":85,"caption":"Gresie md \u0418\u0442\u0430\u043b\u044c\u044f\u043d\u0441\u043a\u0430\u044f \u043f\u043b\u0438\u0442\u043a\u0430"},"image":{"@id":"https:\/\/www.gresie.md\/#\/schema\/logo\/image\/"},"sameAs":["https:\/\/www.facebook.com\/share\/14Ngv7h72dv\/?mibextid=wwXIfr"]}]}},"uagb_featured_image_src":{"full":["https:\/\/www.gresie.md\/wp-content\/uploads\/2025\/06\/TH_Premier.jpg",310,310,false],"thumbnail":["https:\/\/www.gresie.md\/wp-content\/uploads\/2025\/06\/TH_Premier-150x150.jpg",150,150,true],"medium":["https:\/\/www.gresie.md\/wp-content\/uploads\/2025\/06\/TH_Premier-300x300.jpg",300,300,true],"medium_large":["https:\/\/www.gresie.md\/wp-content\/uploads\/2025\/06\/TH_Premier.jpg",310,310,false],"large":["https:\/\/www.gresie.md\/wp-content\/uploads\/2025\/06\/TH_Premier.jpg",310,310,false],"1536x1536":["https:\/\/www.gresie.md\/wp-content\/uploads\/2025\/06\/TH_Premier.jpg",310,310,false],"2048x2048":["https:\/\/www.gresie.md\/wp-content\/uploads\/2025\/06\/TH_Premier.jpg",310,310,false],"trp-custom-language-flag":["https:\/\/www.gresie.md\/wp-content\/uploads\/2025\/06\/TH_Premier-12x12.jpg",12,12,true],"emoza-extra-large":["https:\/\/www.gresie.md\/wp-content\/uploads\/2025\/06\/TH_Premier.jpg",310,310,false],"emoza-large":["https:\/\/www.gresie.md\/wp-content\/uploads\/2025\/06\/TH_Premier.jpg",310,310,false],"emoza-big":["https:\/\/www.gresie.md\/wp-content\/uploads\/2025\/06\/TH_Premier.jpg",310,310,false],"emoza-medium":["https:\/\/www.gresie.md\/wp-content\/uploads\/2025\/06\/TH_Premier.jpg",310,310,false],"woocommerce_thumbnail":["https:\/\/www.gresie.md\/wp-content\/uploads\/2025\/06\/TH_Premier.jpg",310,310,false],"woocommerce_single":["https:\/\/www.gresie.md\/wp-content\/uploads\/2025\/06\/TH_Premier.jpg",310,310,false],"woocommerce_gallery_thumbnail":["https:\/\/www.gresie.md\/wp-content\/uploads\/2025\/06\/TH_Premier-100x100.jpg",100,100,true],"variation_swatches_image_size":["https:\/\/www.gresie.md\/wp-content\/uploads\/2025\/06\/TH_Premier-50x50.jpg",50,50,true],"variation_swatches_tooltip_size":["https:\/\/www.gresie.md\/wp-content\/uploads\/2025\/06\/TH_Premier-100x100.jpg",100,100,true]},"uagb_author_info":{"display_name":"valik","author_link":"https:\/\/www.gresie.md\/ro\/author\/"},"uagb_comment_info":0,"uagb_excerpt":"\u0418\u0441\u043a\u043b\u044e\u0447\u0438\u0442\u0435\u043b\u044c\u043d\u043e \u043f\u043b\u043e\u0442\u043d\u0430\u044f \u043f\u043e\u0432\u0435\u0440\u0445\u043d\u043e\u0441\u0442\u044c \u0441 \u0432\u044b\u0441\u043e\u043a\u0438\u043c \u0443\u0440\u043e\u0432\u043d\u0435\u043c \u0442\u0430\u043a\u0442\u0438\u043b\u044c\u043d\u043e\u0433\u043e \u043a\u043e\u043c\u0444\u043e\u0440\u0442\u0430 \u0438 \u0432\u043f\u0435\u0447\u0430\u0442\u043b\u044f\u044e\u0449\u0435\u0439 \u0432\u044b\u0441\u043e\u0442\u043e\u0439 50 \u043c\u043c, \u0447\u0442\u043e \u043f\u0440\u0438\u0434\u0430\u0435\u0442 \u043a\u043e\u043b\u043b\u0435\u043a\u0446\u0438\u0438 \u043f\u044b\u0448\u043d\u044b\u0439 \u0432\u0438\u0434 \u0438 \u0435\u0441\u0442\u0435\u0441\u0442\u0432\u0435\u043d\u043d\u044b\u0439 [&hellip;]","_links":{"self":[{"href":"https:\/\/www.gresie.md\/ro\/wp-json\/wp\/v2\/product\/3835","targetHints":{"allow":["GET"]}}],"collection":[{"href":"https:\/\/www.gresie.md\/ro\/wp-json\/wp\/v2\/product"}],"about":[{"href":"https:\/\/www.gresie.md\/ro\/wp-json\/wp\/v2\/types\/product"}],"wp:featuredmedia":[{"embeddable":true,"href":"https:\/\/www.gresie.md\/ro\/wp-json\/wp\/v2\/media\/3837"}],"wp:attachment":[{"href":"https:\/\/www.gresie.md\/ro\/wp-json\/wp\/v2\/media?parent=3835"}],"wp:term":[{"taxonomy":"product_brand","embeddable":true,"href":"https:\/\/www.gresie.md\/ro\/wp-json\/wp\/v2\/product_brand?post=3835"},{"taxonomy":"product_cat","embeddable":true,"href":"https:\/\/www.gresie.md\/ro\/wp-json\/wp\/v2\/product_cat?post=3835"},{"taxonomy":"product_tag","embeddable":true,"href":"https:\/\/www.gresie.md\/ro\/wp-json\/wp\/v2\/product_tag?post=3835"}],"curies":[{"name":"wp","href":"https:\/\/api.w.org\/{rel}","templated":true}]}}