{"id":3991,"date":"2025-06-12T14:38:09","date_gmt":"2025-06-12T11:38:09","guid":{"rendered":"https:\/\/www.gresie.md\/?post_type=product&#038;p=3991"},"modified":"2026-04-06T14:09:47","modified_gmt":"2026-04-06T11:09:47","slug":"%d0%ba%d0%be%d0%bb%d0%bb%d0%b5%d0%ba%d1%86%d0%b8%d1%8f-global-urb","status":"publish","type":"product","link":"https:\/\/www.gresie.md\/ro\/produs\/%d0%ba%d0%be%d0%bb%d0%bb%d0%b5%d0%ba%d1%86%d0%b8%d1%8f-global-urb\/","title":{"rendered":"Colec\u021bie Global Urb"},"content":{"rendered":"<p>Modelele clasice \u0219i simple cu nervuri ale covoarelor Global Urb permit integrarea u\u0219oar\u0103 a acestora \u00eentr-o varietate de stiluri de design interior. Designul convenabil al acestui produs asigur\u0103 o \u00eentre\u021binere u\u0219oar\u0103, iar suportul de cauciuc previne alunecarea \u0219i c\u0103derea. Covorul Global Urb este recomandat pentru buc\u0103t\u0103rii \u0219i holuri.<\/p>\n<div class=\"su-row\"><div class=\"su-column su-column-size-1-2\"><div class=\"su-column-inner su-u-clearfix su-u-trim\">\n<p>&nbsp;<\/p>\n<div class=\"information__characteristics__key-features__title\" data-v-c8e641ae=\"\">\n<div class=\"information__characteristics__key-features__title\" data-v-c8e641ae=\"\">\n<div class=\"information__characteristics__key-features__title\" data-v-c8e641ae=\"\">\n<div class=\"information__characteristics__key-features__title\" data-v-c8e641ae=\"\">\n<div class=\"information__characteristics__key-features__title\" data-v-c8e641ae=\"\">\n<div class=\"information__characteristics__key-features__title\" data-v-c8e641ae=\"\">\n<div class=\"information__characteristics__key-features__title\" data-v-c8e641ae=\"\">\n<div class=\"information__characteristics__key-features__title\" data-v-c8e641ae=\"\">\n<div class=\"information__characteristics__key-features__title\" data-v-c8e641ae=\"\">\n<div class=\"information__characteristics__key-features__title\" data-v-c8e641ae=\"\">\n<div class=\"information__characteristics__key-features__title\" data-v-c8e641ae=\"\">\n<div class=\"information__characteristics__key-features__title\" data-v-c8e641ae=\"\">\n<div class=\"information__characteristics__key-features__title\" data-v-c8e641ae=\"\"><strong>Caracteristici principale<\/strong><\/div>\n<div class=\"information__characteristics__key-features__list\" data-v-c8e641ae=\"\">\n<ul>\n<li>Covoare clasice cu nervuri \u00eentr-o gam\u0103 larg\u0103 de culori<\/li>\n<li>Practicitate: design simplu, potrivit pentru orice tip de utilizare.<\/li>\n<li>U\u0219or de \u00eentre\u021binut: aspirare regulat\u0103 \u0219i \u00eengrijire corespunz\u0103toare.<\/li>\n<li>Siguran\u021b\u0103: antiderapant\u0103<\/li>\n<\/ul>\n<\/div>\n<\/div>\n<\/div>\n<\/div>\n<\/div>\n<\/div>\n<\/div>\n<\/div>\n<\/div>\n<\/div>\n<\/div>\n<\/div>\n<\/div>\n<\/div><\/div> <div class=\"su-column su-column-size-1-2\"><div class=\"su-column-inner su-u-clearfix su-u-trim\">\n<p>&nbsp;<\/p>\n<div class=\"information__characteristics__specification__title\" data-v-c8e641ae=\"\">\n<div class=\"information__characteristics__specification__title\" data-v-c8e641ae=\"\">\n<div class=\"information__characteristics__specification__title\" data-v-c8e641ae=\"\">\n<div class=\"information__characteristics__specification__title\" data-v-c8e641ae=\"\">\n<div class=\"information__characteristics__specification__title\" data-v-c8e641ae=\"\">\n<div class=\"information__characteristics__specification__title\" data-v-c8e641ae=\"\">\n<div class=\"information__characteristics__specification__title\" data-v-c8e641ae=\"\">\n<div class=\"information__characteristics__specification__title\" data-v-c8e641ae=\"\">\n<div class=\"information__characteristics__specification__title\" data-v-c8e641ae=\"\">\n<div class=\"information__characteristics__specification__title\" data-v-c8e641ae=\"\">\n<div class=\"information__characteristics__specification__title\" data-v-c8e641ae=\"\">\n<div class=\"information__characteristics__specification__title\" data-v-c8e641ae=\"\">\n<div class=\"information__characteristics__specification__title\" data-v-c8e641ae=\"\"><strong>Specifica\u021bii tehnice \u0219i de mediu<\/strong><\/div>\n<div class=\"information__characteristics__specification__list\" data-v-c8e641ae=\"\">\n<ul>\n<li class=\"information__characteristics__specification__list__item\"><span class=\"information__characteristics__specification__list__item__label\" data-v-c8e641ae=\"\">\u021aara de origine:\u00a0<\/span><span class=\"information__characteristics__specification__list__item__values\" data-v-c8e641ae=\"\">Serbia<\/span><\/li>\n<li class=\"information__characteristics__specification__list__item\"><span class=\"information__characteristics__specification__list__item__label\" data-v-c8e641ae=\"\">Grosime total\u0103:\u00a0<\/span><span class=\"information__characteristics__specification__list__item__values\" data-v-c8e641ae=\"\">5 mm<\/span><\/li>\n<li class=\"information__characteristics__specification__list__item\"><span class=\"information__characteristics__specification__list__item__label\" data-v-c8e641ae=\"\">Densitate:\u00a0<\/span><span class=\"information__characteristics__specification__list__item__values\" data-v-c8e641ae=\"\">1200 g\/m2<\/span><\/li>\n<li class=\"information__characteristics__specification__list__item\"><span class=\"information__characteristics__specification__list__item__label\" data-v-c8e641ae=\"\">Fibr\u0103 de fire:\u00a0<\/span><span class=\"information__characteristics__specification__list__item__values\" data-v-c8e641ae=\"\">100% PP<\/span><\/li>\n<li class=\"information__characteristics__specification__list__item\"><span class=\"information__characteristics__specification__list__item__label\" data-v-c8e641ae=\"\">Suport secundar:\u00a0<\/span><span class=\"information__characteristics__specification__list__item__values\" data-v-c8e641ae=\"\">URB<\/span><\/li>\n<\/ul>\n<\/div>\n<\/div>\n<\/div>\n<\/div>\n<\/div>\n<\/div>\n<\/div>\n<\/div>\n<\/div>\n<\/div>\n<\/div>\n<\/div>\n<\/div>\n<\/div><\/div><\/div>","protected":false},"excerpt":{"rendered":"<p>\u041a\u043b\u0430\u0441\u0441\u0438\u0447\u0435\u0441\u043a\u0438\u0435 \u0438 \u043f\u0440\u043e\u0441\u0442\u044b\u0435 \u0440\u0435\u0431\u0440\u0438\u0441\u0442\u044b\u0435 \u0443\u0437\u043e\u0440\u044b \u043a\u043e\u0432\u0440\u043e\u0432 Global Urb \u043f\u043e\u0437\u0432\u043e\u043b\u044f\u044e\u0442 \u043b\u0435\u0433\u043a\u043e \u0438\u043d\u0442\u0435\u0433\u0440\u0438\u0440\u043e\u0432\u0430\u0442\u044c \u0438\u0445 \u0432 \u0440\u0430\u0437\u043b\u0438\u0447\u043d\u044b\u0435 \u0441\u0442\u0438\u043b\u0438 \u0434\u0438\u0437\u0430\u0439\u043d\u0430 \u0438\u043d\u0442\u0435\u0440\u044c\u0435\u0440\u0430. \u0423\u0434\u043e\u0431\u043d\u0430\u044f \u043a\u043e\u043d\u0441\u0442\u0440\u0443\u043a\u0446\u0438\u044f \u044d\u0442\u043e\u0433\u043e [&hellip;]<\/p>","protected":false},"featured_media":3993,"template":"","meta":{"_uag_custom_page_level_css":""},"product_brand":[200],"product_cat":[73],"product_tag":[],"class_list":{"0":"post-3991","1":"product","2":"type-product","3":"status-publish","4":"has-post-thumbnail","6":"product_brand-tarkett","7":"product_cat-rulonnii","9":"first","10":"outofstock","11":"shipping-taxable","12":"purchasable","13":"product-type-variable"},"yoast_head":"<!-- This site is optimized with the Yoast SEO plugin v25.8 - https:\/\/yoast.com\/wordpress\/plugins\/seo\/ -->\n<title>Mochet\u0103 \u00een rulou Chi\u0219in\u0103u \u2014 pre\u021buri bune &amp; montare | Gresie.md<\/title>\n<meta name=\"description\" content=\"Cump\u0103r\u0103 mochet\u0103 \u00een rulou \u00een Chi\u0219in\u0103u la cele mai bune pre\u021buri. Modele pentru cas\u0103, birouri \u0219i spa\u021bii comerciale. Materiale premium, montare profesionist \u0219i garan\u021bie de la Gresie.md.\" \/>\n<meta name=\"robots\" content=\"index, follow, max-snippet:-1, max-image-preview:large, max-video-preview:-1\" \/>\n<link rel=\"canonical\" href=\"https:\/\/www.gresie.md\/ro\/produs\/\u043a\u043e\u043b\u043b\u0435\u043a\u0446\u0438\u044f-global-urb\/\" \/>\n<meta property=\"og:locale\" content=\"ro_RO\" \/>\n<meta property=\"og:type\" content=\"article\" \/>\n<meta property=\"og:title\" content=\"Mochet\u0103 \u00een rulou Chi\u0219in\u0103u \u2014 pre\u021buri bune &amp; montare | Gresie.md\" \/>\n<meta property=\"og:description\" content=\"Cump\u0103r\u0103 mochet\u0103 \u00een rulou \u00een Chi\u0219in\u0103u la cele mai bune pre\u021buri. Modele pentru cas\u0103, birouri \u0219i spa\u021bii comerciale. Materiale premium, montare profesionist \u0219i garan\u021bie de la Gresie.md.\" \/>\n<meta property=\"og:url\" content=\"https:\/\/www.gresie.md\/ro\/produs\/\u043a\u043e\u043b\u043b\u0435\u043a\u0446\u0438\u044f-global-urb\/\" \/>\n<meta property=\"og:site_name\" content=\"Gresie.md\" \/>\n<meta property=\"article:publisher\" content=\"https:\/\/www.facebook.com\/share\/14Ngv7h72dv\/?mibextid=wwXIfr\" \/>\n<meta property=\"article:modified_time\" content=\"2026-04-06T11:09:47+00:00\" \/>\n<meta property=\"og:image\" content=\"https:\/\/www.gresie.md\/wp-content\/uploads\/2025\/06\/TH_GLOBAL_URB_11511.jpg\" \/>\n\t<meta property=\"og:image:width\" content=\"310\" \/>\n\t<meta property=\"og:image:height\" content=\"310\" \/>\n\t<meta property=\"og:image:type\" content=\"image\/jpeg\" \/>\n<meta name=\"twitter:card\" content=\"summary_large_image\" \/>\n<meta name=\"twitter:label1\" content=\"Timp estimat pentru citire\" \/>\n\t<meta name=\"twitter:data1\" content=\"1 minut\" \/>\n<script type=\"application\/ld+json\" class=\"yoast-schema-graph\">{\"@context\":\"https:\/\/schema.org\",\"@graph\":[{\"@type\":\"WebPage\",\"@id\":\"https:\/\/www.gresie.md\/product\/%d0%ba%d0%be%d0%bb%d0%bb%d0%b5%d0%ba%d1%86%d0%b8%d1%8f-global-urb\/\",\"url\":\"https:\/\/www.gresie.md\/product\/%d0%ba%d0%be%d0%bb%d0%bb%d0%b5%d0%ba%d1%86%d0%b8%d1%8f-global-urb\/\",\"name\":\"Mochet\u0103 \u00een rulou Chi\u0219in\u0103u \u2014 pre\u021buri bune & montare | Gresie.md\",\"isPartOf\":{\"@id\":\"https:\/\/www.gresie.md\/#website\"},\"primaryImageOfPage\":{\"@id\":\"https:\/\/www.gresie.md\/product\/%d0%ba%d0%be%d0%bb%d0%bb%d0%b5%d0%ba%d1%86%d0%b8%d1%8f-global-urb\/#primaryimage\"},\"image\":{\"@id\":\"https:\/\/www.gresie.md\/product\/%d0%ba%d0%be%d0%bb%d0%bb%d0%b5%d0%ba%d1%86%d0%b8%d1%8f-global-urb\/#primaryimage\"},\"thumbnailUrl\":\"https:\/\/www.gresie.md\/wp-content\/uploads\/2025\/06\/TH_GLOBAL_URB_11511.jpg\",\"datePublished\":\"2025-06-12T11:38:09+00:00\",\"dateModified\":\"2026-04-06T11:09:47+00:00\",\"description\":\"Cump\u0103r\u0103 mochet\u0103 \u00een rulou \u00een Chi\u0219in\u0103u la cele mai bune pre\u021buri. Modele pentru cas\u0103, birouri \u0219i spa\u021bii comerciale. Materiale premium, montare profesionist \u0219i garan\u021bie de la Gresie.md.\",\"breadcrumb\":{\"@id\":\"https:\/\/www.gresie.md\/product\/%d0%ba%d0%be%d0%bb%d0%bb%d0%b5%d0%ba%d1%86%d0%b8%d1%8f-global-urb\/#breadcrumb\"},\"inLanguage\":\"ro-RO\",\"potentialAction\":[{\"@type\":\"ReadAction\",\"target\":[\"https:\/\/www.gresie.md\/product\/%d0%ba%d0%be%d0%bb%d0%bb%d0%b5%d0%ba%d1%86%d0%b8%d1%8f-global-urb\/\"]}]},{\"@type\":\"ImageObject\",\"inLanguage\":\"ro-RO\",\"@id\":\"https:\/\/www.gresie.md\/product\/%d0%ba%d0%be%d0%bb%d0%bb%d0%b5%d0%ba%d1%86%d0%b8%d1%8f-global-urb\/#primaryimage\",\"url\":\"https:\/\/www.gresie.md\/wp-content\/uploads\/2025\/06\/TH_GLOBAL_URB_11511.jpg\",\"contentUrl\":\"https:\/\/www.gresie.md\/wp-content\/uploads\/2025\/06\/TH_GLOBAL_URB_11511.jpg\",\"width\":310,\"height\":310,\"caption\":\"11511\"},{\"@type\":\"BreadcrumbList\",\"@id\":\"https:\/\/www.gresie.md\/product\/%d0%ba%d0%be%d0%bb%d0%bb%d0%b5%d0%ba%d1%86%d0%b8%d1%8f-global-urb\/#breadcrumb\",\"itemListElement\":[{\"@type\":\"ListItem\",\"position\":1,\"name\":\"\u0413\u043b\u0430\u0432\u043d\u0430\u044f \u0441\u0442\u0440\u0430\u043d\u0438\u0446\u0430\",\"item\":\"https:\/\/www.gresie.md\/\"},{\"@type\":\"ListItem\",\"position\":2,\"name\":\"\u041a\u0430\u0442\u0430\u043b\u043e\u0433\",\"item\":\"https:\/\/www.gresie.md\/shop\/\"},{\"@type\":\"ListItem\",\"position\":3,\"name\":\"\u041a\u043e\u043b\u043b\u0435\u043a\u0446\u0438\u044f Global Urb\"}]},{\"@type\":\"WebSite\",\"@id\":\"https:\/\/www.gresie.md\/#website\",\"url\":\"https:\/\/www.gresie.md\/\",\"name\":\"Gresie.md\",\"description\":\"gresie, teracota,tavane metalice, spc, linileum, parchet, mochet\u0103, plitca, ardoseli medicale, fa\u021bade ventilate, terase, pardoseli flotante\",\"publisher\":{\"@id\":\"https:\/\/www.gresie.md\/#organization\"},\"alternateName\":\"Showroom de finisaje pentru pardoseli, tavane \u0219i fa\u021bade ventilate. Descoper\u0103 solu\u021bii moderne \u0219i durabile pentru proiectele tale.\",\"potentialAction\":[{\"@type\":\"SearchAction\",\"target\":{\"@type\":\"EntryPoint\",\"urlTemplate\":\"https:\/\/www.gresie.md\/?s={search_term_string}\"},\"query-input\":{\"@type\":\"PropertyValueSpecification\",\"valueRequired\":true,\"valueName\":\"search_term_string\"}}],\"inLanguage\":\"ro-RO\"},{\"@type\":\"Organization\",\"@id\":\"https:\/\/www.gresie.md\/#organization\",\"name\":\"Gresie md \u0418\u0442\u0430\u043b\u044c\u044f\u043d\u0441\u043a\u0430\u044f \u043f\u043b\u0438\u0442\u043a\u0430\",\"url\":\"https:\/\/www.gresie.md\/\",\"logo\":{\"@type\":\"ImageObject\",\"inLanguage\":\"ro-RO\",\"@id\":\"https:\/\/www.gresie.md\/#\/schema\/logo\/image\/\",\"url\":\"https:\/\/www.gresie.md\/wp-content\/uploads\/2025\/05\/logo_black-e1756978505443.png\",\"contentUrl\":\"https:\/\/www.gresie.md\/wp-content\/uploads\/2025\/05\/logo_black-e1756978505443.png\",\"width\":200,\"height\":85,\"caption\":\"Gresie md \u0418\u0442\u0430\u043b\u044c\u044f\u043d\u0441\u043a\u0430\u044f \u043f\u043b\u0438\u0442\u043a\u0430\"},\"image\":{\"@id\":\"https:\/\/www.gresie.md\/#\/schema\/logo\/image\/\"},\"sameAs\":[\"https:\/\/www.facebook.com\/share\/14Ngv7h72dv\/?mibextid=wwXIfr\"]}]}<\/script>\n<!-- \/ Yoast SEO plugin. -->","yoast_head_json":{"title":"Mochet\u0103 \u00een rulou Chi\u0219in\u0103u \u2014 pre\u021buri bune & montare | Gresie.md","description":"Cump\u0103r\u0103 mochet\u0103 \u00een rulou \u00een Chi\u0219in\u0103u la cele mai bune pre\u021buri. Modele pentru cas\u0103, birouri \u0219i spa\u021bii comerciale. Materiale premium, montare profesionist \u0219i garan\u021bie de la Gresie.md.","robots":{"index":"index","follow":"follow","max-snippet":"max-snippet:-1","max-image-preview":"max-image-preview:large","max-video-preview":"max-video-preview:-1"},"canonical":"https:\/\/www.gresie.md\/ro\/produs\/\u043a\u043e\u043b\u043b\u0435\u043a\u0446\u0438\u044f-global-urb\/","og_locale":"ro_RO","og_type":"article","og_title":"Mochet\u0103 \u00een rulou Chi\u0219in\u0103u \u2014 pre\u021buri bune & montare | Gresie.md","og_description":"Cump\u0103r\u0103 mochet\u0103 \u00een rulou \u00een Chi\u0219in\u0103u la cele mai bune pre\u021buri. Modele pentru cas\u0103, birouri \u0219i spa\u021bii comerciale. Materiale premium, montare profesionist \u0219i garan\u021bie de la Gresie.md.","og_url":"https:\/\/www.gresie.md\/ro\/produs\/\u043a\u043e\u043b\u043b\u0435\u043a\u0446\u0438\u044f-global-urb\/","og_site_name":"Gresie.md","article_publisher":"https:\/\/www.facebook.com\/share\/14Ngv7h72dv\/?mibextid=wwXIfr","article_modified_time":"2026-04-06T11:09:47+00:00","og_image":[{"width":310,"height":310,"url":"https:\/\/www.gresie.md\/wp-content\/uploads\/2025\/06\/TH_GLOBAL_URB_11511.jpg","type":"image\/jpeg"}],"twitter_card":"summary_large_image","twitter_misc":{"Timp estimat pentru citire":"1 minut"},"schema":{"@context":"https:\/\/schema.org","@graph":[{"@type":"WebPage","@id":"https:\/\/www.gresie.md\/product\/%d0%ba%d0%be%d0%bb%d0%bb%d0%b5%d0%ba%d1%86%d0%b8%d1%8f-global-urb\/","url":"https:\/\/www.gresie.md\/product\/%d0%ba%d0%be%d0%bb%d0%bb%d0%b5%d0%ba%d1%86%d0%b8%d1%8f-global-urb\/","name":"Mochet\u0103 \u00een rulou Chi\u0219in\u0103u \u2014 pre\u021buri bune & montare | Gresie.md","isPartOf":{"@id":"https:\/\/www.gresie.md\/#website"},"primaryImageOfPage":{"@id":"https:\/\/www.gresie.md\/product\/%d0%ba%d0%be%d0%bb%d0%bb%d0%b5%d0%ba%d1%86%d0%b8%d1%8f-global-urb\/#primaryimage"},"image":{"@id":"https:\/\/www.gresie.md\/product\/%d0%ba%d0%be%d0%bb%d0%bb%d0%b5%d0%ba%d1%86%d0%b8%d1%8f-global-urb\/#primaryimage"},"thumbnailUrl":"https:\/\/www.gresie.md\/wp-content\/uploads\/2025\/06\/TH_GLOBAL_URB_11511.jpg","datePublished":"2025-06-12T11:38:09+00:00","dateModified":"2026-04-06T11:09:47+00:00","description":"Cump\u0103r\u0103 mochet\u0103 \u00een rulou \u00een Chi\u0219in\u0103u la cele mai bune pre\u021buri. Modele pentru cas\u0103, birouri \u0219i spa\u021bii comerciale. Materiale premium, montare profesionist \u0219i garan\u021bie de la Gresie.md.","breadcrumb":{"@id":"https:\/\/www.gresie.md\/product\/%d0%ba%d0%be%d0%bb%d0%bb%d0%b5%d0%ba%d1%86%d0%b8%d1%8f-global-urb\/#breadcrumb"},"inLanguage":"ro-RO","potentialAction":[{"@type":"ReadAction","target":["https:\/\/www.gresie.md\/product\/%d0%ba%d0%be%d0%bb%d0%bb%d0%b5%d0%ba%d1%86%d0%b8%d1%8f-global-urb\/"]}]},{"@type":"ImageObject","inLanguage":"ro-RO","@id":"https:\/\/www.gresie.md\/product\/%d0%ba%d0%be%d0%bb%d0%bb%d0%b5%d0%ba%d1%86%d0%b8%d1%8f-global-urb\/#primaryimage","url":"https:\/\/www.gresie.md\/wp-content\/uploads\/2025\/06\/TH_GLOBAL_URB_11511.jpg","contentUrl":"https:\/\/www.gresie.md\/wp-content\/uploads\/2025\/06\/TH_GLOBAL_URB_11511.jpg","width":310,"height":310,"caption":"11511"},{"@type":"BreadcrumbList","@id":"https:\/\/www.gresie.md\/product\/%d0%ba%d0%be%d0%bb%d0%bb%d0%b5%d0%ba%d1%86%d0%b8%d1%8f-global-urb\/#breadcrumb","itemListElement":[{"@type":"ListItem","position":1,"name":"\u0413\u043b\u0430\u0432\u043d\u0430\u044f \u0441\u0442\u0440\u0430\u043d\u0438\u0446\u0430","item":"https:\/\/www.gresie.md\/"},{"@type":"ListItem","position":2,"name":"\u041a\u0430\u0442\u0430\u043b\u043e\u0433","item":"https:\/\/www.gresie.md\/shop\/"},{"@type":"ListItem","position":3,"name":"\u041a\u043e\u043b\u043b\u0435\u043a\u0446\u0438\u044f Global Urb"}]},{"@type":"WebSite","@id":"https:\/\/www.gresie.md\/#website","url":"https:\/\/www.gresie.md\/","name":"Gresie.md","description":"gresie, teracota,tavane metalice, spc, linileum, parchet, mochet\u0103, plitca, ardoseli medicale, fa\u021bade ventilate, terase, pardoseli flotante","publisher":{"@id":"https:\/\/www.gresie.md\/#organization"},"alternateName":"Showroom de finisaje pentru pardoseli, tavane \u0219i fa\u021bade ventilate. Descoper\u0103 solu\u021bii moderne \u0219i durabile pentru proiectele tale.","potentialAction":[{"@type":"SearchAction","target":{"@type":"EntryPoint","urlTemplate":"https:\/\/www.gresie.md\/?s={search_term_string}"},"query-input":{"@type":"PropertyValueSpecification","valueRequired":true,"valueName":"search_term_string"}}],"inLanguage":"ro-RO"},{"@type":"Organization","@id":"https:\/\/www.gresie.md\/#organization","name":"Gresie md \u0418\u0442\u0430\u043b\u044c\u044f\u043d\u0441\u043a\u0430\u044f \u043f\u043b\u0438\u0442\u043a\u0430","url":"https:\/\/www.gresie.md\/","logo":{"@type":"ImageObject","inLanguage":"ro-RO","@id":"https:\/\/www.gresie.md\/#\/schema\/logo\/image\/","url":"https:\/\/www.gresie.md\/wp-content\/uploads\/2025\/05\/logo_black-e1756978505443.png","contentUrl":"https:\/\/www.gresie.md\/wp-content\/uploads\/2025\/05\/logo_black-e1756978505443.png","width":200,"height":85,"caption":"Gresie md \u0418\u0442\u0430\u043b\u044c\u044f\u043d\u0441\u043a\u0430\u044f \u043f\u043b\u0438\u0442\u043a\u0430"},"image":{"@id":"https:\/\/www.gresie.md\/#\/schema\/logo\/image\/"},"sameAs":["https:\/\/www.facebook.com\/share\/14Ngv7h72dv\/?mibextid=wwXIfr"]}]}},"uagb_featured_image_src":{"full":["https:\/\/www.gresie.md\/wp-content\/uploads\/2025\/06\/TH_GLOBAL_URB_11511.jpg",310,310,false],"thumbnail":["https:\/\/www.gresie.md\/wp-content\/uploads\/2025\/06\/TH_GLOBAL_URB_11511-150x150.jpg",150,150,true],"medium":["https:\/\/www.gresie.md\/wp-content\/uploads\/2025\/06\/TH_GLOBAL_URB_11511-300x300.jpg",300,300,true],"medium_large":["https:\/\/www.gresie.md\/wp-content\/uploads\/2025\/06\/TH_GLOBAL_URB_11511.jpg",310,310,false],"large":["https:\/\/www.gresie.md\/wp-content\/uploads\/2025\/06\/TH_GLOBAL_URB_11511.jpg",310,310,false],"1536x1536":["https:\/\/www.gresie.md\/wp-content\/uploads\/2025\/06\/TH_GLOBAL_URB_11511.jpg",310,310,false],"2048x2048":["https:\/\/www.gresie.md\/wp-content\/uploads\/2025\/06\/TH_GLOBAL_URB_11511.jpg",310,310,false],"trp-custom-language-flag":["https:\/\/www.gresie.md\/wp-content\/uploads\/2025\/06\/TH_GLOBAL_URB_11511-12x12.jpg",12,12,true],"emoza-extra-large":["https:\/\/www.gresie.md\/wp-content\/uploads\/2025\/06\/TH_GLOBAL_URB_11511.jpg",310,310,false],"emoza-large":["https:\/\/www.gresie.md\/wp-content\/uploads\/2025\/06\/TH_GLOBAL_URB_11511.jpg",310,310,false],"emoza-big":["https:\/\/www.gresie.md\/wp-content\/uploads\/2025\/06\/TH_GLOBAL_URB_11511.jpg",310,310,false],"emoza-medium":["https:\/\/www.gresie.md\/wp-content\/uploads\/2025\/06\/TH_GLOBAL_URB_11511.jpg",310,310,false],"woocommerce_thumbnail":["https:\/\/www.gresie.md\/wp-content\/uploads\/2025\/06\/TH_GLOBAL_URB_11511.jpg",310,310,false],"woocommerce_single":["https:\/\/www.gresie.md\/wp-content\/uploads\/2025\/06\/TH_GLOBAL_URB_11511.jpg",310,310,false],"woocommerce_gallery_thumbnail":["https:\/\/www.gresie.md\/wp-content\/uploads\/2025\/06\/TH_GLOBAL_URB_11511-100x100.jpg",100,100,true],"variation_swatches_image_size":["https:\/\/www.gresie.md\/wp-content\/uploads\/2025\/06\/TH_GLOBAL_URB_11511-50x50.jpg",50,50,true],"variation_swatches_tooltip_size":["https:\/\/www.gresie.md\/wp-content\/uploads\/2025\/06\/TH_GLOBAL_URB_11511-100x100.jpg",100,100,true]},"uagb_author_info":{"display_name":"valik","author_link":"https:\/\/www.gresie.md\/ro\/author\/"},"uagb_comment_info":0,"uagb_excerpt":"\u041a\u043b\u0430\u0441\u0441\u0438\u0447\u0435\u0441\u043a\u0438\u0435 \u0438 \u043f\u0440\u043e\u0441\u0442\u044b\u0435 \u0440\u0435\u0431\u0440\u0438\u0441\u0442\u044b\u0435 \u0443\u0437\u043e\u0440\u044b \u043a\u043e\u0432\u0440\u043e\u0432 Global Urb \u043f\u043e\u0437\u0432\u043e\u043b\u044f\u044e\u0442 \u043b\u0435\u0433\u043a\u043e \u0438\u043d\u0442\u0435\u0433\u0440\u0438\u0440\u043e\u0432\u0430\u0442\u044c \u0438\u0445 \u0432 \u0440\u0430\u0437\u043b\u0438\u0447\u043d\u044b\u0435 \u0441\u0442\u0438\u043b\u0438 \u0434\u0438\u0437\u0430\u0439\u043d\u0430 \u0438\u043d\u0442\u0435\u0440\u044c\u0435\u0440\u0430. \u0423\u0434\u043e\u0431\u043d\u0430\u044f \u043a\u043e\u043d\u0441\u0442\u0440\u0443\u043a\u0446\u0438\u044f \u044d\u0442\u043e\u0433\u043e [&hellip;]","_links":{"self":[{"href":"https:\/\/www.gresie.md\/ro\/wp-json\/wp\/v2\/product\/3991","targetHints":{"allow":["GET"]}}],"collection":[{"href":"https:\/\/www.gresie.md\/ro\/wp-json\/wp\/v2\/product"}],"about":[{"href":"https:\/\/www.gresie.md\/ro\/wp-json\/wp\/v2\/types\/product"}],"wp:featuredmedia":[{"embeddable":true,"href":"https:\/\/www.gresie.md\/ro\/wp-json\/wp\/v2\/media\/3993"}],"wp:attachment":[{"href":"https:\/\/www.gresie.md\/ro\/wp-json\/wp\/v2\/media?parent=3991"}],"wp:term":[{"taxonomy":"product_brand","embeddable":true,"href":"https:\/\/www.gresie.md\/ro\/wp-json\/wp\/v2\/product_brand?post=3991"},{"taxonomy":"product_cat","embeddable":true,"href":"https:\/\/www.gresie.md\/ro\/wp-json\/wp\/v2\/product_cat?post=3991"},{"taxonomy":"product_tag","embeddable":true,"href":"https:\/\/www.gresie.md\/ro\/wp-json\/wp\/v2\/product_tag?post=3991"}],"curies":[{"name":"wp","href":"https:\/\/api.w.org\/{rel}","templated":true}]}}