{"id":4328,"date":"2025-06-17T11:16:59","date_gmt":"2025-06-17T08:16:59","guid":{"rendered":"https:\/\/www.gresie.md\/?post_type=product&#038;p=4328"},"modified":"2026-04-03T13:58:33","modified_gmt":"2026-04-03T10:58:33","slug":"collection-essence-stripe","status":"publish","type":"product","link":"https:\/\/www.gresie.md\/ro\/produs\/collection-essence-stripe\/","title":{"rendered":"Colec\u021bia Essence Stripe"},"content":{"rendered":"<p>Colec\u021bia Essence Stripe este ideal\u0103 pentru spa\u021bii comerciale, fiind un covor modular. DESSO Essence Stripe adaug\u0103 o not\u0103 juc\u0103u\u0219\u0103 \u00een gama DESSO Essence, oferind un design liniar cu dungi de diferite grosimi \u0219i o palet\u0103 de culori proasp\u0103t\u0103 \u0219i revigorant\u0103.<br class=\"yoast-text-mark\" \/>Pl\u0103cile de mochet\u0103 cu fir scurt sunt ideale pentru spa\u021bii comerciale, disponibile \u00een cinci nuan\u021be neutre, inclusiv antracit, gri \u0219i bej, precum \u0219i \u00een \u0219apte nuan\u021be vii de ro\u0219u, portocaliu, albastru \u0219i violet.<br class=\"yoast-text-mark\" \/>\u00cen colec\u021bia Essence Stripe, fiecare dintre cele 12 culori poate fi combinat\u0103 cu u\u0219urin\u021b\u0103 cu DESSO Essence, DESSO Essence Maze \u0219i DESSO Essence Structure, oferind op\u021biuni nelimitate pentru designul creativ al pardoselii.<\/p>\n<p>Colec\u021bia DESSO Essence Elements este compus\u0103 din decora\u021biuni complementare, care pot fi armonizate \u00een multe moduri.<br class=\"yoast-text-mark\" \/>&gt;Essence Roots,. cu un design organic, combin\u0103 o. baz\u0103 ne.utr\u0103 cu o culoare accent, .evoc\u00e2nd astfel forme inspirate din n.atur\u0103.<br class=\"yoast-text-mark\" \/>&gt;Este disponibil\u0103 \u00een 12 culori .\u2014 toate pot fi asociate. cu Essence Pu.re \u0219i Essence Traces \u2014 pentru a crea .spa\u021bii cu texturi delicate.<\/p>\n<p>Opt\u00e2nd pentru suportul de mochet\u0103 EcoBase pentru. Essence Roots, colec\u021bia devine. complet reciclabil\u0103 \u0219i este .certificat\u0103 Cradle to<br \/>\nCradle\u00ae la nivel de .Argint, av\u00e2nd o. amprent\u0103 de carbon. circular\u0103 redus\u0103.<\/p>\n<p>Colec\u021bia DESSO Essence Elements este alc\u0103tuit\u0103 din decora\u021biuni suplimentare, care pot fi coordonate \u00een diverse moduri.<br class=\"yoast-text-mark\" \/>Essence Roots, cu designul s\u0103u organic, combin\u0103 o baz\u0103 neutr\u0103 cu o culoare accent, evoc\u00e2nd forme inspirate de natur\u0103.<\/p>\n<p>Este disponibil \u00een 12 culori \u2014 toate pot fi combinate cu Essence Pure \u0219i Essence Traces \u2014 pentru crearea unor spa\u021bii cu texturi delicate.<\/p>\n<p>Datorit\u0103 alegerii suportului EcoBase pentru Essence Roots, colec\u021bia devine complet reciclabil\u0103 \u0219i prime\u0219te certificarea Cradle to Cradle\u00ae nivel Silver, ceea ce \u00eenseamn\u0103 o amprent\u0103 ciclic\u0103 redus\u0103 de carbon.<\/p>\n<p>&nbsp;<\/p>\n<div class=\"su-row\"><div class=\"su-column su-column-size-1-2\"><div class=\"su-column-inner su-u-clearfix su-u-trim\">\n<div class=\"information__characteristics__key-features__title\" data-v-c8e641ae=\"\"><strong>Caracteristici principale<\/strong><\/div>\n<div class=\"information__characteristics__key-features__list\" data-v-c8e641ae=\"\">\n<ul>\n<li>Disponibil \u00een 12 culori<\/li>\n<li>Ideal pentru spatii comerciale<\/li>\n<li>Strat de baz\u0103 standard DESSO ProBase<\/li>\n<li>Op\u021bional disponibil cu strat de baz\u0103 DESSO EcoBase 100% reciclabil<\/li>\n<li>Stratul de baz\u0103 acustic SoundMaster este disponibil op\u021bional<\/li>\n<li>Certificat de bronz Cradle to Cradle\u00ae<\/li>\n<\/ul>\n<\/div>\n<\/div><\/div> <div class=\"su-column su-column-size-1-2\"><div class=\"su-column-inner su-u-clearfix su-u-trim\">\n<div class=\"information__characteristics__specification__title\" data-v-c8e641ae=\"\"><strong>Specifica\u021bii tehnice \u0219i de mediu<\/strong><\/div>\n<div class=\"information__characteristics__specification__list\" data-v-c8e641ae=\"\">\n<div class=\"information__characteristics__specification__list__item\" data-v-c8e641ae=\"\">\n<ul>\n<li class=\"information__characteristics__specification__list__item\"><span class=\"information__characteristics__specification__list__item__label\" data-v-c8e641ae=\"\">Tipul produsului ISO:\u00a0<\/span><span class=\"information__characteristics__specification__list__item__values\" data-v-c8e641ae=\"\">Acoperiri textile pentru pardoseli (EN 1307)<\/span><\/li>\n<li class=\"information__characteristics__specification__list__item\"><span class=\"information__characteristics__specification__list__item__label\" data-v-c8e641ae=\"\">Clasificare comercial\u0103:\u00a0<\/span><span class=\"information__characteristics__specification__list__item__values\" data-v-c8e641ae=\"\">33 Grele<\/span><\/li>\n<li class=\"information__characteristics__specification__list__item\"><span class=\"information__characteristics__specification__list__item__label\" data-v-c8e641ae=\"\">\u021aara de origine:\u00a0<\/span><span class=\"information__characteristics__specification__list__item__values\" data-v-c8e641ae=\"\">Olanda<\/span><\/li>\n<li class=\"information__characteristics__specification__list__item\"><span class=\"information__characteristics__specification__list__item__label\" data-v-c8e641ae=\"\">Grosime total\u0103:\u00a0<\/span><span class=\"information__characteristics__specification__list__item__values\" data-v-c8e641ae=\"\">5,50 \u043c\u043c<\/span><\/li>\n<li class=\"information__characteristics__specification__list__item\"><span class=\"information__characteristics__specification__list__item__label\" data-v-c8e641ae=\"\">Piese \u00eentr-o cutie:\u00a0<\/span><span class=\"information__characteristics__specification__list__item__values\" data-v-c8e641ae=\"\">20<\/span><\/li>\n<\/ul>\n<\/div>\n<\/div>\n<\/div><\/div><\/div>\n<p>&nbsp;<\/p>\n<p>Colec\u021bia DESSO Essence Elements .este compus\u0103 .din decoruri. complementare, .ce pot fi armonizate \u00een multe moduri.<br class=\"yoast-text-mark\" \/>&gt;Essence Roots, cu un design organic, .combin\u0103 .o baz\u0103 neutr\u0103. cu o culoare accent,. evoc\u00e2nd astfel forme inspirate din natur\u0103.<br class=\"yoast-text-mark\" \/>&gt;Este disponibil\u0103 \u00een 12 culori \u2014. toate pot fi .asociate cu Essence. Pure \u0219i Essence Traces \u2014 pentru a. crea spa\u021bii cu texturi delicate.<\/p>\n<p>Opt\u00e2nd pentru suportul de .mochet\u0103 EcoBase .pentru Essence. Roots, colec\u021bia. devine complet reciclabil\u0103 \u0219i .este certificat\u0103 Cradle to<br class=\"yoast-text-mark\" \/>&gt;Cradle\u00ae la nivel de .Argint, av\u00e2nd o amprent\u0103 .de carbon. circular\u0103 redus\u0103.<\/p>\n<p>Colec\u021bia DESSO Essence Elements este format\u0103 din decora\u021biuni suplimentare, care pot fi coordonate \u00een diverse moduri.<br class=\"yoast-text-mark\" \/>Essence Roots, cu designul s\u0103u organic, combin\u0103 o baz\u0103 neutr\u0103 cu o culoare accent, evoc\u00e2nd forme inspirate de natur\u0103.<br \/>\nEste disponibil \u00een 12 culori \u2014 toate pot fi combinate cu Essence Pure \u0219i Essence Traces \u2014 pentru crearea unor spa\u021bii cu texturi delicate.<\/p>\n<p>Datorit\u0103 alegerii suportului EcoBase pentru Essence Roots, colec\u021bia devine complet reciclabil\u0103 \u0219i prime\u0219te certificarea<br \/>\nCradle to Cradle\u00ae nivel Silver, ceea ce \u00eenseamn\u0103 o amprent\u0103 ciclic\u0103 redus\u0103 de carbon.<\/p>","protected":false},"excerpt":{"rendered":"<p>.\u041a\u043e\u043b\u043b\u0435\u043a\u0446\u0438\u044f Essence Stripe \u0438\u0434\u0435\u0430\u043b\u044c\u043d\u043e \u043f\u043e\u0434\u0445\u043e\u0434\u0438\u0442 \u0434\u043b\u044f. \u043a\u043e\u043c\u043c\u0435\u0440\u0447\u0435\u0441\u043a\u0438\u0445 \u043f\u043e\u043c\u0435\u0449\u0435\u043d\u0438\u0439, \u043c\u043e\u0434\u0443\u043b\u044c\u043d\u044b\u0439 \u043a\u043e\u0432\u0435\u0440. DESSO Essence Stripe \u043f\u0440\u0438\u0432\u043d\u043e\u0441\u0438\u0442. \u0438\u0433\u0440\u0438\u0432\u044b\u0439 \u0448\u0442\u0440\u0438\u0445 \u0432 \u0430\u0441\u0441\u043e\u0440\u0442\u0438\u043c\u0435\u043d\u0442 DESSO. Essence, [&hellip;]<\/p>","protected":false},"featured_media":4337,"template":"","meta":{"_uag_custom_page_level_css":""},"product_brand":[200],"product_cat":[74],"product_tag":[],"class_list":{"0":"post-4328","1":"product","2":"type-product","3":"status-publish","4":"has-post-thumbnail","6":"product_brand-tarkett","7":"product_cat-plitocnii","9":"first","10":"outofstock","11":"shipping-taxable","12":"purchasable","13":"product-type-variable"},"yoast_head":"<!-- This site is optimized with the Yoast SEO plugin v25.8 - https:\/\/yoast.com\/wordpress\/plugins\/seo\/ -->\n<title>Mochet\u0103 modular\u0103 Chi\u0219in\u0103u \u2014 v\u00e2nzare \u0219i montare<\/title>\n<meta name=\"description\" content=\"Mochet\u0103 modular\u0103 premium \u00een Chi\u0219in\u0103u. Pre\u021buri excelente, consultan\u021b\u0103 \u0219i montare cu garan\u021bie la Gresie.md.\" \/>\n<meta name=\"robots\" content=\"index, follow, max-snippet:-1, max-image-preview:large, max-video-preview:-1\" \/>\n<link rel=\"canonical\" href=\"https:\/\/www.gresie.md\/ro\/produs\/collection-essence-stripe\/\" \/>\n<meta property=\"og:locale\" content=\"ro_RO\" \/>\n<meta property=\"og:type\" content=\"article\" \/>\n<meta property=\"og:title\" content=\"Mochet\u0103 modular\u0103 Chi\u0219in\u0103u \u2014 v\u00e2nzare \u0219i montare\" \/>\n<meta property=\"og:description\" content=\"Mochet\u0103 modular\u0103 premium \u00een Chi\u0219in\u0103u. Pre\u021buri excelente, consultan\u021b\u0103 \u0219i montare cu garan\u021bie la Gresie.md.\" \/>\n<meta property=\"og:url\" content=\"https:\/\/www.gresie.md\/ro\/produs\/collection-essence-stripe\/\" \/>\n<meta property=\"og:site_name\" content=\"Gresie.md\" \/>\n<meta property=\"article:publisher\" content=\"https:\/\/www.facebook.com\/share\/14Ngv7h72dv\/?mibextid=wwXIfr\" \/>\n<meta property=\"article:modified_time\" content=\"2026-04-03T10:58:33+00:00\" \/>\n<meta property=\"og:image\" content=\"https:\/\/www.gresie.md\/wp-content\/uploads\/2025\/06\/TH_EssenceStripe_8522.jpg\" \/>\n\t<meta property=\"og:image:width\" content=\"960\" \/>\n\t<meta property=\"og:image:height\" content=\"960\" \/>\n\t<meta property=\"og:image:type\" content=\"image\/jpeg\" \/>\n<meta name=\"twitter:card\" content=\"summary_large_image\" \/>\n<meta name=\"twitter:label1\" content=\"Timp estimat pentru citire\" \/>\n\t<meta name=\"twitter:data1\" content=\"3 minute\" \/>\n<script type=\"application\/ld+json\" class=\"yoast-schema-graph\">{\"@context\":\"https:\/\/schema.org\",\"@graph\":[{\"@type\":[\"WebPage\",\"ItemPage\"],\"@id\":\"https:\/\/www.gresie.md\/product\/collection-essence-stripe\/\",\"url\":\"https:\/\/www.gresie.md\/product\/collection-essence-stripe\/\",\"name\":\"Mochet\u0103 modular\u0103 Chi\u0219in\u0103u \u2014 v\u00e2nzare \u0219i montare\",\"isPartOf\":{\"@id\":\"https:\/\/www.gresie.md\/#website\"},\"primaryImageOfPage\":{\"@id\":\"https:\/\/www.gresie.md\/product\/collection-essence-stripe\/#primaryimage\"},\"image\":{\"@id\":\"https:\/\/www.gresie.md\/product\/collection-essence-stripe\/#primaryimage\"},\"thumbnailUrl\":\"https:\/\/www.gresie.md\/wp-content\/uploads\/2025\/06\/TH_EssenceStripe_8522.jpg\",\"datePublished\":\"2025-06-17T08:16:59+00:00\",\"dateModified\":\"2026-04-03T10:58:33+00:00\",\"description\":\"Mochet\u0103 modular\u0103 premium \u00een Chi\u0219in\u0103u. Pre\u021buri excelente, consultan\u021b\u0103 \u0219i montare cu garan\u021bie la Gresie.md.\",\"breadcrumb\":{\"@id\":\"https:\/\/www.gresie.md\/product\/collection-essence-stripe\/#breadcrumb\"},\"inLanguage\":\"ro-RO\",\"potentialAction\":[{\"@type\":\"ReadAction\",\"target\":[\"https:\/\/www.gresie.md\/product\/collection-essence-stripe\/\"]}]},{\"@type\":\"ImageObject\",\"inLanguage\":\"ro-RO\",\"@id\":\"https:\/\/www.gresie.md\/product\/collection-essence-stripe\/#primaryimage\",\"url\":\"https:\/\/www.gresie.md\/wp-content\/uploads\/2025\/06\/TH_EssenceStripe_8522.jpg\",\"contentUrl\":\"https:\/\/www.gresie.md\/wp-content\/uploads\/2025\/06\/TH_EssenceStripe_8522.jpg\",\"width\":960,\"height\":960,\"caption\":\"8522\"},{\"@type\":\"BreadcrumbList\",\"@id\":\"https:\/\/www.gresie.md\/product\/collection-essence-stripe\/#breadcrumb\",\"itemListElement\":[{\"@type\":\"ListItem\",\"position\":1,\"name\":\"\u0413\u043b\u0430\u0432\u043d\u0430\u044f \u0441\u0442\u0440\u0430\u043d\u0438\u0446\u0430\",\"item\":\"https:\/\/www.gresie.md\/\"},{\"@type\":\"ListItem\",\"position\":2,\"name\":\"\u041a\u0430\u0442\u0430\u043b\u043e\u0433\",\"item\":\"https:\/\/www.gresie.md\/shop\/\"},{\"@type\":\"ListItem\",\"position\":3,\"name\":\"\u041a\u043e\u043b\u043b\u0435\u043a\u0446\u0438\u044f Essence Stripe\"}]},{\"@type\":\"WebSite\",\"@id\":\"https:\/\/www.gresie.md\/#website\",\"url\":\"https:\/\/www.gresie.md\/\",\"name\":\"Gresie.md\",\"description\":\"gresie, teracota,tavane metalice, spc, linileum, parchet, mochet\u0103, plitca, ardoseli medicale, fa\u021bade ventilate, terase, pardoseli flotante\",\"publisher\":{\"@id\":\"https:\/\/www.gresie.md\/#organization\"},\"alternateName\":\"Showroom de finisaje pentru pardoseli, tavane \u0219i fa\u021bade ventilate. Descoper\u0103 solu\u021bii moderne \u0219i durabile pentru proiectele tale.\",\"potentialAction\":[{\"@type\":\"SearchAction\",\"target\":{\"@type\":\"EntryPoint\",\"urlTemplate\":\"https:\/\/www.gresie.md\/?s={search_term_string}\"},\"query-input\":{\"@type\":\"PropertyValueSpecification\",\"valueRequired\":true,\"valueName\":\"search_term_string\"}}],\"inLanguage\":\"ro-RO\"},{\"@type\":\"Organization\",\"@id\":\"https:\/\/www.gresie.md\/#organization\",\"name\":\"Gresie md \u0418\u0442\u0430\u043b\u044c\u044f\u043d\u0441\u043a\u0430\u044f \u043f\u043b\u0438\u0442\u043a\u0430\",\"url\":\"https:\/\/www.gresie.md\/\",\"logo\":{\"@type\":\"ImageObject\",\"inLanguage\":\"ro-RO\",\"@id\":\"https:\/\/www.gresie.md\/#\/schema\/logo\/image\/\",\"url\":\"https:\/\/www.gresie.md\/wp-content\/uploads\/2025\/05\/logo_black-e1756978505443.png\",\"contentUrl\":\"https:\/\/www.gresie.md\/wp-content\/uploads\/2025\/05\/logo_black-e1756978505443.png\",\"width\":200,\"height\":85,\"caption\":\"Gresie md \u0418\u0442\u0430\u043b\u044c\u044f\u043d\u0441\u043a\u0430\u044f \u043f\u043b\u0438\u0442\u043a\u0430\"},\"image\":{\"@id\":\"https:\/\/www.gresie.md\/#\/schema\/logo\/image\/\"},\"sameAs\":[\"https:\/\/www.facebook.com\/share\/14Ngv7h72dv\/?mibextid=wwXIfr\"]}]}<\/script>\n<!-- \/ Yoast SEO plugin. -->","yoast_head_json":{"title":"Mochet\u0103 modular\u0103 Chi\u0219in\u0103u \u2014 v\u00e2nzare \u0219i montare","description":"Mochet\u0103 modular\u0103 premium \u00een Chi\u0219in\u0103u. Pre\u021buri excelente, consultan\u021b\u0103 \u0219i montare cu garan\u021bie la Gresie.md.","robots":{"index":"index","follow":"follow","max-snippet":"max-snippet:-1","max-image-preview":"max-image-preview:large","max-video-preview":"max-video-preview:-1"},"canonical":"https:\/\/www.gresie.md\/ro\/produs\/collection-essence-stripe\/","og_locale":"ro_RO","og_type":"article","og_title":"Mochet\u0103 modular\u0103 Chi\u0219in\u0103u \u2014 v\u00e2nzare \u0219i montare","og_description":"Mochet\u0103 modular\u0103 premium \u00een Chi\u0219in\u0103u. Pre\u021buri excelente, consultan\u021b\u0103 \u0219i montare cu garan\u021bie la Gresie.md.","og_url":"https:\/\/www.gresie.md\/ro\/produs\/collection-essence-stripe\/","og_site_name":"Gresie.md","article_publisher":"https:\/\/www.facebook.com\/share\/14Ngv7h72dv\/?mibextid=wwXIfr","article_modified_time":"2026-04-03T10:58:33+00:00","og_image":[{"width":960,"height":960,"url":"https:\/\/www.gresie.md\/wp-content\/uploads\/2025\/06\/TH_EssenceStripe_8522.jpg","type":"image\/jpeg"}],"twitter_card":"summary_large_image","twitter_misc":{"Timp estimat pentru citire":"3 minute"},"schema":{"@context":"https:\/\/schema.org","@graph":[{"@type":["WebPage","ItemPage"],"@id":"https:\/\/www.gresie.md\/product\/collection-essence-stripe\/","url":"https:\/\/www.gresie.md\/product\/collection-essence-stripe\/","name":"Mochet\u0103 modular\u0103 Chi\u0219in\u0103u \u2014 v\u00e2nzare \u0219i montare","isPartOf":{"@id":"https:\/\/www.gresie.md\/#website"},"primaryImageOfPage":{"@id":"https:\/\/www.gresie.md\/product\/collection-essence-stripe\/#primaryimage"},"image":{"@id":"https:\/\/www.gresie.md\/product\/collection-essence-stripe\/#primaryimage"},"thumbnailUrl":"https:\/\/www.gresie.md\/wp-content\/uploads\/2025\/06\/TH_EssenceStripe_8522.jpg","datePublished":"2025-06-17T08:16:59+00:00","dateModified":"2026-04-03T10:58:33+00:00","description":"Mochet\u0103 modular\u0103 premium \u00een Chi\u0219in\u0103u. Pre\u021buri excelente, consultan\u021b\u0103 \u0219i montare cu garan\u021bie la Gresie.md.","breadcrumb":{"@id":"https:\/\/www.gresie.md\/product\/collection-essence-stripe\/#breadcrumb"},"inLanguage":"ro-RO","potentialAction":[{"@type":"ReadAction","target":["https:\/\/www.gresie.md\/product\/collection-essence-stripe\/"]}]},{"@type":"ImageObject","inLanguage":"ro-RO","@id":"https:\/\/www.gresie.md\/product\/collection-essence-stripe\/#primaryimage","url":"https:\/\/www.gresie.md\/wp-content\/uploads\/2025\/06\/TH_EssenceStripe_8522.jpg","contentUrl":"https:\/\/www.gresie.md\/wp-content\/uploads\/2025\/06\/TH_EssenceStripe_8522.jpg","width":960,"height":960,"caption":"8522"},{"@type":"BreadcrumbList","@id":"https:\/\/www.gresie.md\/product\/collection-essence-stripe\/#breadcrumb","itemListElement":[{"@type":"ListItem","position":1,"name":"\u0413\u043b\u0430\u0432\u043d\u0430\u044f \u0441\u0442\u0440\u0430\u043d\u0438\u0446\u0430","item":"https:\/\/www.gresie.md\/"},{"@type":"ListItem","position":2,"name":"\u041a\u0430\u0442\u0430\u043b\u043e\u0433","item":"https:\/\/www.gresie.md\/shop\/"},{"@type":"ListItem","position":3,"name":"\u041a\u043e\u043b\u043b\u0435\u043a\u0446\u0438\u044f Essence Stripe"}]},{"@type":"WebSite","@id":"https:\/\/www.gresie.md\/#website","url":"https:\/\/www.gresie.md\/","name":"Gresie.md","description":"gresie, teracota,tavane metalice, spc, linileum, parchet, mochet\u0103, plitca, ardoseli medicale, fa\u021bade ventilate, terase, pardoseli flotante","publisher":{"@id":"https:\/\/www.gresie.md\/#organization"},"alternateName":"Showroom de finisaje pentru pardoseli, tavane \u0219i fa\u021bade ventilate. Descoper\u0103 solu\u021bii moderne \u0219i durabile pentru proiectele tale.","potentialAction":[{"@type":"SearchAction","target":{"@type":"EntryPoint","urlTemplate":"https:\/\/www.gresie.md\/?s={search_term_string}"},"query-input":{"@type":"PropertyValueSpecification","valueRequired":true,"valueName":"search_term_string"}}],"inLanguage":"ro-RO"},{"@type":"Organization","@id":"https:\/\/www.gresie.md\/#organization","name":"Gresie md \u0418\u0442\u0430\u043b\u044c\u044f\u043d\u0441\u043a\u0430\u044f \u043f\u043b\u0438\u0442\u043a\u0430","url":"https:\/\/www.gresie.md\/","logo":{"@type":"ImageObject","inLanguage":"ro-RO","@id":"https:\/\/www.gresie.md\/#\/schema\/logo\/image\/","url":"https:\/\/www.gresie.md\/wp-content\/uploads\/2025\/05\/logo_black-e1756978505443.png","contentUrl":"https:\/\/www.gresie.md\/wp-content\/uploads\/2025\/05\/logo_black-e1756978505443.png","width":200,"height":85,"caption":"Gresie md \u0418\u0442\u0430\u043b\u044c\u044f\u043d\u0441\u043a\u0430\u044f \u043f\u043b\u0438\u0442\u043a\u0430"},"image":{"@id":"https:\/\/www.gresie.md\/#\/schema\/logo\/image\/"},"sameAs":["https:\/\/www.facebook.com\/share\/14Ngv7h72dv\/?mibextid=wwXIfr"]}]}},"uagb_featured_image_src":{"full":["https:\/\/www.gresie.md\/wp-content\/uploads\/2025\/06\/TH_EssenceStripe_8522.jpg",960,960,false],"thumbnail":["https:\/\/www.gresie.md\/wp-content\/uploads\/2025\/06\/TH_EssenceStripe_8522-150x150.jpg",150,150,true],"medium":["https:\/\/www.gresie.md\/wp-content\/uploads\/2025\/06\/TH_EssenceStripe_8522-300x300.jpg",300,300,true],"medium_large":["https:\/\/www.gresie.md\/wp-content\/uploads\/2025\/06\/TH_EssenceStripe_8522-768x768.jpg",768,768,true],"large":["https:\/\/www.gresie.md\/wp-content\/uploads\/2025\/06\/TH_EssenceStripe_8522.jpg",960,960,false],"1536x1536":["https:\/\/www.gresie.md\/wp-content\/uploads\/2025\/06\/TH_EssenceStripe_8522.jpg",960,960,false],"2048x2048":["https:\/\/www.gresie.md\/wp-content\/uploads\/2025\/06\/TH_EssenceStripe_8522.jpg",960,960,false],"trp-custom-language-flag":["https:\/\/www.gresie.md\/wp-content\/uploads\/2025\/06\/TH_EssenceStripe_8522-12x12.jpg",12,12,true],"emoza-extra-large":["https:\/\/www.gresie.md\/wp-content\/uploads\/2025\/06\/TH_EssenceStripe_8522.jpg",960,960,false],"emoza-large":["https:\/\/www.gresie.md\/wp-content\/uploads\/2025\/06\/TH_EssenceStripe_8522-920x920.jpg",920,920,true],"emoza-big":["https:\/\/www.gresie.md\/wp-content\/uploads\/2025\/06\/TH_EssenceStripe_8522-575x575.jpg",575,575,true],"emoza-medium":["https:\/\/www.gresie.md\/wp-content\/uploads\/2025\/06\/TH_EssenceStripe_8522-380x380.jpg",380,380,true],"woocommerce_thumbnail":["https:\/\/www.gresie.md\/wp-content\/uploads\/2025\/06\/TH_EssenceStripe_8522-420x420.jpg",420,420,true],"woocommerce_single":["https:\/\/www.gresie.md\/wp-content\/uploads\/2025\/06\/TH_EssenceStripe_8522-800x800.jpg",800,800,true],"woocommerce_gallery_thumbnail":["https:\/\/www.gresie.md\/wp-content\/uploads\/2025\/06\/TH_EssenceStripe_8522-100x100.jpg",100,100,true],"variation_swatches_image_size":["https:\/\/www.gresie.md\/wp-content\/uploads\/2025\/06\/TH_EssenceStripe_8522-50x50.jpg",50,50,true],"variation_swatches_tooltip_size":["https:\/\/www.gresie.md\/wp-content\/uploads\/2025\/06\/TH_EssenceStripe_8522-100x100.jpg",100,100,true]},"uagb_author_info":{"display_name":"valik","author_link":"https:\/\/www.gresie.md\/ro\/author\/"},"uagb_comment_info":0,"uagb_excerpt":".\u041a\u043e\u043b\u043b\u0435\u043a\u0446\u0438\u044f Essence Stripe \u0438\u0434\u0435\u0430\u043b\u044c\u043d\u043e \u043f\u043e\u0434\u0445\u043e\u0434\u0438\u0442 \u0434\u043b\u044f. \u043a\u043e\u043c\u043c\u0435\u0440\u0447\u0435\u0441\u043a\u0438\u0445 \u043f\u043e\u043c\u0435\u0449\u0435\u043d\u0438\u0439, \u043c\u043e\u0434\u0443\u043b\u044c\u043d\u044b\u0439 \u043a\u043e\u0432\u0435\u0440. DESSO Essence Stripe \u043f\u0440\u0438\u0432\u043d\u043e\u0441\u0438\u0442. \u0438\u0433\u0440\u0438\u0432\u044b\u0439 \u0448\u0442\u0440\u0438\u0445 \u0432 \u0430\u0441\u0441\u043e\u0440\u0442\u0438\u043c\u0435\u043d\u0442 DESSO. Essence, [&hellip;]","_links":{"self":[{"href":"https:\/\/www.gresie.md\/ro\/wp-json\/wp\/v2\/product\/4328","targetHints":{"allow":["GET"]}}],"collection":[{"href":"https:\/\/www.gresie.md\/ro\/wp-json\/wp\/v2\/product"}],"about":[{"href":"https:\/\/www.gresie.md\/ro\/wp-json\/wp\/v2\/types\/product"}],"wp:featuredmedia":[{"embeddable":true,"href":"https:\/\/www.gresie.md\/ro\/wp-json\/wp\/v2\/media\/4337"}],"wp:attachment":[{"href":"https:\/\/www.gresie.md\/ro\/wp-json\/wp\/v2\/media?parent=4328"}],"wp:term":[{"taxonomy":"product_brand","embeddable":true,"href":"https:\/\/www.gresie.md\/ro\/wp-json\/wp\/v2\/product_brand?post=4328"},{"taxonomy":"product_cat","embeddable":true,"href":"https:\/\/www.gresie.md\/ro\/wp-json\/wp\/v2\/product_cat?post=4328"},{"taxonomy":"product_tag","embeddable":true,"href":"https:\/\/www.gresie.md\/ro\/wp-json\/wp\/v2\/product_tag?post=4328"}],"curies":[{"name":"wp","href":"https:\/\/api.w.org\/{rel}","templated":true}]}}