{"id":4823,"date":"2025-08-19T17:07:56","date_gmt":"2025-08-19T14:07:56","guid":{"rendered":"https:\/\/www.gresie.md\/?post_type=product&#038;p=4823"},"modified":"2026-04-15T16:15:28","modified_gmt":"2026-04-15T13:15:28","slug":"%d1%84%d0%b0%d0%bb%d1%8c%d1%88%d0%bf%d0%be%d0%bb-%d0%b8%d0%b7-%d0%b4%d1%81%d0%bf","status":"publish","type":"product","link":"https:\/\/www.gresie.md\/ro\/produs\/%d1%84%d0%b0%d0%bb%d1%8c%d1%88%d0%bf%d0%be%d0%bb-%d0%b8%d0%b7-%d0%b4%d1%81%d0%bf\/","title":{"rendered":"Pardoseal\u0103 flotant\u0103 din PAL"},"content":{"rendered":"<p data-start=\"42\" data-end=\"87\"><strong data-start=\"42\" data-end=\"53\">Produs<\/strong><br data-start=\"53\" data-end=\"56\" \/>PAL (plac\u0103 aglomerat\u0103 de lemn)<\/p>\n<p data-start=\"89\" data-end=\"111\"><strong data-start=\"89\" data-end=\"102\">Categorie<\/strong><br data-start=\"102\" data-end=\"105\" \/>Panouri<\/p>\n<p data-start=\"113\" data-end=\"133\"><strong data-start=\"113\" data-end=\"131\">Caracteristici<\/strong><\/p>\n<ul data-start=\"134\" data-end=\"314\">\n<li data-start=\"134\" data-end=\"156\">\n<p data-start=\"136\" data-end=\"156\">Confort la mers<\/p>\n<\/li>\n<li data-start=\"157\" data-end=\"192\">\n<p data-start=\"159\" data-end=\"192\">Confort acustic moderat<\/p>\n<\/li>\n<li data-start=\"193\" data-end=\"224\">\n<p data-start=\"195\" data-end=\"224\">Rezisten\u021b\u0103 bun\u0103 la \u00eenc\u0103rcare<\/p>\n<\/li>\n<li data-start=\"225\" data-end=\"252\">\n<p data-start=\"227\" data-end=\"252\">Rezisten\u021b\u0103 la foc: 30 de minute<\/p>\n<\/li>\n<li data-start=\"253\" data-end=\"290\">\n<p data-start=\"255\" data-end=\"290\">Panouri deta\u0219abile \u0219i interschimbabile<\/p>\n<\/li>\n<li data-start=\"291\" data-end=\"314\">\n<p data-start=\"293\" data-end=\"314\">Gama larg\u0103 de finisaje<\/p>\n<\/li>\n<\/ul>\n<p data-start=\"316\" data-end=\"329\"><strong data-start=\"316\" data-end=\"327\">Grosimea<\/strong><\/p>\n<ul data-start=\"330\" data-end=\"347\" data-is-last-node=\"\" data-is-only-node=\"\">\n<li data-start=\"330\" data-end=\"339\">\n<p data-start=\"332\" data-end=\"339\">30 mm<\/p>\n<\/li>\n<li data-start=\"340\" data-end=\"347\" data-is-last-node=\"\">\n<p data-start=\"342\" data-end=\"347\" data-is-last-node=\"\">38 mm<\/p>\n<\/li>\n<\/ul>","protected":false},"excerpt":{"rendered":"<p>\u041f\u0440\u043e\u0434\u0443\u043a\u0442\u0414\u0421\u041f (\u0434\u0440\u0435\u0432\u0435\u0441\u043d\u043e-\u0441\u0442\u0440\u0443\u0436\u0435\u0447\u043d\u0430\u044f \u043f\u043b\u0438\u0442\u0430) \u041a\u0430\u0442\u0435\u0433\u043e\u0440\u0438\u044f\u041f\u0430\u043d\u0435\u043b\u0438 \u0425\u0430\u0440\u0430\u043a\u0442\u0435\u0440\u0438\u0441\u0442\u0438\u043a\u0438 \u041a\u043e\u043c\u0444\u043e\u0440\u0442 \u043f\u0440\u0438 \u0445\u043e\u0434\u044c\u0431\u0435 \u0423\u043c\u0435\u0440\u0435\u043d\u043d\u043e\u0435 \u0430\u043a\u0443\u0441\u0442\u0438\u0447\u0435\u0441\u043a\u043e\u0435 \u0443\u0434\u043e\u0431\u0441\u0442\u0432\u043e \u0425\u043e\u0440\u043e\u0448\u0430\u044f \u043d\u0435\u0441\u0443\u0449\u0430\u044f \u0441\u043f\u043e\u0441\u043e\u0431\u043d\u043e\u0441\u0442\u044c \u041e\u0433\u043d\u0435\u0441\u0442\u043e\u0439\u043a\u043e\u0441\u0442\u044c: 30 \u043c\u0438\u043d\u0443\u0442 \u0421\u044a\u0451\u043c\u043d\u044b\u0435 \u0438 \u0432\u0437\u0430\u0438\u043c\u043e\u0437\u0430\u043c\u0435\u043d\u044f\u0435\u043c\u044b\u0435 [&hellip;]<\/p>","protected":false},"featured_media":4825,"template":"","meta":{"_uag_custom_page_level_css":""},"product_brand":[],"product_cat":[267],"product_tag":[],"class_list":{"0":"post-4823","1":"product","2":"type-product","3":"status-publish","4":"has-post-thumbnail","6":"product_cat-dsp","8":"first","9":"outofstock","10":"shipping-taxable","11":"product-type-simple"},"yoast_head":"<!-- This site is optimized with the Yoast SEO plugin v25.8 - https:\/\/yoast.com\/wordpress\/plugins\/seo\/ -->\n<title>Podele tehnice MDF Chi\u0219in\u0103u | Gresie.md<\/title>\n<meta name=\"description\" content=\"Podele tehnice din MDF pentru birouri \u0219i centre IT. Montare profesional \u0219i solu\u021bii complete \u00een Chi\u0219in\u0103u \u2014 Gresie.md.\" \/>\n<meta name=\"robots\" content=\"index, follow, max-snippet:-1, max-image-preview:large, max-video-preview:-1\" \/>\n<link rel=\"canonical\" href=\"https:\/\/www.gresie.md\/ro\/produs\/\u0444\u0430\u043b\u044c\u0448\u043f\u043e\u043b-\u0438\u0437-\u0434\u0441\u043f\/\" \/>\n<meta property=\"og:locale\" content=\"ro_RO\" \/>\n<meta property=\"og:type\" content=\"article\" \/>\n<meta property=\"og:title\" content=\"Podele tehnice MDF Chi\u0219in\u0103u | Gresie.md\" \/>\n<meta property=\"og:description\" content=\"Podele tehnice din MDF pentru birouri \u0219i centre IT. Montare profesional \u0219i solu\u021bii complete \u00een Chi\u0219in\u0103u \u2014 Gresie.md.\" \/>\n<meta property=\"og:url\" content=\"https:\/\/www.gresie.md\/ro\/produs\/\u0444\u0430\u043b\u044c\u0448\u043f\u043e\u043b-\u0438\u0437-\u0434\u0441\u043f\/\" \/>\n<meta property=\"og:site_name\" content=\"Gresie.md\" \/>\n<meta property=\"article:publisher\" content=\"https:\/\/www.facebook.com\/share\/14Ngv7h72dv\/?mibextid=wwXIfr\" \/>\n<meta property=\"article:modified_time\" content=\"2026-04-15T13:15:28+00:00\" \/>\n<meta property=\"og:image\" content=\"https:\/\/www.gresie.md\/wp-content\/uploads\/2025\/08\/156_original.jpeg\" \/>\n\t<meta property=\"og:image:width\" content=\"1200\" \/>\n\t<meta property=\"og:image:height\" content=\"800\" \/>\n\t<meta property=\"og:image:type\" content=\"image\/jpeg\" \/>\n<meta name=\"twitter:card\" content=\"summary_large_image\" \/>\n<meta name=\"twitter:label1\" content=\"Timp estimat pentru citire\" \/>\n\t<meta name=\"twitter:data1\" content=\"1 minut\" \/>\n<script type=\"application\/ld+json\" class=\"yoast-schema-graph\">{\"@context\":\"https:\/\/schema.org\",\"@graph\":[{\"@type\":\"WebPage\",\"@id\":\"https:\/\/www.gresie.md\/product\/%d1%84%d0%b0%d0%bb%d1%8c%d1%88%d0%bf%d0%be%d0%bb-%d0%b8%d0%b7-%d0%b4%d1%81%d0%bf\/\",\"url\":\"https:\/\/www.gresie.md\/product\/%d1%84%d0%b0%d0%bb%d1%8c%d1%88%d0%bf%d0%be%d0%bb-%d0%b8%d0%b7-%d0%b4%d1%81%d0%bf\/\",\"name\":\"Podele tehnice MDF Chi\u0219in\u0103u | Gresie.md\",\"isPartOf\":{\"@id\":\"https:\/\/www.gresie.md\/#website\"},\"primaryImageOfPage\":{\"@id\":\"https:\/\/www.gresie.md\/product\/%d1%84%d0%b0%d0%bb%d1%8c%d1%88%d0%bf%d0%be%d0%bb-%d0%b8%d0%b7-%d0%b4%d1%81%d0%bf\/#primaryimage\"},\"image\":{\"@id\":\"https:\/\/www.gresie.md\/product\/%d1%84%d0%b0%d0%bb%d1%8c%d1%88%d0%bf%d0%be%d0%bb-%d0%b8%d0%b7-%d0%b4%d1%81%d0%bf\/#primaryimage\"},\"thumbnailUrl\":\"https:\/\/www.gresie.md\/wp-content\/uploads\/2025\/08\/156_original.jpeg\",\"datePublished\":\"2025-08-19T14:07:56+00:00\",\"dateModified\":\"2026-04-15T13:15:28+00:00\",\"description\":\"Podele tehnice din MDF pentru birouri \u0219i centre IT. Montare profesional \u0219i solu\u021bii complete \u00een Chi\u0219in\u0103u \u2014 Gresie.md.\",\"breadcrumb\":{\"@id\":\"https:\/\/www.gresie.md\/product\/%d1%84%d0%b0%d0%bb%d1%8c%d1%88%d0%bf%d0%be%d0%bb-%d0%b8%d0%b7-%d0%b4%d1%81%d0%bf\/#breadcrumb\"},\"inLanguage\":\"ro-RO\",\"potentialAction\":[{\"@type\":\"ReadAction\",\"target\":[\"https:\/\/www.gresie.md\/product\/%d1%84%d0%b0%d0%bb%d1%8c%d1%88%d0%bf%d0%be%d0%bb-%d0%b8%d0%b7-%d0%b4%d1%81%d0%bf\/\"]}]},{\"@type\":\"ImageObject\",\"inLanguage\":\"ro-RO\",\"@id\":\"https:\/\/www.gresie.md\/product\/%d1%84%d0%b0%d0%bb%d1%8c%d1%88%d0%bf%d0%be%d0%bb-%d0%b8%d0%b7-%d0%b4%d1%81%d0%bf\/#primaryimage\",\"url\":\"https:\/\/www.gresie.md\/wp-content\/uploads\/2025\/08\/156_original.jpeg\",\"contentUrl\":\"https:\/\/www.gresie.md\/wp-content\/uploads\/2025\/08\/156_original.jpeg\",\"width\":1200,\"height\":800},{\"@type\":\"BreadcrumbList\",\"@id\":\"https:\/\/www.gresie.md\/product\/%d1%84%d0%b0%d0%bb%d1%8c%d1%88%d0%bf%d0%be%d0%bb-%d0%b8%d0%b7-%d0%b4%d1%81%d0%bf\/#breadcrumb\",\"itemListElement\":[{\"@type\":\"ListItem\",\"position\":1,\"name\":\"\u0413\u043b\u0430\u0432\u043d\u0430\u044f \u0441\u0442\u0440\u0430\u043d\u0438\u0446\u0430\",\"item\":\"https:\/\/www.gresie.md\/\"},{\"@type\":\"ListItem\",\"position\":2,\"name\":\"\u041a\u0430\u0442\u0430\u043b\u043e\u0433\",\"item\":\"https:\/\/www.gresie.md\/shop\/\"},{\"@type\":\"ListItem\",\"position\":3,\"name\":\"\u0424\u0430\u043b\u044c\u0448\u043f\u043e\u043b \u0438\u0437 \u0414\u0421\u041f\"}]},{\"@type\":\"WebSite\",\"@id\":\"https:\/\/www.gresie.md\/#website\",\"url\":\"https:\/\/www.gresie.md\/\",\"name\":\"Gresie.md\",\"description\":\"gresie, teracota,tavane metalice, spc, linileum, parchet, mochet\u0103, plitca, ardoseli medicale, fa\u021bade ventilate, terase, pardoseli flotante\",\"publisher\":{\"@id\":\"https:\/\/www.gresie.md\/#organization\"},\"alternateName\":\"Showroom de finisaje pentru pardoseli, tavane \u0219i fa\u021bade ventilate. Descoper\u0103 solu\u021bii moderne \u0219i durabile pentru proiectele tale.\",\"potentialAction\":[{\"@type\":\"SearchAction\",\"target\":{\"@type\":\"EntryPoint\",\"urlTemplate\":\"https:\/\/www.gresie.md\/?s={search_term_string}\"},\"query-input\":{\"@type\":\"PropertyValueSpecification\",\"valueRequired\":true,\"valueName\":\"search_term_string\"}}],\"inLanguage\":\"ro-RO\"},{\"@type\":\"Organization\",\"@id\":\"https:\/\/www.gresie.md\/#organization\",\"name\":\"Gresie md \u0418\u0442\u0430\u043b\u044c\u044f\u043d\u0441\u043a\u0430\u044f \u043f\u043b\u0438\u0442\u043a\u0430\",\"url\":\"https:\/\/www.gresie.md\/\",\"logo\":{\"@type\":\"ImageObject\",\"inLanguage\":\"ro-RO\",\"@id\":\"https:\/\/www.gresie.md\/#\/schema\/logo\/image\/\",\"url\":\"https:\/\/www.gresie.md\/wp-content\/uploads\/2025\/05\/logo_black-e1756978505443.png\",\"contentUrl\":\"https:\/\/www.gresie.md\/wp-content\/uploads\/2025\/05\/logo_black-e1756978505443.png\",\"width\":200,\"height\":85,\"caption\":\"Gresie md \u0418\u0442\u0430\u043b\u044c\u044f\u043d\u0441\u043a\u0430\u044f \u043f\u043b\u0438\u0442\u043a\u0430\"},\"image\":{\"@id\":\"https:\/\/www.gresie.md\/#\/schema\/logo\/image\/\"},\"sameAs\":[\"https:\/\/www.facebook.com\/share\/14Ngv7h72dv\/?mibextid=wwXIfr\"]}]}<\/script>\n<!-- \/ Yoast SEO plugin. -->","yoast_head_json":{"title":"Podele tehnice MDF Chi\u0219in\u0103u | Gresie.md","description":"Podele tehnice din MDF pentru birouri \u0219i centre IT. Montare profesional \u0219i solu\u021bii complete \u00een Chi\u0219in\u0103u \u2014 Gresie.md.","robots":{"index":"index","follow":"follow","max-snippet":"max-snippet:-1","max-image-preview":"max-image-preview:large","max-video-preview":"max-video-preview:-1"},"canonical":"https:\/\/www.gresie.md\/ro\/produs\/\u0444\u0430\u043b\u044c\u0448\u043f\u043e\u043b-\u0438\u0437-\u0434\u0441\u043f\/","og_locale":"ro_RO","og_type":"article","og_title":"Podele tehnice MDF Chi\u0219in\u0103u | Gresie.md","og_description":"Podele tehnice din MDF pentru birouri \u0219i centre IT. Montare profesional \u0219i solu\u021bii complete \u00een Chi\u0219in\u0103u \u2014 Gresie.md.","og_url":"https:\/\/www.gresie.md\/ro\/produs\/\u0444\u0430\u043b\u044c\u0448\u043f\u043e\u043b-\u0438\u0437-\u0434\u0441\u043f\/","og_site_name":"Gresie.md","article_publisher":"https:\/\/www.facebook.com\/share\/14Ngv7h72dv\/?mibextid=wwXIfr","article_modified_time":"2026-04-15T13:15:28+00:00","og_image":[{"width":1200,"height":800,"url":"https:\/\/www.gresie.md\/wp-content\/uploads\/2025\/08\/156_original.jpeg","type":"image\/jpeg"}],"twitter_card":"summary_large_image","twitter_misc":{"Timp estimat pentru citire":"1 minut"},"schema":{"@context":"https:\/\/schema.org","@graph":[{"@type":"WebPage","@id":"https:\/\/www.gresie.md\/product\/%d1%84%d0%b0%d0%bb%d1%8c%d1%88%d0%bf%d0%be%d0%bb-%d0%b8%d0%b7-%d0%b4%d1%81%d0%bf\/","url":"https:\/\/www.gresie.md\/product\/%d1%84%d0%b0%d0%bb%d1%8c%d1%88%d0%bf%d0%be%d0%bb-%d0%b8%d0%b7-%d0%b4%d1%81%d0%bf\/","name":"Podele tehnice MDF Chi\u0219in\u0103u | Gresie.md","isPartOf":{"@id":"https:\/\/www.gresie.md\/#website"},"primaryImageOfPage":{"@id":"https:\/\/www.gresie.md\/product\/%d1%84%d0%b0%d0%bb%d1%8c%d1%88%d0%bf%d0%be%d0%bb-%d0%b8%d0%b7-%d0%b4%d1%81%d0%bf\/#primaryimage"},"image":{"@id":"https:\/\/www.gresie.md\/product\/%d1%84%d0%b0%d0%bb%d1%8c%d1%88%d0%bf%d0%be%d0%bb-%d0%b8%d0%b7-%d0%b4%d1%81%d0%bf\/#primaryimage"},"thumbnailUrl":"https:\/\/www.gresie.md\/wp-content\/uploads\/2025\/08\/156_original.jpeg","datePublished":"2025-08-19T14:07:56+00:00","dateModified":"2026-04-15T13:15:28+00:00","description":"Podele tehnice din MDF pentru birouri \u0219i centre IT. Montare profesional \u0219i solu\u021bii complete \u00een Chi\u0219in\u0103u \u2014 Gresie.md.","breadcrumb":{"@id":"https:\/\/www.gresie.md\/product\/%d1%84%d0%b0%d0%bb%d1%8c%d1%88%d0%bf%d0%be%d0%bb-%d0%b8%d0%b7-%d0%b4%d1%81%d0%bf\/#breadcrumb"},"inLanguage":"ro-RO","potentialAction":[{"@type":"ReadAction","target":["https:\/\/www.gresie.md\/product\/%d1%84%d0%b0%d0%bb%d1%8c%d1%88%d0%bf%d0%be%d0%bb-%d0%b8%d0%b7-%d0%b4%d1%81%d0%bf\/"]}]},{"@type":"ImageObject","inLanguage":"ro-RO","@id":"https:\/\/www.gresie.md\/product\/%d1%84%d0%b0%d0%bb%d1%8c%d1%88%d0%bf%d0%be%d0%bb-%d0%b8%d0%b7-%d0%b4%d1%81%d0%bf\/#primaryimage","url":"https:\/\/www.gresie.md\/wp-content\/uploads\/2025\/08\/156_original.jpeg","contentUrl":"https:\/\/www.gresie.md\/wp-content\/uploads\/2025\/08\/156_original.jpeg","width":1200,"height":800},{"@type":"BreadcrumbList","@id":"https:\/\/www.gresie.md\/product\/%d1%84%d0%b0%d0%bb%d1%8c%d1%88%d0%bf%d0%be%d0%bb-%d0%b8%d0%b7-%d0%b4%d1%81%d0%bf\/#breadcrumb","itemListElement":[{"@type":"ListItem","position":1,"name":"\u0413\u043b\u0430\u0432\u043d\u0430\u044f \u0441\u0442\u0440\u0430\u043d\u0438\u0446\u0430","item":"https:\/\/www.gresie.md\/"},{"@type":"ListItem","position":2,"name":"\u041a\u0430\u0442\u0430\u043b\u043e\u0433","item":"https:\/\/www.gresie.md\/shop\/"},{"@type":"ListItem","position":3,"name":"\u0424\u0430\u043b\u044c\u0448\u043f\u043e\u043b \u0438\u0437 \u0414\u0421\u041f"}]},{"@type":"WebSite","@id":"https:\/\/www.gresie.md\/#website","url":"https:\/\/www.gresie.md\/","name":"Gresie.md","description":"gresie, teracota,tavane metalice, spc, linileum, parchet, mochet\u0103, plitca, ardoseli medicale, fa\u021bade ventilate, terase, pardoseli flotante","publisher":{"@id":"https:\/\/www.gresie.md\/#organization"},"alternateName":"Showroom de finisaje pentru pardoseli, tavane \u0219i fa\u021bade ventilate. Descoper\u0103 solu\u021bii moderne \u0219i durabile pentru proiectele tale.","potentialAction":[{"@type":"SearchAction","target":{"@type":"EntryPoint","urlTemplate":"https:\/\/www.gresie.md\/?s={search_term_string}"},"query-input":{"@type":"PropertyValueSpecification","valueRequired":true,"valueName":"search_term_string"}}],"inLanguage":"ro-RO"},{"@type":"Organization","@id":"https:\/\/www.gresie.md\/#organization","name":"Gresie md \u0418\u0442\u0430\u043b\u044c\u044f\u043d\u0441\u043a\u0430\u044f \u043f\u043b\u0438\u0442\u043a\u0430","url":"https:\/\/www.gresie.md\/","logo":{"@type":"ImageObject","inLanguage":"ro-RO","@id":"https:\/\/www.gresie.md\/#\/schema\/logo\/image\/","url":"https:\/\/www.gresie.md\/wp-content\/uploads\/2025\/05\/logo_black-e1756978505443.png","contentUrl":"https:\/\/www.gresie.md\/wp-content\/uploads\/2025\/05\/logo_black-e1756978505443.png","width":200,"height":85,"caption":"Gresie md \u0418\u0442\u0430\u043b\u044c\u044f\u043d\u0441\u043a\u0430\u044f \u043f\u043b\u0438\u0442\u043a\u0430"},"image":{"@id":"https:\/\/www.gresie.md\/#\/schema\/logo\/image\/"},"sameAs":["https:\/\/www.facebook.com\/share\/14Ngv7h72dv\/?mibextid=wwXIfr"]}]}},"uagb_featured_image_src":{"full":["https:\/\/www.gresie.md\/wp-content\/uploads\/2025\/08\/156_original.jpeg",1200,800,false],"thumbnail":["https:\/\/www.gresie.md\/wp-content\/uploads\/2025\/08\/156_original-150x150.jpeg",150,150,true],"medium":["https:\/\/www.gresie.md\/wp-content\/uploads\/2025\/08\/156_original-300x200.jpeg",300,200,true],"medium_large":["https:\/\/www.gresie.md\/wp-content\/uploads\/2025\/08\/156_original-768x512.jpeg",768,512,true],"large":["https:\/\/www.gresie.md\/wp-content\/uploads\/2025\/08\/156_original-1024x683.jpeg",1024,683,true],"1536x1536":["https:\/\/www.gresie.md\/wp-content\/uploads\/2025\/08\/156_original.jpeg",1200,800,false],"2048x2048":["https:\/\/www.gresie.md\/wp-content\/uploads\/2025\/08\/156_original.jpeg",1200,800,false],"trp-custom-language-flag":["https:\/\/www.gresie.md\/wp-content\/uploads\/2025\/08\/156_original-18x12.jpeg",18,12,true],"emoza-extra-large":["https:\/\/www.gresie.md\/wp-content\/uploads\/2025\/08\/156_original-1140x760.jpeg",1140,760,true],"emoza-large":["https:\/\/www.gresie.md\/wp-content\/uploads\/2025\/08\/156_original-920x613.jpeg",920,613,true],"emoza-big":["https:\/\/www.gresie.md\/wp-content\/uploads\/2025\/08\/156_original-575x383.jpeg",575,383,true],"emoza-medium":["https:\/\/www.gresie.md\/wp-content\/uploads\/2025\/08\/156_original-380x253.jpeg",380,253,true],"woocommerce_thumbnail":["https:\/\/www.gresie.md\/wp-content\/uploads\/2025\/08\/156_original-420x420.jpeg",420,420,true],"woocommerce_single":["https:\/\/www.gresie.md\/wp-content\/uploads\/2025\/08\/156_original-800x533.jpeg",800,533,true],"woocommerce_gallery_thumbnail":["https:\/\/www.gresie.md\/wp-content\/uploads\/2025\/08\/156_original-100x100.jpeg",100,100,true],"variation_swatches_image_size":["https:\/\/www.gresie.md\/wp-content\/uploads\/2025\/08\/156_original-50x50.jpeg",50,50,true],"variation_swatches_tooltip_size":["https:\/\/www.gresie.md\/wp-content\/uploads\/2025\/08\/156_original-100x100.jpeg",100,100,true]},"uagb_author_info":{"display_name":"valik","author_link":"https:\/\/www.gresie.md\/ro\/author\/"},"uagb_comment_info":0,"uagb_excerpt":"\u041f\u0440\u043e\u0434\u0443\u043a\u0442\u0414\u0421\u041f (\u0434\u0440\u0435\u0432\u0435\u0441\u043d\u043e-\u0441\u0442\u0440\u0443\u0436\u0435\u0447\u043d\u0430\u044f \u043f\u043b\u0438\u0442\u0430) \u041a\u0430\u0442\u0435\u0433\u043e\u0440\u0438\u044f\u041f\u0430\u043d\u0435\u043b\u0438 \u0425\u0430\u0440\u0430\u043a\u0442\u0435\u0440\u0438\u0441\u0442\u0438\u043a\u0438 \u041a\u043e\u043c\u0444\u043e\u0440\u0442 \u043f\u0440\u0438 \u0445\u043e\u0434\u044c\u0431\u0435 \u0423\u043c\u0435\u0440\u0435\u043d\u043d\u043e\u0435 \u0430\u043a\u0443\u0441\u0442\u0438\u0447\u0435\u0441\u043a\u043e\u0435 \u0443\u0434\u043e\u0431\u0441\u0442\u0432\u043e \u0425\u043e\u0440\u043e\u0448\u0430\u044f \u043d\u0435\u0441\u0443\u0449\u0430\u044f \u0441\u043f\u043e\u0441\u043e\u0431\u043d\u043e\u0441\u0442\u044c \u041e\u0433\u043d\u0435\u0441\u0442\u043e\u0439\u043a\u043e\u0441\u0442\u044c: 30 \u043c\u0438\u043d\u0443\u0442 \u0421\u044a\u0451\u043c\u043d\u044b\u0435 \u0438 \u0432\u0437\u0430\u0438\u043c\u043e\u0437\u0430\u043c\u0435\u043d\u044f\u0435\u043c\u044b\u0435 [&hellip;]","_links":{"self":[{"href":"https:\/\/www.gresie.md\/ro\/wp-json\/wp\/v2\/product\/4823","targetHints":{"allow":["GET"]}}],"collection":[{"href":"https:\/\/www.gresie.md\/ro\/wp-json\/wp\/v2\/product"}],"about":[{"href":"https:\/\/www.gresie.md\/ro\/wp-json\/wp\/v2\/types\/product"}],"wp:featuredmedia":[{"embeddable":true,"href":"https:\/\/www.gresie.md\/ro\/wp-json\/wp\/v2\/media\/4825"}],"wp:attachment":[{"href":"https:\/\/www.gresie.md\/ro\/wp-json\/wp\/v2\/media?parent=4823"}],"wp:term":[{"taxonomy":"product_brand","embeddable":true,"href":"https:\/\/www.gresie.md\/ro\/wp-json\/wp\/v2\/product_brand?post=4823"},{"taxonomy":"product_cat","embeddable":true,"href":"https:\/\/www.gresie.md\/ro\/wp-json\/wp\/v2\/product_cat?post=4823"},{"taxonomy":"product_tag","embeddable":true,"href":"https:\/\/www.gresie.md\/ro\/wp-json\/wp\/v2\/product_tag?post=4823"}],"curies":[{"name":"wp","href":"https:\/\/api.w.org\/{rel}","templated":true}]}}