{"id":5001,"date":"2025-09-30T16:59:31","date_gmt":"2025-09-30T13:59:31","guid":{"rendered":"https:\/\/www.gresie.md\/?post_type=product&#038;p=5001"},"modified":"2026-04-03T14:06:19","modified_gmt":"2026-04-03T11:06:19","slug":"%d0%ba%d0%be%d0%bb%d0%bb%d0%b5%d0%ba%d1%86%d0%b8%d1%8f-fuse-create","status":"publish","type":"product","link":"https:\/\/www.gresie.md\/ro\/produs\/%d0%ba%d0%be%d0%bb%d0%bb%d0%b5%d0%ba%d1%86%d0%b8%d1%8f-fuse-create\/","title":{"rendered":"Colec\u021bie Fuse Create"},"content":{"rendered":"<p>DESSO Fuse Create combin\u0103 dou\u0103 culori contrastante, dar complementare, \u00eentr-o singur\u0103 mochet\u0103, stabilind un nou standard pentru mocheta modular\u0103, de tranzi\u021bie. Rezultatul este at\u00e2t de inovator \u00eenc\u00e2t a c\u00e2\u0219tigat un premiu Red Dot Product Design.\u00cen DESSO Fuse Create, tonurile mai bl\u00e2nde ale colec\u021biilor Fuse \u0219i Fields se combin\u0103 armonios pentru a ajuta la \u00eemp\u0103r\u021birea spa\u021biilor mari \u00een zone distincte, cre\u00e2nd un efect de design puternic. Conceptul este ca designerii s\u0103 selecteze o nuan\u021b\u0103 neutr\u0103 care se va repeta \u00een fiecare combina\u021bie de culori. O produs nou uimitoare la portofoliul Transitions, parte a colec\u021biei noastre CARPETECTURE\u00ae, DESSO Fuse Create reflect\u0103 o lume frumoas\u0103 \u0219i \u00een continu\u0103 schimbare. Disponibil\u0103 \u00een opt variante de culori, at\u00e2t \u00een \u200b\u200bpl\u0103ci p\u0103trate, c\u00e2t \u0219i dreptunghiulare, DESSO Fuse Create permite nuan\u021belor s\u0103 curg\u0103 \u00een direc\u021bii diferite \u0219i s\u0103 completeze orice interior.<\/p>\n<div class=\"su-row\"><div class=\"su-column su-column-size-1-2\"><div class=\"su-column-inner su-u-clearfix su-u-trim\">\n<div class=\"information__characteristics__key-features__title\" data-v-c8e641ae=\"\"><strong>Caracteristici principale<\/strong><\/div>\n<div class=\"information__characteristics__key-features__list\" data-v-c8e641ae=\"\">\n<ul>\n<li><span dir=\"auto\"><span dir=\"auto\">Disponibil \u00een 7 culori<\/span><\/span><\/li>\n<li><span dir=\"auto\"><span dir=\"auto\">Sunt disponibile pl\u0103ci p\u0103trate \u0219i dreptunghiulare.<\/span><\/span><\/li>\n<li><span dir=\"auto\"><span dir=\"auto\">Stratul de baz\u0103 standard DESSO EcoBase este 100% reciclabil<\/span><\/span><\/li>\n<li><span dir=\"auto\"><span dir=\"auto\">Certificare Argint Cradle to Cradle\u00ae<\/span><\/span><\/li>\n<\/ul>\n<\/div>\n<\/div><\/div> <div class=\"su-column su-column-size-1-2\"><div class=\"su-column-inner su-u-clearfix su-u-trim\">\n<div class=\"information__characteristics__specification__title\" data-v-c8e641ae=\"\"><strong>Specifica\u021bii tehnice \u0219i de mediu<\/strong><\/div>\n<div class=\"information__characteristics__specification__list\" data-v-c8e641ae=\"\">\n<div class=\"information__characteristics__specification__list__item\" data-v-c8e641ae=\"\">\n<div class=\"information__characteristics__specification__list__item\" data-v-c8e641ae=\"\">\n<ul>\n<li class=\"information__characteristics__specification__list__item\"><span class=\"information__characteristics__specification__list__item__label\" data-v-c8e641ae=\"\"><span dir=\"auto\">Tipul produsului ISO:\u00a0<\/span><\/span><span class=\"information__characteristics__specification__list__item__values\" data-v-c8e641ae=\"\"><span dir=\"auto\">Acoperiri textile pentru pardoseli (EN 1307)<\/span><\/span><\/li>\n<li class=\"information__characteristics__specification__list__item\"><span class=\"information__characteristics__specification__list__item__label\" data-v-c8e641ae=\"\"><span dir=\"auto\">Clasificare comercial\u0103:\u00a0<\/span><\/span><span class=\"information__characteristics__specification__list__item__values\" data-v-c8e641ae=\"\"><span dir=\"auto\">33 Grele<\/span><\/span><\/li>\n<li class=\"information__characteristics__specification__list__item\"><span class=\"information__characteristics__specification__list__item__label\" data-v-c8e641ae=\"\"><span dir=\"auto\">\u021aara de origine:\u00a0<\/span><\/span><span class=\"information__characteristics__specification__list__item__values\" data-v-c8e641ae=\"\"><span dir=\"auto\">Olanda<\/span><\/span><\/li>\n<li class=\"information__characteristics__specification__list__item\"><span class=\"information__characteristics__specification__list__item__label\" data-v-c8e641ae=\"\"><span dir=\"auto\">Grosime total\u0103:\u00a0<\/span><\/span><span class=\"information__characteristics__specification__list__item__values\" data-v-c8e641ae=\"\"><span dir=\"auto\">6,50 mm<\/span><\/span><\/li>\n<li class=\"information__characteristics__specification__list__item\"><span class=\"information__characteristics__specification__list__item__label\" data-v-c8e641ae=\"\"><span dir=\"auto\">Num\u0103rul de buc\u0103\u021bi \u00eentr-o cutie:\u00a0<\/span><\/span><span class=\"information__characteristics__specification__list__item__values\" data-v-c8e641ae=\"\"><span dir=\"auto\">20<\/span><\/span><\/li>\n<\/ul>\n<\/div>\n<\/div>\n<\/div>\n<\/div><\/div><\/div>","protected":false},"excerpt":{"rendered":"<p>DESSO Fuse Create \u2013 \u044d\u0442\u043e \u0441\u043e\u0447\u0435\u0442\u0430\u043d\u0438\u0435 \u0434\u0432\u0443\u0445 \u043a\u043e\u043d\u0442\u0440\u0430\u0441\u0442\u043d\u044b\u0445, \u043d\u043e \u0434\u043e\u043f\u043e\u043b\u043d\u044f\u044e\u0449\u0438\u0445 \u0434\u0440\u0443\u0433 \u0434\u0440\u0443\u0433\u0430 \u0446\u0432\u0435\u0442\u043e\u0432 \u0432 \u043e\u0434\u043d\u043e\u043c \u043d\u0430\u043f\u043e\u043b\u044c\u043d\u043e\u043c \u043f\u043e\u043a\u0440\u044b\u0442\u0438\u0438, \u043a\u043e\u0442\u043e\u0440\u043e\u0435 \u0437\u0430\u0434\u0430\u0451\u0442 \u043d\u043e\u0432\u044b\u0439 [&hellip;]<\/p>","protected":false},"featured_media":5007,"template":"","meta":{"_uag_custom_page_level_css":""},"product_brand":[200],"product_cat":[80,74],"product_tag":[],"class_list":{"0":"post-5001","1":"product","2":"type-product","3":"status-publish","4":"has-post-thumbnail","6":"product_brand-tarkett","7":"product_cat-covrolin-commercescie-poli","8":"product_cat-plitocnii","10":"first","11":"outofstock","12":"shipping-taxable","13":"purchasable","14":"product-type-variable"},"yoast_head":"<!-- This site is optimized with the Yoast SEO plugin v25.8 - https:\/\/yoast.com\/wordpress\/plugins\/seo\/ -->\n<title>\u041f\u043b\u0438\u0442\u043e\u0447\u043d\u044b\u0439 \u043a\u043e\u0432\u0440\u043e\u043b\u0438\u043d \u0432 \u041a\u0438\u0448\u0438\u043d\u0451\u0432\u0435 \u2014 \u043f\u0440\u043e\u0434\u0430\u0436\u0430 \u0438 \u043c\u043e\u043d\u0442\u0430\u0436<\/title>\n<meta name=\"description\" content=\"\u041f\u043b\u0438\u0442\u043e\u0447\u043d\u044b\u0439 \u043a\u043e\u0432\u0440\u043e\u043b\u0438\u043d \u0432 \u041a\u0438\u0448\u0438\u043d\u0451\u0432\u0435. \u041f\u0440\u0435\u043c\u0438\u0430\u043b\u044c\u043d\u044b\u0435 \u043a\u043e\u043b\u043b\u0435\u043a\u0446\u0438\u0438, \u043b\u0443\u0447\u0448\u0438\u0435 \u0446\u0435\u043d\u044b \u0438 \u043c\u043e\u043d\u0442\u0430\u0436 \u0441 \u0433\u0430\u0440\u0430\u043d\u0442\u0438\u0435\u0439. \u041f\u043e\u043a\u0443\u043f\u0430\u0439\u0442\u0435 \u0432\u044b\u0433\u043e\u0434\u043d\u043e \u0432 \u0441\u0430\u043b\u043e\u043d\u0435 Gresie.md.\" \/>\n<meta name=\"robots\" content=\"index, follow, max-snippet:-1, max-image-preview:large, max-video-preview:-1\" \/>\n<link rel=\"canonical\" href=\"https:\/\/www.gresie.md\/ro\/produs\/\u043a\u043e\u043b\u043b\u0435\u043a\u0446\u0438\u044f-fuse-create\/\" \/>\n<meta property=\"og:locale\" content=\"ro_RO\" \/>\n<meta property=\"og:type\" content=\"article\" \/>\n<meta property=\"og:title\" content=\"\u041f\u043b\u0438\u0442\u043e\u0447\u043d\u044b\u0439 \u043a\u043e\u0432\u0440\u043e\u043b\u0438\u043d \u0432 \u041a\u0438\u0448\u0438\u043d\u0451\u0432\u0435 \u2014 \u043f\u0440\u043e\u0434\u0430\u0436\u0430 \u0438 \u043c\u043e\u043d\u0442\u0430\u0436\" \/>\n<meta property=\"og:description\" content=\"\u041f\u043b\u0438\u0442\u043e\u0447\u043d\u044b\u0439 \u043a\u043e\u0432\u0440\u043e\u043b\u0438\u043d \u0432 \u041a\u0438\u0448\u0438\u043d\u0451\u0432\u0435. \u041f\u0440\u0435\u043c\u0438\u0430\u043b\u044c\u043d\u044b\u0435 \u043a\u043e\u043b\u043b\u0435\u043a\u0446\u0438\u0438, \u043b\u0443\u0447\u0448\u0438\u0435 \u0446\u0435\u043d\u044b \u0438 \u043c\u043e\u043d\u0442\u0430\u0436 \u0441 \u0433\u0430\u0440\u0430\u043d\u0442\u0438\u0435\u0439. \u041f\u043e\u043a\u0443\u043f\u0430\u0439\u0442\u0435 \u0432\u044b\u0433\u043e\u0434\u043d\u043e \u0432 \u0441\u0430\u043b\u043e\u043d\u0435 Gresie.md.\" \/>\n<meta property=\"og:url\" content=\"https:\/\/www.gresie.md\/ro\/produs\/\u043a\u043e\u043b\u043b\u0435\u043a\u0446\u0438\u044f-fuse-create\/\" \/>\n<meta property=\"og:site_name\" content=\"Gresie.md\" \/>\n<meta property=\"article:publisher\" content=\"https:\/\/www.facebook.com\/share\/14Ngv7h72dv\/?mibextid=wwXIfr\" \/>\n<meta property=\"article:modified_time\" content=\"2026-04-03T11:06:19+00:00\" \/>\n<meta property=\"og:image\" content=\"https:\/\/www.gresie.md\/wp-content\/uploads\/2025\/09\/TH_FuseCreate_8836.jpg\" \/>\n\t<meta property=\"og:image:width\" content=\"960\" \/>\n\t<meta property=\"og:image:height\" content=\"960\" \/>\n\t<meta property=\"og:image:type\" content=\"image\/jpeg\" \/>\n<meta name=\"twitter:card\" content=\"summary_large_image\" \/>\n<meta name=\"twitter:label1\" content=\"Timp estimat pentru citire\" \/>\n\t<meta name=\"twitter:data1\" content=\"2 minute\" \/>\n<script type=\"application\/ld+json\" class=\"yoast-schema-graph\">{\"@context\":\"https:\/\/schema.org\",\"@graph\":[{\"@type\":[\"WebPage\",\"ItemPage\"],\"@id\":\"https:\/\/www.gresie.md\/product\/%d0%ba%d0%be%d0%bb%d0%bb%d0%b5%d0%ba%d1%86%d0%b8%d1%8f-fuse-create\/\",\"url\":\"https:\/\/www.gresie.md\/product\/%d0%ba%d0%be%d0%bb%d0%bb%d0%b5%d0%ba%d1%86%d0%b8%d1%8f-fuse-create\/\",\"name\":\"\u041f\u043b\u0438\u0442\u043e\u0447\u043d\u044b\u0439 \u043a\u043e\u0432\u0440\u043e\u043b\u0438\u043d \u0432 \u041a\u0438\u0448\u0438\u043d\u0451\u0432\u0435 \u2014 \u043f\u0440\u043e\u0434\u0430\u0436\u0430 \u0438 \u043c\u043e\u043d\u0442\u0430\u0436\",\"isPartOf\":{\"@id\":\"https:\/\/www.gresie.md\/#website\"},\"primaryImageOfPage\":{\"@id\":\"https:\/\/www.gresie.md\/product\/%d0%ba%d0%be%d0%bb%d0%bb%d0%b5%d0%ba%d1%86%d0%b8%d1%8f-fuse-create\/#primaryimage\"},\"image\":{\"@id\":\"https:\/\/www.gresie.md\/product\/%d0%ba%d0%be%d0%bb%d0%bb%d0%b5%d0%ba%d1%86%d0%b8%d1%8f-fuse-create\/#primaryimage\"},\"thumbnailUrl\":\"https:\/\/www.gresie.md\/wp-content\/uploads\/2025\/09\/TH_FuseCreate_8836.jpg\",\"datePublished\":\"2025-09-30T13:59:31+00:00\",\"dateModified\":\"2026-04-03T11:06:19+00:00\",\"description\":\"\u041f\u043b\u0438\u0442\u043e\u0447\u043d\u044b\u0439 \u043a\u043e\u0432\u0440\u043e\u043b\u0438\u043d \u0432 \u041a\u0438\u0448\u0438\u043d\u0451\u0432\u0435. \u041f\u0440\u0435\u043c\u0438\u0430\u043b\u044c\u043d\u044b\u0435 \u043a\u043e\u043b\u043b\u0435\u043a\u0446\u0438\u0438, \u043b\u0443\u0447\u0448\u0438\u0435 \u0446\u0435\u043d\u044b \u0438 \u043c\u043e\u043d\u0442\u0430\u0436 \u0441 \u0433\u0430\u0440\u0430\u043d\u0442\u0438\u0435\u0439. \u041f\u043e\u043a\u0443\u043f\u0430\u0439\u0442\u0435 \u0432\u044b\u0433\u043e\u0434\u043d\u043e \u0432 \u0441\u0430\u043b\u043e\u043d\u0435 Gresie.md.\",\"breadcrumb\":{\"@id\":\"https:\/\/www.gresie.md\/product\/%d0%ba%d0%be%d0%bb%d0%bb%d0%b5%d0%ba%d1%86%d0%b8%d1%8f-fuse-create\/#breadcrumb\"},\"inLanguage\":\"ro-RO\",\"potentialAction\":[{\"@type\":\"ReadAction\",\"target\":[\"https:\/\/www.gresie.md\/product\/%d0%ba%d0%be%d0%bb%d0%bb%d0%b5%d0%ba%d1%86%d0%b8%d1%8f-fuse-create\/\"]}]},{\"@type\":\"ImageObject\",\"inLanguage\":\"ro-RO\",\"@id\":\"https:\/\/www.gresie.md\/product\/%d0%ba%d0%be%d0%bb%d0%bb%d0%b5%d0%ba%d1%86%d0%b8%d1%8f-fuse-create\/#primaryimage\",\"url\":\"https:\/\/www.gresie.md\/wp-content\/uploads\/2025\/09\/TH_FuseCreate_8836.jpg\",\"contentUrl\":\"https:\/\/www.gresie.md\/wp-content\/uploads\/2025\/09\/TH_FuseCreate_8836.jpg\",\"width\":960,\"height\":960,\"caption\":\"8836\"},{\"@type\":\"BreadcrumbList\",\"@id\":\"https:\/\/www.gresie.md\/product\/%d0%ba%d0%be%d0%bb%d0%bb%d0%b5%d0%ba%d1%86%d0%b8%d1%8f-fuse-create\/#breadcrumb\",\"itemListElement\":[{\"@type\":\"ListItem\",\"position\":1,\"name\":\"\u0413\u043b\u0430\u0432\u043d\u0430\u044f \u0441\u0442\u0440\u0430\u043d\u0438\u0446\u0430\",\"item\":\"https:\/\/www.gresie.md\/\"},{\"@type\":\"ListItem\",\"position\":2,\"name\":\"\u041a\u0430\u0442\u0430\u043b\u043e\u0433\",\"item\":\"https:\/\/www.gresie.md\/shop\/\"},{\"@type\":\"ListItem\",\"position\":3,\"name\":\"\u041a\u043e\u043b\u043b\u0435\u043a\u0446\u0438\u044f Fuse Create\"}]},{\"@type\":\"WebSite\",\"@id\":\"https:\/\/www.gresie.md\/#website\",\"url\":\"https:\/\/www.gresie.md\/\",\"name\":\"Gresie.md\",\"description\":\"gresie, teracota,tavane metalice, spc, linileum, parchet, mochet\u0103, plitca, ardoseli medicale, fa\u021bade ventilate, terase, pardoseli flotante\",\"publisher\":{\"@id\":\"https:\/\/www.gresie.md\/#organization\"},\"alternateName\":\"Showroom de finisaje pentru pardoseli, tavane \u0219i fa\u021bade ventilate. Descoper\u0103 solu\u021bii moderne \u0219i durabile pentru proiectele tale.\",\"potentialAction\":[{\"@type\":\"SearchAction\",\"target\":{\"@type\":\"EntryPoint\",\"urlTemplate\":\"https:\/\/www.gresie.md\/?s={search_term_string}\"},\"query-input\":{\"@type\":\"PropertyValueSpecification\",\"valueRequired\":true,\"valueName\":\"search_term_string\"}}],\"inLanguage\":\"ro-RO\"},{\"@type\":\"Organization\",\"@id\":\"https:\/\/www.gresie.md\/#organization\",\"name\":\"Gresie md \u0418\u0442\u0430\u043b\u044c\u044f\u043d\u0441\u043a\u0430\u044f \u043f\u043b\u0438\u0442\u043a\u0430\",\"url\":\"https:\/\/www.gresie.md\/\",\"logo\":{\"@type\":\"ImageObject\",\"inLanguage\":\"ro-RO\",\"@id\":\"https:\/\/www.gresie.md\/#\/schema\/logo\/image\/\",\"url\":\"https:\/\/www.gresie.md\/wp-content\/uploads\/2025\/05\/logo_black-e1756978505443.png\",\"contentUrl\":\"https:\/\/www.gresie.md\/wp-content\/uploads\/2025\/05\/logo_black-e1756978505443.png\",\"width\":200,\"height\":85,\"caption\":\"Gresie md \u0418\u0442\u0430\u043b\u044c\u044f\u043d\u0441\u043a\u0430\u044f \u043f\u043b\u0438\u0442\u043a\u0430\"},\"image\":{\"@id\":\"https:\/\/www.gresie.md\/#\/schema\/logo\/image\/\"},\"sameAs\":[\"https:\/\/www.facebook.com\/share\/14Ngv7h72dv\/?mibextid=wwXIfr\"]}]}<\/script>\n<!-- \/ Yoast SEO plugin. -->","yoast_head_json":{"title":"\u041f\u043b\u0438\u0442\u043e\u0447\u043d\u044b\u0439 \u043a\u043e\u0432\u0440\u043e\u043b\u0438\u043d \u0432 \u041a\u0438\u0448\u0438\u043d\u0451\u0432\u0435 \u2014 \u043f\u0440\u043e\u0434\u0430\u0436\u0430 \u0438 \u043c\u043e\u043d\u0442\u0430\u0436","description":"\u041f\u043b\u0438\u0442\u043e\u0447\u043d\u044b\u0439 \u043a\u043e\u0432\u0440\u043e\u043b\u0438\u043d \u0432 \u041a\u0438\u0448\u0438\u043d\u0451\u0432\u0435. \u041f\u0440\u0435\u043c\u0438\u0430\u043b\u044c\u043d\u044b\u0435 \u043a\u043e\u043b\u043b\u0435\u043a\u0446\u0438\u0438, \u043b\u0443\u0447\u0448\u0438\u0435 \u0446\u0435\u043d\u044b \u0438 \u043c\u043e\u043d\u0442\u0430\u0436 \u0441 \u0433\u0430\u0440\u0430\u043d\u0442\u0438\u0435\u0439. \u041f\u043e\u043a\u0443\u043f\u0430\u0439\u0442\u0435 \u0432\u044b\u0433\u043e\u0434\u043d\u043e \u0432 \u0441\u0430\u043b\u043e\u043d\u0435 Gresie.md.","robots":{"index":"index","follow":"follow","max-snippet":"max-snippet:-1","max-image-preview":"max-image-preview:large","max-video-preview":"max-video-preview:-1"},"canonical":"https:\/\/www.gresie.md\/ro\/produs\/\u043a\u043e\u043b\u043b\u0435\u043a\u0446\u0438\u044f-fuse-create\/","og_locale":"ro_RO","og_type":"article","og_title":"\u041f\u043b\u0438\u0442\u043e\u0447\u043d\u044b\u0439 \u043a\u043e\u0432\u0440\u043e\u043b\u0438\u043d \u0432 \u041a\u0438\u0448\u0438\u043d\u0451\u0432\u0435 \u2014 \u043f\u0440\u043e\u0434\u0430\u0436\u0430 \u0438 \u043c\u043e\u043d\u0442\u0430\u0436","og_description":"\u041f\u043b\u0438\u0442\u043e\u0447\u043d\u044b\u0439 \u043a\u043e\u0432\u0440\u043e\u043b\u0438\u043d \u0432 \u041a\u0438\u0448\u0438\u043d\u0451\u0432\u0435. \u041f\u0440\u0435\u043c\u0438\u0430\u043b\u044c\u043d\u044b\u0435 \u043a\u043e\u043b\u043b\u0435\u043a\u0446\u0438\u0438, \u043b\u0443\u0447\u0448\u0438\u0435 \u0446\u0435\u043d\u044b \u0438 \u043c\u043e\u043d\u0442\u0430\u0436 \u0441 \u0433\u0430\u0440\u0430\u043d\u0442\u0438\u0435\u0439. \u041f\u043e\u043a\u0443\u043f\u0430\u0439\u0442\u0435 \u0432\u044b\u0433\u043e\u0434\u043d\u043e \u0432 \u0441\u0430\u043b\u043e\u043d\u0435 Gresie.md.","og_url":"https:\/\/www.gresie.md\/ro\/produs\/\u043a\u043e\u043b\u043b\u0435\u043a\u0446\u0438\u044f-fuse-create\/","og_site_name":"Gresie.md","article_publisher":"https:\/\/www.facebook.com\/share\/14Ngv7h72dv\/?mibextid=wwXIfr","article_modified_time":"2026-04-03T11:06:19+00:00","og_image":[{"width":960,"height":960,"url":"https:\/\/www.gresie.md\/wp-content\/uploads\/2025\/09\/TH_FuseCreate_8836.jpg","type":"image\/jpeg"}],"twitter_card":"summary_large_image","twitter_misc":{"Timp estimat pentru citire":"2 minute"},"schema":{"@context":"https:\/\/schema.org","@graph":[{"@type":["WebPage","ItemPage"],"@id":"https:\/\/www.gresie.md\/product\/%d0%ba%d0%be%d0%bb%d0%bb%d0%b5%d0%ba%d1%86%d0%b8%d1%8f-fuse-create\/","url":"https:\/\/www.gresie.md\/product\/%d0%ba%d0%be%d0%bb%d0%bb%d0%b5%d0%ba%d1%86%d0%b8%d1%8f-fuse-create\/","name":"\u041f\u043b\u0438\u0442\u043e\u0447\u043d\u044b\u0439 \u043a\u043e\u0432\u0440\u043e\u043b\u0438\u043d \u0432 \u041a\u0438\u0448\u0438\u043d\u0451\u0432\u0435 \u2014 \u043f\u0440\u043e\u0434\u0430\u0436\u0430 \u0438 \u043c\u043e\u043d\u0442\u0430\u0436","isPartOf":{"@id":"https:\/\/www.gresie.md\/#website"},"primaryImageOfPage":{"@id":"https:\/\/www.gresie.md\/product\/%d0%ba%d0%be%d0%bb%d0%bb%d0%b5%d0%ba%d1%86%d0%b8%d1%8f-fuse-create\/#primaryimage"},"image":{"@id":"https:\/\/www.gresie.md\/product\/%d0%ba%d0%be%d0%bb%d0%bb%d0%b5%d0%ba%d1%86%d0%b8%d1%8f-fuse-create\/#primaryimage"},"thumbnailUrl":"https:\/\/www.gresie.md\/wp-content\/uploads\/2025\/09\/TH_FuseCreate_8836.jpg","datePublished":"2025-09-30T13:59:31+00:00","dateModified":"2026-04-03T11:06:19+00:00","description":"\u041f\u043b\u0438\u0442\u043e\u0447\u043d\u044b\u0439 \u043a\u043e\u0432\u0440\u043e\u043b\u0438\u043d \u0432 \u041a\u0438\u0448\u0438\u043d\u0451\u0432\u0435. \u041f\u0440\u0435\u043c\u0438\u0430\u043b\u044c\u043d\u044b\u0435 \u043a\u043e\u043b\u043b\u0435\u043a\u0446\u0438\u0438, \u043b\u0443\u0447\u0448\u0438\u0435 \u0446\u0435\u043d\u044b \u0438 \u043c\u043e\u043d\u0442\u0430\u0436 \u0441 \u0433\u0430\u0440\u0430\u043d\u0442\u0438\u0435\u0439. \u041f\u043e\u043a\u0443\u043f\u0430\u0439\u0442\u0435 \u0432\u044b\u0433\u043e\u0434\u043d\u043e \u0432 \u0441\u0430\u043b\u043e\u043d\u0435 Gresie.md.","breadcrumb":{"@id":"https:\/\/www.gresie.md\/product\/%d0%ba%d0%be%d0%bb%d0%bb%d0%b5%d0%ba%d1%86%d0%b8%d1%8f-fuse-create\/#breadcrumb"},"inLanguage":"ro-RO","potentialAction":[{"@type":"ReadAction","target":["https:\/\/www.gresie.md\/product\/%d0%ba%d0%be%d0%bb%d0%bb%d0%b5%d0%ba%d1%86%d0%b8%d1%8f-fuse-create\/"]}]},{"@type":"ImageObject","inLanguage":"ro-RO","@id":"https:\/\/www.gresie.md\/product\/%d0%ba%d0%be%d0%bb%d0%bb%d0%b5%d0%ba%d1%86%d0%b8%d1%8f-fuse-create\/#primaryimage","url":"https:\/\/www.gresie.md\/wp-content\/uploads\/2025\/09\/TH_FuseCreate_8836.jpg","contentUrl":"https:\/\/www.gresie.md\/wp-content\/uploads\/2025\/09\/TH_FuseCreate_8836.jpg","width":960,"height":960,"caption":"8836"},{"@type":"BreadcrumbList","@id":"https:\/\/www.gresie.md\/product\/%d0%ba%d0%be%d0%bb%d0%bb%d0%b5%d0%ba%d1%86%d0%b8%d1%8f-fuse-create\/#breadcrumb","itemListElement":[{"@type":"ListItem","position":1,"name":"\u0413\u043b\u0430\u0432\u043d\u0430\u044f \u0441\u0442\u0440\u0430\u043d\u0438\u0446\u0430","item":"https:\/\/www.gresie.md\/"},{"@type":"ListItem","position":2,"name":"\u041a\u0430\u0442\u0430\u043b\u043e\u0433","item":"https:\/\/www.gresie.md\/shop\/"},{"@type":"ListItem","position":3,"name":"\u041a\u043e\u043b\u043b\u0435\u043a\u0446\u0438\u044f Fuse Create"}]},{"@type":"WebSite","@id":"https:\/\/www.gresie.md\/#website","url":"https:\/\/www.gresie.md\/","name":"Gresie.md","description":"gresie, teracota,tavane metalice, spc, linileum, parchet, mochet\u0103, plitca, ardoseli medicale, fa\u021bade ventilate, terase, pardoseli flotante","publisher":{"@id":"https:\/\/www.gresie.md\/#organization"},"alternateName":"Showroom de finisaje pentru pardoseli, tavane \u0219i fa\u021bade ventilate. Descoper\u0103 solu\u021bii moderne \u0219i durabile pentru proiectele tale.","potentialAction":[{"@type":"SearchAction","target":{"@type":"EntryPoint","urlTemplate":"https:\/\/www.gresie.md\/?s={search_term_string}"},"query-input":{"@type":"PropertyValueSpecification","valueRequired":true,"valueName":"search_term_string"}}],"inLanguage":"ro-RO"},{"@type":"Organization","@id":"https:\/\/www.gresie.md\/#organization","name":"Gresie md \u0418\u0442\u0430\u043b\u044c\u044f\u043d\u0441\u043a\u0430\u044f \u043f\u043b\u0438\u0442\u043a\u0430","url":"https:\/\/www.gresie.md\/","logo":{"@type":"ImageObject","inLanguage":"ro-RO","@id":"https:\/\/www.gresie.md\/#\/schema\/logo\/image\/","url":"https:\/\/www.gresie.md\/wp-content\/uploads\/2025\/05\/logo_black-e1756978505443.png","contentUrl":"https:\/\/www.gresie.md\/wp-content\/uploads\/2025\/05\/logo_black-e1756978505443.png","width":200,"height":85,"caption":"Gresie md \u0418\u0442\u0430\u043b\u044c\u044f\u043d\u0441\u043a\u0430\u044f \u043f\u043b\u0438\u0442\u043a\u0430"},"image":{"@id":"https:\/\/www.gresie.md\/#\/schema\/logo\/image\/"},"sameAs":["https:\/\/www.facebook.com\/share\/14Ngv7h72dv\/?mibextid=wwXIfr"]}]}},"uagb_featured_image_src":{"full":["https:\/\/www.gresie.md\/wp-content\/uploads\/2025\/09\/TH_FuseCreate_8836.jpg",960,960,false],"thumbnail":["https:\/\/www.gresie.md\/wp-content\/uploads\/2025\/09\/TH_FuseCreate_8836-150x150.jpg",150,150,true],"medium":["https:\/\/www.gresie.md\/wp-content\/uploads\/2025\/09\/TH_FuseCreate_8836-300x300.jpg",300,300,true],"medium_large":["https:\/\/www.gresie.md\/wp-content\/uploads\/2025\/09\/TH_FuseCreate_8836-768x768.jpg",768,768,true],"large":["https:\/\/www.gresie.md\/wp-content\/uploads\/2025\/09\/TH_FuseCreate_8836.jpg",960,960,false],"1536x1536":["https:\/\/www.gresie.md\/wp-content\/uploads\/2025\/09\/TH_FuseCreate_8836.jpg",960,960,false],"2048x2048":["https:\/\/www.gresie.md\/wp-content\/uploads\/2025\/09\/TH_FuseCreate_8836.jpg",960,960,false],"trp-custom-language-flag":["https:\/\/www.gresie.md\/wp-content\/uploads\/2025\/09\/TH_FuseCreate_8836-12x12.jpg",12,12,true],"emoza-extra-large":["https:\/\/www.gresie.md\/wp-content\/uploads\/2025\/09\/TH_FuseCreate_8836.jpg",960,960,false],"emoza-large":["https:\/\/www.gresie.md\/wp-content\/uploads\/2025\/09\/TH_FuseCreate_8836-920x920.jpg",920,920,true],"emoza-big":["https:\/\/www.gresie.md\/wp-content\/uploads\/2025\/09\/TH_FuseCreate_8836-575x575.jpg",575,575,true],"emoza-medium":["https:\/\/www.gresie.md\/wp-content\/uploads\/2025\/09\/TH_FuseCreate_8836-380x380.jpg",380,380,true],"woocommerce_thumbnail":["https:\/\/www.gresie.md\/wp-content\/uploads\/2025\/09\/TH_FuseCreate_8836-420x420.jpg",420,420,true],"woocommerce_single":["https:\/\/www.gresie.md\/wp-content\/uploads\/2025\/09\/TH_FuseCreate_8836-800x800.jpg",800,800,true],"woocommerce_gallery_thumbnail":["https:\/\/www.gresie.md\/wp-content\/uploads\/2025\/09\/TH_FuseCreate_8836-100x100.jpg",100,100,true],"variation_swatches_image_size":["https:\/\/www.gresie.md\/wp-content\/uploads\/2025\/09\/TH_FuseCreate_8836-50x50.jpg",50,50,true],"variation_swatches_tooltip_size":["https:\/\/www.gresie.md\/wp-content\/uploads\/2025\/09\/TH_FuseCreate_8836-100x100.jpg",100,100,true]},"uagb_author_info":{"display_name":"valik","author_link":"https:\/\/www.gresie.md\/ro\/author\/"},"uagb_comment_info":0,"uagb_excerpt":"DESSO Fuse Create \u2013 \u044d\u0442\u043e \u0441\u043e\u0447\u0435\u0442\u0430\u043d\u0438\u0435 \u0434\u0432\u0443\u0445 \u043a\u043e\u043d\u0442\u0440\u0430\u0441\u0442\u043d\u044b\u0445, \u043d\u043e \u0434\u043e\u043f\u043e\u043b\u043d\u044f\u044e\u0449\u0438\u0445 \u0434\u0440\u0443\u0433 \u0434\u0440\u0443\u0433\u0430 \u0446\u0432\u0435\u0442\u043e\u0432 \u0432 \u043e\u0434\u043d\u043e\u043c \u043d\u0430\u043f\u043e\u043b\u044c\u043d\u043e\u043c \u043f\u043e\u043a\u0440\u044b\u0442\u0438\u0438, \u043a\u043e\u0442\u043e\u0440\u043e\u0435 \u0437\u0430\u0434\u0430\u0451\u0442 \u043d\u043e\u0432\u044b\u0439 [&hellip;]","_links":{"self":[{"href":"https:\/\/www.gresie.md\/ro\/wp-json\/wp\/v2\/product\/5001","targetHints":{"allow":["GET"]}}],"collection":[{"href":"https:\/\/www.gresie.md\/ro\/wp-json\/wp\/v2\/product"}],"about":[{"href":"https:\/\/www.gresie.md\/ro\/wp-json\/wp\/v2\/types\/product"}],"wp:featuredmedia":[{"embeddable":true,"href":"https:\/\/www.gresie.md\/ro\/wp-json\/wp\/v2\/media\/5007"}],"wp:attachment":[{"href":"https:\/\/www.gresie.md\/ro\/wp-json\/wp\/v2\/media?parent=5001"}],"wp:term":[{"taxonomy":"product_brand","embeddable":true,"href":"https:\/\/www.gresie.md\/ro\/wp-json\/wp\/v2\/product_brand?post=5001"},{"taxonomy":"product_cat","embeddable":true,"href":"https:\/\/www.gresie.md\/ro\/wp-json\/wp\/v2\/product_cat?post=5001"},{"taxonomy":"product_tag","embeddable":true,"href":"https:\/\/www.gresie.md\/ro\/wp-json\/wp\/v2\/product_tag?post=5001"}],"curies":[{"name":"wp","href":"https:\/\/api.w.org\/{rel}","templated":true}]}}