{"id":5077,"date":"2025-10-02T12:54:10","date_gmt":"2025-10-02T09:54:10","guid":{"rendered":"https:\/\/www.gresie.md\/?post_type=product&#038;p=5077"},"modified":"2026-04-03T00:00:43","modified_gmt":"2026-04-02T21:00:43","slug":"%d0%ba%d0%be%d0%bb%d0%bb%d0%b5%d0%ba%d1%86%d0%b8%d1%8f-grezzo-vivid","status":"publish","type":"product","link":"https:\/\/www.gresie.md\/ro\/produs\/%d0%ba%d0%be%d0%bb%d0%bb%d0%b5%d0%ba%d1%86%d0%b8%d1%8f-grezzo-vivid\/","title":{"rendered":"Colec\u021bie Grezzo Vivid"},"content":{"rendered":"<p><span dir=\"auto\">Inspirate de structurile organice deosebite \u0219i de bog\u0103\u021bia pigmen\u021bilor naturali, mocheta DESSO Grezzo Vivid aduce puterea restauratoare a naturii direct \u00een interioare, cre\u00e2nd o atmosfer\u0103 lini\u0219tit\u0103. Asemenea mu\u0219chiului sau lichenului \u00eenflorit care acoper\u0103 piatra \u0219i betonul, Vivid eviden\u021biaz\u0103 frumuse\u021bea \u0219i vitalitatea impresionant\u0103 a naturii, infuz\u00e2nd nuan\u021bele cu culoare \u0219i via\u021b\u0103. \u021aes\u0103tura robust\u0103, neregulat\u0103, creeaz\u0103 o textur\u0103 s\u0103lbatic\u0103, asem\u0103n\u0103toare pietrei, ad\u0103ug\u00e2nd profunzime \u0219i dinamism natural spa\u021biilor spa\u021bioase.<\/span><\/p>\n<p><span dir=\"auto\">Colec\u021bia DESSO Grezzo Vivid se \u00eembin\u0103 armonios cu DESSO Grezzo Bloom, ad\u0103ug\u00e2nd accente elegante \u0219i expresivitate oric\u0103rui interior. Aceste dou\u0103 colec\u021bii, \u00eempreun\u0103 cu colec\u021bia DESSO Grezzo existent\u0103, ofer\u0103 o palet\u0103 extins\u0103 de op\u021biuni, extinz\u00e2nd \u0219i mai mult libertatea creativ\u0103 \u00een designul interior.<\/span><\/p>\n<div class=\"su-row\"><div class=\"su-column su-column-size-1-2\"><div class=\"su-column-inner su-u-clearfix su-u-trim\">\n<div class=\"information__characteristics__key-features__title\" data-v-c8e641ae=\"\"><strong>Caracteristici principale<\/strong><\/div>\n<div class=\"information__characteristics__key-features__list\" data-v-c8e641ae=\"\">\n<ul>\n<li><span dir=\"auto\"><span dir=\"auto\">Amprent\u0103 de carbon circular\u0103: 2,51 kg CO\u2082\/m\u00b2<\/span><\/span><\/li>\n<li><span dir=\"auto\"><span dir=\"auto\">Con\u021binut total reciclat \u0219i biodegradabil: 53,3%<\/span><\/span><\/li>\n<li><span dir=\"auto\"><span dir=\"auto\">Fire \u0219i suport reciclate: 100%<\/span><\/span><\/li>\n<li><span dir=\"auto\"><span dir=\"auto\">Standardul de baz\u0103 \u00eembun\u0103t\u0103\u021bit DESSO EcoBase: 100% reciclabil, con\u021bine p\u00e2n\u0103 la 91% materiale reciclate \u0219i bio-bazate<\/span><\/span><\/li>\n<li><span dir=\"auto\"><span dir=\"auto\">Certificare Cradle to Cradle\u00ae \u2013 Nivel Silver<\/span><\/span><\/li>\n<li><span dir=\"auto\"><span dir=\"auto\">Fabricat \u00een Europa<\/span><\/span><\/li>\n<\/ul>\n<\/div>\n<\/div><\/div> <div class=\"su-column su-column-size-1-2\"><div class=\"su-column-inner su-u-clearfix su-u-trim\">\n<div class=\"information__characteristics__specification__title\" data-v-c8e641ae=\"\"><strong>Specifica\u021bii tehnice \u0219i de mediu<\/strong><\/div>\n<div class=\"information__characteristics__specification__list\" data-v-c8e641ae=\"\">\n<div class=\"information__characteristics__specification__list__item\" data-v-c8e641ae=\"\">\n<div class=\"information__characteristics__specification__list__item\" data-v-c8e641ae=\"\">\n<ul>\n<li class=\"information__characteristics__specification__list__item\"><span class=\"information__characteristics__specification__list__item__label\" data-v-c8e641ae=\"\"><span dir=\"auto\">Clasificare comercial\u0103:\u00a0<\/span><\/span><span class=\"information__characteristics__specification__list__item__values\" data-v-c8e641ae=\"\"><span dir=\"auto\">33 Grele<\/span><\/span><\/li>\n<li class=\"information__characteristics__specification__list__item\"><span class=\"information__characteristics__specification__list__item__label\" data-v-c8e641ae=\"\"><span dir=\"auto\">Clasificare intern\u0103: 23 Intens\u00a0<\/span><\/span><span class=\"information__characteristics__specification__list__item__values\" data-v-c8e641ae=\"\"><span dir=\"auto\">23 Intensiv<\/span><\/span><\/li>\n<li class=\"information__characteristics__specification__list__item\"><span class=\"information__characteristics__specification__list__item__label\" data-v-c8e641ae=\"\"><span dir=\"auto\">Certificate de calitate:\u00a0<\/span><\/span><span class=\"information__characteristics__specification__list__item__values\" data-v-c8e641ae=\"\"><span dir=\"auto\">ISO 14001<\/span><\/span><\/li>\n<li class=\"information__characteristics__specification__list__item\"><span class=\"information__characteristics__specification__list__item__label\" data-v-c8e641ae=\"\"><span dir=\"auto\">Greutatea efectiv\u0103 a firului:\u00a0<\/span><\/span><span class=\"information__characteristics__specification__list__item__values\" data-v-c8e641ae=\"\"><span dir=\"auto\">395 g\/m\u00b2 (11,6 oz\/yd\u00b2)<\/span><\/span><\/li>\n<li class=\"information__characteristics__specification__list__item\"><span class=\"information__characteristics__specification__list__item__label\" data-v-c8e641ae=\"\"><span dir=\"auto\">Direc\u021bia de instalare:\u00a0<\/span><\/span><span class=\"information__characteristics__specification__list__item__values\" data-v-c8e641ae=\"\"><span dir=\"auto\">HorzA\/Quart\/Rand<\/span><\/span><\/li>\n<\/ul>\n<\/div>\n<\/div>\n<\/div>\n<\/div><\/div><\/div>","protected":false},"excerpt":{"rendered":"<p>\u0412\u0434\u043e\u0445\u043d\u043e\u0432\u043b\u0435\u043d\u043d\u0430\u044f \u0438\u0437\u044b\u0441\u043a\u0430\u043d\u043d\u044b\u043c\u0438 \u043e\u0440\u0433\u0430\u043d\u0438\u0447\u0435\u0441\u043a\u0438\u043c\u0438 \u0441\u0442\u0440\u0443\u043a\u0442\u0443\u0440\u0430\u043c\u0438 \u0438 \u0431\u043e\u0433\u0430\u0442\u0441\u0442\u0432\u043e\u043c \u043f\u0440\u0438\u0440\u043e\u0434\u043d\u044b\u0445 \u043f\u0438\u0433\u043c\u0435\u043d\u0442\u043e\u0432, \u043a\u043e\u0432\u0440\u043e\u0432\u0430\u044f \u043f\u043b\u0438\u0442\u043a\u0430 DESSO Grezzo Vivid \u043f\u0435\u0440\u0435\u043d\u043e\u0441\u0438\u0442 \u0432\u043e\u0441\u0441\u0442\u0430\u043d\u0430\u0432\u043b\u0438\u0432\u0430\u044e\u0449\u0443\u044e \u0441\u0438\u043b\u0443 \u043f\u0440\u0438\u0440\u043e\u0434\u044b \u043d\u0435\u043f\u043e\u0441\u0440\u0435\u0434\u0441\u0442\u0432\u0435\u043d\u043d\u043e \u0432 \u0438\u043d\u0442\u0435\u0440\u044c\u0435\u0440\u044b, [&hellip;]<\/p>","protected":false},"featured_media":5108,"template":"","meta":{"_uag_custom_page_level_css":""},"product_brand":[200],"product_cat":[80,74],"product_tag":[],"class_list":{"0":"post-5077","1":"product","2":"type-product","3":"status-publish","4":"has-post-thumbnail","6":"product_brand-tarkett","7":"product_cat-covrolin-commercescie-poli","8":"product_cat-plitocnii","10":"first","11":"outofstock","12":"shipping-taxable","13":"purchasable","14":"product-type-variable"},"yoast_head":"<!-- This site is optimized with the Yoast SEO plugin v25.8 - https:\/\/yoast.com\/wordpress\/plugins\/seo\/ -->\n<title>Mochet\u0103 \u00een Chi\u0219in\u0103u \u2014 v\u00e2nzare \u0219i montare<\/title>\n<meta name=\"description\" content=\"Mochet\u0103 pentru cas\u0103, birou \u0219i spa\u021bii comerciale. Materiale premium, pre\u021buri excelente, montare profesionist \u0219i garan\u021bie complet\u0103 la Gresie.md.\" \/>\n<meta name=\"robots\" content=\"index, follow, max-snippet:-1, max-image-preview:large, max-video-preview:-1\" \/>\n<link rel=\"canonical\" href=\"https:\/\/www.gresie.md\/ro\/produs\/\u043a\u043e\u043b\u043b\u0435\u043a\u0446\u0438\u044f-grezzo-vivid\/\" \/>\n<meta property=\"og:locale\" content=\"ro_RO\" \/>\n<meta property=\"og:type\" content=\"article\" \/>\n<meta property=\"og:title\" content=\"Mochet\u0103 \u00een Chi\u0219in\u0103u \u2014 v\u00e2nzare \u0219i montare\" \/>\n<meta property=\"og:description\" content=\"Mochet\u0103 pentru cas\u0103, birou \u0219i spa\u021bii comerciale. Materiale premium, pre\u021buri excelente, montare profesionist \u0219i garan\u021bie complet\u0103 la Gresie.md.\" \/>\n<meta property=\"og:url\" content=\"https:\/\/www.gresie.md\/ro\/produs\/\u043a\u043e\u043b\u043b\u0435\u043a\u0446\u0438\u044f-grezzo-vivid\/\" \/>\n<meta property=\"og:site_name\" content=\"Gresie.md\" \/>\n<meta property=\"article:publisher\" content=\"https:\/\/www.facebook.com\/share\/14Ngv7h72dv\/?mibextid=wwXIfr\" \/>\n<meta property=\"article:modified_time\" content=\"2026-04-02T21:00:43+00:00\" \/>\n<meta property=\"og:image\" content=\"https:\/\/www.gresie.md\/wp-content\/uploads\/2025\/10\/TH_Grezzo_Vivid_7932.jpg\" \/>\n\t<meta property=\"og:image:width\" content=\"960\" \/>\n\t<meta property=\"og:image:height\" content=\"960\" \/>\n\t<meta property=\"og:image:type\" content=\"image\/jpeg\" \/>\n<meta name=\"twitter:card\" content=\"summary_large_image\" \/>\n<meta name=\"twitter:label1\" content=\"Timp estimat pentru citire\" \/>\n\t<meta name=\"twitter:data1\" content=\"2 minute\" \/>\n<script type=\"application\/ld+json\" class=\"yoast-schema-graph\">{\"@context\":\"https:\/\/schema.org\",\"@graph\":[{\"@type\":[\"WebPage\",\"ItemPage\"],\"@id\":\"https:\/\/www.gresie.md\/product\/%d0%ba%d0%be%d0%bb%d0%bb%d0%b5%d0%ba%d1%86%d0%b8%d1%8f-grezzo-vivid\/\",\"url\":\"https:\/\/www.gresie.md\/product\/%d0%ba%d0%be%d0%bb%d0%bb%d0%b5%d0%ba%d1%86%d0%b8%d1%8f-grezzo-vivid\/\",\"name\":\"Mochet\u0103 \u00een Chi\u0219in\u0103u \u2014 v\u00e2nzare \u0219i montare\",\"isPartOf\":{\"@id\":\"https:\/\/www.gresie.md\/#website\"},\"primaryImageOfPage\":{\"@id\":\"https:\/\/www.gresie.md\/product\/%d0%ba%d0%be%d0%bb%d0%bb%d0%b5%d0%ba%d1%86%d0%b8%d1%8f-grezzo-vivid\/#primaryimage\"},\"image\":{\"@id\":\"https:\/\/www.gresie.md\/product\/%d0%ba%d0%be%d0%bb%d0%bb%d0%b5%d0%ba%d1%86%d0%b8%d1%8f-grezzo-vivid\/#primaryimage\"},\"thumbnailUrl\":\"https:\/\/www.gresie.md\/wp-content\/uploads\/2025\/10\/TH_Grezzo_Vivid_7932.jpg\",\"datePublished\":\"2025-10-02T09:54:10+00:00\",\"dateModified\":\"2026-04-02T21:00:43+00:00\",\"description\":\"Mochet\u0103 pentru cas\u0103, birou \u0219i spa\u021bii comerciale. Materiale premium, pre\u021buri excelente, montare profesionist \u0219i garan\u021bie complet\u0103 la Gresie.md.\",\"breadcrumb\":{\"@id\":\"https:\/\/www.gresie.md\/product\/%d0%ba%d0%be%d0%bb%d0%bb%d0%b5%d0%ba%d1%86%d0%b8%d1%8f-grezzo-vivid\/#breadcrumb\"},\"inLanguage\":\"ro-RO\",\"potentialAction\":[{\"@type\":\"ReadAction\",\"target\":[\"https:\/\/www.gresie.md\/product\/%d0%ba%d0%be%d0%bb%d0%bb%d0%b5%d0%ba%d1%86%d0%b8%d1%8f-grezzo-vivid\/\"]}]},{\"@type\":\"ImageObject\",\"inLanguage\":\"ro-RO\",\"@id\":\"https:\/\/www.gresie.md\/product\/%d0%ba%d0%be%d0%bb%d0%bb%d0%b5%d0%ba%d1%86%d0%b8%d1%8f-grezzo-vivid\/#primaryimage\",\"url\":\"https:\/\/www.gresie.md\/wp-content\/uploads\/2025\/10\/TH_Grezzo_Vivid_7932.jpg\",\"contentUrl\":\"https:\/\/www.gresie.md\/wp-content\/uploads\/2025\/10\/TH_Grezzo_Vivid_7932.jpg\",\"width\":960,\"height\":960,\"caption\":\"7932\"},{\"@type\":\"BreadcrumbList\",\"@id\":\"https:\/\/www.gresie.md\/product\/%d0%ba%d0%be%d0%bb%d0%bb%d0%b5%d0%ba%d1%86%d0%b8%d1%8f-grezzo-vivid\/#breadcrumb\",\"itemListElement\":[{\"@type\":\"ListItem\",\"position\":1,\"name\":\"\u0413\u043b\u0430\u0432\u043d\u0430\u044f \u0441\u0442\u0440\u0430\u043d\u0438\u0446\u0430\",\"item\":\"https:\/\/www.gresie.md\/\"},{\"@type\":\"ListItem\",\"position\":2,\"name\":\"\u041a\u0430\u0442\u0430\u043b\u043e\u0433\",\"item\":\"https:\/\/www.gresie.md\/shop\/\"},{\"@type\":\"ListItem\",\"position\":3,\"name\":\"\u041a\u043e\u043b\u043b\u0435\u043a\u0446\u0438\u044f Grezzo Vivid\"}]},{\"@type\":\"WebSite\",\"@id\":\"https:\/\/www.gresie.md\/#website\",\"url\":\"https:\/\/www.gresie.md\/\",\"name\":\"Gresie.md\",\"description\":\"gresie, teracota,tavane metalice, spc, linileum, parchet, mochet\u0103, plitca, ardoseli medicale, fa\u021bade ventilate, terase, pardoseli flotante\",\"publisher\":{\"@id\":\"https:\/\/www.gresie.md\/#organization\"},\"alternateName\":\"Showroom de finisaje pentru pardoseli, tavane \u0219i fa\u021bade ventilate. Descoper\u0103 solu\u021bii moderne \u0219i durabile pentru proiectele tale.\",\"potentialAction\":[{\"@type\":\"SearchAction\",\"target\":{\"@type\":\"EntryPoint\",\"urlTemplate\":\"https:\/\/www.gresie.md\/?s={search_term_string}\"},\"query-input\":{\"@type\":\"PropertyValueSpecification\",\"valueRequired\":true,\"valueName\":\"search_term_string\"}}],\"inLanguage\":\"ro-RO\"},{\"@type\":\"Organization\",\"@id\":\"https:\/\/www.gresie.md\/#organization\",\"name\":\"Gresie md \u0418\u0442\u0430\u043b\u044c\u044f\u043d\u0441\u043a\u0430\u044f \u043f\u043b\u0438\u0442\u043a\u0430\",\"url\":\"https:\/\/www.gresie.md\/\",\"logo\":{\"@type\":\"ImageObject\",\"inLanguage\":\"ro-RO\",\"@id\":\"https:\/\/www.gresie.md\/#\/schema\/logo\/image\/\",\"url\":\"https:\/\/www.gresie.md\/wp-content\/uploads\/2025\/05\/logo_black-e1756978505443.png\",\"contentUrl\":\"https:\/\/www.gresie.md\/wp-content\/uploads\/2025\/05\/logo_black-e1756978505443.png\",\"width\":200,\"height\":85,\"caption\":\"Gresie md \u0418\u0442\u0430\u043b\u044c\u044f\u043d\u0441\u043a\u0430\u044f \u043f\u043b\u0438\u0442\u043a\u0430\"},\"image\":{\"@id\":\"https:\/\/www.gresie.md\/#\/schema\/logo\/image\/\"},\"sameAs\":[\"https:\/\/www.facebook.com\/share\/14Ngv7h72dv\/?mibextid=wwXIfr\"]}]}<\/script>\n<!-- \/ Yoast SEO plugin. -->","yoast_head_json":{"title":"Mochet\u0103 \u00een Chi\u0219in\u0103u \u2014 v\u00e2nzare \u0219i montare","description":"Mochet\u0103 pentru cas\u0103, birou \u0219i spa\u021bii comerciale. Materiale premium, pre\u021buri excelente, montare profesionist \u0219i garan\u021bie complet\u0103 la Gresie.md.","robots":{"index":"index","follow":"follow","max-snippet":"max-snippet:-1","max-image-preview":"max-image-preview:large","max-video-preview":"max-video-preview:-1"},"canonical":"https:\/\/www.gresie.md\/ro\/produs\/\u043a\u043e\u043b\u043b\u0435\u043a\u0446\u0438\u044f-grezzo-vivid\/","og_locale":"ro_RO","og_type":"article","og_title":"Mochet\u0103 \u00een Chi\u0219in\u0103u \u2014 v\u00e2nzare \u0219i montare","og_description":"Mochet\u0103 pentru cas\u0103, birou \u0219i spa\u021bii comerciale. Materiale premium, pre\u021buri excelente, montare profesionist \u0219i garan\u021bie complet\u0103 la Gresie.md.","og_url":"https:\/\/www.gresie.md\/ro\/produs\/\u043a\u043e\u043b\u043b\u0435\u043a\u0446\u0438\u044f-grezzo-vivid\/","og_site_name":"Gresie.md","article_publisher":"https:\/\/www.facebook.com\/share\/14Ngv7h72dv\/?mibextid=wwXIfr","article_modified_time":"2026-04-02T21:00:43+00:00","og_image":[{"width":960,"height":960,"url":"https:\/\/www.gresie.md\/wp-content\/uploads\/2025\/10\/TH_Grezzo_Vivid_7932.jpg","type":"image\/jpeg"}],"twitter_card":"summary_large_image","twitter_misc":{"Timp estimat pentru citire":"2 minute"},"schema":{"@context":"https:\/\/schema.org","@graph":[{"@type":["WebPage","ItemPage"],"@id":"https:\/\/www.gresie.md\/product\/%d0%ba%d0%be%d0%bb%d0%bb%d0%b5%d0%ba%d1%86%d0%b8%d1%8f-grezzo-vivid\/","url":"https:\/\/www.gresie.md\/product\/%d0%ba%d0%be%d0%bb%d0%bb%d0%b5%d0%ba%d1%86%d0%b8%d1%8f-grezzo-vivid\/","name":"Mochet\u0103 \u00een Chi\u0219in\u0103u \u2014 v\u00e2nzare \u0219i montare","isPartOf":{"@id":"https:\/\/www.gresie.md\/#website"},"primaryImageOfPage":{"@id":"https:\/\/www.gresie.md\/product\/%d0%ba%d0%be%d0%bb%d0%bb%d0%b5%d0%ba%d1%86%d0%b8%d1%8f-grezzo-vivid\/#primaryimage"},"image":{"@id":"https:\/\/www.gresie.md\/product\/%d0%ba%d0%be%d0%bb%d0%bb%d0%b5%d0%ba%d1%86%d0%b8%d1%8f-grezzo-vivid\/#primaryimage"},"thumbnailUrl":"https:\/\/www.gresie.md\/wp-content\/uploads\/2025\/10\/TH_Grezzo_Vivid_7932.jpg","datePublished":"2025-10-02T09:54:10+00:00","dateModified":"2026-04-02T21:00:43+00:00","description":"Mochet\u0103 pentru cas\u0103, birou \u0219i spa\u021bii comerciale. Materiale premium, pre\u021buri excelente, montare profesionist \u0219i garan\u021bie complet\u0103 la Gresie.md.","breadcrumb":{"@id":"https:\/\/www.gresie.md\/product\/%d0%ba%d0%be%d0%bb%d0%bb%d0%b5%d0%ba%d1%86%d0%b8%d1%8f-grezzo-vivid\/#breadcrumb"},"inLanguage":"ro-RO","potentialAction":[{"@type":"ReadAction","target":["https:\/\/www.gresie.md\/product\/%d0%ba%d0%be%d0%bb%d0%bb%d0%b5%d0%ba%d1%86%d0%b8%d1%8f-grezzo-vivid\/"]}]},{"@type":"ImageObject","inLanguage":"ro-RO","@id":"https:\/\/www.gresie.md\/product\/%d0%ba%d0%be%d0%bb%d0%bb%d0%b5%d0%ba%d1%86%d0%b8%d1%8f-grezzo-vivid\/#primaryimage","url":"https:\/\/www.gresie.md\/wp-content\/uploads\/2025\/10\/TH_Grezzo_Vivid_7932.jpg","contentUrl":"https:\/\/www.gresie.md\/wp-content\/uploads\/2025\/10\/TH_Grezzo_Vivid_7932.jpg","width":960,"height":960,"caption":"7932"},{"@type":"BreadcrumbList","@id":"https:\/\/www.gresie.md\/product\/%d0%ba%d0%be%d0%bb%d0%bb%d0%b5%d0%ba%d1%86%d0%b8%d1%8f-grezzo-vivid\/#breadcrumb","itemListElement":[{"@type":"ListItem","position":1,"name":"\u0413\u043b\u0430\u0432\u043d\u0430\u044f \u0441\u0442\u0440\u0430\u043d\u0438\u0446\u0430","item":"https:\/\/www.gresie.md\/"},{"@type":"ListItem","position":2,"name":"\u041a\u0430\u0442\u0430\u043b\u043e\u0433","item":"https:\/\/www.gresie.md\/shop\/"},{"@type":"ListItem","position":3,"name":"\u041a\u043e\u043b\u043b\u0435\u043a\u0446\u0438\u044f Grezzo Vivid"}]},{"@type":"WebSite","@id":"https:\/\/www.gresie.md\/#website","url":"https:\/\/www.gresie.md\/","name":"Gresie.md","description":"gresie, teracota,tavane metalice, spc, linileum, parchet, mochet\u0103, plitca, ardoseli medicale, fa\u021bade ventilate, terase, pardoseli flotante","publisher":{"@id":"https:\/\/www.gresie.md\/#organization"},"alternateName":"Showroom de finisaje pentru pardoseli, tavane \u0219i fa\u021bade ventilate. Descoper\u0103 solu\u021bii moderne \u0219i durabile pentru proiectele tale.","potentialAction":[{"@type":"SearchAction","target":{"@type":"EntryPoint","urlTemplate":"https:\/\/www.gresie.md\/?s={search_term_string}"},"query-input":{"@type":"PropertyValueSpecification","valueRequired":true,"valueName":"search_term_string"}}],"inLanguage":"ro-RO"},{"@type":"Organization","@id":"https:\/\/www.gresie.md\/#organization","name":"Gresie md \u0418\u0442\u0430\u043b\u044c\u044f\u043d\u0441\u043a\u0430\u044f \u043f\u043b\u0438\u0442\u043a\u0430","url":"https:\/\/www.gresie.md\/","logo":{"@type":"ImageObject","inLanguage":"ro-RO","@id":"https:\/\/www.gresie.md\/#\/schema\/logo\/image\/","url":"https:\/\/www.gresie.md\/wp-content\/uploads\/2025\/05\/logo_black-e1756978505443.png","contentUrl":"https:\/\/www.gresie.md\/wp-content\/uploads\/2025\/05\/logo_black-e1756978505443.png","width":200,"height":85,"caption":"Gresie md \u0418\u0442\u0430\u043b\u044c\u044f\u043d\u0441\u043a\u0430\u044f \u043f\u043b\u0438\u0442\u043a\u0430"},"image":{"@id":"https:\/\/www.gresie.md\/#\/schema\/logo\/image\/"},"sameAs":["https:\/\/www.facebook.com\/share\/14Ngv7h72dv\/?mibextid=wwXIfr"]}]}},"uagb_featured_image_src":{"full":["https:\/\/www.gresie.md\/wp-content\/uploads\/2025\/10\/TH_Grezzo_Vivid_7932.jpg",960,960,false],"thumbnail":["https:\/\/www.gresie.md\/wp-content\/uploads\/2025\/10\/TH_Grezzo_Vivid_7932-150x150.jpg",150,150,true],"medium":["https:\/\/www.gresie.md\/wp-content\/uploads\/2025\/10\/TH_Grezzo_Vivid_7932-300x300.jpg",300,300,true],"medium_large":["https:\/\/www.gresie.md\/wp-content\/uploads\/2025\/10\/TH_Grezzo_Vivid_7932-768x768.jpg",768,768,true],"large":["https:\/\/www.gresie.md\/wp-content\/uploads\/2025\/10\/TH_Grezzo_Vivid_7932.jpg",960,960,false],"1536x1536":["https:\/\/www.gresie.md\/wp-content\/uploads\/2025\/10\/TH_Grezzo_Vivid_7932.jpg",960,960,false],"2048x2048":["https:\/\/www.gresie.md\/wp-content\/uploads\/2025\/10\/TH_Grezzo_Vivid_7932.jpg",960,960,false],"trp-custom-language-flag":["https:\/\/www.gresie.md\/wp-content\/uploads\/2025\/10\/TH_Grezzo_Vivid_7932-12x12.jpg",12,12,true],"emoza-extra-large":["https:\/\/www.gresie.md\/wp-content\/uploads\/2025\/10\/TH_Grezzo_Vivid_7932.jpg",960,960,false],"emoza-large":["https:\/\/www.gresie.md\/wp-content\/uploads\/2025\/10\/TH_Grezzo_Vivid_7932-920x920.jpg",920,920,true],"emoza-big":["https:\/\/www.gresie.md\/wp-content\/uploads\/2025\/10\/TH_Grezzo_Vivid_7932-575x575.jpg",575,575,true],"emoza-medium":["https:\/\/www.gresie.md\/wp-content\/uploads\/2025\/10\/TH_Grezzo_Vivid_7932-380x380.jpg",380,380,true],"woocommerce_thumbnail":["https:\/\/www.gresie.md\/wp-content\/uploads\/2025\/10\/TH_Grezzo_Vivid_7932-420x420.jpg",420,420,true],"woocommerce_single":["https:\/\/www.gresie.md\/wp-content\/uploads\/2025\/10\/TH_Grezzo_Vivid_7932-800x800.jpg",800,800,true],"woocommerce_gallery_thumbnail":["https:\/\/www.gresie.md\/wp-content\/uploads\/2025\/10\/TH_Grezzo_Vivid_7932-100x100.jpg",100,100,true],"variation_swatches_image_size":["https:\/\/www.gresie.md\/wp-content\/uploads\/2025\/10\/TH_Grezzo_Vivid_7932-50x50.jpg",50,50,true],"variation_swatches_tooltip_size":["https:\/\/www.gresie.md\/wp-content\/uploads\/2025\/10\/TH_Grezzo_Vivid_7932-100x100.jpg",100,100,true]},"uagb_author_info":{"display_name":"valik","author_link":"https:\/\/www.gresie.md\/ro\/author\/"},"uagb_comment_info":0,"uagb_excerpt":"\u0412\u0434\u043e\u0445\u043d\u043e\u0432\u043b\u0435\u043d\u043d\u0430\u044f \u0438\u0437\u044b\u0441\u043a\u0430\u043d\u043d\u044b\u043c\u0438 \u043e\u0440\u0433\u0430\u043d\u0438\u0447\u0435\u0441\u043a\u0438\u043c\u0438 \u0441\u0442\u0440\u0443\u043a\u0442\u0443\u0440\u0430\u043c\u0438 \u0438 \u0431\u043e\u0433\u0430\u0442\u0441\u0442\u0432\u043e\u043c \u043f\u0440\u0438\u0440\u043e\u0434\u043d\u044b\u0445 \u043f\u0438\u0433\u043c\u0435\u043d\u0442\u043e\u0432, \u043a\u043e\u0432\u0440\u043e\u0432\u0430\u044f \u043f\u043b\u0438\u0442\u043a\u0430 DESSO Grezzo Vivid \u043f\u0435\u0440\u0435\u043d\u043e\u0441\u0438\u0442 \u0432\u043e\u0441\u0441\u0442\u0430\u043d\u0430\u0432\u043b\u0438\u0432\u0430\u044e\u0449\u0443\u044e \u0441\u0438\u043b\u0443 \u043f\u0440\u0438\u0440\u043e\u0434\u044b \u043d\u0435\u043f\u043e\u0441\u0440\u0435\u0434\u0441\u0442\u0432\u0435\u043d\u043d\u043e \u0432 \u0438\u043d\u0442\u0435\u0440\u044c\u0435\u0440\u044b, [&hellip;]","_links":{"self":[{"href":"https:\/\/www.gresie.md\/ro\/wp-json\/wp\/v2\/product\/5077","targetHints":{"allow":["GET"]}}],"collection":[{"href":"https:\/\/www.gresie.md\/ro\/wp-json\/wp\/v2\/product"}],"about":[{"href":"https:\/\/www.gresie.md\/ro\/wp-json\/wp\/v2\/types\/product"}],"wp:featuredmedia":[{"embeddable":true,"href":"https:\/\/www.gresie.md\/ro\/wp-json\/wp\/v2\/media\/5108"}],"wp:attachment":[{"href":"https:\/\/www.gresie.md\/ro\/wp-json\/wp\/v2\/media?parent=5077"}],"wp:term":[{"taxonomy":"product_brand","embeddable":true,"href":"https:\/\/www.gresie.md\/ro\/wp-json\/wp\/v2\/product_brand?post=5077"},{"taxonomy":"product_cat","embeddable":true,"href":"https:\/\/www.gresie.md\/ro\/wp-json\/wp\/v2\/product_cat?post=5077"},{"taxonomy":"product_tag","embeddable":true,"href":"https:\/\/www.gresie.md\/ro\/wp-json\/wp\/v2\/product_tag?post=5077"}],"curies":[{"name":"wp","href":"https:\/\/api.w.org\/{rel}","templated":true}]}}