{"id":5110,"date":"2025-10-02T13:06:47","date_gmt":"2025-10-02T10:06:47","guid":{"rendered":"https:\/\/www.gresie.md\/?post_type=product&#038;p=5110"},"modified":"2026-04-03T14:19:02","modified_gmt":"2026-04-03T11:19:02","slug":"%d0%ba%d0%be%d0%bb%d0%bb%d0%b5%d0%ba%d1%86%d0%b8%d1%8f-iconic","status":"publish","type":"product","link":"https:\/\/www.gresie.md\/ro\/produs\/%d0%ba%d0%be%d0%bb%d0%bb%d0%b5%d0%ba%d1%86%d0%b8%d1%8f-iconic\/","title":{"rendered":"Colec\u021bie Iconic"},"content":{"rendered":"<p>Crea\u021bi pardoseli juc\u0103u\u0219e cu diversele culori ale colec\u021biei de covoare modulare DESSO Iconic, o nou\u0103 ad\u0103ugire la DESSO Essentials. O tehnic\u0103 unic\u0103 de \u021besut confer\u0103 acestei pardoseli confortabile o profunzime unic\u0103. Designul stratificat combin\u0103 dou\u0103 nuan\u021be contrastante, cre\u00e2nd un aspect unic \u0219i sofisticat care adaug\u0103 juc\u0103u\u0219enie \u0219i interes. Inspirate de \u021bes\u0103turile textile, liniile discrete sunt intercalate cu o culoare de baz\u0103 pe care o ve\u021bi descoperi pe m\u0103sur\u0103 ce v\u0103 plimba\u021bi prin camer\u0103. O varietate de 24 de nuan\u021be neutre \u0219i tonuri vibrante accentueaz\u0103 spa\u021biile deschise \u0219i s\u0103lile de conferin\u021be \u0219i creeaz\u0103 contraste pentru a delimita zonele. Pl\u0103cile de mochet\u0103 DESSO Iconic ofer\u0103 o nou\u0103 perspectiv\u0103 asupra designului pardoselilor, oferind profesioni\u0219tilor oportunit\u0103\u021bi uimitoare cu un produs remarcabil care va atrage toate privirile.<\/p>\n<div class=\"su-row\"><div class=\"su-column su-column-size-1-2\"><div class=\"su-column-inner su-u-clearfix su-u-trim\">\n<div class=\"information__characteristics__key-features__title\" data-v-c8e641ae=\"\"><strong>Caracteristici principale<\/strong><\/div>\n<div class=\"information__characteristics__key-features__list\" data-v-c8e641ae=\"\">\n<ul>\n<li><span dir=\"auto\"><span dir=\"auto\">V\u0103 permite s\u0103 eviden\u021bia\u021bi spa\u021biile deschise sau s\u0103 crea\u021bi contraste pentru a delimita zone.<\/span><\/span><\/li>\n<li><span dir=\"auto\"><span dir=\"auto\">Disponibil \u00een 24 de culori<\/span><\/span><\/li>\n<li><span dir=\"auto\"><span dir=\"auto\">Stratul de baz\u0103 standard DESSO EcoBase este 100% reciclabil<\/span><\/span><\/li>\n<li><span dir=\"auto\"><span dir=\"auto\">Strat de baz\u0103 acustic SoundMaster<\/span><\/span><\/li>\n<li><span dir=\"auto\"><span dir=\"auto\">Certificare Argint Cradle to Cradle\u00ae<\/span><\/span><\/li>\n<\/ul>\n<\/div>\n<\/div><\/div> <div class=\"su-column su-column-size-1-2\"><div class=\"su-column-inner su-u-clearfix su-u-trim\">\n<div class=\"information__characteristics__specification__title\" data-v-c8e641ae=\"\"><strong>Specifica\u021bii tehnice \u0219i de mediu<\/strong><\/div>\n<div class=\"information__characteristics__specification__list\" data-v-c8e641ae=\"\">\n<div class=\"information__characteristics__specification__list__item\" data-v-c8e641ae=\"\">\n<div class=\"information__characteristics__specification__list__item\" data-v-c8e641ae=\"\">\n<ul>\n<li class=\"information__characteristics__specification__list__item\"><span class=\"information__characteristics__specification__list__item__label\" data-v-c8e641ae=\"\"><span dir=\"auto\">Tipul produsului ISO:\u00a0<\/span><\/span><span class=\"information__characteristics__specification__list__item__values\" data-v-c8e641ae=\"\"><span dir=\"auto\">Acoperiri textile pentru pardoseli (EN 1307)<\/span><\/span><\/li>\n<li class=\"information__characteristics__specification__list__item\"><span class=\"information__characteristics__specification__list__item__label\" data-v-c8e641ae=\"\"><span dir=\"auto\">Clasificare comercial\u0103:\u00a0<\/span><\/span><span class=\"information__characteristics__specification__list__item__values\" data-v-c8e641ae=\"\"><span dir=\"auto\">33 Grele<\/span><\/span><\/li>\n<li class=\"information__characteristics__specification__list__item\"><span class=\"information__characteristics__specification__list__item__label\" data-v-c8e641ae=\"\"><span dir=\"auto\">\u021aara de origine:\u00a0<\/span><\/span><span class=\"information__characteristics__specification__list__item__values\" data-v-c8e641ae=\"\"><span dir=\"auto\">Olanda<\/span><\/span><\/li>\n<li class=\"information__characteristics__specification__list__item\"><span class=\"information__characteristics__specification__list__item__label\" data-v-c8e641ae=\"\"><span dir=\"auto\">Grosime total\u0103:\u00a0<\/span><\/span><span class=\"information__characteristics__specification__list__item__values\" data-v-c8e641ae=\"\"><span dir=\"auto\">7 mm<\/span><\/span><\/li>\n<li class=\"information__characteristics__specification__list__item\"><span class=\"information__characteristics__specification__list__item__label\" data-v-c8e641ae=\"\"><span dir=\"auto\">Num\u0103rul de buc\u0103\u021bi \u00eentr-o cutie:\u00a0<\/span><\/span><span class=\"information__characteristics__specification__list__item__values\" data-v-c8e641ae=\"\"><span dir=\"auto\">20<\/span><\/span><\/li>\n<\/ul>\n<\/div>\n<\/div>\n<\/div>\n<\/div><\/div><\/div>","protected":false},"excerpt":{"rendered":"<p>\u0421\u043e\u0437\u0434\u0430\u0439\u0442\u0435 \u0438\u0433\u0440\u0438\u0432\u044b\u0435 \u043f\u043e\u043b\u044b \u0441 \u043f\u043e\u043c\u043e\u0449\u044c\u044e \u0440\u0430\u0437\u043d\u043e\u043e\u0431\u0440\u0430\u0437\u043d\u044b\u0445 \u0446\u0432\u0435\u0442\u043e\u0432 \u043c\u043e\u0434\u0443\u043b\u044c\u043d\u043e\u0439 \u043a\u043e\u043b\u043b\u0435\u043a\u0446\u0438\u0438 \u043a\u043e\u0432\u0440\u043e\u0432 DESSO Iconic \u2013 \u043d\u043e\u0432\u043e\u0433\u043e \u043f\u0440\u043e\u0434\u0443\u043a\u0442\u0430 DESSO Essentials. \u0423\u043d\u0438\u043a\u0430\u043b\u044c\u043d\u0430\u044f \u0442\u0435\u0445\u043d\u0438\u043a\u0430 \u043f\u043b\u0435\u0442\u0435\u043d\u0438\u044f [&hellip;]<\/p>","protected":false},"featured_media":5131,"template":"","meta":{"_uag_custom_page_level_css":""},"product_brand":[200],"product_cat":[80,74],"product_tag":[],"class_list":{"0":"post-5110","1":"product","2":"type-product","3":"status-publish","4":"has-post-thumbnail","6":"product_brand-tarkett","7":"product_cat-covrolin-commercescie-poli","8":"product_cat-plitocnii","10":"first","11":"outofstock","12":"shipping-taxable","13":"purchasable","14":"product-type-variable"},"yoast_head":"<!-- This site is optimized with the Yoast SEO plugin v25.8 - https:\/\/yoast.com\/wordpress\/plugins\/seo\/ -->\n<title>\u041f\u043b\u0438\u0442\u043e\u0447\u043d\u044b\u0439 \u043a\u043e\u0432\u0440\u043e\u043b\u0438\u043d \u0432 \u041a\u0438\u0448\u0438\u043d\u0451\u0432\u0435 \u2014 \u043f\u0440\u0435\u043c\u0438\u0430\u043b\u044c\u043d\u044b\u0435 \u043c\u0430\u0442\u0435\u0440\u0438\u0430\u043b\u044b \u0438 \u043c\u043e\u043d\u0442\u0430\u0436 \u043f\u043e\u0434 \u043a\u043b\u044e\u0447<\/title>\n<meta name=\"description\" content=\"\u041f\u043b\u0438\u0442\u043e\u0447\u043d\u044b\u0439 \u043a\u043e\u0432\u0440\u043e\u043b\u0438\u043d \u0432 \u041a\u0438\u0448\u0438\u043d\u0451\u0432\u0435. \u041f\u0440\u0435\u043c\u0438\u0430\u043b\u044c\u043d\u044b\u0435 \u043a\u043e\u043b\u043b\u0435\u043a\u0446\u0438\u0438, \u043b\u0443\u0447\u0448\u0438\u0435 \u0446\u0435\u043d\u044b \u0438 \u043c\u043e\u043d\u0442\u0430\u0436 \u0441 \u0433\u0430\u0440\u0430\u043d\u0442\u0438\u0435\u0439. \u041f\u043e\u043a\u0443\u043f\u0430\u0439\u0442\u0435 \u0432\u044b\u0433\u043e\u0434\u043d\u043e \u0432 \u0441\u0430\u043b\u043e\u043d\u0435 Gresie.md.\" \/>\n<meta name=\"robots\" content=\"index, follow, max-snippet:-1, max-image-preview:large, max-video-preview:-1\" \/>\n<link rel=\"canonical\" href=\"https:\/\/www.gresie.md\/ro\/produs\/\u043a\u043e\u043b\u043b\u0435\u043a\u0446\u0438\u044f-iconic\/\" \/>\n<meta property=\"og:locale\" content=\"ro_RO\" \/>\n<meta property=\"og:type\" content=\"article\" \/>\n<meta property=\"og:title\" content=\"\u041f\u043b\u0438\u0442\u043e\u0447\u043d\u044b\u0439 \u043a\u043e\u0432\u0440\u043e\u043b\u0438\u043d \u0432 \u041a\u0438\u0448\u0438\u043d\u0451\u0432\u0435 \u2014 \u043f\u0440\u0435\u043c\u0438\u0430\u043b\u044c\u043d\u044b\u0435 \u043c\u0430\u0442\u0435\u0440\u0438\u0430\u043b\u044b \u0438 \u043c\u043e\u043d\u0442\u0430\u0436 \u043f\u043e\u0434 \u043a\u043b\u044e\u0447\" \/>\n<meta property=\"og:description\" content=\"\u041f\u043b\u0438\u0442\u043e\u0447\u043d\u044b\u0439 \u043a\u043e\u0432\u0440\u043e\u043b\u0438\u043d \u0432 \u041a\u0438\u0448\u0438\u043d\u0451\u0432\u0435. \u041f\u0440\u0435\u043c\u0438\u0430\u043b\u044c\u043d\u044b\u0435 \u043a\u043e\u043b\u043b\u0435\u043a\u0446\u0438\u0438, \u043b\u0443\u0447\u0448\u0438\u0435 \u0446\u0435\u043d\u044b \u0438 \u043c\u043e\u043d\u0442\u0430\u0436 \u0441 \u0433\u0430\u0440\u0430\u043d\u0442\u0438\u0435\u0439. \u041f\u043e\u043a\u0443\u043f\u0430\u0439\u0442\u0435 \u0432\u044b\u0433\u043e\u0434\u043d\u043e \u0432 \u0441\u0430\u043b\u043e\u043d\u0435 Gresie.md.\" \/>\n<meta property=\"og:url\" content=\"https:\/\/www.gresie.md\/ro\/produs\/\u043a\u043e\u043b\u043b\u0435\u043a\u0446\u0438\u044f-iconic\/\" \/>\n<meta property=\"og:site_name\" content=\"Gresie.md\" \/>\n<meta property=\"article:publisher\" content=\"https:\/\/www.facebook.com\/share\/14Ngv7h72dv\/?mibextid=wwXIfr\" \/>\n<meta property=\"article:modified_time\" content=\"2026-04-03T11:19:02+00:00\" \/>\n<meta property=\"og:image\" content=\"https:\/\/www.gresie.md\/wp-content\/uploads\/2025\/10\/TH_Iconic_9527-1.jpg\" \/>\n\t<meta property=\"og:image:width\" content=\"960\" \/>\n\t<meta property=\"og:image:height\" content=\"960\" \/>\n\t<meta property=\"og:image:type\" content=\"image\/jpeg\" \/>\n<meta name=\"twitter:card\" content=\"summary_large_image\" \/>\n<meta name=\"twitter:label1\" content=\"Timp estimat pentru citire\" \/>\n\t<meta name=\"twitter:data1\" content=\"2 minute\" \/>\n<script type=\"application\/ld+json\" class=\"yoast-schema-graph\">{\"@context\":\"https:\/\/schema.org\",\"@graph\":[{\"@type\":[\"WebPage\",\"ItemPage\"],\"@id\":\"https:\/\/www.gresie.md\/product\/%d0%ba%d0%be%d0%bb%d0%bb%d0%b5%d0%ba%d1%86%d0%b8%d1%8f-iconic\/\",\"url\":\"https:\/\/www.gresie.md\/product\/%d0%ba%d0%be%d0%bb%d0%bb%d0%b5%d0%ba%d1%86%d0%b8%d1%8f-iconic\/\",\"name\":\"\u041f\u043b\u0438\u0442\u043e\u0447\u043d\u044b\u0439 \u043a\u043e\u0432\u0440\u043e\u043b\u0438\u043d \u0432 \u041a\u0438\u0448\u0438\u043d\u0451\u0432\u0435 \u2014 \u043f\u0440\u0435\u043c\u0438\u0430\u043b\u044c\u043d\u044b\u0435 \u043c\u0430\u0442\u0435\u0440\u0438\u0430\u043b\u044b \u0438 \u043c\u043e\u043d\u0442\u0430\u0436 \u043f\u043e\u0434 \u043a\u043b\u044e\u0447\",\"isPartOf\":{\"@id\":\"https:\/\/www.gresie.md\/#website\"},\"primaryImageOfPage\":{\"@id\":\"https:\/\/www.gresie.md\/product\/%d0%ba%d0%be%d0%bb%d0%bb%d0%b5%d0%ba%d1%86%d0%b8%d1%8f-iconic\/#primaryimage\"},\"image\":{\"@id\":\"https:\/\/www.gresie.md\/product\/%d0%ba%d0%be%d0%bb%d0%bb%d0%b5%d0%ba%d1%86%d0%b8%d1%8f-iconic\/#primaryimage\"},\"thumbnailUrl\":\"https:\/\/www.gresie.md\/wp-content\/uploads\/2025\/10\/TH_Iconic_9527-1.jpg\",\"datePublished\":\"2025-10-02T10:06:47+00:00\",\"dateModified\":\"2026-04-03T11:19:02+00:00\",\"description\":\"\u041f\u043b\u0438\u0442\u043e\u0447\u043d\u044b\u0439 \u043a\u043e\u0432\u0440\u043e\u043b\u0438\u043d \u0432 \u041a\u0438\u0448\u0438\u043d\u0451\u0432\u0435. \u041f\u0440\u0435\u043c\u0438\u0430\u043b\u044c\u043d\u044b\u0435 \u043a\u043e\u043b\u043b\u0435\u043a\u0446\u0438\u0438, \u043b\u0443\u0447\u0448\u0438\u0435 \u0446\u0435\u043d\u044b \u0438 \u043c\u043e\u043d\u0442\u0430\u0436 \u0441 \u0433\u0430\u0440\u0430\u043d\u0442\u0438\u0435\u0439. \u041f\u043e\u043a\u0443\u043f\u0430\u0439\u0442\u0435 \u0432\u044b\u0433\u043e\u0434\u043d\u043e \u0432 \u0441\u0430\u043b\u043e\u043d\u0435 Gresie.md.\",\"breadcrumb\":{\"@id\":\"https:\/\/www.gresie.md\/product\/%d0%ba%d0%be%d0%bb%d0%bb%d0%b5%d0%ba%d1%86%d0%b8%d1%8f-iconic\/#breadcrumb\"},\"inLanguage\":\"ro-RO\",\"potentialAction\":[{\"@type\":\"ReadAction\",\"target\":[\"https:\/\/www.gresie.md\/product\/%d0%ba%d0%be%d0%bb%d0%bb%d0%b5%d0%ba%d1%86%d0%b8%d1%8f-iconic\/\"]}]},{\"@type\":\"ImageObject\",\"inLanguage\":\"ro-RO\",\"@id\":\"https:\/\/www.gresie.md\/product\/%d0%ba%d0%be%d0%bb%d0%bb%d0%b5%d0%ba%d1%86%d0%b8%d1%8f-iconic\/#primaryimage\",\"url\":\"https:\/\/www.gresie.md\/wp-content\/uploads\/2025\/10\/TH_Iconic_9527-1.jpg\",\"contentUrl\":\"https:\/\/www.gresie.md\/wp-content\/uploads\/2025\/10\/TH_Iconic_9527-1.jpg\",\"width\":960,\"height\":960,\"caption\":\"9527\"},{\"@type\":\"BreadcrumbList\",\"@id\":\"https:\/\/www.gresie.md\/product\/%d0%ba%d0%be%d0%bb%d0%bb%d0%b5%d0%ba%d1%86%d0%b8%d1%8f-iconic\/#breadcrumb\",\"itemListElement\":[{\"@type\":\"ListItem\",\"position\":1,\"name\":\"\u0413\u043b\u0430\u0432\u043d\u0430\u044f \u0441\u0442\u0440\u0430\u043d\u0438\u0446\u0430\",\"item\":\"https:\/\/www.gresie.md\/\"},{\"@type\":\"ListItem\",\"position\":2,\"name\":\"\u041a\u0430\u0442\u0430\u043b\u043e\u0433\",\"item\":\"https:\/\/www.gresie.md\/shop\/\"},{\"@type\":\"ListItem\",\"position\":3,\"name\":\"\u041a\u043e\u043b\u043b\u0435\u043a\u0446\u0438\u044f Iconic\"}]},{\"@type\":\"WebSite\",\"@id\":\"https:\/\/www.gresie.md\/#website\",\"url\":\"https:\/\/www.gresie.md\/\",\"name\":\"Gresie.md\",\"description\":\"gresie, teracota,tavane metalice, spc, linileum, parchet, mochet\u0103, plitca, ardoseli medicale, fa\u021bade ventilate, terase, pardoseli flotante\",\"publisher\":{\"@id\":\"https:\/\/www.gresie.md\/#organization\"},\"alternateName\":\"Showroom de finisaje pentru pardoseli, tavane \u0219i fa\u021bade ventilate. Descoper\u0103 solu\u021bii moderne \u0219i durabile pentru proiectele tale.\",\"potentialAction\":[{\"@type\":\"SearchAction\",\"target\":{\"@type\":\"EntryPoint\",\"urlTemplate\":\"https:\/\/www.gresie.md\/?s={search_term_string}\"},\"query-input\":{\"@type\":\"PropertyValueSpecification\",\"valueRequired\":true,\"valueName\":\"search_term_string\"}}],\"inLanguage\":\"ro-RO\"},{\"@type\":\"Organization\",\"@id\":\"https:\/\/www.gresie.md\/#organization\",\"name\":\"Gresie md \u0418\u0442\u0430\u043b\u044c\u044f\u043d\u0441\u043a\u0430\u044f \u043f\u043b\u0438\u0442\u043a\u0430\",\"url\":\"https:\/\/www.gresie.md\/\",\"logo\":{\"@type\":\"ImageObject\",\"inLanguage\":\"ro-RO\",\"@id\":\"https:\/\/www.gresie.md\/#\/schema\/logo\/image\/\",\"url\":\"https:\/\/www.gresie.md\/wp-content\/uploads\/2025\/05\/logo_black-e1756978505443.png\",\"contentUrl\":\"https:\/\/www.gresie.md\/wp-content\/uploads\/2025\/05\/logo_black-e1756978505443.png\",\"width\":200,\"height\":85,\"caption\":\"Gresie md \u0418\u0442\u0430\u043b\u044c\u044f\u043d\u0441\u043a\u0430\u044f \u043f\u043b\u0438\u0442\u043a\u0430\"},\"image\":{\"@id\":\"https:\/\/www.gresie.md\/#\/schema\/logo\/image\/\"},\"sameAs\":[\"https:\/\/www.facebook.com\/share\/14Ngv7h72dv\/?mibextid=wwXIfr\"]}]}<\/script>\n<!-- \/ Yoast SEO plugin. -->","yoast_head_json":{"title":"\u041f\u043b\u0438\u0442\u043e\u0447\u043d\u044b\u0439 \u043a\u043e\u0432\u0440\u043e\u043b\u0438\u043d \u0432 \u041a\u0438\u0448\u0438\u043d\u0451\u0432\u0435 \u2014 \u043f\u0440\u0435\u043c\u0438\u0430\u043b\u044c\u043d\u044b\u0435 \u043c\u0430\u0442\u0435\u0440\u0438\u0430\u043b\u044b \u0438 \u043c\u043e\u043d\u0442\u0430\u0436 \u043f\u043e\u0434 \u043a\u043b\u044e\u0447","description":"\u041f\u043b\u0438\u0442\u043e\u0447\u043d\u044b\u0439 \u043a\u043e\u0432\u0440\u043e\u043b\u0438\u043d \u0432 \u041a\u0438\u0448\u0438\u043d\u0451\u0432\u0435. \u041f\u0440\u0435\u043c\u0438\u0430\u043b\u044c\u043d\u044b\u0435 \u043a\u043e\u043b\u043b\u0435\u043a\u0446\u0438\u0438, \u043b\u0443\u0447\u0448\u0438\u0435 \u0446\u0435\u043d\u044b \u0438 \u043c\u043e\u043d\u0442\u0430\u0436 \u0441 \u0433\u0430\u0440\u0430\u043d\u0442\u0438\u0435\u0439. \u041f\u043e\u043a\u0443\u043f\u0430\u0439\u0442\u0435 \u0432\u044b\u0433\u043e\u0434\u043d\u043e \u0432 \u0441\u0430\u043b\u043e\u043d\u0435 Gresie.md.","robots":{"index":"index","follow":"follow","max-snippet":"max-snippet:-1","max-image-preview":"max-image-preview:large","max-video-preview":"max-video-preview:-1"},"canonical":"https:\/\/www.gresie.md\/ro\/produs\/\u043a\u043e\u043b\u043b\u0435\u043a\u0446\u0438\u044f-iconic\/","og_locale":"ro_RO","og_type":"article","og_title":"\u041f\u043b\u0438\u0442\u043e\u0447\u043d\u044b\u0439 \u043a\u043e\u0432\u0440\u043e\u043b\u0438\u043d \u0432 \u041a\u0438\u0448\u0438\u043d\u0451\u0432\u0435 \u2014 \u043f\u0440\u0435\u043c\u0438\u0430\u043b\u044c\u043d\u044b\u0435 \u043c\u0430\u0442\u0435\u0440\u0438\u0430\u043b\u044b \u0438 \u043c\u043e\u043d\u0442\u0430\u0436 \u043f\u043e\u0434 \u043a\u043b\u044e\u0447","og_description":"\u041f\u043b\u0438\u0442\u043e\u0447\u043d\u044b\u0439 \u043a\u043e\u0432\u0440\u043e\u043b\u0438\u043d \u0432 \u041a\u0438\u0448\u0438\u043d\u0451\u0432\u0435. \u041f\u0440\u0435\u043c\u0438\u0430\u043b\u044c\u043d\u044b\u0435 \u043a\u043e\u043b\u043b\u0435\u043a\u0446\u0438\u0438, \u043b\u0443\u0447\u0448\u0438\u0435 \u0446\u0435\u043d\u044b \u0438 \u043c\u043e\u043d\u0442\u0430\u0436 \u0441 \u0433\u0430\u0440\u0430\u043d\u0442\u0438\u0435\u0439. \u041f\u043e\u043a\u0443\u043f\u0430\u0439\u0442\u0435 \u0432\u044b\u0433\u043e\u0434\u043d\u043e \u0432 \u0441\u0430\u043b\u043e\u043d\u0435 Gresie.md.","og_url":"https:\/\/www.gresie.md\/ro\/produs\/\u043a\u043e\u043b\u043b\u0435\u043a\u0446\u0438\u044f-iconic\/","og_site_name":"Gresie.md","article_publisher":"https:\/\/www.facebook.com\/share\/14Ngv7h72dv\/?mibextid=wwXIfr","article_modified_time":"2026-04-03T11:19:02+00:00","og_image":[{"width":960,"height":960,"url":"https:\/\/www.gresie.md\/wp-content\/uploads\/2025\/10\/TH_Iconic_9527-1.jpg","type":"image\/jpeg"}],"twitter_card":"summary_large_image","twitter_misc":{"Timp estimat pentru citire":"2 minute"},"schema":{"@context":"https:\/\/schema.org","@graph":[{"@type":["WebPage","ItemPage"],"@id":"https:\/\/www.gresie.md\/product\/%d0%ba%d0%be%d0%bb%d0%bb%d0%b5%d0%ba%d1%86%d0%b8%d1%8f-iconic\/","url":"https:\/\/www.gresie.md\/product\/%d0%ba%d0%be%d0%bb%d0%bb%d0%b5%d0%ba%d1%86%d0%b8%d1%8f-iconic\/","name":"\u041f\u043b\u0438\u0442\u043e\u0447\u043d\u044b\u0439 \u043a\u043e\u0432\u0440\u043e\u043b\u0438\u043d \u0432 \u041a\u0438\u0448\u0438\u043d\u0451\u0432\u0435 \u2014 \u043f\u0440\u0435\u043c\u0438\u0430\u043b\u044c\u043d\u044b\u0435 \u043c\u0430\u0442\u0435\u0440\u0438\u0430\u043b\u044b \u0438 \u043c\u043e\u043d\u0442\u0430\u0436 \u043f\u043e\u0434 \u043a\u043b\u044e\u0447","isPartOf":{"@id":"https:\/\/www.gresie.md\/#website"},"primaryImageOfPage":{"@id":"https:\/\/www.gresie.md\/product\/%d0%ba%d0%be%d0%bb%d0%bb%d0%b5%d0%ba%d1%86%d0%b8%d1%8f-iconic\/#primaryimage"},"image":{"@id":"https:\/\/www.gresie.md\/product\/%d0%ba%d0%be%d0%bb%d0%bb%d0%b5%d0%ba%d1%86%d0%b8%d1%8f-iconic\/#primaryimage"},"thumbnailUrl":"https:\/\/www.gresie.md\/wp-content\/uploads\/2025\/10\/TH_Iconic_9527-1.jpg","datePublished":"2025-10-02T10:06:47+00:00","dateModified":"2026-04-03T11:19:02+00:00","description":"\u041f\u043b\u0438\u0442\u043e\u0447\u043d\u044b\u0439 \u043a\u043e\u0432\u0440\u043e\u043b\u0438\u043d \u0432 \u041a\u0438\u0448\u0438\u043d\u0451\u0432\u0435. \u041f\u0440\u0435\u043c\u0438\u0430\u043b\u044c\u043d\u044b\u0435 \u043a\u043e\u043b\u043b\u0435\u043a\u0446\u0438\u0438, \u043b\u0443\u0447\u0448\u0438\u0435 \u0446\u0435\u043d\u044b \u0438 \u043c\u043e\u043d\u0442\u0430\u0436 \u0441 \u0433\u0430\u0440\u0430\u043d\u0442\u0438\u0435\u0439. \u041f\u043e\u043a\u0443\u043f\u0430\u0439\u0442\u0435 \u0432\u044b\u0433\u043e\u0434\u043d\u043e \u0432 \u0441\u0430\u043b\u043e\u043d\u0435 Gresie.md.","breadcrumb":{"@id":"https:\/\/www.gresie.md\/product\/%d0%ba%d0%be%d0%bb%d0%bb%d0%b5%d0%ba%d1%86%d0%b8%d1%8f-iconic\/#breadcrumb"},"inLanguage":"ro-RO","potentialAction":[{"@type":"ReadAction","target":["https:\/\/www.gresie.md\/product\/%d0%ba%d0%be%d0%bb%d0%bb%d0%b5%d0%ba%d1%86%d0%b8%d1%8f-iconic\/"]}]},{"@type":"ImageObject","inLanguage":"ro-RO","@id":"https:\/\/www.gresie.md\/product\/%d0%ba%d0%be%d0%bb%d0%bb%d0%b5%d0%ba%d1%86%d0%b8%d1%8f-iconic\/#primaryimage","url":"https:\/\/www.gresie.md\/wp-content\/uploads\/2025\/10\/TH_Iconic_9527-1.jpg","contentUrl":"https:\/\/www.gresie.md\/wp-content\/uploads\/2025\/10\/TH_Iconic_9527-1.jpg","width":960,"height":960,"caption":"9527"},{"@type":"BreadcrumbList","@id":"https:\/\/www.gresie.md\/product\/%d0%ba%d0%be%d0%bb%d0%bb%d0%b5%d0%ba%d1%86%d0%b8%d1%8f-iconic\/#breadcrumb","itemListElement":[{"@type":"ListItem","position":1,"name":"\u0413\u043b\u0430\u0432\u043d\u0430\u044f \u0441\u0442\u0440\u0430\u043d\u0438\u0446\u0430","item":"https:\/\/www.gresie.md\/"},{"@type":"ListItem","position":2,"name":"\u041a\u0430\u0442\u0430\u043b\u043e\u0433","item":"https:\/\/www.gresie.md\/shop\/"},{"@type":"ListItem","position":3,"name":"\u041a\u043e\u043b\u043b\u0435\u043a\u0446\u0438\u044f Iconic"}]},{"@type":"WebSite","@id":"https:\/\/www.gresie.md\/#website","url":"https:\/\/www.gresie.md\/","name":"Gresie.md","description":"gresie, teracota,tavane metalice, spc, linileum, parchet, mochet\u0103, plitca, ardoseli medicale, fa\u021bade ventilate, terase, pardoseli flotante","publisher":{"@id":"https:\/\/www.gresie.md\/#organization"},"alternateName":"Showroom de finisaje pentru pardoseli, tavane \u0219i fa\u021bade ventilate. Descoper\u0103 solu\u021bii moderne \u0219i durabile pentru proiectele tale.","potentialAction":[{"@type":"SearchAction","target":{"@type":"EntryPoint","urlTemplate":"https:\/\/www.gresie.md\/?s={search_term_string}"},"query-input":{"@type":"PropertyValueSpecification","valueRequired":true,"valueName":"search_term_string"}}],"inLanguage":"ro-RO"},{"@type":"Organization","@id":"https:\/\/www.gresie.md\/#organization","name":"Gresie md \u0418\u0442\u0430\u043b\u044c\u044f\u043d\u0441\u043a\u0430\u044f \u043f\u043b\u0438\u0442\u043a\u0430","url":"https:\/\/www.gresie.md\/","logo":{"@type":"ImageObject","inLanguage":"ro-RO","@id":"https:\/\/www.gresie.md\/#\/schema\/logo\/image\/","url":"https:\/\/www.gresie.md\/wp-content\/uploads\/2025\/05\/logo_black-e1756978505443.png","contentUrl":"https:\/\/www.gresie.md\/wp-content\/uploads\/2025\/05\/logo_black-e1756978505443.png","width":200,"height":85,"caption":"Gresie md \u0418\u0442\u0430\u043b\u044c\u044f\u043d\u0441\u043a\u0430\u044f \u043f\u043b\u0438\u0442\u043a\u0430"},"image":{"@id":"https:\/\/www.gresie.md\/#\/schema\/logo\/image\/"},"sameAs":["https:\/\/www.facebook.com\/share\/14Ngv7h72dv\/?mibextid=wwXIfr"]}]}},"uagb_featured_image_src":{"full":["https:\/\/www.gresie.md\/wp-content\/uploads\/2025\/10\/TH_Iconic_9527-1.jpg",960,960,false],"thumbnail":["https:\/\/www.gresie.md\/wp-content\/uploads\/2025\/10\/TH_Iconic_9527-1-150x150.jpg",150,150,true],"medium":["https:\/\/www.gresie.md\/wp-content\/uploads\/2025\/10\/TH_Iconic_9527-1-300x300.jpg",300,300,true],"medium_large":["https:\/\/www.gresie.md\/wp-content\/uploads\/2025\/10\/TH_Iconic_9527-1-768x768.jpg",768,768,true],"large":["https:\/\/www.gresie.md\/wp-content\/uploads\/2025\/10\/TH_Iconic_9527-1.jpg",960,960,false],"1536x1536":["https:\/\/www.gresie.md\/wp-content\/uploads\/2025\/10\/TH_Iconic_9527-1.jpg",960,960,false],"2048x2048":["https:\/\/www.gresie.md\/wp-content\/uploads\/2025\/10\/TH_Iconic_9527-1.jpg",960,960,false],"trp-custom-language-flag":["https:\/\/www.gresie.md\/wp-content\/uploads\/2025\/10\/TH_Iconic_9527-1-12x12.jpg",12,12,true],"emoza-extra-large":["https:\/\/www.gresie.md\/wp-content\/uploads\/2025\/10\/TH_Iconic_9527-1.jpg",960,960,false],"emoza-large":["https:\/\/www.gresie.md\/wp-content\/uploads\/2025\/10\/TH_Iconic_9527-1-920x920.jpg",920,920,true],"emoza-big":["https:\/\/www.gresie.md\/wp-content\/uploads\/2025\/10\/TH_Iconic_9527-1-575x575.jpg",575,575,true],"emoza-medium":["https:\/\/www.gresie.md\/wp-content\/uploads\/2025\/10\/TH_Iconic_9527-1-380x380.jpg",380,380,true],"woocommerce_thumbnail":["https:\/\/www.gresie.md\/wp-content\/uploads\/2025\/10\/TH_Iconic_9527-1-420x420.jpg",420,420,true],"woocommerce_single":["https:\/\/www.gresie.md\/wp-content\/uploads\/2025\/10\/TH_Iconic_9527-1-800x800.jpg",800,800,true],"woocommerce_gallery_thumbnail":["https:\/\/www.gresie.md\/wp-content\/uploads\/2025\/10\/TH_Iconic_9527-1-100x100.jpg",100,100,true],"variation_swatches_image_size":["https:\/\/www.gresie.md\/wp-content\/uploads\/2025\/10\/TH_Iconic_9527-1-50x50.jpg",50,50,true],"variation_swatches_tooltip_size":["https:\/\/www.gresie.md\/wp-content\/uploads\/2025\/10\/TH_Iconic_9527-1-100x100.jpg",100,100,true]},"uagb_author_info":{"display_name":"valik","author_link":"https:\/\/www.gresie.md\/ro\/author\/"},"uagb_comment_info":0,"uagb_excerpt":"\u0421\u043e\u0437\u0434\u0430\u0439\u0442\u0435 \u0438\u0433\u0440\u0438\u0432\u044b\u0435 \u043f\u043e\u043b\u044b \u0441 \u043f\u043e\u043c\u043e\u0449\u044c\u044e \u0440\u0430\u0437\u043d\u043e\u043e\u0431\u0440\u0430\u0437\u043d\u044b\u0445 \u0446\u0432\u0435\u0442\u043e\u0432 \u043c\u043e\u0434\u0443\u043b\u044c\u043d\u043e\u0439 \u043a\u043e\u043b\u043b\u0435\u043a\u0446\u0438\u0438 \u043a\u043e\u0432\u0440\u043e\u0432 DESSO Iconic \u2013 \u043d\u043e\u0432\u043e\u0433\u043e \u043f\u0440\u043e\u0434\u0443\u043a\u0442\u0430 DESSO Essentials. \u0423\u043d\u0438\u043a\u0430\u043b\u044c\u043d\u0430\u044f \u0442\u0435\u0445\u043d\u0438\u043a\u0430 \u043f\u043b\u0435\u0442\u0435\u043d\u0438\u044f [&hellip;]","_links":{"self":[{"href":"https:\/\/www.gresie.md\/ro\/wp-json\/wp\/v2\/product\/5110","targetHints":{"allow":["GET"]}}],"collection":[{"href":"https:\/\/www.gresie.md\/ro\/wp-json\/wp\/v2\/product"}],"about":[{"href":"https:\/\/www.gresie.md\/ro\/wp-json\/wp\/v2\/types\/product"}],"wp:featuredmedia":[{"embeddable":true,"href":"https:\/\/www.gresie.md\/ro\/wp-json\/wp\/v2\/media\/5131"}],"wp:attachment":[{"href":"https:\/\/www.gresie.md\/ro\/wp-json\/wp\/v2\/media?parent=5110"}],"wp:term":[{"taxonomy":"product_brand","embeddable":true,"href":"https:\/\/www.gresie.md\/ro\/wp-json\/wp\/v2\/product_brand?post=5110"},{"taxonomy":"product_cat","embeddable":true,"href":"https:\/\/www.gresie.md\/ro\/wp-json\/wp\/v2\/product_cat?post=5110"},{"taxonomy":"product_tag","embeddable":true,"href":"https:\/\/www.gresie.md\/ro\/wp-json\/wp\/v2\/product_tag?post=5110"}],"curies":[{"name":"wp","href":"https:\/\/api.w.org\/{rel}","templated":true}]}}